{"id":8999,"date":"2021-08-23T11:38:06","date_gmt":"2021-08-23T10:38:06","guid":{"rendered":"https:\/\/chargeguru.com\/pt\/?page_id=8999"},"modified":"2024-01-17T16:13:20","modified_gmt":"2024-01-17T16:13:20","slug":"politica-de-cookies","status":"publish","type":"page","link":"https:\/\/chargeguru.com\/pt\/politica-de-cookies\/","title":{"rendered":"Pol\u00edtica de cookies"},"content":{"rendered":"\r\n<div class=\"cli_pg_page_contaner\">\r\n<p><span style=\"font-size: inherit\">Bom dia,<\/span><\/p>\r\n<div>\r\n<p>Nesta p\u00e1gina, n\u00f3s apresentamos a pol\u00edtica de cookies da ChargeGuru. N\u00f3s explicamos o que s\u00e3o os cookies, as suas utiliza\u00e7\u00f5es para o funcionamento da ChargeGuru e a forma como voc\u00ea pode gerir as suas prefer\u00eancias neste assunto. Desta forma, voc\u00ea ter\u00e1 uma vis\u00e3o geral dos cookies que podem ser guardados no seu sistema de navega\u00e7\u00e3o do seu computador, telem\u00f3vel ou tablet na consulta do site ChargeGuru.<\/p>\r\n<\/div>\r\n<hr \/>\r\n\r\n\r\n<h3 class=\"wp-block-heading\"><strong>O que \u00e9 um cookie?<\/strong><\/h3>\r\n\r\n\r\n\r\n<div>\r\n<p>Um cookie \u00e9 um ficheiro texto guardado no seu computador, telem\u00f3vel ou tablet pelo nosso site ou prestador que nos ajuda a fornecer os nossos servi\u00e7os.<\/p>\r\n<p>&nbsp;<\/p>\r\n<p>O termo cookie \u00e9 aqui entendido no sentido largo e abrange todos os marcadores armazenados e\/ou lidos, por exemplo durante uma consulta de um website, da leitura de um correio eletr\u00f4nico, da instala\u00e7\u00e3o ou da utiliza\u00e7\u00e3o de um software ou uma App, qualquer que seja o tipo de terminal utilizado (computador, telem\u00f3vel, tablet). O cookie pode apresentar v\u00e1rias fun\u00e7\u00f5es. Alguns dos nossos parceiros ou empresas de terceiros (de ag\u00eancias de publicidade por exemplo) podem igualmente, sob reserva da sua escolha, armazenar cookies no seu terminal. Apenas o emissor de um cookie \u00e9 suscet\u00edvel de ler as informa\u00e7\u00f5es nele contidas.<\/p>\r\n<p><br \/><div class=\"wt-cli-element cli_user_consent_state\">Seu estado atual: Nenhum consentimento dado. <a class=\"cli_manage_current_consent\" style=\"cursor:pointer;\">Gerencie seu consentimento.<\/a> <\/div><\/p>\r\n<\/div>\r\n<hr \/>\r\n\r\n\r\n<h3 class=\"wp-block-heading\">Quais s\u00e3o os cookies emitidos no site da ChargeGuru?<\/h3>\r\n\r\n\r\n\r\n<div>\r\n<p>N\u00f3s podemos ser levados a utilizar diferentes tipos de cookies no nosso site, sob reserva das suas escolhas, para entre outros gerir os seus pedidos de contacto e de or\u00e7amentos, memorizar as suas consultas e personalizar as ofertas que lhe propomos.<\/p>\r\n<p>Al\u00e9m disso, as empresas de terceiros podem emitir e utilizar os seus pr\u00f3prios cookies ou sinalizadores web quando voc\u00ea navega no nosso site. A emiss\u00e3o e a utiliza\u00e7\u00e3o de cookies por terceiros, s\u00e3o submetidas \u00e0s Pol\u00edticas de Dados Pessoais desses terceiros. Informamos do objeto dos cookies dos quais n\u00f3s temos conhecimento e dos meios que voc\u00ea disp\u00f5e para efetuar as escolhas no que diz respeito a esses cookies.<\/p>\r\n<p>Nenhuma destas empresas \u00e9 autorizada a coletar informa\u00e7\u00f5es diretamente identific\u00e1veis sobre voc\u00ea, pelo meio de cookies ou de sinalizadores web no site da ChargeGuru.<\/p>\r\n<p>Os cookies autorizados no nosso site coletam informa\u00e7\u00f5es de diferentes tipos, reagrupados dentro de diferentes categorias de cookies que respondem a diferentes finalidades:<\/p>\r\n<ul>\r\n<li><u>Cookies funcionais:<\/u> Estes cookies s\u00e3o necess\u00e1rios \u00e0 utiliza\u00e7\u00e3o adequada do site e a uma experi\u00eancia correta de navega\u00e7\u00e3o. Sem eles, voc\u00ea n\u00e3o pode aproveitar de todas as funcionalidades do site, realizar um pedido de contacto ou de or\u00e7amento para a instala\u00e7\u00e3o de um carregador. Incluem a memoriza\u00e7\u00e3o das informa\u00e7\u00f5es que voc\u00ea ir\u00e1 inserir quando navegar\u00e1 no site.<\/li>\r\n<li><u>Cookies essenciais:<\/u> estes cookies permitem-lhe de navegar de uma p\u00e1gina a outra sem perder as a\u00e7\u00f5es efetuadas anteriormente durante a mesma sess\u00e3o. Permite-nos garantir-lhe uma melhor performance no nosso website e de nos lembrar-nos das suas a\u00e7\u00f5es anteriores, por exemplo a sua escolha pr\u00e9via sobre o consentimento aos cookies.<\/li>\r\n<li><u>Cookies performance e est\u00e1ticas<\/u>: Estes cookies permitem recolher dados est\u00e1ticos relativos \u00e0 sua utiliza\u00e7\u00e3o do site, inclusive no conte\u00fado no qual voc\u00ea clica navegando, para melhorar a performance e conce\u00e7\u00e3o do site. O objetivo \u00e9 de adaptar o site \u00e0s necessidades dos visitantes. Estes cookies podem ser fornecidos pelo nosso fornecedor de ferramenta anal\u00edtica que \u00e9 uma empresa terceira. Estes cookies armazenam o sistema de explora\u00e7\u00e3o que voc\u00ea utiliza e a vers\u00e3o do navegador de internet (browser) mas n\u00e3o armazena o seu endere\u00e7o IP.<\/li>\r\n<\/ul>\r\n\r\n\r\n<table class=\"wt-cli-element cookielawinfo-classic cookielawinfo-row-cat-table\"><thead><tr><th scope=\"col\" class=\"cookielawinfo-column-1\">Cookie<\/th><th scope=\"col\" class=\"cookielawinfo-column-4\">Descri\u00e7\u00e3o<\/th><\/thead><tbody><tr class=\"cookielawinfo-row-cat-title\"><th colspan=\"2\" class=\"cookielawinfo-row-cat-title-head\">Essenciais<\/th><\/tr><tr class=\"cookielawinfo-row\"><td class=\"cookielawinfo-column-1\">viewed_cookie_policy<\/td><td class=\"cookielawinfo-column-4\">Consentimento RGPD. Permite conservar a autoriza\u00e7\u00e3o ou rejei\u00e7\u00e3o do utilizador a utilizar os cookies no website. Ele n\u00e3o armazena nenhum dado pessoal.<\/td><\/tr><tr class=\"cookielawinfo-row\"><td class=\"cookielawinfo-column-1\">PHPSESSID<\/td><td class=\"cookielawinfo-column-4\">PhP. Este cookie \u00e9 utilizado para conservar a senha de um utilizador para gerir as sess\u00f5es e as conex\u00f5es \/ desconex\u00f5es do website. Este cookie \u00e9 destru\u00eddo cada vez que todas as janelas do navegador s\u00e3o fechadas.<\/td><\/tr><tr class=\"cookielawinfo-row-cat-title\"><th colspan=\"2\" class=\"cookielawinfo-row-cat-title-head\">Performance e Estat\u00edsticas<\/th><\/tr><tr class=\"cookielawinfo-row\"><td class=\"cookielawinfo-column-1\">_gat_UA-119742171-2<\/td><td class=\"cookielawinfo-column-4\">Google Analytics. Este cookie \u00e9 utilizado por Google para estabelecer uma liga\u00e7\u00e3o com a conta de seguimento Analytics. Os dados s\u00e3o an\u00f4nimos.<\/td><\/tr><tr class=\"cookielawinfo-row\"><td class=\"cookielawinfo-column-1\">_gcl_au<\/td><td class=\"cookielawinfo-column-4\">Google Analytics. Este cookie permite analisar as intera\u00e7\u00f5es dos visitantes do website com os elementos das p\u00e1ginas. Os dados s\u00e3o todos an\u00f4nimos.<\/td><\/tr><tr class=\"cookielawinfo-row\"><td class=\"cookielawinfo-column-1\">_ga<\/td><td class=\"cookielawinfo-column-4\">Google Analytics. Este tratamento dos dados \u00e9 utilizado para fins de an\u00e1lise do website. Permite por exemplo de calcular o n\u00famero de visitantes e de seguir a utiliza\u00e7\u00e3o do site para torn\u00e1-lo mais eficiente. Os dados guardados s\u00e3o an\u00f4nimos.<\/td><\/tr><tr class=\"cookielawinfo-row\"><td class=\"cookielawinfo-column-1\">_gid<\/td><td class=\"cookielawinfo-column-4\">Google Analytics. Este cookie permite ajudar a criar relat\u00f3rios de an\u00e1lise da utiliza\u00e7\u00e3o do website e da maneira que ele \u00e9 utilizado. Os dados coletados incluem o n\u00famero de visitantes, as p\u00e1ginas visitadas... de forma an\u00f4nima.<\/td><\/tr><tr class=\"cookielawinfo-row-cat-title\"><th colspan=\"2\" class=\"cookielawinfo-row-cat-title-head\">Marketing<\/th><\/tr><tr class=\"cookielawinfo-row\"><td class=\"cookielawinfo-column-1\">test_cookie<\/td><td class=\"cookielawinfo-column-4\">Este cookie \u00e9 definido por doubleclick.net. O objetivo deste cookie \u00e9 de determinar se o navegador internet do utilizador suporta cookies.<\/td><\/tr><tr class=\"cookielawinfo-row-cat-title\"><th colspan=\"2\" class=\"cookielawinfo-row-cat-title-head\">Essencial<\/th><\/tr><tr class=\"cookielawinfo-row\"><td class=\"cookielawinfo-column-1\">cookielawinfo-checkbox-analytics<\/td><td class=\"cookielawinfo-column-4\">Consentimento RGPD. Permite guardar a resposta do utilizador \u00e0s perguntas relativas \u00e0 utiliza\u00e7\u00e3o dos cookies da categoria \"Performance e Estat\u00edsticas\".<\/td><\/tr><tr class=\"cookielawinfo-row\"><td class=\"cookielawinfo-column-1\">cookielawinfo-checkbox-advertisement<\/td><td class=\"cookielawinfo-column-4\">Consentimento RGPD. Permite guardar a resposta do utilizador \u00e0s perguntas relativas \u00e0 utiliza\u00e7\u00e3o dos cookies da categoria \"Marketing\".<\/td><\/tr><tr class=\"cookielawinfo-row\"><td class=\"cookielawinfo-column-1\">cookielawinfo-checkbox-necessary<\/td><td class=\"cookielawinfo-column-4\">Consentimento RGPD. Permite guardar a resposta do utilizador \u00e0s perguntas relativas \u00e0 utiliza\u00e7\u00e3o dos cookies da categoria \"Essencial\".<\/td><\/tr><tr class=\"cookielawinfo-row\"><td class=\"cookielawinfo-column-1\">cookielawinfo-checkbox-functional<\/td><td class=\"cookielawinfo-column-4\">Consentimento RGPD. Permite guardar a resposta do utilizador \u00e0s perguntas relativas \u00e0 utiliza\u00e7\u00e3o dos cookies da categoria \"Funcional\".<\/td><\/tr><tr class=\"cookielawinfo-row-cat-title\"><th colspan=\"2\" class=\"cookielawinfo-row-cat-title-head\">Funcional<\/th><\/tr><tr class=\"cookielawinfo-row\"><td class=\"cookielawinfo-column-1\">attribution_user_id<\/td><td class=\"cookielawinfo-column-4\">Typeform. Este cookie \u00e9 utilizado para seguir o utilizador dos formul\u00e1rios do site e evitar de guardar v\u00e1rias vezes as mesmas respostas.<\/td><\/tr><\/tbody><\/table>\n<hr \/>\n\r\n\r\n\r\n<h3 class=\"wp-block-heading\">Quais s\u00e3o os tempos de vida e de conserva\u00e7\u00e3o do consentimento aplic\u00e1veis aos nossos cookies?<\/h3>\r\n\r\n\r\n\r\n<div>\r\n<p>Quando voc\u00ea visita o website ChargeGuru, dois tipos de cookies s\u00e3o criados: os cookies de sess\u00e3o e os cookies persistentes.<\/p>\r\n<ul>\r\n<li>Os cookies de sess\u00e3o s\u00e3o criados de forma tempor\u00e1ria na subpasta do seu navegador quando voc\u00ea visita um website. Uma vez que voc\u00ea sair do website, o cookie de sess\u00e3o ser\u00e1 apagado.<\/li>\r\n<li>Os ficheiros do cookie persistentes s\u00e3o armazenados na subpasta do seu navegador e s\u00e3o reativados cada vez que voc\u00ea consulta o website que criou este cookie espec\u00edfico. Um cookie persistente fica dentro da subpasta do navegador para o tempo definido no ficheiro do cookie.<\/li>\r\n<\/ul>\r\n<p>Para estes \u00faltimos, o tempo de vida \u00e9 proporcional \u00e0 finalidade do cookie e \u00e9 limitada por uma dura\u00e7\u00e3o maximal de conserva\u00e7\u00e3o do consentimento, ou seja, 365 dias.<\/p>\r\n<p>Mais especificamente, as regras particulares s\u00e3o aplicadas aos nossos cookies de medida da audi\u00eancia:<\/p>\r\n<ul>\r\n<li>13 meses para o tempo de vida<\/li>\r\n<li>25 meses para o tempo de conserva\u00e7\u00e3o do consentimento<\/li>\r\n<\/ul>\r\n<\/div>\r\n<hr \/>\r\n\r\n\r\n<h3 class=\"wp-block-heading\">Como gerir o seu consentimento e modificar as suas prefer\u00eancias cookies?<\/h3>\r\n\r\n\r\n\r\n<div>\r\n<p>Quando voc\u00ea visita o website pela primeira vez, uma barra de informa\u00e7\u00f5es aparece na p\u00e1gina inicial do nosso site para informar-lhe a exist\u00eancia de cookies e das suas finalidades.<\/p>\r\n<p>Clicando no bot\u00e3o \u201cAceitar todos\u201d, voc\u00ea consente ao armazenamento de todos os cookies.<\/p>\r\n<p>Voc\u00ea pode informar-se sobra a origem dos cookies armazenados, os aceitar ou recusar totalmente para todo o site e servi\u00e7os, ou por categoria clicando no bot\u00e3o \u201cPersonalizar os cookies\u201d.<\/p>\r\n<p>Basicamente, utilizamos cookies para melhorar a sua experi\u00eancia de navega\u00e7\u00e3o e para que obtenha informa\u00e7\u00f5es especificas segundo o seu perfil. O registo de um cookie no seu terminal \u00e9 subordinado ao seu consentimento. \u00c9 a raz\u00e3o pela qual, voc\u00ea tem a possibilidade de modificar a sua escolha clicando aqui: <div class=\"wt-cli-element cli_user_consent_state\">Seu estado atual: Nenhum consentimento dado. <a class=\"cli_manage_current_consent\" style=\"cursor:pointer;\">Gerencie seu consentimento.<\/a> <\/div><\/p>\r\n<\/div>\r\n<hr \/>\r\n\r\n\r\n<h3 class=\"wp-block-heading\">Como gerir a configura\u00e7\u00e3o geral a traves do seu software de navega\u00e7\u00e3o?<\/h3>\r\n\r\n\r\n\r\n<div>\r\n<p>Voc\u00ea pode igualmente configurar os par\u00e2metros gerais no seu software de navega\u00e7\u00e3o internet para que os cookies, em fun\u00e7\u00e3o das suas origens ou proveni\u00eancia, sejam automaticamente aceites e registados no seu terminal ou, ao contr\u00e1rio, que sejam rejeitados.<\/p>\r\n<p><a href=\"https:\/\/support.google.com\/chrome\/answer\/95647?hl=pt&amp;hlrm=en\">Chrome<\/a><br \/><a href=\"https:\/\/support.microsoft.com\/pt-pt\/windows\/eliminar-e-gerir-cookies-168dab11-0753-043d-7c16-ede5947fc64d\">Internet Explorer<\/a><br \/><a href=\"https:\/\/support.apple.com\/pt-pt\/HT201265\">Safari<\/a><br \/><a href=\"https:\/\/support.mozilla.org\/pt-PT\/kb\/protecao-contra-monitorizacao-melhorada-no-firefox-para-pc\">Firefox<\/a><br \/><a href=\"https:\/\/help.opera.com\/en\/latest\/web-preferences\/#cookies\">Opera<\/a><\/p>\r\n<\/div>\r\n\r\n\r\n\r\n<h3 class=\"wp-block-heading\">Saber mais<\/h3>\r\n\r\n\r\n\r\n<p>Se voc\u00ea deseja saber mais sobre os cookies, pode consultar o site da <a href=\"https:\/\/www.cnpd.pt\/media\/x2zdus50\/nota-informativa-cnpd_cookies_20210625.pdf\">CNPD.<\/a>\u00a0<\/p>\r\n<\/div>\r\n<\/div>","protected":false},"excerpt":{"rendered":"<p>Bom dia, Nesta p\u00e1gina, n\u00f3s apresentamos a pol\u00edtica de cookies da ChargeGuru. N\u00f3s explicamos o que s\u00e3o os cookies, as&#8230;<\/p>\n","protected":false},"author":13,"featured_media":0,"parent":0,"menu_order":0,"comment_status":"closed","ping_status":"closed","template":"","meta":{"content-type":""},"yoast_head":"<!-- This site is optimized with the Yoast SEO Premium plugin v20.8 (Yoast SEO v21.3) - https:\/\/yoast.com\/wordpress\/plugins\/seo\/ -->\n<title>Pol\u00edtica de cookies - ChargeGuru PT | Instalador de Pontos de Carregamento para Veiculos Eletricos<\/title>\n<meta name=\"robots\" content=\"index, follow, max-snippet:-1, max-image-preview:large, max-video-preview:-1\" \/>\n<link rel=\"canonical\" href=\"https:\/\/chargeguru.com\/pt\/politica-de-cookies\/\" \/>\n<meta property=\"og:locale\" content=\"pt_PT\" \/>\n<meta property=\"og:type\" content=\"article\" \/>\n<meta property=\"og:title\" content=\"Pol\u00edtica de cookies\" \/>\n<meta property=\"og:description\" content=\"Bom dia, Nesta p\u00e1gina, n\u00f3s apresentamos a pol\u00edtica de cookies da ChargeGuru. N\u00f3s explicamos o que s\u00e3o os cookies, as...\" \/>\n<meta property=\"og:url\" content=\"https:\/\/chargeguru.com\/pt\/politica-de-cookies\/\" \/>\n<meta property=\"og:site_name\" content=\"ChargeGuru PT | Instalador de Pontos de Carregamento para Veiculos Eletricos\" \/>\n<meta property=\"article:modified_time\" content=\"2024-01-17T16:13:20+00:00\" \/>\n<meta name=\"twitter:card\" content=\"summary_large_image\" \/>\n<meta name=\"twitter:label1\" content=\"Tempo estimado de leitura\" \/>\n\t<meta name=\"twitter:data1\" content=\"6 minutos\" \/>\n<script type=\"application\/ld+json\" class=\"yoast-schema-graph\">{\"@context\":\"https:\/\/schema.org\",\"@graph\":[{\"@type\":\"WebPage\",\"@id\":\"https:\/\/chargeguru.com\/pt\/politica-de-cookies\/\",\"url\":\"https:\/\/chargeguru.com\/pt\/politica-de-cookies\/\",\"name\":\"Pol\u00edtica de cookies - ChargeGuru PT | Instalador de Pontos de Carregamento para Veiculos Eletricos\",\"isPartOf\":{\"@id\":\"https:\/\/chargeguru.com\/pt\/#website\"},\"datePublished\":\"2021-08-23T10:38:06+00:00\",\"dateModified\":\"2024-01-17T16:13:20+00:00\",\"breadcrumb\":{\"@id\":\"https:\/\/chargeguru.com\/pt\/politica-de-cookies\/#breadcrumb\"},\"inLanguage\":false,\"potentialAction\":[{\"@type\":\"ReadAction\",\"target\":[\"https:\/\/chargeguru.com\/pt\/politica-de-cookies\/\"]}]},{\"@type\":\"BreadcrumbList\",\"@id\":\"https:\/\/chargeguru.com\/pt\/politica-de-cookies\/#breadcrumb\",\"itemListElement\":[{\"@type\":\"ListItem\",\"position\":1,\"name\":\"Home\",\"item\":\"https:\/\/chargeguru.com\/pt\/\"},{\"@type\":\"ListItem\",\"position\":2,\"name\":\"Pol\u00edtica de cookies\"}]},{\"@type\":\"WebSite\",\"@id\":\"https:\/\/chargeguru.com\/pt\/#website\",\"url\":\"https:\/\/chargeguru.com\/pt\/\",\"name\":\"ChargeGuru PT | Instalador de Pontos de Carregamento para Veiculos Eletricos\",\"description\":\"ChargeGuru PT | Instalador de Pontos de Carregamento par Veiculos El\u00e9tricos\",\"potentialAction\":[{\"@type\":\"SearchAction\",\"target\":{\"@type\":\"EntryPoint\",\"urlTemplate\":\"https:\/\/chargeguru.com\/pt\/?s={search_term_string}\"},\"query-input\":\"required name=search_term_string\"}],\"inLanguage\":false}]}<\/script>\n<!-- \/ Yoast SEO Premium plugin. -->","yoast_head_json":{"title":"Pol\u00edtica de cookies - ChargeGuru PT | Instalador de Pontos de Carregamento para Veiculos Eletricos","robots":{"index":"index","follow":"follow","max-snippet":"max-snippet:-1","max-image-preview":"max-image-preview:large","max-video-preview":"max-video-preview:-1"},"canonical":"https:\/\/chargeguru.com\/pt\/politica-de-cookies\/","og_locale":"pt_PT","og_type":"article","og_title":"Pol\u00edtica de cookies","og_description":"Bom dia, Nesta p\u00e1gina, n\u00f3s apresentamos a pol\u00edtica de cookies da ChargeGuru. N\u00f3s explicamos o que s\u00e3o os cookies, as...","og_url":"https:\/\/chargeguru.com\/pt\/politica-de-cookies\/","og_site_name":"ChargeGuru PT | Instalador de Pontos de Carregamento para Veiculos Eletricos","article_modified_time":"2024-01-17T16:13:20+00:00","twitter_card":"summary_large_image","twitter_misc":{"Tempo estimado de leitura":"6 minutos"},"schema":{"@context":"https:\/\/schema.org","@graph":[{"@type":"WebPage","@id":"https:\/\/chargeguru.com\/pt\/politica-de-cookies\/","url":"https:\/\/chargeguru.com\/pt\/politica-de-cookies\/","name":"Pol\u00edtica de cookies - ChargeGuru PT | Instalador de Pontos de Carregamento para Veiculos Eletricos","isPartOf":{"@id":"https:\/\/chargeguru.com\/pt\/#website"},"datePublished":"2021-08-23T10:38:06+00:00","dateModified":"2024-01-17T16:13:20+00:00","breadcrumb":{"@id":"https:\/\/chargeguru.com\/pt\/politica-de-cookies\/#breadcrumb"},"inLanguage":false,"potentialAction":[{"@type":"ReadAction","target":["https:\/\/chargeguru.com\/pt\/politica-de-cookies\/"]}]},{"@type":"BreadcrumbList","@id":"https:\/\/chargeguru.com\/pt\/politica-de-cookies\/#breadcrumb","itemListElement":[{"@type":"ListItem","position":1,"name":"Home","item":"https:\/\/chargeguru.com\/pt\/"},{"@type":"ListItem","position":2,"name":"Pol\u00edtica de cookies"}]},{"@type":"WebSite","@id":"https:\/\/chargeguru.com\/pt\/#website","url":"https:\/\/chargeguru.com\/pt\/","name":"ChargeGuru PT | Instalador de Pontos de Carregamento para Veiculos Eletricos","description":"ChargeGuru PT | Instalador de Pontos de Carregamento par Veiculos El\u00e9tricos","potentialAction":[{"@type":"SearchAction","target":{"@type":"EntryPoint","urlTemplate":"https:\/\/chargeguru.com\/pt\/?s={search_term_string}"},"query-input":"required name=search_term_string"}],"inLanguage":false}]}},"_links":{"self":[{"href":"https:\/\/chargeguru.com\/pt\/wp-json\/wp\/v2\/pages\/8999"}],"collection":[{"href":"https:\/\/chargeguru.com\/pt\/wp-json\/wp\/v2\/pages"}],"about":[{"href":"https:\/\/chargeguru.com\/pt\/wp-json\/wp\/v2\/types\/page"}],"author":[{"embeddable":true,"href":"https:\/\/chargeguru.com\/pt\/wp-json\/wp\/v2\/users\/13"}],"replies":[{"embeddable":true,"href":"https:\/\/chargeguru.com\/pt\/wp-json\/wp\/v2\/comments?post=8999"}],"version-history":[{"count":11,"href":"https:\/\/chargeguru.com\/pt\/wp-json\/wp\/v2\/pages\/8999\/revisions"}],"predecessor-version":[{"id":16033,"href":"https:\/\/chargeguru.com\/pt\/wp-json\/wp\/v2\/pages\/8999\/revisions\/16033"}],"wp:attachment":[{"href":"https:\/\/chargeguru.com\/pt\/wp-json\/wp\/v2\/media?parent=8999"}],"curies":[{"name":"wp","href":"https:\/\/api.w.org\/{rel}","templated":true}]}}