{"id":8650,"date":"2021-04-07T14:09:19","date_gmt":"2021-04-07T13:09:19","guid":{"rendered":"https:\/\/chargeguru.com\/pt\/?page_id=8650"},"modified":"2022-10-20T14:41:54","modified_gmt":"2022-10-20T13:41:54","slug":"hyundai-kauai","status":"publish","type":"page","link":"https:\/\/chargeguru.com\/pt\/carros\/carros-eletricos\/hyundai-kauai\/","title":{"rendered":"Hyundai Kauai"},"content":{"rendered":"<p>\r\n<section class=\"sh-section sh-section-989cd74da05f108bf30e0fe67bc7aa30 fw-main-row sh-section-visibility-everywhere\">\r\n\t\r\n\t\r\n\t<div class=\"sh-section-container container-fluid\">\r\n\t\t<div class=\"fw-row\">\n\t\r\n<div class=\"sh-column sh-column-b7bef53a6cbb1195d4af3de8503f6b58 fw-col-xs-12\" >\r\n\r\n\t\r\n\t<div class=\"sh-column-wrapper\">\r\n\t\t\r\n<div class=\"sh-revslider\" id=\"revslider-b224ed4c9dd075b31837e4760ebc0d0f\">\r\n\t\n\t\t\t<!-- START Veiculos Hyundai Kauai REVOLUTION SLIDER 6.7.37 --><p class=\"rs-p-wp-fix\"><\/p>\n\t\t\t<rs-module-wrap id=\"rev_slider_30_1_wrapper\" data-source=\"gallery\" style=\"visibility:hidden;background:transparent;padding:0;margin:0px auto;margin-top:0;margin-bottom:0;\">\n\t\t\t\t<rs-module id=\"rev_slider_30_1\" style=\"\" data-version=\"6.7.37\">\n\t\t\t\t\t<rs-slides style=\"overflow: hidden; position: absolute;\">\n\t\t\t\t\t\t<rs-slide style=\"position: absolute;\" data-key=\"rs-40\" data-title=\"Slide\" data-duration=\"9000\" data-anim=\"adpr:false;ms:500;\" data-in=\"o:0;\" data-out=\"a:false;\">\n\t\t\t\t\t\t\t<img src=\"\/\/chargeguru.com\/pt\/wp-content\/plugins\/revslider\/sr6\/assets\/assets\/dummy.png\" alt=\"\" title=\"Hyundai Kauai\" class=\"rev-slidebg tp-rs-img rs-lazyload\" data-lazyload=\"\/\/chargeguru.com\/pt\/wp-content\/uploads\/sites\/3\/revslider\/vehiculos-esp-kia-e-niro\/guru-vehicules.jpg\" data-bg=\"p:center bottom;\" data-no-retina>\n<!--\n\t\t\t\t\t\t\t--><rs-layer\n\t\t\t\t\t\t\t\tid=\"slider-30-slide-40-layer-3\" \n\t\t\t\t\t\t\t\tdata-type=\"text\"\n\t\t\t\t\t\t\t\tdata-rsp_ch=\"on\"\n\t\t\t\t\t\t\t\tdata-xy=\"x:l,l,l,c;xo:217px,40px,18px,0;yo:173px,177px,109px,160px;\"\n\t\t\t\t\t\t\t\tdata-text=\"w:normal,nowrap,nowrap,normal;s:38,38,38,36;l:45,22,22,36;fw:600;a:inherit,inherit,inherit,center;\"\n\t\t\t\t\t\t\t\tdata-dim=\"w:586px,704px,705px,374px;h:92px,39px,69px,76px;\"\n\t\t\t\t\t\t\t\tdata-frame_1=\"st:299.88433837891;sR:299.88433837891;\"\n\t\t\t\t\t\t\t\tdata-frame_999=\"o:0;st:w;sR:8401;\"\n\t\t\t\t\t\t\t\tstyle=\"z-index:5;font-family:'Raleway';\"\n\t\t\t\t\t\t\t>Carregue o seu Hyundai\nKauai \n\t\t\t\t\t\t\t<\/rs-layer><!--\n\n\t\t\t\t\t\t\t--><rs-layer\n\t\t\t\t\t\t\t\tid=\"slider-30-slide-40-layer-5\" \n\t\t\t\t\t\t\t\tdata-type=\"text\"\n\t\t\t\t\t\t\t\tdata-rsp_ch=\"on\"\n\t\t\t\t\t\t\t\tdata-xy=\"x:l,l,l,c;xo:214px,40px,18px,0;yo:241px,251px,175px,477px;\"\n\t\t\t\t\t\t\t\tdata-text=\"w:normal;s:18;l:26;fw:500;a:inherit,inherit,inherit,center;\"\n\t\t\t\t\t\t\t\tdata-dim=\"w:521px,521px,521px,441px;h:auto,auto,auto,79px;\"\n\t\t\t\t\t\t\t\tdata-frame_0=\"y:-50px;\"\n\t\t\t\t\t\t\t\tdata-frame_1=\"st:999.88433837891;sR:999.88433837891;\"\n\t\t\t\t\t\t\t\tdata-frame_999=\"st:w;sR:7701;\"\n\t\t\t\t\t\t\t\tstyle=\"z-index:7;font-family:'Raleway';\"\n\t\t\t\t\t\t\t>Quer carregar o seu Hyundai Kauai ?<br\/>\nChargeGuru acompanha-o para identificar e instalar a solu\u00e7\u00e3o adequada \u00e0s suas necessidades!  \n\t\t\t\t\t\t\t<\/rs-layer><!--\n\n\t\t\t\t\t\t\t--><rs-layer\n\t\t\t\t\t\t\t\tid=\"slider-30-slide-40-layer-26\" \n\t\t\t\t\t\t\t\tdata-type=\"image\"\n\t\t\t\t\t\t\t\tdata-rsp_ch=\"on\"\n\t\t\t\t\t\t\t\tdata-xy=\"x:r,r,r,c;xo:-17px,-6px,-26px,0;yo:192px,322px,326px,233px;\"\n\t\t\t\t\t\t\t\tdata-text=\"l:22;a:inherit;\"\n\t\t\t\t\t\t\t\tdata-dim=\"w:655px,655px,557px,437px;h:340.997px,340px,264px,207px;\"\n\t\t\t\t\t\t\t\tdata-frame_0=\"o:1;\"\n\t\t\t\t\t\t\t\tdata-frame_1=\"st:599.88433837891;sp:500;sR:599.88433837891;\"\n\t\t\t\t\t\t\t\tdata-frame_999=\"o:0;st:w;sR:7901;\"\n\t\t\t\t\t\t\t\tstyle=\"z-index:6;\"\n\t\t\t\t\t\t\t><img src=\"\/\/chargeguru.com\/pt\/wp-content\/plugins\/revslider\/sr6\/assets\/assets\/dummy.png\" alt=\"Rechargez votre Hyundai Kona\" class=\"tp-rs-img rs-lazyload\" width=\"640\" height=\"333\" data-lazyload=\"\/\/chargeguru.com\/pt\/wp-content\/uploads\/sites\/3\/2019\/08\/hyundai_kona.png\" data-no-retina> \n\t\t\t\t\t\t\t<\/rs-layer><!--\n\n\t\t\t\t\t\t\t--><rs-layer\n\t\t\t\t\t\t\t\tid=\"slider-30-slide-40-layer-28\" \n\t\t\t\t\t\t\t\tdata-type=\"text\"\n\t\t\t\t\t\t\t\tdata-rsp_ch=\"on\"\n\t\t\t\t\t\t\t\tdata-xy=\"x:l,l,l,c;xo:218px,45px,22px,0;yo:348px,366px,312px,616px;\"\n\t\t\t\t\t\t\t\tdata-text=\"s:17;l:22;a:inherit;\"\n\t\t\t\t\t\t\t\tdata-frame_0=\"y:50px;\"\n\t\t\t\t\t\t\t\tdata-frame_1=\"x:-1px,0,0,0;st:1299.8843383789;sR:1299.8843383789;\"\n\t\t\t\t\t\t\t\tdata-frame_999=\"o:0;st:w;sR:7401;\"\n\t\t\t\t\t\t\t\tdata-frame_hover=\"c:#000;bor:0px,0px,0px,0px;oX:50;oY:50;sp:0;e:none;\"\n\t\t\t\t\t\t\t\tstyle=\"z-index:8;font-family:'Raleway';\"\n\t\t\t\t\t\t\t><a class=\"typeform-share guru-button guru-translate\" href=\"https:\/\/chargeguru.typeform.com\/to\/y4OlEwAl\" data-tf-transitive-search-params=\"gclid\" data-transferable-url-parameters=\"gclid\" data-mode=\"popup\" data-hide-headers=true data-hide-footer=true data-submit-close-delay=\"5\" target=\"_blank\">PE\u00c7A O SEU OR\u00c7AMENTO<i class=\"fa-chevron-right\"><\/i><\/a>  \n\t\t\t\t\t\t\t<\/rs-layer><!--\n-->\t\t\t\t\t<\/rs-slide>\n\t\t\t\t\t<\/rs-slides>\n\t\t\t\t<\/rs-module>\n\t\t\t\t<script>\n\t\t\t\t\tsetREVStartSize({c: 'rev_slider_30_1',rl:[1240,1024,778,480],el:[534,600,600,720],gw:[1240,1024,778,480],gh:[534,600,600,720],type:'hero',justify:'',layout:'fullwidth',mh:\"0\"});if (window.RS_MODULES!==undefined && window.RS_MODULES.modules!==undefined && window.RS_MODULES.modules[\"revslider301\"]!==undefined) {window.RS_MODULES.modules[\"revslider301\"].once = false;window.revapi30 = undefined;if (window.RS_MODULES.checkMinimal!==undefined) window.RS_MODULES.checkMinimal()}\n\t\t\t\t<\/script>\n\t\t\t<\/rs-module-wrap>\n\t\t\t<!-- END REVOLUTION SLIDER -->\n<\/div>\r\n\t<\/div>\r\n\r\n\r\n\t\t\r\n\r\n<\/div>\r\n<\/div>\n\n\t<\/div>\r\n<\/section>\r\n\r\n<section class=\"sh-section sh-section-2109c5961b1566f41cb3a2fc10652903 fw-main-row sh-section-visibility-everywhere\">\r\n\t\r\n\t\r\n\t<div class=\"sh-section-container container section-justify-height\">\r\n\t\t<div class=\"fw-row\">\n\t\r\n<div class=\"sh-column sh-column-2d6534c4efcfdfd719aeb43dcd51bb09 fw-col-xs-12 fw-col-sm-6\" >\r\n\r\n\t\r\n\t<div class=\"sh-column-wrapper\">\r\n\t\t\r\n<div id=\"single-image-defe0d46ecacb181e987dc100329643e\" class=\"sh-single-image  \">\r\n\t<div class=\"sh-element-margin\">\r\n\r\n\t\t\r\n\t\t\t<div class=\"sh-single-image-container\">\r\n\t\t\t\t\r\n\t\t\t\t\t\t\t\t\t\t\t\t\t\t\t<a href=\"\/\/chargeguru.com\/wp-content\/uploads\/2018\/06\/recharge-vehicule-1-small.png\" rel=\"lightbox\">\r\n\t\t\t\t\t\r\n\t\t\t\t\t\t\t\t\t\t\t\t\t<img class=\"sh-image-url\" src=\"https:\/\/chargeguru.com\/pt\/wp-content\/uploads\/sites\/3\/2018\/06\/recharge-vehicule-1-small.png\" alt=\"recharge-vehicule-1-small\" \/>\r\n\t\t\t\t\t\t\t\t\t\t\t\t\t\r\n\t\t\t\t\t\t\t\t\t\t\t<\/a>\r\n\t\t\t\t\t\t\t\t\t\r\n\t\t\t\t\t\t\t<\/div>\r\n\r\n\t\t\r\n\t<\/div>\r\n<\/div>\r\n\r\n\r\n\t<div class=\"sh-heading sh-heading-style1\" id=\"heading-dd350060f70fbd68d77e9804475f3bac\">\r\n\t\t<h1 class=\"sh-heading-content size-m\">\r\n\t\t\t<span>DESEJA CARREGAR O SEU HYUNDAI KAUAI?<\/span><span>&nbsp;<\/span>\t\t<\/h1>\r\n\t<\/div>\r\n\r\n\r\n<div id=\"text-block-65eff64511b23353569c18cad262f91d\" class=\"sh-text-block\">\r\n\t<p>Apresentado em Portugal em 2018, o Kauai \u00e9 o segundo modelo Hyundai 100% el\u00e9trico comercializado depois do Hyundai IONIQ. \u00c9 um SUV potente dispon\u00edvel em duas vers\u00f5es de autonomia diferentes.<\/p><p><strong>Qual \u00e9 a autonomia do Hyundai Kauai? <\/strong><\/p><p>A vers\u00e3o \"Long Range\" tel uma autonomia de 449 km gra\u00e7as a uma bateria de 64 kWh. A vers\u00e3o \"B\u00e1sica\" por outro lado se limita a uma autonomia de 289 km com uma bateria de 39,2 kWh.<\/p><p><strong>Qual \u00e9 a solu\u00e7\u00e3o de carregamento para o Hyundai Kauai? <\/strong><\/p><p>O Hyundai Kauai aceita uma pot\u00eancia m\u00e1xima de 7,2 kW para os carregamentos regulares no domic\u00edlio. Para pequenos trajetos, um carregador de 3,7 kW no seu domic\u00edlio \u00e9 capaz de ser suficiente. Liga-se a traves um cabo de Tipo 2.<\/p><p>Pode tamb\u00e9m utilizar um cabo de carregamento r\u00e1pido para grandes trajetos gra\u00e7as ao seu conector Combo. Nos postos de carregamento r\u00e1pidos o Kauai pode carregar em 100 kW m\u00e1ximo. Ganha ent\u00e3o 80% da sua autonomia em 30 minutos.<\/p><\/div>\r\n\r\n<div id=\"text-block-f8bcd2ccaec6e0bde2106447fffa7459\" class=\"sh-text-block\">\r\n\t<p><a class=\"typeform-share guru-button-small\" href=\"https:\/\/chargeguru.typeform.com\/to\/y4OlEwAl\" target=\"_blank\" rel=\"noopener\" data-tf-transitive-search-params=\"gclid\" data-transferable-url-parameters=\"gclid\"  data-mode=\"popup\" data-hide-headers=\"true\" data-hide-footer=\"true\"><i class=\"fa fa-calculator\"><\/i><span class=\"sh-button-text\">\u00a0Pe\u00e7a o seu or\u00e7amento<\/span><br \/><\/a><\/p><\/div>\r\n\t<\/div>\r\n\r\n\r\n\t\t\r\n\r\n<\/div>\r\n\r\n<div class=\"sh-column sh-column-bdf3f551631177e39b5c7499dfcd8b25 fw-col-xs-12 fw-col-sm-6 sh-column-shadow\" >\r\n\r\n\t\r\n\t<div class=\"sh-column-wrapper\">\r\n\t\t\r\n<div id=\"button-aa6ae33ee74d21bb44e27cb4df4da340\" class=\"sh-button-container  sh-button-style-1\">\r\n\t<div class=\"sh-element-margin\">\r\n\t\t<a href=\"\" target=\"_self\" class=\"sh-button sh-button-xsmall \">\r\n\r\n\t\t\t\r\n\t\t\t\t\t\t\t<span class=\"sh-button-text\">\r\n\t\t\t\t\tO SEU HYUNDAI KAUAI\t\t\t\t<\/span>\r\n\t\t\t\r\n\t\t\t\r\n\t\t<\/a>\r\n\t\t\t<\/div>\r\n<\/div>\r\n\r\n<div class=\"sh-heading  \" id=\"heading-7f52019aa8e98a37e61671a099b9387d\">\r\n\t<div class=\"sh-element-margin\">\r\n\r\n\t\t\r\n\t\t\t<h2 class=\"sh-heading-content size-s text-left\">\r\n\t\t\t\tAUTONOMIA\t\t\t<\/h2>\r\n\r\n\t\t\r\n\t<\/div>\r\n<\/div>\r\n\r\n<ul class=\"sh-list sh-list-style1\" id=\"list-df4762c44bfcb6f7f79410eae82c0cab\">\r\n\t\t\t<li class=\"sh-list-item\">\r\n\t\t\t<span class=\"sh-list-icon\">\r\n\t\t\t\t<i class=\"fa fa-battery-three-quarters\"><\/i>\r\n\t\t\t<\/span>\r\n\t\t\tVers\u00e3o Long Range (64 kWh) : 449 km\t\t<\/li>\r\n\t\t\t<li class=\"sh-list-item\">\r\n\t\t\t<span class=\"sh-list-icon\">\r\n\t\t\t\t<i class=\"fa fa-battery-three-quarters\"><\/i>\r\n\t\t\t<\/span>\r\n\t\t\tVers\u00e3o B\u00e1sica 39,2 (kWh) : 289 km\t\t<\/li>\r\n\t<\/ul>\r\n\r\n<div class=\"sh-heading  \" id=\"heading-76c6de68013843fe003137e2e0b1cc14\">\r\n\t<div class=\"sh-element-margin\">\r\n\r\n\t\t\r\n\t\t\t<h2 class=\"sh-heading-content size-s text-left\">\r\n\t\t\t\tTEMPO DE CARREGAMENTO\t\t\t<\/h2>\r\n\r\n\t\t\r\n\t<\/div>\r\n<\/div>\r\n\r\n<ul class=\"sh-list sh-list-style1\" id=\"list-8c3131a3f66ab90274be0820eb0834f5\">\r\n\t\t\t<li class=\"sh-list-item\">\r\n\t\t\t<span class=\"sh-list-icon\">\r\n\t\t\t\t<i class=\"fa fa-plug\"><\/i>\r\n\t\t\t<\/span>\r\n\t\t\tTomada refor\u00e7ada (2.2kW) : ~10 km \/ hora de carregamento\t\t<\/li>\r\n\t\t\t<li class=\"sh-list-item\">\r\n\t\t\t<span class=\"sh-list-icon\">\r\n\t\t\t\t<i class=\"fa fa-plug\"><\/i>\r\n\t\t\t<\/span>\r\n\t\t\tCarregador de 3.7kW : ~20 km \/ hora de carregamento\t\t<\/li>\r\n\t\t\t<li class=\"sh-list-item\">\r\n\t\t\t<span class=\"sh-list-icon\">\r\n\t\t\t\t<i class=\"fa fa-plug\"><\/i>\r\n\t\t\t<\/span>\r\n\t\t\tCarregador de 7.4kW : ~35 km \/ hora de carregamento\t\t<\/li>\r\n\t<\/ul>\r\n\t<\/div>\r\n\r\n\r\n\t\t\r\n\r\n<\/div>\r\n<\/div>\n\n\t<\/div>\r\n<\/section>\r\n\r\n<section class=\"sh-section sh-section-73510a28661e4cdff383269773dd18ee fw-main-row sh-section-visibility-everywhere\">\r\n\t\r\n\t\r\n\t<div class=\"sh-section-container container section-justify-height\">\r\n\t\t<div class=\"fw-row\">\n\t\r\n<div class=\"sh-column sh-column-a12211418f6a6173229cbf850ce93760 fw-col-xs-12\" >\r\n\r\n\t\r\n\t<div class=\"sh-column-wrapper\">\r\n\t\t\r\n\r\n\t<div class=\"sh-heading sh-heading-style1\" id=\"heading-5a5220dc2f2b72d6d7767d24384942b2\">\r\n\t\t<h2 class=\"sh-heading-content size-l\">\r\n\t\t\t<span style=\"text-align: center;\">AS FASES DO SEU PROJETO<\/span>\t\t<\/h2>\r\n\t<\/div>\r\n\r\n\t<\/div>\r\n\r\n\r\n\t\t\r\n\r\n<\/div>\r\n<\/div>\n\n<div class=\"fw-row\">\n\t\r\n<div class=\"sh-column sh-column-cc9a8162acc3f14b0096f9a7f5c2a26c fw-col-xs-12 fw-col-sm-3\" >\r\n\r\n\t\r\n\t<div class=\"sh-column-wrapper\">\r\n\t\t\r\n<div id=\"single-image-2088d36e0e9f64d97a0a780a3f18339b\" class=\"sh-single-image  \">\r\n\t<div class=\"sh-element-margin\">\r\n\r\n\t\t\r\n\t\t\t<div class=\"sh-single-image-container\">\r\n\t\t\t\t\r\n\t\t\t\t\t\t\t\t\t\r\n\t\t\t\t\t\t\t\t\t\t\t\t\t<img class=\"sh-image-url\" src=\"https:\/\/chargeguru.com\/pt\/wp-content\/uploads\/sites\/3\/2018\/06\/guru-step-1.png\" alt=\"guru-step-1\" \/>\r\n\t\t\t\t\t\t\t\t\t\t\t\t\t\r\n\t\t\t\t\t\t\t\t\t\r\n\t\t\t\t\t\t\t<\/div>\r\n\r\n\t\t\r\n\t<\/div>\r\n<\/div>\r\n\r\n\r\n\t<div class=\"sh-heading sh-heading-style1\" id=\"heading-cdfe22d75ad5d5cc2d85dd9c33b13245\">\r\n\t\t<h3 class=\"sh-heading-content size-m\">\r\n\t\t\t<span style=\"text-align: left;\">1 \u2022 O SEU PROJETO<\/span>\t\t<\/h3>\r\n\t<\/div>\r\n\r\n\r\n<div id=\"text-block-1ee7ffea0659fe86e4922a954bbf8d61\" class=\"sh-text-block\">\r\n\t<p>Exponha-nos o seu projeto e n\u00f3s estudaremos as suas necessidades e apresentaremos a melhor solu\u00e7\u00e3o<\/p><\/div>\r\n\t<\/div>\r\n\r\n\r\n\t\t\r\n\r\n<\/div>\r\n\r\n<div class=\"sh-column sh-column-e3abb8c45c015dcefb6d7bead45b046a fw-col-xs-12 fw-col-sm-3\" >\r\n\r\n\t\r\n\t<div class=\"sh-column-wrapper\">\r\n\t\t\r\n<div id=\"single-image-2ac49484e3ee48ab883eeac98de45084\" class=\"sh-single-image  \">\r\n\t<div class=\"sh-element-margin\">\r\n\r\n\t\t\r\n\t\t\t<div class=\"sh-single-image-container\">\r\n\t\t\t\t\r\n\t\t\t\t\t\t\t\t\t\r\n\t\t\t\t\t\t\t\t\t\t\t\t\t<img class=\"sh-image-url\" src=\"https:\/\/chargeguru.com\/pt\/wp-content\/uploads\/sites\/3\/2018\/06\/guru-step-2.png\" alt=\"guru-step-2\" \/>\r\n\t\t\t\t\t\t\t\t\t\t\t\t\t\r\n\t\t\t\t\t\t\t\t\t\r\n\t\t\t\t\t\t\t<\/div>\r\n\r\n\t\t\r\n\t<\/div>\r\n<\/div>\r\n\r\n\r\n\t<div class=\"sh-heading sh-heading-style1\" id=\"heading-85e355d287d707a1129d5a30798e364e\">\r\n\t\t<h3 class=\"sh-heading-content size-m\">\r\n\t\t\t<span style=\"text-align: left;\">2 \u2022 O SEU OR\u00c7AMENTO<\/span>\t\t<\/h3>\r\n\t<\/div>\r\n\r\n\r\n<div id=\"text-block-a218d5154af8408a73a9148a16e6dfa8\" class=\"sh-text-block\">\r\n\t<p>Realizamos uma visita t\u00e9cnica gratuita e enviamos v\u00e1rios or\u00e7amentos adaptados \u00e0s suas necessidades<\/p><\/div>\r\n\t<\/div>\r\n\r\n\r\n\t\t\r\n\r\n<\/div>\r\n\r\n<div class=\"sh-column sh-column-d300b36cf897e2bae023b4abbe721550 fw-col-xs-12 fw-col-sm-3\" >\r\n\r\n\t\r\n\t<div class=\"sh-column-wrapper\">\r\n\t\t\r\n<div id=\"single-image-dc61afc82c400883f3fcb392ba943616\" class=\"sh-single-image  \">\r\n\t<div class=\"sh-element-margin\">\r\n\r\n\t\t\r\n\t\t\t<div class=\"sh-single-image-container\">\r\n\t\t\t\t\r\n\t\t\t\t\t\t\t\t\t\r\n\t\t\t\t\t\t\t\t\t\t\t\t\t<img class=\"sh-image-url\" src=\"https:\/\/chargeguru.com\/pt\/wp-content\/uploads\/sites\/3\/2018\/06\/guru-step-3.png\" alt=\"guru-step-3\" \/>\r\n\t\t\t\t\t\t\t\t\t\t\t\t\t\r\n\t\t\t\t\t\t\t\t\t\r\n\t\t\t\t\t\t\t<\/div>\r\n\r\n\t\t\r\n\t<\/div>\r\n<\/div>\r\n\r\n\r\n\t<div class=\"sh-heading sh-heading-style1\" id=\"heading-241c5ef5d73ef6ef836b477849feb7b7\">\r\n\t\t<h3 class=\"sh-heading-content size-m\">\r\n\t\t\t<span style=\"text-align: left;\">3 \u2022 A SUA INSTALA\u00c7\u00c3O<\/span>\t\t<\/h3>\r\n\t<\/div>\r\n\r\n\r\n<div id=\"text-block-12dbdf535f58cbaeacf2a824f26dc048\" class=\"sh-text-block\">\r\n\t<p>Escolha o or\u00e7amento que lhe conv\u00e9m e n\u00f3s instalaremos o seu carregador<\/p><\/div>\r\n\t<\/div>\r\n\r\n\r\n\t\t\r\n\r\n<\/div>\r\n\r\n<div class=\"sh-column sh-column-146d552bd829dd8ac14da012e6a7d011 fw-col-xs-12 fw-col-sm-3\" >\r\n\r\n\t\r\n\t<div class=\"sh-column-wrapper\">\r\n\t\t\r\n<div id=\"single-image-484cfe581594a416e375331dcbfe7b01\" class=\"sh-single-image  \">\r\n\t<div class=\"sh-element-margin\">\r\n\r\n\t\t\r\n\t\t\t<div class=\"sh-single-image-container\">\r\n\t\t\t\t\r\n\t\t\t\t\t\t\t\t\t\r\n\t\t\t\t\t\t\t\t\t\t\t\t\t<img class=\"sh-image-url\" src=\"https:\/\/chargeguru.com\/pt\/wp-content\/uploads\/sites\/3\/2018\/06\/guru-contour.png\" alt=\"guru-contour\" \/>\r\n\t\t\t\t\t\t\t\t\t\t\t\t\t\r\n\t\t\t\t\t\t\t\t\t\r\n\t\t\t\t\t\t\t<\/div>\r\n\r\n\t\t\r\n\t<\/div>\r\n<\/div>\r\n\r\n<div id=\"text-block-0e46a3114f9cccc61a71dcbccf0b9699\" class=\"sh-text-block\">\r\n\t<p style=\"text-align: center;\"><a class=\"typeform-share guru-button\" href=\"https:\/\/chargeguru.typeform.com\/to\/y4OlEwAl\" target=\"_blank\" rel=\"noopener\" data-tf-transitive-search-params=\"gclid\" data-transferable-url-parameters=\"gclid\" data-mode=\"popup\" data-hide-headers=\"true\" data-hide-footer=\"true\" data-submit-close-delay=\"5\">PE\u00c7A O SEU OR\u00c7AMENTO<i class=\"fa-icon-chevron-right\"><\/i><\/a><\/p><\/div>\r\n\t<\/div>\r\n\r\n\r\n\t\t\r\n\r\n<\/div>\r\n<\/div>\n\n\t<\/div>\r\n<\/section>\r\n\r\n<section class=\"sh-section sh-section-3a6f33a2e3dd3b989fd9f7997959e109 fw-main-row sh-section-visibility-everywhere\">\r\n\t\r\n\t\r\n\t<div class=\"sh-section-container container section-justify-height\">\r\n\t\t<div class=\"fw-row\">\n\t\r\n<div class=\"sh-column sh-column-a1d504aece89835ab1418360632a15e6 fw-col-xs-12 fw-col-sm-8\" >\r\n\r\n\t\r\n\t<div class=\"sh-column-wrapper\">\r\n\t\t\r\n\r\n\t<div class=\"sh-heading sh-heading-style1\" id=\"heading-09718ee15ad5a4b5dbd6171f0d45deb3\">\r\n\t\t<h4 class=\"sh-heading-content size-l\">\r\n\t\t\t<span>Conte-nos o seu projeto<\/span>\t\t<\/h4>\r\n\t<\/div>\r\n\r\n\r\n<div id=\"text-block-edea1f38ef22c8c678ac159d38cf9be5\" class=\"sh-text-block\">\r\n\t<p>N\u00f3s tratamos do resto!<\/p><\/div>\r\n\t<\/div>\r\n\r\n\r\n\t\t\r\n\r\n<\/div>\r\n\r\n<div class=\"sh-column sh-column-e0407d65dcc532b8054baf16b2e7220f fw-col-xs-12 fw-col-sm-4 guru-translate\" >\r\n\r\n\t\r\n\t<div class=\"sh-column-wrapper\">\r\n\t\t\r\n<div id=\"text-block-00a2efda8d10a7621999c47385c0427c\" class=\"sh-text-block\">\r\n\t<p><a class=\"typeform-share guru-button-large\" href=\"https:\/\/chargeguru.typeform.com\/to\/y4OlEwAl\" target=\"_blank\" rel=\"noopener\" data-tf-transitive-search-params=\"gclid\" data-transferable-url-parameters=\"gclid\" data-mode=\"popup\" data-hide-headers=\"true\" data-hide-footer=\"true\">PE\u00c7A O SEU OR\u00c7AMENTO<\/a><\/p><\/div>\r\n\t<\/div>\r\n\r\n\r\n\t\t\r\n\r\n<\/div>\r\n<\/div>\n\n\t<\/div>\r\n<\/section>\r\n<\/p>\n","protected":false},"excerpt":{"rendered":"<p>Carregue o seu Hyundai Kauai Quer carregar o seu Hyundai Kauai ? ChargeGuru acompanha-o para identificar e instalar a solu\u00e7\u00e3o&#8230;<\/p>\n","protected":false},"author":10,"featured_media":0,"parent":6283,"menu_order":0,"comment_status":"closed","ping_status":"closed","template":"","meta":{"content-type":""},"yoast_head":"<!-- This site is optimized with the Yoast SEO Premium plugin v20.8 (Yoast SEO v21.3) - https:\/\/yoast.com\/wordpress\/plugins\/seo\/ -->\n<title>Carregar o Hyundai Kauai | ChargeGuru<\/title>\n<meta name=\"description\" content=\"Autonomia, tipos de recarga do Hyundai Kauai. Carregue o seu Hyundai Kauai com uma solu\u00e7\u00e3o de carregamento ChargeGuru no seu domic\u00edlio.\" \/>\n<meta name=\"robots\" content=\"index, follow, max-snippet:-1, max-image-preview:large, max-video-preview:-1\" \/>\n<link rel=\"canonical\" href=\"https:\/\/chargeguru.com\/pt\/carros\/carros-eletricos\/hyundai-kauai\/\" \/>\n<meta property=\"og:locale\" content=\"pt_PT\" \/>\n<meta property=\"og:type\" content=\"article\" \/>\n<meta property=\"og:title\" content=\"Hyundai Kauai\" \/>\n<meta property=\"og:description\" content=\"Autonomia, tipos de recarga do Hyundai Kauai. Carregue o seu Hyundai Kauai com uma solu\u00e7\u00e3o de carregamento ChargeGuru no seu domic\u00edlio.\" \/>\n<meta property=\"og:url\" content=\"https:\/\/chargeguru.com\/pt\/carros\/carros-eletricos\/hyundai-kauai\/\" \/>\n<meta property=\"og:site_name\" content=\"ChargeGuru PT | Instalador de Pontos de Carregamento para Veiculos Eletricos\" \/>\n<meta property=\"article:modified_time\" content=\"2022-10-20T13:41:54+00:00\" \/>\n<meta property=\"og:image\" content=\"https:\/\/chargeguru.com\/pt\/wp-content\/uploads\/sites\/3\/2018\/06\/recharge-vehicule-1-small.png\" \/>\n<meta name=\"twitter:card\" content=\"summary_large_image\" \/>\n<meta name=\"twitter:label1\" content=\"Tempo estimado de leitura\" \/>\n\t<meta name=\"twitter:data1\" content=\"2 minutos\" \/>\n<script type=\"application\/ld+json\" class=\"yoast-schema-graph\">{\"@context\":\"https:\/\/schema.org\",\"@graph\":[{\"@type\":\"WebPage\",\"@id\":\"https:\/\/chargeguru.com\/pt\/carros\/carros-eletricos\/hyundai-kauai\/\",\"url\":\"https:\/\/chargeguru.com\/pt\/carros\/carros-eletricos\/hyundai-kauai\/\",\"name\":\"Carregar o Hyundai Kauai | ChargeGuru\",\"isPartOf\":{\"@id\":\"https:\/\/chargeguru.com\/pt\/#website\"},\"datePublished\":\"2021-04-07T13:09:19+00:00\",\"dateModified\":\"2022-10-20T13:41:54+00:00\",\"description\":\"Autonomia, tipos de recarga do Hyundai Kauai. Carregue o seu Hyundai Kauai com uma solu\u00e7\u00e3o de carregamento ChargeGuru no seu domic\u00edlio.\",\"breadcrumb\":{\"@id\":\"https:\/\/chargeguru.com\/pt\/carros\/carros-eletricos\/hyundai-kauai\/#breadcrumb\"},\"inLanguage\":false,\"potentialAction\":[{\"@type\":\"ReadAction\",\"target\":[\"https:\/\/chargeguru.com\/pt\/carros\/carros-eletricos\/hyundai-kauai\/\"]}]},{\"@type\":\"BreadcrumbList\",\"@id\":\"https:\/\/chargeguru.com\/pt\/carros\/carros-eletricos\/hyundai-kauai\/#breadcrumb\",\"itemListElement\":[{\"@type\":\"ListItem\",\"position\":1,\"name\":\"Home\",\"item\":\"https:\/\/chargeguru.com\/pt\/\"},{\"@type\":\"ListItem\",\"position\":2,\"name\":\"Carros\",\"item\":\"https:\/\/chargeguru.com\/pt\/carros\/\"},{\"@type\":\"ListItem\",\"position\":3,\"name\":\"Carros el\u00e9tricos\",\"item\":\"https:\/\/chargeguru.com\/pt\/carros\/carros-eletricos\/\"},{\"@type\":\"ListItem\",\"position\":4,\"name\":\"Hyundai Kauai\"}]},{\"@type\":\"WebSite\",\"@id\":\"https:\/\/chargeguru.com\/pt\/#website\",\"url\":\"https:\/\/chargeguru.com\/pt\/\",\"name\":\"ChargeGuru PT | Instalador de Pontos de Carregamento para Veiculos Eletricos\",\"description\":\"ChargeGuru PT | Instalador de Pontos de Carregamento par Veiculos El\u00e9tricos\",\"potentialAction\":[{\"@type\":\"SearchAction\",\"target\":{\"@type\":\"EntryPoint\",\"urlTemplate\":\"https:\/\/chargeguru.com\/pt\/?s={search_term_string}\"},\"query-input\":\"required name=search_term_string\"}],\"inLanguage\":false}]}<\/script>\n<!-- \/ Yoast SEO Premium plugin. -->","yoast_head_json":{"title":"Carregar o Hyundai Kauai | ChargeGuru","description":"Autonomia, tipos de recarga do Hyundai Kauai. Carregue o seu Hyundai Kauai com uma solu\u00e7\u00e3o de carregamento ChargeGuru no seu domic\u00edlio.","robots":{"index":"index","follow":"follow","max-snippet":"max-snippet:-1","max-image-preview":"max-image-preview:large","max-video-preview":"max-video-preview:-1"},"canonical":"https:\/\/chargeguru.com\/pt\/carros\/carros-eletricos\/hyundai-kauai\/","og_locale":"pt_PT","og_type":"article","og_title":"Hyundai Kauai","og_description":"Autonomia, tipos de recarga do Hyundai Kauai. Carregue o seu Hyundai Kauai com uma solu\u00e7\u00e3o de carregamento ChargeGuru no seu domic\u00edlio.","og_url":"https:\/\/chargeguru.com\/pt\/carros\/carros-eletricos\/hyundai-kauai\/","og_site_name":"ChargeGuru PT | Instalador de Pontos de Carregamento para Veiculos Eletricos","article_modified_time":"2022-10-20T13:41:54+00:00","og_image":[{"url":"https:\/\/chargeguru.com\/pt\/wp-content\/uploads\/sites\/3\/2018\/06\/recharge-vehicule-1-small.png"}],"twitter_card":"summary_large_image","twitter_misc":{"Tempo estimado de leitura":"2 minutos"},"schema":{"@context":"https:\/\/schema.org","@graph":[{"@type":"WebPage","@id":"https:\/\/chargeguru.com\/pt\/carros\/carros-eletricos\/hyundai-kauai\/","url":"https:\/\/chargeguru.com\/pt\/carros\/carros-eletricos\/hyundai-kauai\/","name":"Carregar o Hyundai Kauai | ChargeGuru","isPartOf":{"@id":"https:\/\/chargeguru.com\/pt\/#website"},"datePublished":"2021-04-07T13:09:19+00:00","dateModified":"2022-10-20T13:41:54+00:00","description":"Autonomia, tipos de recarga do Hyundai Kauai. Carregue o seu Hyundai Kauai com uma solu\u00e7\u00e3o de carregamento ChargeGuru no seu domic\u00edlio.","breadcrumb":{"@id":"https:\/\/chargeguru.com\/pt\/carros\/carros-eletricos\/hyundai-kauai\/#breadcrumb"},"inLanguage":false,"potentialAction":[{"@type":"ReadAction","target":["https:\/\/chargeguru.com\/pt\/carros\/carros-eletricos\/hyundai-kauai\/"]}]},{"@type":"BreadcrumbList","@id":"https:\/\/chargeguru.com\/pt\/carros\/carros-eletricos\/hyundai-kauai\/#breadcrumb","itemListElement":[{"@type":"ListItem","position":1,"name":"Home","item":"https:\/\/chargeguru.com\/pt\/"},{"@type":"ListItem","position":2,"name":"Carros","item":"https:\/\/chargeguru.com\/pt\/carros\/"},{"@type":"ListItem","position":3,"name":"Carros el\u00e9tricos","item":"https:\/\/chargeguru.com\/pt\/carros\/carros-eletricos\/"},{"@type":"ListItem","position":4,"name":"Hyundai Kauai"}]},{"@type":"WebSite","@id":"https:\/\/chargeguru.com\/pt\/#website","url":"https:\/\/chargeguru.com\/pt\/","name":"ChargeGuru PT | Instalador de Pontos de Carregamento para Veiculos Eletricos","description":"ChargeGuru PT | Instalador de Pontos de Carregamento par Veiculos El\u00e9tricos","potentialAction":[{"@type":"SearchAction","target":{"@type":"EntryPoint","urlTemplate":"https:\/\/chargeguru.com\/pt\/?s={search_term_string}"},"query-input":"required name=search_term_string"}],"inLanguage":false}]}},"_links":{"self":[{"href":"https:\/\/chargeguru.com\/pt\/wp-json\/wp\/v2\/pages\/8650"}],"collection":[{"href":"https:\/\/chargeguru.com\/pt\/wp-json\/wp\/v2\/pages"}],"about":[{"href":"https:\/\/chargeguru.com\/pt\/wp-json\/wp\/v2\/types\/page"}],"author":[{"embeddable":true,"href":"https:\/\/chargeguru.com\/pt\/wp-json\/wp\/v2\/users\/10"}],"replies":[{"embeddable":true,"href":"https:\/\/chargeguru.com\/pt\/wp-json\/wp\/v2\/comments?post=8650"}],"version-history":[{"count":9,"href":"https:\/\/chargeguru.com\/pt\/wp-json\/wp\/v2\/pages\/8650\/revisions"}],"predecessor-version":[{"id":12131,"href":"https:\/\/chargeguru.com\/pt\/wp-json\/wp\/v2\/pages\/8650\/revisions\/12131"}],"up":[{"embeddable":true,"href":"https:\/\/chargeguru.com\/pt\/wp-json\/wp\/v2\/pages\/6283"}],"wp:attachment":[{"href":"https:\/\/chargeguru.com\/pt\/wp-json\/wp\/v2\/media?parent=8650"}],"curies":[{"name":"wp","href":"https:\/\/api.w.org\/{rel}","templated":true}]}}