{"id":23132,"date":"2026-03-02T14:50:09","date_gmt":"2026-03-02T14:50:09","guid":{"rendered":"https:\/\/chargeguru.com\/pt\/?page_id=23132"},"modified":"2026-03-03T15:57:28","modified_gmt":"2026-03-03T15:57:28","slug":"condicoes-campanha-marco-power-days","status":"publish","type":"page","link":"https:\/\/chargeguru.com\/pt\/condicoes-campanha-marco-power-days\/","title":{"rendered":"Condi\u00e7\u00f5es Campanha Mar\u00e7o Power Days"},"content":{"rendered":"<h1>Campanha Mar\u00e7o Power Days<\/h1>\n<p><span style=\"font-weight: 400\">At\u00e9 ao dia 31 Mar\u00e7o, <\/span><span style=\"font-weight: 400\">poder\u00e1 usufruir de at\u00e9 100\u20ac de desconto numa solu\u00e7\u00e3o de carregamento para a sua moradia ou para o seu lugar de garagem. A instala\u00e7\u00e3o do ponto de carregamento ser\u00e1 efetuada por um instalador certificado, de forma a garantir a seguran\u00e7a e a efic\u00e1cia da mesma.<\/span><\/p>\n<p><img decoding=\"async\" loading=\"lazy\" class=\"alignnone wp-image-23141 size-large\" src=\"https:\/\/chargeguru.com\/pt\/wp-content\/uploads\/sites\/3\/2026\/03\/Frame-95469-1024x412.png\" alt=\"\" width=\"1024\" height=\"412\" srcset=\"https:\/\/chargeguru.com\/pt\/wp-content\/uploads\/sites\/3\/2026\/03\/Frame-95469-1024x412.png 1024w, https:\/\/chargeguru.com\/pt\/wp-content\/uploads\/sites\/3\/2026\/03\/Frame-95469-300x121.png 300w, https:\/\/chargeguru.com\/pt\/wp-content\/uploads\/sites\/3\/2026\/03\/Frame-95469-768x309.png 768w, https:\/\/chargeguru.com\/pt\/wp-content\/uploads\/sites\/3\/2026\/03\/Frame-95469.png 1053w\" sizes=\"(max-width: 1024px) 100vw, 1024px\" \/><\/p>\n<h2>Condi\u00e7\u00f5es da campanha:<\/h2>\n<p>1 &#8211; Para usufruir das condi\u00e7\u00f5es da campanha, ter\u00e1 de fazer o seu pedido de or\u00e7amento atrav\u00e9s do seguinte <a href=\"https:\/\/chargeguru.typeform.com\/to\/y4OlEwAl\">formul\u00e1rio<\/a><\/p>\n<p>2 &#8211; A campanha ter\u00e1 in\u00edcio no dia 3 de Mar\u00e7o e ter\u00e1 a dura\u00e7\u00e3o estimada de 1 m\u00eas (data de t\u00e9rmino: 31 de mar\u00e7o).<\/p>\n<p>3 &#8211; O desconto consiste na adjudica\u00e7\u00e3o da instala\u00e7\u00e3o + carregador \u00e0 ChargeGuru:<\/p>\n<ul>\n<li>Para lugares de garagem coletiva (condom\u00ednio) &#8211; desconto de 100\u20ac na compra e instala\u00e7\u00e3o do carregador Alfen s-Line (conex\u00e3o ao quadro de servi\u00e7os comuns)<\/li>\n<li>Para moradias \/lugares de garagem privado (box) &#8211; desconto de 50\u20ac na compra e instala\u00e7\u00e3o do carregador<\/li>\n<\/ul>\n<p>4 &#8211; O desconto aplicado n\u00e3o \u00e9 acumul\u00e1vel com outras promo\u00e7\u00f5es\/campanhas\/protocolos existentes.<\/p>\n<p>5 &#8211; A campanha \u00e9 v\u00e1lida para propriet\u00e1rios de ve\u00edculos el\u00e9tricos com resid\u00eancia em Portugal.<\/p>\n<p>6 &#8211; A campanha \u00e9 v\u00e1lida apenas para novos or\u00e7amento solicitados no primeiro contacto com a ChargeGuru.<\/p>\n<p>7- O desconto \u00e9 aplicado no pagamento final da instala\u00e7\u00e3o (o valor de desconto \u00e9 deduzido na segunda fatura emitida &#8211; correspondente ao pagamento final)<\/p>\n<p>&nbsp;<\/p>\n<p>Para mais informa\u00e7\u00f5es, n\u00e3o hesite em contactar-nos para <a href=\"mailto:informacao@chargeguru.com\">informacao@chargeguru.com<\/a>.<\/p>\n<p>&nbsp;<\/p>\n<p>&nbsp;<\/p>\n","protected":false},"excerpt":{"rendered":"<p>Campanha Mar\u00e7o Power Days At\u00e9 ao dia 31 Mar\u00e7o, poder\u00e1 usufruir de at\u00e9 100\u20ac de desconto numa solu\u00e7\u00e3o de carregamento&#8230;<\/p>\n","protected":false},"author":38,"featured_media":0,"parent":0,"menu_order":0,"comment_status":"closed","ping_status":"closed","template":"","meta":{"content-type":""},"yoast_head":"<!-- This site is optimized with the Yoast SEO Premium plugin v20.8 (Yoast SEO v21.3) - https:\/\/yoast.com\/wordpress\/plugins\/seo\/ -->\n<title>Power Days - at\u00e9 100\u20ac desconto na sua solu\u00e7\u00e3o de carregamento<\/title>\n<meta name=\"description\" content=\"Em Mar\u00e7o, usufrua de at\u00e9 100\u20ac de desconto numa solu\u00e7\u00e3o de carregamento para a sua moradia ou lugar de garagem de apartamento. Instala\u00e7\u00e3o certificada inclu\u00edda.\" \/>\n<meta name=\"robots\" content=\"index, follow, max-snippet:-1, max-image-preview:large, max-video-preview:-1\" \/>\n<link rel=\"canonical\" href=\"https:\/\/chargeguru.com\/pt\/condicoes-campanha-marco-power-days\/\" \/>\n<meta property=\"og:locale\" content=\"en_US\" \/>\n<meta property=\"og:type\" content=\"article\" \/>\n<meta property=\"og:title\" content=\"Condi\u00e7\u00f5es Campanha Mar\u00e7o Power Days\" \/>\n<meta property=\"og:description\" content=\"Em Mar\u00e7o, usufrua de at\u00e9 100\u20ac de desconto numa solu\u00e7\u00e3o de carregamento para a sua moradia ou lugar de garagem de apartamento. Instala\u00e7\u00e3o certificada inclu\u00edda.\" \/>\n<meta property=\"og:url\" content=\"https:\/\/chargeguru.com\/pt\/condicoes-campanha-marco-power-days\/\" \/>\n<meta property=\"og:site_name\" content=\"ChargeGuru PT | Instalador de Pontos de Carregamento para Veiculos Eletricos\" \/>\n<meta property=\"article:modified_time\" content=\"2026-03-03T15:57:28+00:00\" \/>\n<meta property=\"og:image\" content=\"https:\/\/chargeguru.com\/pt\/wp-content\/uploads\/sites\/3\/2026\/03\/Frame-95469-1024x412.png\" \/>\n<meta name=\"twitter:card\" content=\"summary_large_image\" \/>\n<meta name=\"twitter:label1\" content=\"Tempo estimado de leitura\" \/>\n\t<meta name=\"twitter:data1\" content=\"2 minutos\" \/>\n<script type=\"application\/ld+json\" class=\"yoast-schema-graph\">{\"@context\":\"https:\/\/schema.org\",\"@graph\":[{\"@type\":\"WebPage\",\"@id\":\"https:\/\/chargeguru.com\/pt\/condicoes-campanha-marco-power-days\/\",\"url\":\"https:\/\/chargeguru.com\/pt\/condicoes-campanha-marco-power-days\/\",\"name\":\"Power Days - at\u00e9 100\u20ac desconto na sua solu\u00e7\u00e3o de carregamento\",\"isPartOf\":{\"@id\":\"https:\/\/chargeguru.com\/pt\/#website\"},\"datePublished\":\"2026-03-02T14:50:09+00:00\",\"dateModified\":\"2026-03-03T15:57:28+00:00\",\"description\":\"Em Mar\u00e7o, usufrua de at\u00e9 100\u20ac de desconto numa solu\u00e7\u00e3o de carregamento para a sua moradia ou lugar de garagem de apartamento. Instala\u00e7\u00e3o certificada inclu\u00edda.\",\"breadcrumb\":{\"@id\":\"https:\/\/chargeguru.com\/pt\/condicoes-campanha-marco-power-days\/#breadcrumb\"},\"inLanguage\":false,\"potentialAction\":[{\"@type\":\"ReadAction\",\"target\":[\"https:\/\/chargeguru.com\/pt\/condicoes-campanha-marco-power-days\/\"]}]},{\"@type\":\"BreadcrumbList\",\"@id\":\"https:\/\/chargeguru.com\/pt\/condicoes-campanha-marco-power-days\/#breadcrumb\",\"itemListElement\":[{\"@type\":\"ListItem\",\"position\":1,\"name\":\"Home\",\"item\":\"https:\/\/chargeguru.com\/pt\/\"},{\"@type\":\"ListItem\",\"position\":2,\"name\":\"Condi\u00e7\u00f5es Campanha Mar\u00e7o Power Days\"}]},{\"@type\":\"WebSite\",\"@id\":\"https:\/\/chargeguru.com\/pt\/#website\",\"url\":\"https:\/\/chargeguru.com\/pt\/\",\"name\":\"ChargeGuru PT | Instalador de Pontos de Carregamento para Veiculos Eletricos\",\"description\":\"ChargeGuru PT | Instalador de Pontos de Carregamento par Veiculos El\u00e9tricos\",\"potentialAction\":[{\"@type\":\"SearchAction\",\"target\":{\"@type\":\"EntryPoint\",\"urlTemplate\":\"https:\/\/chargeguru.com\/pt\/?s={search_term_string}\"},\"query-input\":\"required name=search_term_string\"}],\"inLanguage\":false}]}<\/script>\n<!-- \/ Yoast SEO Premium plugin. -->","yoast_head_json":{"title":"Power Days - at\u00e9 100\u20ac desconto na sua solu\u00e7\u00e3o de carregamento","description":"Em Mar\u00e7o, usufrua de at\u00e9 100\u20ac de desconto numa solu\u00e7\u00e3o de carregamento para a sua moradia ou lugar de garagem de apartamento. Instala\u00e7\u00e3o certificada inclu\u00edda.","robots":{"index":"index","follow":"follow","max-snippet":"max-snippet:-1","max-image-preview":"max-image-preview:large","max-video-preview":"max-video-preview:-1"},"canonical":"https:\/\/chargeguru.com\/pt\/condicoes-campanha-marco-power-days\/","og_locale":"en_US","og_type":"article","og_title":"Condi\u00e7\u00f5es Campanha Mar\u00e7o Power Days","og_description":"Em Mar\u00e7o, usufrua de at\u00e9 100\u20ac de desconto numa solu\u00e7\u00e3o de carregamento para a sua moradia ou lugar de garagem de apartamento. Instala\u00e7\u00e3o certificada inclu\u00edda.","og_url":"https:\/\/chargeguru.com\/pt\/condicoes-campanha-marco-power-days\/","og_site_name":"ChargeGuru PT | Instalador de Pontos de Carregamento para Veiculos Eletricos","article_modified_time":"2026-03-03T15:57:28+00:00","og_image":[{"url":"https:\/\/chargeguru.com\/pt\/wp-content\/uploads\/sites\/3\/2026\/03\/Frame-95469-1024x412.png"}],"twitter_card":"summary_large_image","twitter_misc":{"Tempo estimado de leitura":"2 minutos"},"schema":{"@context":"https:\/\/schema.org","@graph":[{"@type":"WebPage","@id":"https:\/\/chargeguru.com\/pt\/condicoes-campanha-marco-power-days\/","url":"https:\/\/chargeguru.com\/pt\/condicoes-campanha-marco-power-days\/","name":"Power Days - at\u00e9 100\u20ac desconto na sua solu\u00e7\u00e3o de carregamento","isPartOf":{"@id":"https:\/\/chargeguru.com\/pt\/#website"},"datePublished":"2026-03-02T14:50:09+00:00","dateModified":"2026-03-03T15:57:28+00:00","description":"Em Mar\u00e7o, usufrua de at\u00e9 100\u20ac de desconto numa solu\u00e7\u00e3o de carregamento para a sua moradia ou lugar de garagem de apartamento. Instala\u00e7\u00e3o certificada inclu\u00edda.","breadcrumb":{"@id":"https:\/\/chargeguru.com\/pt\/condicoes-campanha-marco-power-days\/#breadcrumb"},"inLanguage":false,"potentialAction":[{"@type":"ReadAction","target":["https:\/\/chargeguru.com\/pt\/condicoes-campanha-marco-power-days\/"]}]},{"@type":"BreadcrumbList","@id":"https:\/\/chargeguru.com\/pt\/condicoes-campanha-marco-power-days\/#breadcrumb","itemListElement":[{"@type":"ListItem","position":1,"name":"Home","item":"https:\/\/chargeguru.com\/pt\/"},{"@type":"ListItem","position":2,"name":"Condi\u00e7\u00f5es Campanha Mar\u00e7o Power Days"}]},{"@type":"WebSite","@id":"https:\/\/chargeguru.com\/pt\/#website","url":"https:\/\/chargeguru.com\/pt\/","name":"ChargeGuru PT | Instalador de Pontos de Carregamento para Veiculos Eletricos","description":"ChargeGuru PT | Instalador de Pontos de Carregamento par Veiculos El\u00e9tricos","potentialAction":[{"@type":"SearchAction","target":{"@type":"EntryPoint","urlTemplate":"https:\/\/chargeguru.com\/pt\/?s={search_term_string}"},"query-input":"required name=search_term_string"}],"inLanguage":false}]}},"_links":{"self":[{"href":"https:\/\/chargeguru.com\/pt\/wp-json\/wp\/v2\/pages\/23132"}],"collection":[{"href":"https:\/\/chargeguru.com\/pt\/wp-json\/wp\/v2\/pages"}],"about":[{"href":"https:\/\/chargeguru.com\/pt\/wp-json\/wp\/v2\/types\/page"}],"author":[{"embeddable":true,"href":"https:\/\/chargeguru.com\/pt\/wp-json\/wp\/v2\/users\/38"}],"replies":[{"embeddable":true,"href":"https:\/\/chargeguru.com\/pt\/wp-json\/wp\/v2\/comments?post=23132"}],"version-history":[{"count":5,"href":"https:\/\/chargeguru.com\/pt\/wp-json\/wp\/v2\/pages\/23132\/revisions"}],"predecessor-version":[{"id":23142,"href":"https:\/\/chargeguru.com\/pt\/wp-json\/wp\/v2\/pages\/23132\/revisions\/23142"}],"wp:attachment":[{"href":"https:\/\/chargeguru.com\/pt\/wp-json\/wp\/v2\/media?parent=23132"}],"curies":[{"name":"wp","href":"https:\/\/api.w.org\/{rel}","templated":true}]}}