{"id":12190,"date":"2022-01-10T15:18:14","date_gmt":"2022-01-10T14:18:14","guid":{"rendered":"https:\/\/chargeguru.com\/fr\/?page_id=9396"},"modified":"2024-05-22T15:04:28","modified_gmt":"2024-05-22T14:04:28","slug":"quem-somos","status":"publish","type":"page","link":"https:\/\/chargeguru.com\/pt\/quem-somos\/","title":{"rendered":"Quem somos"},"content":{"rendered":"<p>\r\n<section class=\"sh-section sh-section-989cd74da05f108bf30e0fe67bc7aa30 fw-main-row sh-section-visibility-everywhere\">\r\n\t\r\n\t\r\n\t<div class=\"sh-section-container container-fluid\">\r\n\t\t<div class=\"fw-row\">\n\t\r\n<div class=\"sh-column sh-column-d9204e7cc02e6f45b537b5069ba7ece6 fw-col-xs-12\" >\r\n\r\n\t\r\n\t<div class=\"sh-column-wrapper\">\r\n\t\t\r\n<div class=\"sh-revslider\" id=\"revslider-b224ed4c9dd075b31837e4760ebc0d0f\">\r\n\t\n\t\t\t<!-- START Sobre nos ChargeGuru REVOLUTION SLIDER 6.7.37 --><p class=\"rs-p-wp-fix\"><\/p>\n\t\t\t<rs-module-wrap id=\"rev_slider_56_1_wrapper\" data-source=\"gallery\" style=\"visibility:hidden;background:transparent;padding:0;margin:0px auto;margin-top:0;margin-bottom:0;\">\n\t\t\t\t<rs-module id=\"rev_slider_56_1\" style=\"\" data-version=\"6.7.37\">\n\t\t\t\t\t<rs-slides style=\"overflow: hidden; position: absolute;\">\n\t\t\t\t\t\t<rs-slide style=\"position: absolute;\" data-key=\"rs-65\" data-title=\"Slide\" data-duration=\"9000\" data-anim=\"adpr:false;ms:500;\" data-in=\"o:0;\" data-out=\"a:false;\">\n\t\t\t\t\t\t\t<img src=\"\/\/chargeguru.com\/pt\/wp-content\/plugins\/revslider\/sr6\/assets\/assets\/dummy.png\" alt=\"\" title=\"Quem somos\" class=\"rev-slidebg tp-rs-img rs-lazyload\" data-lazyload=\"\/\/chargeguru.com\/pt\/wp-content\/uploads\/sites\/3\/revslider\/services-contrat-maintenance-maison-1\/guru-services.jpg\" data-bg=\"p:center bottom;\" data-no-retina>\n<!--\n\t\t\t\t\t\t\t--><rs-layer\n\t\t\t\t\t\t\t\tid=\"slider-56-slide-65-layer-3\" \n\t\t\t\t\t\t\t\tdata-type=\"text\"\n\t\t\t\t\t\t\t\tdata-rsp_ch=\"on\"\n\t\t\t\t\t\t\t\tdata-xy=\"x:l,l,c,c;xo:109px,52px,0,-1px;yo:246px,166px,151px,160px;\"\n\t\t\t\t\t\t\t\tdata-text=\"w:nowrap,nowrap,nowrap,normal;s:38,38,38,36;l:38,38,22,36;fw:600;a:left,left,inherit,center;\"\n\t\t\t\t\t\t\t\tdata-dim=\"w:690px,690px,704px,453px;h:50px,50px,39px,auto;\"\n\t\t\t\t\t\t\t\tdata-frame_1=\"st:300;sR:300;\"\n\t\t\t\t\t\t\t\tdata-frame_999=\"o:0;st:w;sR:8400;\"\n\t\t\t\t\t\t\t\tstyle=\"z-index:9;font-family:'Raleway';\"\n\t\t\t\t\t\t\t>Sobre a ChargeGuru \n\t\t\t\t\t\t\t<\/rs-layer><!--\n\n\t\t\t\t\t\t\t--><rs-layer\n\t\t\t\t\t\t\t\tid=\"slider-56-slide-65-layer-5\" \n\t\t\t\t\t\t\t\tdata-type=\"text\"\n\t\t\t\t\t\t\t\tdata-rsp_ch=\"on\"\n\t\t\t\t\t\t\t\tdata-xy=\"x:l,l,l,c;xo:107px,52px,36px,0;yo:298px,221px,202px,474px;\"\n\t\t\t\t\t\t\t\tdata-text=\"w:normal;s:18;l:26;fw:500;a:left,left,left,center;\"\n\t\t\t\t\t\t\t\tdata-dim=\"w:697px,697px,697px,450px;h:auto,auto,auto,80px;\"\n\t\t\t\t\t\t\t\tdata-frame_0=\"y:-50px;\"\n\t\t\t\t\t\t\t\tdata-frame_1=\"st:600;sR:600;\"\n\t\t\t\t\t\t\t\tdata-frame_999=\"st:w;sR:8100;\"\n\t\t\t\t\t\t\t\tstyle=\"z-index:10;font-family:'Raleway';\"\n\t\t\t\t\t\t\t>Descubra a nossa miss\u00e3o, as nossas equipas e o nossos parceiros \n\t\t\t\t\t\t\t<\/rs-layer><!--\n-->\t\t\t\t\t<\/rs-slide>\n\t\t\t\t\t<\/rs-slides>\n\t\t\t\t<\/rs-module>\n\t\t\t\t<script>\n\t\t\t\t\tsetREVStartSize({c: 'rev_slider_56_1',rl:[1240,1024,778,480],el:[534,600,600,720],gw:[1240,1024,778,480],gh:[534,600,600,720],type:'hero',justify:'',layout:'fullwidth',mh:\"0\"});if (window.RS_MODULES!==undefined && window.RS_MODULES.modules!==undefined && window.RS_MODULES.modules[\"revslider561\"]!==undefined) {window.RS_MODULES.modules[\"revslider561\"].once = false;window.revapi56 = undefined;if (window.RS_MODULES.checkMinimal!==undefined) window.RS_MODULES.checkMinimal()}\n\t\t\t\t<\/script>\n\t\t\t<\/rs-module-wrap>\n\t\t\t<!-- END REVOLUTION SLIDER -->\n<\/div>\r\n\t<\/div>\r\n\r\n\r\n\t\t\r\n\r\n<\/div>\r\n<\/div>\n\n\t<\/div>\r\n<\/section>\r\n\r\n<section class=\"sh-section sh-section-2109c5961b1566f41cb3a2fc10652903 fw-main-row sh-section-visibility-everywhere\">\r\n\t\r\n\t\r\n\t<div class=\"sh-section-container container section-justify-height\">\r\n\t\t<div class=\"fw-row\">\n\t\r\n<div class=\"sh-column sh-column-2d6534c4efcfdfd719aeb43dcd51bb09 fw-col-xs-12 fw-col-sm-6\" >\r\n\r\n\t\r\n\t<div class=\"sh-column-wrapper\">\r\n\t\t\r\n\r\n\t<div class=\"sh-heading sh-heading-style1\" id=\"heading-dd350060f70fbd68d77e9804475f3bac\">\r\n\t\t<h1 class=\"sh-heading-content size-l\">\r\n\t\t\t<span>A nossa miss\u00e3o<\/span>\t\t<\/h1>\r\n\t<\/div>\r\n\r\n\r\n<div id=\"text-block-65eff64511b23353569c18cad262f91d\" class=\"sh-text-block\">\r\n\t<p>Acreditamos que a mobilidade el\u00e9trica faz parte da solu\u00e7\u00e3o para realizar uma transi\u00e7\u00e3o energ\u00e9tica a grande escala, pelo que a nossa miss\u00e3o <strong>\u00e9 tornar o carregamento do ve\u00edculo el\u00e9trico simples<\/strong>. Gra\u00e7as \u00e0s nossas solu\u00e7\u00f5es de carregamento, eficazes, inovadoras e fi\u00e1veis, os particulares e as empresas podem usufruir das vantagens dos seus ve\u00edculos el\u00e9tricos.<\/p><\/div>\r\n\t<\/div>\r\n\r\n\r\n\t\t\r\n\r\n<\/div>\r\n\r\n<div class=\"sh-column sh-column-a389af8a86429b1759fe94451d34bab3 fw-col-xs-12 fw-col-sm-6\" >\r\n\r\n\t\r\n\t<div class=\"sh-column-wrapper\">\r\n\t\t\r\n<div id=\"single-image-698b4eaeec79b6eb1fb9cb33740fdef9\" class=\"sh-single-image  \">\r\n\t<div class=\"sh-element-margin\">\r\n\r\n\t\t\r\n\t\t\t<div class=\"sh-single-image-container\">\r\n\t\t\t\t\r\n\t\t\t\t\t\t\t\t\t\r\n\t\t\t\t\t\t\t\t\t\t\t\t\t<img class=\"sh-image-url\" src=\"\/\/chargeguru.com\/fr\/wp-content\/uploads\/sites\/4\/2022\/01\/pexels-photo-1834403.jpeg\" alt=\"Condom\u00ednio\" \/>\r\n\t\t\t\t\t\t\t\t\t\t\t\t\t\r\n\t\t\t\t\t\t\t\t\t\r\n\t\t\t\t\t\t\t<\/div>\r\n\r\n\t\t\r\n\t<\/div>\r\n<\/div>\r\n\t<\/div>\r\n\r\n\r\n\t\t\r\n\r\n<\/div>\r\n<\/div>\n\n\t<\/div>\r\n<\/section>\r\n\r\n<section class=\"sh-section sh-section-762c19b948d2b07f0c4c079e6a48cf4f fw-main-row sh-section-visibility-everywhere\">\r\n\t\r\n\t\r\n\t<div class=\"sh-section-container container section-justify-height\">\r\n\t\t<div class=\"fw-row\">\n\t\r\n<div class=\"sh-column sh-column-6b2c7f6dcdff1dbe1dce1187eb62516c fw-col-xs-12 fw-col-sm-6\" >\r\n\r\n\t\r\n\t<div class=\"sh-column-wrapper\">\r\n\t\t\r\n<div id=\"single-image-bcb71d23afce757cc05e4cc9943ffcc6\" class=\"sh-single-image  \">\r\n\t<div class=\"sh-element-margin\">\r\n\r\n\t\t\r\n\t\t\t<div class=\"sh-single-image-container\">\r\n\t\t\t\t\r\n\t\t\t\t\t\t\t\t\t\r\n\t\t\t\t\t\t\t\t\t\t\t\t\t<img class=\"sh-image-url\" src=\"\/\/chargeguru.com\/fr\/wp-content\/uploads\/sites\/4\/2021\/11\/chargeguru-stripe.jpg\" alt=\"Como carregar o seu carro el\u00e9trico com pain\u00e9is solares?\" \/>\r\n\t\t\t\t\t\t\t\t\t\t\t\t\t\r\n\t\t\t\t\t\t\t\t\t\r\n\t\t\t\t\t\t\t<\/div>\r\n\r\n\t\t\r\n\t<\/div>\r\n<\/div>\r\n\t<\/div>\r\n\r\n\r\n\t\t\r\n\r\n<\/div>\r\n\r\n<div class=\"sh-column sh-column-d224648b9b9f3426a7aaaed1529bcc44 fw-col-xs-12 fw-col-sm-6\" >\r\n\r\n\t\r\n\t<div class=\"sh-column-wrapper\">\r\n\t\t\r\n\r\n\t<div class=\"sh-heading sh-heading-style1\" id=\"heading-7d9fb2ae288c22aefd1ab552369fd866\">\r\n\t\t<h2 class=\"sh-heading-content size-l\">\r\n\t\t\t<span>Os nossos servi\u00e7os<\/span>\t\t<\/h2>\r\n\t<\/div>\r\n\r\n\r\n<div id=\"text-block-757e2bf0831ed6f0601efa1557fb565a\" class=\"sh-text-block\">\r\n\t<p>Desde 2018, <strong>ajudamos particulares e empresas na sua transi\u00e7\u00e3o para a mobilidade el\u00e9trica, com a implementa\u00e7\u00e3o de solu\u00e7\u00f5es de carregamento<\/strong>. A ChargeGuru faz o acompanhamento completo de todos os projetos de carregamento: defini\u00e7\u00e3o das necessidades, avalia\u00e7\u00e3o t\u00e9cnica, fornecimento do material, instala\u00e7\u00e3o, suporte t\u00e9cnico e solu\u00e7\u00e3o de supervis\u00e3o.<\/p><\/div>\r\n\t<\/div>\r\n\r\n\r\n\t\t\r\n\r\n<\/div>\r\n<\/div>\n\n\t<\/div>\r\n<\/section>\r\n\r\n<section class=\"sh-section sh-section-429ae653325280e020e69882357c2330 fw-main-row sh-section-visibility-everywhere\">\r\n\t\r\n\t\r\n\t<div class=\"sh-section-container container\">\r\n\t\t<div class=\"fw-row\">\n\t\r\n<div class=\"sh-column sh-column-dc4bd148e59a4a3f36b1a7cda2cd7e74 fw-col-xs-12 fw-col-sm-6\" >\r\n\r\n\t\r\n\t<div class=\"sh-column-wrapper\">\r\n\t\t\r\n\r\n\t<div class=\"sh-heading sh-heading-style1\" id=\"heading-a9fc04a247b180375d6e074d439726c5\">\r\n\t\t<h2 class=\"sh-heading-content size-l\">\r\n\t\t\t<span>Os nossos parceiros<\/span>\t\t<\/h2>\r\n\t<\/div>\r\n\r\n\r\n<div id=\"text-block-118009d055b45679671657e43c784059\" class=\"sh-text-block\">\r\n\t<p>Os fabricantes autom\u00f3veis mais exigentes escolheram a ChargeGuru para os seus clientes e para os seus stands. Temos orgulho em ter a confian\u00e7a destas marcas que assumem um papel hist\u00f3rico na mobilidade el\u00e9trica e em ter a possibilidade de participar no desenvolvimento da mobilidade do futuro.<\/p><\/div>\r\n\t<\/div>\r\n\r\n\r\n\t\t\r\n\r\n<\/div>\r\n\r\n<div class=\"sh-column sh-column-a85af68c0d9944f91c1b8b73c8c04d3b fw-col-xs-12 fw-col-sm-6\" >\r\n\r\n\t\r\n\t<div class=\"sh-column-wrapper\">\r\n\t\t\r\n\r\n\r\n\r\n<div id=\"partners-f3e15906d77887c98151a23d11dc8c08\" class=\"sh-partners-carousel\" data-autoplay=\"9900\" data-id=\"3\">\r\n\t\t\t\t\t\t<div class=\"sh-partners-carousel-item sh-partners-carousel-item-link\">\r\n\t\t\t\t<div class=\"sh-partners-carousel-item-content\">\r\n\t\t\t\t\t\t\t\t\t\t\t<a href=\"https:\/\/www.tesla.com\/fr_fr\" target=\"_blank\">\r\n\t\t\t\t\t\r\n\t\t\t\t\t<img src=\"\/\/chargeguru.com\/fr\/wp-content\/uploads\/sites\/4\/2018\/10\/partner-tesla.png\" alt=\"TESLA\" \/>\r\n\r\n\t\t\t\t\t\t\t\t\t\t\t<\/a>\r\n\t\t\t\t\t\t\t\t\t<\/div>\r\n\t\t\t<\/div>\r\n\t\t\t\t\t<div class=\"sh-partners-carousel-item sh-partners-carousel-item-link\">\r\n\t\t\t\t<div class=\"sh-partners-carousel-item-content\">\r\n\t\t\t\t\t\t\t\t\t\t\t<a href=\"https:\/\/www.esolutions.free2move.com\/\" target=\"_blank\">\r\n\t\t\t\t\t\r\n\t\t\t\t\t<img src=\"\/\/chargeguru.com\/pt\/wp-content\/uploads\/sites\/3\/2023\/01\/esolutions-grey.png\" alt=\"eSolutions\" \/>\r\n\r\n\t\t\t\t\t\t\t\t\t\t\t<\/a>\r\n\t\t\t\t\t\t\t\t\t<\/div>\r\n\t\t\t<\/div>\r\n\t\t\t\t\t<div class=\"sh-partners-carousel-item \">\r\n\t\t\t\t<div class=\"sh-partners-carousel-item-content\">\r\n\t\t\t\t\t\r\n\t\t\t\t\t<img src=\"\/\/chargeguru.com\/pt\/wp-content\/uploads\/sites\/3\/2024\/05\/alfen-logo-vector.png\" alt=\"\" \/>\r\n\r\n\t\t\t\t\t\t\t\t\t<\/div>\r\n\t\t\t<\/div>\r\n\t\t\t<\/div>\r\n\r\n<div class=\"sh-empty-space\" id=\"empty-space-2e328c6fb68e33c3dc98c76eee1c6fcd\"><\/div>\r\n\r\n\r\n\r\n\r\n<div id=\"partners-1142bdce2f6e91623f94feb063ff9b98\" class=\"sh-partners-carousel\" data-autoplay=\"9900\" data-id=\"3\">\r\n\t\t\t\t\t\t<div class=\"sh-partners-carousel-item sh-partners-carousel-item-link\">\r\n\t\t\t\t<div class=\"sh-partners-carousel-item-content\">\r\n\t\t\t\t\t\t\t\t\t\t\t<a href=\"https:\/\/wallbox.com\/pt_pt\" target=\"_blank\">\r\n\t\t\t\t\t\r\n\t\t\t\t\t<img src=\"\/\/chargeguru.com\/pt\/wp-content\/uploads\/sites\/3\/2023\/01\/WALLBOX.png\" alt=\"Wallbox\" \/>\r\n\r\n\t\t\t\t\t\t\t\t\t\t\t<\/a>\r\n\t\t\t\t\t\t\t\t\t<\/div>\r\n\t\t\t<\/div>\r\n\t\t\t\t\t<div class=\"sh-partners-carousel-item sh-partners-carousel-item-link\">\r\n\t\t\t\t<div class=\"sh-partners-carousel-item-content\">\r\n\t\t\t\t\t\t\t\t\t\t\t<a href=\"https:\/\/www.se.com\/pt\/pt\/\" target=\"_blank\">\r\n\t\t\t\t\t\r\n\t\t\t\t\t<img src=\"\/\/chargeguru.com\/pt\/wp-content\/uploads\/sites\/3\/2023\/01\/SCHNEIDER.png\" alt=\"Schneider Electric\" \/>\r\n\r\n\t\t\t\t\t\t\t\t\t\t\t<\/a>\r\n\t\t\t\t\t\t\t\t\t<\/div>\r\n\t\t\t<\/div>\r\n\t\t\t\t\t<div class=\"sh-partners-carousel-item sh-partners-carousel-item-link\">\r\n\t\t\t\t<div class=\"sh-partners-carousel-item-content\">\r\n\t\t\t\t\t\t\t\t\t\t\t<a href=\"https:\/\/policharger.com\/\" target=\"_blank\">\r\n\t\t\t\t\t\r\n\t\t\t\t\t<img src=\"\/\/chargeguru.com\/pt\/wp-content\/uploads\/sites\/3\/2023\/01\/POLICHARGER.png\" alt=\"Policharger\" \/>\r\n\r\n\t\t\t\t\t\t\t\t\t\t\t<\/a>\r\n\t\t\t\t\t\t\t\t\t<\/div>\r\n\t\t\t<\/div>\r\n\t\t\t<\/div>\r\n\t<\/div>\r\n\r\n\r\n\t\t\r\n\r\n<\/div>\r\n<\/div>\n\n\t<\/div>\r\n<\/section>\r\n\r\n<section class=\"sh-section sh-section-e971fdfffdaae492cffd222b2092cc98 fw-main-row sh-section-visibility-everywhere\">\r\n\t\r\n\t\r\n\t<div class=\"sh-section-container container section-justify-height\">\r\n\t\t<div class=\"fw-row\">\n\t\r\n<div class=\"sh-column sh-column-236adde8ef8bef357dcdcc2da7e47112 fw-col-xs-12 fw-col-sm-6\" >\r\n\r\n\t\r\n\t<div class=\"sh-column-wrapper\">\r\n\t\t\r\n<div id=\"single-image-1ed48bd2f01622a9640f031f4fd43a85\" class=\"sh-single-image  \">\r\n\t<div class=\"sh-element-margin\">\r\n\r\n\t\t\r\n\t\t\t<div class=\"sh-single-image-container\">\r\n\t\t\t\t\r\n\t\t\t\t\t\t\t\t\t\r\n\t\t\t\t\t\t\t\t\t\t\t\t\t<img class=\"sh-image-url\" src=\"https:\/\/chargeguru.com\/pt\/wp-content\/uploads\/sites\/3\/2023\/01\/Euro-Map-Guru-e1670588378206.png\" alt=\"Euro-Map-Guru-e1670588378206\" \/>\r\n\t\t\t\t\t\t\t\t\t\t\t\t\t\r\n\t\t\t\t\t\t\t\t\t\r\n\t\t\t\t\t\t\t<\/div>\r\n\r\n\t\t\r\n\t<\/div>\r\n<\/div>\r\n\t<\/div>\r\n\r\n\r\n\t\t\r\n\r\n<\/div>\r\n\r\n<div class=\"sh-column sh-column-116eac7fe841f5de0bb39d8b7a47be9a fw-col-xs-12 fw-col-sm-6\" >\r\n\r\n\t\r\n\t<div class=\"sh-column-wrapper\">\r\n\t\t\r\n\r\n\t<div class=\"sh-heading sh-heading-style1\" id=\"heading-930737fc2dcb3ec0daee299b6774de75\">\r\n\t\t<h2 class=\"sh-heading-content size-m\">\r\n\t\t\t<span style=\"text-align: left;\">Um player europeu<\/span>\t\t<\/h2>\r\n\t<\/div>\r\n\r\n\r\n<div id=\"text-block-23f3241f1655a75c510e2331cc24c3d2\" class=\"sh-text-block\">\r\n\t<p>A ChargeGuru \u00e9 um<strong> player europeu<\/strong> em plena expans\u00e3o. Ativo em v\u00e1rios pa\u00edses europeus, temos uma forte presen\u00e7a local com equipas presentes em cada um dos nossos mercados.<\/p><\/div>\r\n\t<\/div>\r\n\r\n\r\n\t\t\r\n\r\n<\/div>\r\n<\/div>\n\n\t<\/div>\r\n<\/section>\r\n\r\n<section class=\"sh-section sh-section-c4becf93f8d31ff66e2902c04241eaa4 fw-main-row sh-section-visibility-everywhere\">\r\n\t\r\n\t\r\n\t<div class=\"sh-section-container container section-justify-height\">\r\n\t\t<div class=\"fw-row\">\n\t\r\n<div class=\"sh-column sh-column-d01cb4ff43bd01141c07bc29e71160b9 fw-col-xs-12 fw-col-sm-6\" >\r\n\r\n\t\r\n\t<div class=\"sh-column-wrapper\">\r\n\t\t\r\n\r\n\t<div class=\"sh-heading sh-heading-style1\" id=\"heading-aeec9f1fa0c741b5d70700729483fad2\">\r\n\t\t<h2 class=\"sh-heading-content size-l\">\r\n\t\t\t<span>A equipa ChargeGuru<\/span>\t\t<\/h2>\r\n\t<\/div>\r\n\r\n\r\n<div id=\"text-block-62951ad4cc919cf3d32a2386f7b828f6\" class=\"sh-text-block\">\r\n\t<p>Somos entusiastas da mobilidade el\u00e9trica, que trabalham juntos para criar um servi\u00e7o de refer\u00eancia para carregamento de ve\u00edculos el\u00e9tricos em casa ou em empresa.s<\/p><p>Cerca de 100 Gurus constituem hoje as nossas equipas, distribu\u00eddos entre diferentes profiss\u00f5es (engenheiros, comerciais, data scientist, developers, marketing) e nos diferentes pa\u00edses.<\/p><\/div>\r\n\t<\/div>\r\n\r\n\r\n\t\t\r\n\r\n<\/div>\r\n\r\n<div class=\"sh-column sh-column-6dc5352f7eb5caa69fd830436510c1fb fw-col-xs-12 fw-col-sm-6 sh-column-mobile-padding sh-column-shadow\" >\r\n\r\n\t\r\n\t<div class=\"sh-column-wrapper\">\r\n\t\t\r\n<div id=\"single-image-792e34af7da7d0658fcfce599c666dae\" class=\"sh-single-image  \">\r\n\t<div class=\"sh-element-margin\">\r\n\r\n\t\t\r\n\t\t\t<div class=\"sh-single-image-container\">\r\n\t\t\t\t\r\n\t\t\t\t\t\t\t\t\t\t\t\t\t\t\t<a href=\"\/\/chargeguru.com\/pt\/wp-content\/uploads\/sites\/3\/2023\/01\/chargeguru-team.jpeg\" rel=\"lightbox\">\r\n\t\t\t\t\t\r\n\t\t\t\t\t\t\t\t\t\t\t\t\t<img class=\"sh-image-url\" src=\"https:\/\/chargeguru.com\/pt\/wp-content\/uploads\/sites\/3\/2023\/01\/chargeguru-team.jpeg\" alt=\"chargeguru-team\" \/>\r\n\t\t\t\t\t\t\t\t\t\t\t\t\t\r\n\t\t\t\t\t\t\t\t\t\t\t<\/a>\r\n\t\t\t\t\t\t\t\t\t\r\n\t\t\t\t\t\t\t<\/div>\r\n\r\n\t\t\r\n\t<\/div>\r\n<\/div>\r\n\r\n\r\n\t<div class=\"sh-heading sh-heading-style1\" id=\"heading-8e149e8a7b0764a55cab69759e0326af\">\r\n\t\t<h3 class=\"sh-heading-content size-l\">\r\n\t\t\t<span style=\"text-align: center;\"><strong>JUNTE-SE A N\u00d3S!<\/strong><\/span>\t\t<\/h3>\r\n\t<\/div>\r\n\r\n\r\n<div id=\"text-block-bcb2b8f8a19bee2e2570818e7366b25c\" class=\"sh-text-block\">\r\n\t<p>Estamos sempre \u00e0 procura de talentos na ChargeGuru!<\/p><p>Conhe\u00e7a as oportunidades dispon\u00edveis<\/p><\/div>\r\n\t<\/div>\r\n\r\n\r\n\t\t\r\n\r\n<\/div>\r\n<\/div>\n\n\t<\/div>\r\n<\/section>\r\n\r\n<section class=\"sh-section sh-section-5d3ebc01703c4134dc16b80b7d482f64 fw-main-row sh-section-visibility-everywhere\">\r\n\t\r\n\t\r\n\t<div class=\"sh-section-container container\">\r\n\t\t<div class=\"fw-row\">\n\t\r\n<div class=\"sh-column sh-column-1f3bb7b56678d3f9158d47fbe44b4891 fw-col-xs-12\" >\r\n\r\n\t\r\n\t<div class=\"sh-column-wrapper\">\r\n\t\t\r\n\r\n\t<div class=\"sh-heading sh-heading-style1\" id=\"heading-9019df3f6babb7a6878f03b9f0a3f0e5\">\r\n\t\t<h3 class=\"sh-heading-content size-default\">\r\n\t\t\t<h2 style=\"text-align: center;\">TEMOS O APOIO DE<\/h2>\t\t<\/h3>\r\n\t<\/div>\r\n\r\n\r\n\r\n\r\n\r\n<div id=\"partners-8b33e35bed5b6d41a49177983bed5885\" class=\"sh-partners-carousel sh-partners-carousel-additional-padding\" data-autoplay=\"5500\" data-id=\"4\">\r\n\t\t\t\t\t\t<div class=\"sh-partners-carousel-item sh-partners-carousel-item-link\">\r\n\t\t\t\t<div class=\"sh-partners-carousel-item-content\">\r\n\t\t\t\t\t\t\t\t\t\t\t<a href=\"https:\/\/solarimpulse.com\/efficient-solutions\/chargeguru-ev-charging-solution\" target=\"_blank\">\r\n\t\t\t\t\t\r\n\t\t\t\t\t<img src=\"\/\/chargeguru.com\/fr\/wp-content\/uploads\/sites\/4\/2021\/09\/Sans-titre-14.png\" alt=\"Solar Impulse Foundation \" \/>\r\n\r\n\t\t\t\t\t\t\t\t\t\t\t<\/a>\r\n\t\t\t\t\t\t\t\t\t<\/div>\r\n\t\t\t<\/div>\r\n\t\t\t\t\t<div class=\"sh-partners-carousel-item \">\r\n\t\t\t\t<div class=\"sh-partners-carousel-item-content\">\r\n\t\t\t\t\t\r\n\t\t\t\t\t<img src=\"\/\/chargeguru.com\/fr\/wp-content\/uploads\/sites\/4\/2018\/11\/partner-allianz.png\" alt=\"Allianz\" \/>\r\n\r\n\t\t\t\t\t\t\t\t\t<\/div>\r\n\t\t\t<\/div>\r\n\t\t\t\t\t<div class=\"sh-partners-carousel-item sh-partners-carousel-item-link\">\r\n\t\t\t\t<div class=\"sh-partners-carousel-item-content\">\r\n\t\t\t\t\t\t\t\t\t\t\t<a href=\"https:\/\/www.zeplug.com\/\" target=\"_blank\">\r\n\t\t\t\t\t\r\n\t\t\t\t\t<img src=\"\/\/chargeguru.com\/fr\/wp-content\/uploads\/sites\/4\/2018\/06\/zeplug.png\" alt=\"Zeplug\" \/>\r\n\r\n\t\t\t\t\t\t\t\t\t\t\t<\/a>\r\n\t\t\t\t\t\t\t\t\t<\/div>\r\n\t\t\t<\/div>\r\n\t\t\t\t\t<div class=\"sh-partners-carousel-item \">\r\n\t\t\t\t<div class=\"sh-partners-carousel-item-content\">\r\n\t\t\t\t\t\r\n\t\t\t\t\t<img src=\"\/\/chargeguru.com\/fr\/wp-content\/uploads\/sites\/4\/2018\/06\/salesforce.png\" alt=\"Salesforce\" \/>\r\n\r\n\t\t\t\t\t\t\t\t\t<\/div>\r\n\t\t\t<\/div>\r\n\t\t\t<\/div>\r\n\t<\/div>\r\n\r\n\r\n\t\t\r\n\r\n<\/div>\r\n<\/div>\n\n\t<\/div>\r\n<\/section>\r\n<\/p>\n","protected":false},"excerpt":{"rendered":"<p>Sobre a ChargeGuru Descubra a nossa miss\u00e3o, as nossas equipas e o nossos parceiros A nossa miss\u00e3o Acreditamos que a&#8230;<\/p>\n","protected":false},"author":24,"featured_media":0,"parent":0,"menu_order":0,"comment_status":"closed","ping_status":"closed","template":"","meta":{"content-type":""},"yoast_head":"<!-- This site is optimized with the Yoast SEO Premium plugin v20.8 (Yoast SEO v21.3) - https:\/\/yoast.com\/wordpress\/plugins\/seo\/ -->\n<title>Quem somos | ChargeGuru<\/title>\n<meta name=\"description\" content=\"Especialista europeu do carregamento de ve\u00edculos el\u00e9tricos, a ChargeGuru tem como miss\u00e3o facilitar a transi\u00e7\u00e3o para o carro el\u00e9trico.\" \/>\n<meta name=\"robots\" content=\"index, follow, max-snippet:-1, max-image-preview:large, max-video-preview:-1\" \/>\n<link rel=\"canonical\" href=\"https:\/\/chargeguru.com\/pt\/quem-somos\/\" \/>\n<meta property=\"og:locale\" content=\"fr_FR\" \/>\n<meta property=\"og:type\" content=\"article\" \/>\n<meta property=\"og:title\" content=\"Quem somos\" \/>\n<meta property=\"og:description\" content=\"Especialista europeu do carregamento de ve\u00edculos el\u00e9tricos, a ChargeGuru tem como miss\u00e3o facilitar a transi\u00e7\u00e3o para o carro el\u00e9trico.\" \/>\n<meta property=\"og:url\" content=\"https:\/\/chargeguru.com\/pt\/quem-somos\/\" \/>\n<meta property=\"og:site_name\" content=\"ChargeGuru PT | Instalador de Pontos de Carregamento para Veiculos Eletricos\" \/>\n<meta property=\"article:modified_time\" content=\"2024-05-22T14:04:28+00:00\" \/>\n<meta property=\"og:image\" content=\"https:\/\/chargeguru.com\/pt\/wp-content\/uploads\/sites\/3\/2023\/01\/Euro-Map-Guru-e1670588378206.png\" \/>\n<meta name=\"twitter:card\" content=\"summary_large_image\" \/>\n<meta name=\"twitter:label1\" content=\"Tempo estimado de leitura\" \/>\n\t<meta name=\"twitter:data1\" content=\"6 minutos\" \/>\n<script type=\"application\/ld+json\" class=\"yoast-schema-graph\">{\"@context\":\"https:\/\/schema.org\",\"@graph\":[{\"@type\":\"WebPage\",\"@id\":\"https:\/\/chargeguru.com\/pt\/quem-somos\/\",\"url\":\"https:\/\/chargeguru.com\/pt\/quem-somos\/\",\"name\":\"Quem somos | ChargeGuru\",\"isPartOf\":{\"@id\":\"https:\/\/chargeguru.com\/pt\/#website\"},\"datePublished\":\"2022-01-10T14:18:14+00:00\",\"dateModified\":\"2024-05-22T14:04:28+00:00\",\"description\":\"Especialista europeu do carregamento de ve\u00edculos el\u00e9tricos, a ChargeGuru tem como miss\u00e3o facilitar a transi\u00e7\u00e3o para o carro el\u00e9trico.\",\"breadcrumb\":{\"@id\":\"https:\/\/chargeguru.com\/pt\/quem-somos\/#breadcrumb\"},\"inLanguage\":false,\"potentialAction\":[{\"@type\":\"ReadAction\",\"target\":[\"https:\/\/chargeguru.com\/pt\/quem-somos\/\"]}]},{\"@type\":\"BreadcrumbList\",\"@id\":\"https:\/\/chargeguru.com\/pt\/quem-somos\/#breadcrumb\",\"itemListElement\":[{\"@type\":\"ListItem\",\"position\":1,\"name\":\"Home\",\"item\":\"https:\/\/chargeguru.com\/pt\/\"},{\"@type\":\"ListItem\",\"position\":2,\"name\":\"Quem somos\"}]},{\"@type\":\"WebSite\",\"@id\":\"https:\/\/chargeguru.com\/pt\/#website\",\"url\":\"https:\/\/chargeguru.com\/pt\/\",\"name\":\"ChargeGuru PT | Instalador de Pontos de Carregamento para Veiculos Eletricos\",\"description\":\"ChargeGuru PT | Instalador de Pontos de Carregamento par Veiculos El\u00e9tricos\",\"potentialAction\":[{\"@type\":\"SearchAction\",\"target\":{\"@type\":\"EntryPoint\",\"urlTemplate\":\"https:\/\/chargeguru.com\/pt\/?s={search_term_string}\"},\"query-input\":\"required name=search_term_string\"}],\"inLanguage\":false}]}<\/script>\n<!-- \/ Yoast SEO Premium plugin. -->","yoast_head_json":{"title":"Quem somos | ChargeGuru","description":"Especialista europeu do carregamento de ve\u00edculos el\u00e9tricos, a ChargeGuru tem como miss\u00e3o facilitar a transi\u00e7\u00e3o para o carro el\u00e9trico.","robots":{"index":"index","follow":"follow","max-snippet":"max-snippet:-1","max-image-preview":"max-image-preview:large","max-video-preview":"max-video-preview:-1"},"canonical":"https:\/\/chargeguru.com\/pt\/quem-somos\/","og_locale":"fr_FR","og_type":"article","og_title":"Quem somos","og_description":"Especialista europeu do carregamento de ve\u00edculos el\u00e9tricos, a ChargeGuru tem como miss\u00e3o facilitar a transi\u00e7\u00e3o para o carro el\u00e9trico.","og_url":"https:\/\/chargeguru.com\/pt\/quem-somos\/","og_site_name":"ChargeGuru PT | Instalador de Pontos de Carregamento para Veiculos Eletricos","article_modified_time":"2024-05-22T14:04:28+00:00","og_image":[{"url":"https:\/\/chargeguru.com\/pt\/wp-content\/uploads\/sites\/3\/2023\/01\/Euro-Map-Guru-e1670588378206.png"}],"twitter_card":"summary_large_image","twitter_misc":{"Tempo estimado de leitura":"6 minutos"},"schema":{"@context":"https:\/\/schema.org","@graph":[{"@type":"WebPage","@id":"https:\/\/chargeguru.com\/pt\/quem-somos\/","url":"https:\/\/chargeguru.com\/pt\/quem-somos\/","name":"Quem somos | ChargeGuru","isPartOf":{"@id":"https:\/\/chargeguru.com\/pt\/#website"},"datePublished":"2022-01-10T14:18:14+00:00","dateModified":"2024-05-22T14:04:28+00:00","description":"Especialista europeu do carregamento de ve\u00edculos el\u00e9tricos, a ChargeGuru tem como miss\u00e3o facilitar a transi\u00e7\u00e3o para o carro el\u00e9trico.","breadcrumb":{"@id":"https:\/\/chargeguru.com\/pt\/quem-somos\/#breadcrumb"},"inLanguage":false,"potentialAction":[{"@type":"ReadAction","target":["https:\/\/chargeguru.com\/pt\/quem-somos\/"]}]},{"@type":"BreadcrumbList","@id":"https:\/\/chargeguru.com\/pt\/quem-somos\/#breadcrumb","itemListElement":[{"@type":"ListItem","position":1,"name":"Home","item":"https:\/\/chargeguru.com\/pt\/"},{"@type":"ListItem","position":2,"name":"Quem somos"}]},{"@type":"WebSite","@id":"https:\/\/chargeguru.com\/pt\/#website","url":"https:\/\/chargeguru.com\/pt\/","name":"ChargeGuru PT | Instalador de Pontos de Carregamento para Veiculos Eletricos","description":"ChargeGuru PT | Instalador de Pontos de Carregamento par Veiculos El\u00e9tricos","potentialAction":[{"@type":"SearchAction","target":{"@type":"EntryPoint","urlTemplate":"https:\/\/chargeguru.com\/pt\/?s={search_term_string}"},"query-input":"required name=search_term_string"}],"inLanguage":false}]}},"_links":{"self":[{"href":"https:\/\/chargeguru.com\/pt\/wp-json\/wp\/v2\/pages\/12190"}],"collection":[{"href":"https:\/\/chargeguru.com\/pt\/wp-json\/wp\/v2\/pages"}],"about":[{"href":"https:\/\/chargeguru.com\/pt\/wp-json\/wp\/v2\/types\/page"}],"author":[{"embeddable":true,"href":"https:\/\/chargeguru.com\/pt\/wp-json\/wp\/v2\/users\/24"}],"replies":[{"embeddable":true,"href":"https:\/\/chargeguru.com\/pt\/wp-json\/wp\/v2\/comments?post=12190"}],"version-history":[{"count":12,"href":"https:\/\/chargeguru.com\/pt\/wp-json\/wp\/v2\/pages\/12190\/revisions"}],"predecessor-version":[{"id":19994,"href":"https:\/\/chargeguru.com\/pt\/wp-json\/wp\/v2\/pages\/12190\/revisions\/19994"}],"wp:attachment":[{"href":"https:\/\/chargeguru.com\/pt\/wp-json\/wp\/v2\/media?parent=12190"}],"curies":[{"name":"wp","href":"https:\/\/api.w.org\/{rel}","templated":true}]}}