{"id":12099,"date":"2022-10-03T17:09:19","date_gmt":"2022-10-03T16:09:19","guid":{"rendered":"https:\/\/chargeguru.com\/pt\/?page_id=12099"},"modified":"2022-10-03T17:09:19","modified_gmt":"2022-10-03T16:09:19","slug":"politica-de-privacidade","status":"publish","type":"page","link":"https:\/\/chargeguru.com\/pt\/politica-de-privacidade\/","title":{"rendered":"Pol\u00edtica de privacidade"},"content":{"rendered":"<p><strong>\u00c2MBITO E OBJETIVO<\/strong><\/p>\n<p>Esta pol\u00edtica refere-se ao processamento de dados pessoais de clientes de todas as empresas pertencentes \u00e0 Raiden SAS (doravante denominada \u201cChargeGuru\u201d ou \u201cn\u00f3s\u201d ou \u201cnosso\u201d). O objetivo desta pol\u00edtica \u00e9 fornecer aos nossos clientes atuais, antigos e potenciais (doravante referidos coletivamente como &#8220;clientes&#8221; ou &#8220;voc\u00ea&#8221;) um entendimento geral:<\/p>\n<ul>\n<li>As circunst\u00e2ncias em que recolhemos e processamos seus Dados Pessoais<\/li>\n<li>Tipos de dados pessoais que recolhemos<\/li>\n<li>Motivos pelos quais recolhemos seus Dados Pessoais<\/li>\n<li>Como processamos seus dados pessoais<\/li>\n<li>Informa\u00e7\u00f5es de contato para obter informa\u00e7\u00f5es e fazer valer seus direitos em rela\u00e7\u00e3o ao processamento de seus dados pessoais.<\/li>\n<\/ul>\n<p>&nbsp;<\/p>\n<p><strong>CONTROLADOR<\/strong><\/p>\n<p>RAIDEN SAS, com um capital de \u20ac68.868, com sede em 10 RUE DU FAUBOURG MONTMARTRE, 75009 PARIS, registado no PARIS RCS sob o n\u00famero 83807487000018 com o n\u00famero de IVA intracomunit\u00e1rio FR45838074870, doravante denominado \u201cChargeGuru\u201d, pode, conforme controlador, processar seus dados pessoais da maneira descrita abaixo.<\/p>\n<p>&nbsp;<\/p>\n<p><strong>PRINC\u00cdPIO DE TRATAMENTO DE DADOS<\/strong><\/p>\n<p>O processamento de seus dados pessoais \u00e9 uma parte importante de nosso fornecimento de produtos e servi\u00e7os para si. Agradecemos a confian\u00e7a que deposita em n\u00f3s quando nos confia suas informa\u00e7\u00f5es pessoais e consideramos suas informa\u00e7\u00f5es pessoais uma parte essencial dos servi\u00e7os que oferecemos. Para proteger seus dados pessoais enquanto aumenta o valor do cliente e fornece experi\u00eancias de dire\u00e7\u00e3o melhores e mais seguras, aderimos aos cinco princ\u00edpios gerais a seguir.<\/p>\n<p>&nbsp;<\/p>\n<ul>\n<li><strong>Liberdade de escolha<\/strong><\/li>\n<\/ul>\n<p>Seus dados pessoais pertencem a si. N\u00e3o procuramos fazer suposi\u00e7\u00f5es sobre suas prefer\u00eancias de privacidade e procuramos projetar nossos servi\u00e7os de forma que voc\u00ea possa optar por compartilhar seus dados pessoais connosco.<\/p>\n<p>&nbsp;<\/p>\n<ul>\n<li><strong>Equil\u00edbrio de interesses<\/strong><\/li>\n<\/ul>\n<p>Quando o processamento de seus Dados Pessoais for necess\u00e1rio para atender a um interesse leg\u00edtimo e se esse interesse superar a necessidade de proteger sua privacidade, podemos processar determinados Dados Pessoais sem obter seu consentimento, se autorizado por lei. Em algumas outras situa\u00e7\u00f5es, tamb\u00e9m podemos processar seus Dados Pessoais sem o seu consentimento, se exigido pela lei aplic\u00e1vel. Para mais informa\u00e7\u00f5es, convidamos voc\u00ea a consultar a se\u00e7\u00e3o \u201cConsentimento\u201d abaixo.<\/p>\n<p>&nbsp;<\/p>\n<ul>\n<li><strong>Proporcionalidade<\/strong><\/li>\n<\/ul>\n<p>A Raiden SAS apenas processar\u00e1 os Dados Pessoais de nossos clientes se for apropriado, relevante e necess\u00e1rio para os fins para os quais foram recolhidos. Nosso objetivo \u00e9 tornar seus dados pessoais an\u00f4nimos quando um recurso ou servi\u00e7o pode ser obtido com dados an\u00f4nimos. Se associarmos dados an\u00f4nimos ou n\u00e3o pessoais aos seus dados pessoais, eles ser\u00e3o tratados como dados pessoais enquanto permanecerem associados.<\/p>\n<p>&nbsp;<\/p>\n<ul>\n<li><strong>Transpar\u00eancia e seguran\u00e7a<\/strong><\/li>\n<\/ul>\n<p>A Raiden SAS acredita em ser transparente sobre os Dados Pessoais que processamos e suas finalidades. \u00c9 essencial proteger os seus Dados Pessoais.<\/p>\n<p>&nbsp;<\/p>\n<ul>\n<li><strong>Cumprimento legal<\/strong><\/li>\n<\/ul>\n<p>A pol\u00edtica da Raiden SAS \u00e9 cumprir as leis, regras e regulamentos aplic\u00e1veis \u200b\u200bque regem a privacidade e a prote\u00e7\u00e3o de dados em todos os pa\u00edses em que operamos. Se necess\u00e1rio, adaptaremos nosso processamento de seus dados pessoais conforme descrito nesta pol\u00edtica para garantir a conformidade legal.<\/p>\n<p>Os dados pessoais que Raiden SAS recolhe sobre si ser\u00e3o usados:<\/p>\n<ul>\n<li>Para fornecer produtos e servi\u00e7os, inclusive para verificar sua elegibilidade para determinadas compras e servi\u00e7os, bem como oferecer ofertas e experi\u00eancias estendidas;<\/li>\n<li>Para notific\u00e1-lo sobre atualiza\u00e7\u00f5es ou altera\u00e7\u00f5es em nossos produtos e servi\u00e7os, incluindo, mas n\u00e3o limitado a altera\u00e7\u00f5es em nossos termos, condi\u00e7\u00f5es e pol\u00edticas;<\/li>\n<li>Para inform\u00e1-lo sobre novos produtos, servi\u00e7os e eventos;<\/li>\n<li>Para fornecer suporte e servi\u00e7os ao dispositivo de carregamento (servi\u00e7o de garantia, informa\u00e7\u00f5es de retirada, etc.). );<\/li>\n<li>Avaliar e melhorar a nossa oferta aos clientes e comunica\u00e7\u00e3o com os clientes;<\/li>\n<li>Para cumprir exig\u00eancias legais ou solicita\u00e7\u00f5es legais a autoridades;<\/li>\n<li>Para inform\u00e1-lo sobre nossos produtos e servi\u00e7os e determinar quais podem ser do seu interesse;<\/li>\n<li>Realizar estudos de mercado; e<\/li>\n<li>Para fins de perfil e an\u00e1lise do cliente (incluindo m\u00eddia social e entretenimento) por n\u00f3s e nossos fornecedores escolhidos.<\/li>\n<\/ul>\n<p>&nbsp;<\/p>\n<p><strong>DEFINI\u00c7\u00d5ES \u00daTEIS<\/strong><\/p>\n<p>Raiden SAS usa as defini\u00e7\u00f5es listadas abaixo nesta pol\u00edtica:<\/p>\n<ul>\n<li>\u201cControlador\u201d significa a pessoa f\u00edsica ou jur\u00eddica, autoridade p\u00fablica, ag\u00eancia ou outro \u00f3rg\u00e3o que, isoladamente ou em conjunto, determina as finalidades e os meios do Processamento. Dados pessoais;<\/li>\n<li>\u201cControlador de Dados\u201d significa uma pessoa f\u00edsica ou jur\u00eddica, autoridade p\u00fablica, ag\u00eancia ou outro \u00f3rg\u00e3o que processa dados pessoais em nome do controlador;<\/li>\n<li>\u201cDados Pessoais\u201d significa qualquer informa\u00e7\u00e3o relativa a uma pessoa f\u00edsica identificada ou identific\u00e1vel (\u201ctitular dos dados\u201d); uma pessoa singular identific\u00e1vel \u00e9 uma pessoa que pode ser identificada, direta ou indiretamente, em particular por refer\u00eancia a um identificador, como um nome, um n\u00famero de identifica\u00e7\u00e3o, dados de localiza\u00e7\u00e3o, um identificador online ou um ou mais fatores espec\u00edficos de identidade f\u00edsica, psicol\u00f3gica, gen\u00e9tica, mental e econ\u00f3mica, cultural ou social dessa pessoa singular;<\/li>\n<li>&#8220;Processamento&#8221; significa uma opera\u00e7\u00e3o ou conjunto de opera\u00e7\u00f5es realizadas em Dados Pessoais ou conjuntos de Dados Pessoais, por meios automatizados ou n\u00e3o automatizados, como coleta, registo, organiza\u00e7\u00e3o, estrutura\u00e7\u00e3o, armazenamento, adapta\u00e7\u00e3o ou modifica\u00e7\u00e3o, recupera\u00e7\u00e3o, consulta, uso, divulga\u00e7\u00e3o por transmiss\u00e3o, dissemina\u00e7\u00e3o ou disponibiliza\u00e7\u00e3o, alinhamento ou associa\u00e7\u00e3o, restri\u00e7\u00e3o, supress\u00e3o ou destrui\u00e7\u00e3o;<\/li>\n<li>&#8220;Dados Pessoais Sens\u00edveis&#8221; significa Dados Pessoais que revelam origem racial ou \u00e9tnica, opini\u00f5es pol\u00edticas, cren\u00e7as religiosas ou filos\u00f3ficas ou filia\u00e7\u00e3o sindical, e o processamento de dados gen\u00e9ticos, dados biom\u00e9tricos para fins de identifica\u00e7\u00e3o \u00fanica de uma pessoa f\u00edsica, dados relativos a sa\u00fade ou dados relativos \u00e0 vida sexual ou orienta\u00e7\u00e3o sexual de uma pessoa f\u00edsica.<\/li>\n<\/ul>\n<p>&nbsp;<\/p>\n<p><strong>RECOLHA DE DADOS<\/strong><\/p>\n<p>Voc\u00ea pode nos fornecer informa\u00e7\u00f5es sobre si ou seu ve\u00edculo quando usar os servi\u00e7os Raiden SAS, por exemplo, atrav\u00e9s de nossos sites ou centros de atendimento ao cliente (neste contexto, observe que as chamadas telef\u00f4nicas podem ser gravadas, com o seu consentimento, para fins de garantia de qualidade). Esses dados podem incluir:<\/p>\n<ul>\n<li>Seus dados de contato (nome, endere\u00e7o, n\u00famero de telefone, endere\u00e7o de e-mail, etc.);<\/li>\n<li>Informa\u00e7\u00f5es demogr\u00e1ficas (estado civil, etc.);<\/li>\n<li>Informa\u00e7\u00f5es do ve\u00edculo (Modelo, VIN (n\u00famero de identifica\u00e7\u00e3o do ve\u00edculo) ou n\u00famero de s\u00e9rie do ve\u00edculo, etc.);<\/li>\n<li>Dados relacionados \u00e0 sua compra e uso de nossos produtos e servi\u00e7os (prefer\u00eancias e configura\u00e7\u00f5es do cliente, hist\u00f3rico de compras, etc.).<\/li>\n<\/ul>\n<p>Estamos particularmente vigilantes e aplicamos medidas adicionais sempre que coletamos e processamos dados pessoais confidenciais, conforme exigido pela lei aplic\u00e1vel. Para remover qualquer ambiguidade, especifica-se que a lei aplic\u00e1vel pode exigir que outros tipos de dados tamb\u00e9m sejam considerados dados pessoais confidenciais.<\/p>\n<p>&nbsp;<\/p>\n<p><strong>AVISO<\/strong><\/p>\n<p>Sempre que razoavelmente poss\u00edvel ou exigido pela lei aplic\u00e1vel, forneceremos seus Dados Pessoais a si em conex\u00e3o com a recolha ou armazenamento de seus Dados Pessoais., (i) informa\u00e7\u00f5es espec\u00edficas sobre as finalidades do Tratamento dos seus Dados Pessoais, (ii) a identidade do Respons\u00e1vel, (iii) as identidades dos terceiros a quem os dados podem ser comunicados e (iv) outras informa\u00e7\u00f5es que possam necess\u00e1rio para garantir que voc\u00ea \u00e9 capaz de preservar seus direitos.<\/p>\n<p>&nbsp;<\/p>\n<p><strong>CONSENTIMENTO<\/strong><\/p>\n<p>Sempre que razoavelmente poss\u00edvel ou exigido pela lei aplic\u00e1vel, obteremos seu consentimento antes de coletar ou usar seus dados pessoais. A solicita\u00e7\u00e3o de consentimento ser\u00e1 clara e espec\u00edfica e fornecer\u00e1 uma base razo\u00e1vel para tomar sua decis\u00e3o. N\u00f3s nunca tomaremos seu consentimento como garantido. Mas, em vez disso, garantiremos que seu consentimento seja dado de maneira transparente e informada. Se voc\u00ea n\u00e3o der seu consentimento, n\u00e3o ser\u00e1 poss\u00edvel usar os Servi\u00e7os ou partes dos Servi\u00e7os.<\/p>\n<p>&nbsp;<\/p>\n<p><strong>UTILIZA\u00c7\u00c3O DOS DADOS<\/strong><\/p>\n<p>Para a maioria dos atos de processamento, voc\u00ea pode interromper o uso de seus dados pessoais atualizando suas prefer\u00eancias, encerrando um servi\u00e7o espec\u00edfico, revogando seu consentimento para o processamento entrando em contato com Raiden SAS no endere\u00e7o indicado na se\u00e7\u00e3o \u201cInforma\u00e7\u00f5es e acesso\u201d abaixo ou conforme indicado de outra forma por n\u00f3s. No entanto, salvo disposi\u00e7\u00e3o em contr\u00e1rio da lei aplic\u00e1vel, voc\u00ea geralmente n\u00e3o pode se opor ao processamento de seus dados pessoais:<\/p>\n<ul>\n<li>Que fazemos isso para lhe enviar avisos importantes, como altera\u00e7\u00f5es em nossos termos e pol\u00edticas ou no caso de recalls de produtos; e<\/li>\n<li>O que fazemos para cumprir nossas obriga\u00e7\u00f5es legais.<\/li>\n<\/ul>\n<p>&nbsp;<\/p>\n<p><strong>RETEN\u00c7\u00c3O<\/strong><\/p>\n<p>Apenas reteremos seus dados pessoais pelo tempo necess\u00e1rio para cumprir as finalidades estabelecidas nesta pol\u00edtica ou outras finalidades comunicadas a voc\u00ea. Isso significa que, uma vez que voc\u00ea tenha consentido com o processamento de seus Dados Pessoais, reteremos seus dados pela dura\u00e7\u00e3o de nosso relacionamento comercial (e, se aplic\u00e1vel, at\u00e9 o t\u00e9rmino do per\u00edodo de garantia) ou at\u00e9 que voc\u00ea retire seu consentimento. Se voc\u00ea tiver retirado o seu consentimento, podemos, no entanto, reter determinados dados pessoais pelo per\u00edodo necess\u00e1rio para nos permitir cumprir nossas obriga\u00e7\u00f5es legais e nos defender em rela\u00e7\u00e3o a disputas legais. Se n\u00e3o obtivermos seu consentimento para o processamento, os Dados Pessoais ser\u00e3o retidos apenas pelo tempo permitido por lei.<\/p>\n<p>&nbsp;<\/p>\n<p><strong>QUALIDADE DOS DADOS<\/strong><\/p>\n<p>Quando processamos seus Dados Pessoais, fazemos o poss\u00edvel para garantir que estejam corretos e atualizados. Tentaremos remover ou retificar dados pessoais incorretos ou incompletos.<\/p>\n<p>&nbsp;<\/p>\n<p><strong>INFORMA\u00c7\u00c3O E ACESSO<\/strong><\/p>\n<p>Conforme especificado na se\u00e7\u00e3o &#8220;Aviso&#8221; acima, podemos fornecer informa\u00e7\u00f5es espec\u00edficas sobre o processamento de seus dados pessoais durante a recolha ou registo desses dados. Voc\u00ea tem o direito de solicitar (i) uma c\u00f3pia dos Dados Pessoais que mantemos sobre voc\u00ea, (ii) a corre\u00e7\u00e3o ou exclus\u00e3o dos Dados Pessoais que voc\u00ea acredita serem imprecisos e (iii) a exclus\u00e3o de seus Dados Pessoais e a restri\u00e7\u00e3o de processamento de seus Dados Pessoais em certos casos. Al\u00e9m disso, voc\u00ea tem o direito de se opor ao nosso processamento de seus Dados Pessoais e ao recebimento dos Dados Pessoais que voc\u00ea nos forneceu, em um formato estruturado, comumente usado e leg\u00edvel por m\u00e1quina, e ter esses dados transmitidos a outro Controlador.<\/p>\n<p>As solicita\u00e7\u00f5es devem ser encaminhadas \u00e0 pessoa jur\u00eddica indicada no final deste documento.<\/p>\n<p>Suas solicita\u00e7\u00f5es ser\u00e3o atendidas de forma r\u00e1pida e adequada. Se a lei aplic\u00e1vel estabelecer custos administrativos para responder \u00e0(s) sua(s) solicita\u00e7\u00e3o(\u00f5es), esses custos poder\u00e3o ser faturados pela Raiden SAS.<\/p>\n<p>&nbsp;<\/p>\n<p><strong>SEGURAN\u00c7A<\/strong><\/p>\n<p>A Raiden SAS implementou medidas t\u00e9cnicas e organizacionais apropriadas para proteger seus Dados Pessoais contra destrui\u00e7\u00e3o, perda ou altera\u00e7\u00e3o acidental ou ilegal, divulga\u00e7\u00e3o ou acesso n\u00e3o autorizado e qualquer outra forma ilegal de processamento.<\/p>\n<p>&nbsp;<\/p>\n<p><strong>DIVULGA\u00c7\u00c3O A TERCEIROS<\/strong><\/p>\n<p>Raiden SAS pode compartilhar seus dados pessoais:<\/p>\n<ul>\n<li>com Zeplug (uma pessoa jur\u00eddica francesa cujo n\u00famero de registo \u00e9 80788643700027);<\/li>\n<li>com a Free2move eSolutions para participar em a\u00e7\u00f5es de marketing espec\u00edficas (comerciais\/promocionais\/newsletters), com pr\u00e9via aceita\u00e7\u00e3o da transfer\u00eancia de dados por parte do cliente.<\/li>\n<li>de acordo com a lei, por exemplo, em conex\u00e3o com uma solicita\u00e7\u00e3o das autoridades, uma disputa ou qualquer outro procedimento ou solicita\u00e7\u00e3o legal;<\/li>\n<li>se acreditarmos, de boa f\u00e9, que a divulga\u00e7\u00e3o \u00e9 necess\u00e1ria para proteger seus direitos, por exemplo, para investigar poss\u00edveis viola\u00e7\u00f5es de nossos termos e condi\u00e7\u00f5es ou para detetar, prevenir ou relatar fraudes ou outros problemas de seguran\u00e7a;<\/li>\n<li>com fornecedores de produtos e servi\u00e7os que trabalham em nosso nome, como operadoras de telefonia m\u00f3vel, empresas de processamento de cart\u00e3o de cr\u00e9dito ou fornecedores de sistemas necess\u00e1rios para processar, armazenar ou manipular informa\u00e7\u00f5es de cart\u00e3o de cr\u00e9dito ou informa\u00e7\u00f5es financeiras; e<\/li>\n<li>Com prestadores de servi\u00e7os de emerg\u00eancia, por exemplo, policiais estaduais e prestadores de servi\u00e7os de resgate, para fornecer servi\u00e7os relacionados.<\/li>\n<\/ul>\n<p>&nbsp;<\/p>\n<p><strong>PROCESSAMENTO DE DADOS EM NOSSO NOME<\/strong><\/p>\n<p>Restringimos o acesso aos seus dados pessoais aos funcion\u00e1rios e fornecedores da RAIDEN SAS que precisam usar as informa\u00e7\u00f5es para process\u00e1-las em nosso nome e que est\u00e3o contratualmente obrigados a manter a seguran\u00e7a e a confidencialidade de seus dados pessoais. Procuramos preservar a escolha dos servi\u00e7os de tratamento que melhor preservam a integridade dos seus dados pessoais perante terceiros.<\/p>\n<p>&nbsp;<\/p>\n<p><strong>MARKETING<\/strong><\/p>\n<p>Iremos nos abster de vender ou trocar seus dados pessoais a terceiros sem o seu consentimento nos autorizando a faz\u00ea-lo. N\u00e3o compartilharemos seus dados pessoais com terceiros para fins de marketing, a menos que tenhamos recebido seu consentimento para divulg\u00e1-los. Se voc\u00ea forneceu esse consentimento, mas n\u00e3o deseja mais receber materiais de marketing de terceiros, recomendamos que voc\u00ea entre em contato diretamente com o terceiro. Podemos fornecer a voc\u00ea informa\u00e7\u00f5es sobre novos produtos, servi\u00e7os, eventos ou atividades de marketing semelhantes. Se voc\u00ea deseja cancelar a assinatura de um boletim informativo por e-mail espec\u00edfico ou comunica\u00e7\u00e3o semelhante, recomendamos que voc\u00ea siga as instru\u00e7\u00f5es na comunica\u00e7\u00e3o em quest\u00e3o.<\/p>\n<p>&nbsp;<\/p>\n<p><strong>SITES E COOKIES<\/strong><\/p>\n<p>Em geral, voc\u00ea pode visitar os sites da Raiden SAS sem revelar nenhuma informa\u00e7\u00e3o sobre voc\u00ea. No entanto, para fornecer a voc\u00ea determinados servi\u00e7os ou ofertas, geralmente precisamos registar determinadas informa\u00e7\u00f5es de seus Dados Pessoais, como seu nome e endere\u00e7o de e-mail. Tamb\u00e9m podemos coletar (atrav\u00e9s de cookies) informa\u00e7\u00f5es an\u00f4nimas sobre como voc\u00ea usou nossos sites antes mesmo de tal registo. Essas informa\u00e7\u00f5es ser\u00e3o \u00fateis para melhorarmos nossos sites ou marketing. Existe tamb\u00e9m um procedimento online para aceitar ou rejeitar cookies.<\/p>\n<p>&nbsp;<\/p>\n<p><strong>CRIAN\u00c7AS<\/strong><\/p>\n<p>Nossos servi\u00e7os n\u00e3o foram projetados para serem usados \u200b\u200bpor crian\u00e7as. N\u00e3o solicitamos ou coletamos intencionalmente dados pessoais de menores de 18 anos e n\u00e3o comercializamos nossos produtos e servi\u00e7os para eles. Se uma crian\u00e7a nos forneceu dados pessoais, seus pais ou respons\u00e1veis \u200b\u200bpodem entrar em contato connosco para que essas informa\u00e7\u00f5es sejam exclu\u00eddas de nossos registos. Entre em contato connosco se voc\u00ea acredita que podemos ter informa\u00e7\u00f5es sobre uma crian\u00e7a menor de 13 anos. Se descobrirmos que coletamos inadvertidamente dados pessoais sobre uma crian\u00e7a menor de 13 anos ou abaixo da idade m\u00ednima exigida pela lei aplic\u00e1vel, tomaremos medidas para excluir essas informa\u00e7\u00f5es o mais r\u00e1pido poss\u00edvel.<\/p>\n<p>&nbsp;<\/p>\n<p><strong>APRESENTAR UMA RECLAMA\u00c7\u00c3O PERANTE A AUTORIDADE DE CONTROLE<\/strong><\/p>\n<p>Se acredita que estamos processando seus dados pessoais em viola\u00e7\u00e3o \u00e0s leis de prote\u00e7\u00e3o de dados, voc\u00ea tem o direito de apresentar uma reclama\u00e7\u00e3o \u00e0 sua autoridade supervisora.<\/p>\n<p>&nbsp;<\/p>\n<p><strong>COORDENADAS<\/strong><\/p>\n<p>Para exercer seus direitos como titular de dados, por exemplo, para obter informa\u00e7\u00f5es sobre o processamento de seus dados pessoais pela Raiden SAS ou para acessar dados pessoais que dizem respeito a si processados \u200b\u200bpela Raiden SAS, convidamos voc\u00ea a entrar em contato conosco pelo e-mail contact@chargeguru.com ou por correio em RAIDEN SAS, 32 rue des Jeuneurs, 75002 Paris.<\/p>\n<p>&nbsp;<\/p>\n","protected":false},"excerpt":{"rendered":"<p>\u00c2MBITO E OBJETIVO Esta pol\u00edtica refere-se ao processamento de dados pessoais de clientes de todas as empresas pertencentes \u00e0 Raiden&#8230;<\/p>\n","protected":false},"author":24,"featured_media":0,"parent":0,"menu_order":0,"comment_status":"closed","ping_status":"closed","template":"","meta":{"content-type":""},"yoast_head":"<!-- This site is optimized with the Yoast SEO Premium plugin v20.8 (Yoast SEO v21.3) - https:\/\/yoast.com\/wordpress\/plugins\/seo\/ -->\n<title>Pol\u00edtica de privacidade - ChargeGuru PT | Instalador de Pontos de Carregamento para Veiculos Eletricos<\/title>\n<meta name=\"robots\" content=\"index, follow, max-snippet:-1, max-image-preview:large, max-video-preview:-1\" \/>\n<link rel=\"canonical\" href=\"https:\/\/chargeguru.com\/pt\/politica-de-privacidade\/\" \/>\n<meta property=\"og:locale\" content=\"en_US\" \/>\n<meta property=\"og:type\" content=\"article\" \/>\n<meta property=\"og:title\" content=\"Pol\u00edtica de privacidade\" \/>\n<meta property=\"og:description\" content=\"\u00c2MBITO E OBJETIVO Esta pol\u00edtica refere-se ao processamento de dados pessoais de clientes de todas as empresas pertencentes \u00e0 Raiden...\" \/>\n<meta property=\"og:url\" content=\"https:\/\/chargeguru.com\/pt\/politica-de-privacidade\/\" \/>\n<meta property=\"og:site_name\" content=\"ChargeGuru PT | Instalador de Pontos de Carregamento para Veiculos Eletricos\" \/>\n<meta name=\"twitter:card\" content=\"summary_large_image\" \/>\n<meta name=\"twitter:label1\" content=\"Tempo estimado de leitura\" \/>\n\t<meta name=\"twitter:data1\" content=\"13 minutos\" \/>\n<script type=\"application\/ld+json\" class=\"yoast-schema-graph\">{\"@context\":\"https:\/\/schema.org\",\"@graph\":[{\"@type\":\"WebPage\",\"@id\":\"https:\/\/chargeguru.com\/pt\/politica-de-privacidade\/\",\"url\":\"https:\/\/chargeguru.com\/pt\/politica-de-privacidade\/\",\"name\":\"Pol\u00edtica de privacidade - ChargeGuru PT | Instalador de Pontos de Carregamento para Veiculos Eletricos\",\"isPartOf\":{\"@id\":\"https:\/\/chargeguru.com\/pt\/#website\"},\"datePublished\":\"2022-10-03T16:09:19+00:00\",\"dateModified\":\"2022-10-03T16:09:19+00:00\",\"breadcrumb\":{\"@id\":\"https:\/\/chargeguru.com\/pt\/politica-de-privacidade\/#breadcrumb\"},\"inLanguage\":false,\"potentialAction\":[{\"@type\":\"ReadAction\",\"target\":[\"https:\/\/chargeguru.com\/pt\/politica-de-privacidade\/\"]}]},{\"@type\":\"BreadcrumbList\",\"@id\":\"https:\/\/chargeguru.com\/pt\/politica-de-privacidade\/#breadcrumb\",\"itemListElement\":[{\"@type\":\"ListItem\",\"position\":1,\"name\":\"Home\",\"item\":\"https:\/\/chargeguru.com\/pt\/\"},{\"@type\":\"ListItem\",\"position\":2,\"name\":\"Pol\u00edtica de privacidade\"}]},{\"@type\":\"WebSite\",\"@id\":\"https:\/\/chargeguru.com\/pt\/#website\",\"url\":\"https:\/\/chargeguru.com\/pt\/\",\"name\":\"ChargeGuru PT | Instalador de Pontos de Carregamento para Veiculos Eletricos\",\"description\":\"ChargeGuru PT | Instalador de Pontos de Carregamento par Veiculos El\u00e9tricos\",\"potentialAction\":[{\"@type\":\"SearchAction\",\"target\":{\"@type\":\"EntryPoint\",\"urlTemplate\":\"https:\/\/chargeguru.com\/pt\/?s={search_term_string}\"},\"query-input\":\"required name=search_term_string\"}],\"inLanguage\":false}]}<\/script>\n<!-- \/ Yoast SEO Premium plugin. -->","yoast_head_json":{"title":"Pol\u00edtica de privacidade - ChargeGuru PT | Instalador de Pontos de Carregamento para Veiculos Eletricos","robots":{"index":"index","follow":"follow","max-snippet":"max-snippet:-1","max-image-preview":"max-image-preview:large","max-video-preview":"max-video-preview:-1"},"canonical":"https:\/\/chargeguru.com\/pt\/politica-de-privacidade\/","og_locale":"en_US","og_type":"article","og_title":"Pol\u00edtica de privacidade","og_description":"\u00c2MBITO E OBJETIVO Esta pol\u00edtica refere-se ao processamento de dados pessoais de clientes de todas as empresas pertencentes \u00e0 Raiden...","og_url":"https:\/\/chargeguru.com\/pt\/politica-de-privacidade\/","og_site_name":"ChargeGuru PT | Instalador de Pontos de Carregamento para Veiculos Eletricos","twitter_card":"summary_large_image","twitter_misc":{"Tempo estimado de leitura":"13 minutos"},"schema":{"@context":"https:\/\/schema.org","@graph":[{"@type":"WebPage","@id":"https:\/\/chargeguru.com\/pt\/politica-de-privacidade\/","url":"https:\/\/chargeguru.com\/pt\/politica-de-privacidade\/","name":"Pol\u00edtica de privacidade - ChargeGuru PT | Instalador de Pontos de Carregamento para Veiculos Eletricos","isPartOf":{"@id":"https:\/\/chargeguru.com\/pt\/#website"},"datePublished":"2022-10-03T16:09:19+00:00","dateModified":"2022-10-03T16:09:19+00:00","breadcrumb":{"@id":"https:\/\/chargeguru.com\/pt\/politica-de-privacidade\/#breadcrumb"},"inLanguage":false,"potentialAction":[{"@type":"ReadAction","target":["https:\/\/chargeguru.com\/pt\/politica-de-privacidade\/"]}]},{"@type":"BreadcrumbList","@id":"https:\/\/chargeguru.com\/pt\/politica-de-privacidade\/#breadcrumb","itemListElement":[{"@type":"ListItem","position":1,"name":"Home","item":"https:\/\/chargeguru.com\/pt\/"},{"@type":"ListItem","position":2,"name":"Pol\u00edtica de privacidade"}]},{"@type":"WebSite","@id":"https:\/\/chargeguru.com\/pt\/#website","url":"https:\/\/chargeguru.com\/pt\/","name":"ChargeGuru PT | Instalador de Pontos de Carregamento para Veiculos Eletricos","description":"ChargeGuru PT | Instalador de Pontos de Carregamento par Veiculos El\u00e9tricos","potentialAction":[{"@type":"SearchAction","target":{"@type":"EntryPoint","urlTemplate":"https:\/\/chargeguru.com\/pt\/?s={search_term_string}"},"query-input":"required name=search_term_string"}],"inLanguage":false}]}},"_links":{"self":[{"href":"https:\/\/chargeguru.com\/pt\/wp-json\/wp\/v2\/pages\/12099"}],"collection":[{"href":"https:\/\/chargeguru.com\/pt\/wp-json\/wp\/v2\/pages"}],"about":[{"href":"https:\/\/chargeguru.com\/pt\/wp-json\/wp\/v2\/types\/page"}],"author":[{"embeddable":true,"href":"https:\/\/chargeguru.com\/pt\/wp-json\/wp\/v2\/users\/24"}],"replies":[{"embeddable":true,"href":"https:\/\/chargeguru.com\/pt\/wp-json\/wp\/v2\/comments?post=12099"}],"version-history":[{"count":1,"href":"https:\/\/chargeguru.com\/pt\/wp-json\/wp\/v2\/pages\/12099\/revisions"}],"predecessor-version":[{"id":12100,"href":"https:\/\/chargeguru.com\/pt\/wp-json\/wp\/v2\/pages\/12099\/revisions\/12100"}],"wp:attachment":[{"href":"https:\/\/chargeguru.com\/pt\/wp-json\/wp\/v2\/media?parent=12099"}],"curies":[{"name":"wp","href":"https:\/\/api.w.org\/{rel}","templated":true}]}}