{"id":11142,"date":"2022-08-10T16:09:59","date_gmt":"2022-08-10T14:09:59","guid":{"rendered":"https:\/\/chargeguru.com\/de\/?page_id=10851"},"modified":"2023-01-25T12:11:54","modified_gmt":"2023-01-25T12:11:54","slug":"carreira","status":"publish","type":"page","link":"https:\/\/chargeguru.com\/pt\/carreira\/","title":{"rendered":"Career"},"content":{"rendered":"<p>\r\n<section class=\"sh-section sh-section-989cd74da05f108bf30e0fe67bc7aa30 fw-main-row sh-section-visibility-everywhere\">\r\n\t\r\n\t\r\n\t<div class=\"sh-section-container container-fluid\">\r\n\t\t<div class=\"fw-row\">\n\t\r\n<div class=\"sh-column sh-column-dd65da675538e285fb800b4129e30208 fw-col-xs-12\" >\r\n\r\n\t\r\n\t<div class=\"sh-column-wrapper\">\r\n\t\t\r\n<div class=\"sh-revslider\" id=\"revslider-b224ed4c9dd075b31837e4760ebc0d0f\">\r\n\t\n\t\t\t<!-- START Career REVOLUTION SLIDER 6.7.37 --><p class=\"rs-p-wp-fix\"><\/p>\n\t\t\t<rs-module-wrap id=\"rev_slider_65_1_wrapper\" data-source=\"gallery\" style=\"visibility:hidden;background:transparent;padding:0;margin:0px auto;margin-top:0;margin-bottom:0;\">\n\t\t\t\t<rs-module id=\"rev_slider_65_1\" style=\"\" data-version=\"6.7.37\">\n\t\t\t\t\t<rs-slides style=\"overflow: hidden; position: absolute;\">\n\t\t\t\t\t\t<rs-slide style=\"position: absolute;\" data-key=\"rs-74\" data-title=\"Slide\" data-duration=\"9000\" data-anim=\"adpr:false;ms:500;\" data-in=\"o:0;\" data-out=\"a:false;\">\n\t\t\t\t\t\t\t<img src=\"\/\/chargeguru.com\/pt\/wp-content\/plugins\/revslider\/sr6\/assets\/assets\/dummy.png\" alt=\"\" title=\"Career\" class=\"rev-slidebg tp-rs-img rs-lazyload\" data-lazyload=\"\/\/chargeguru.com\/pt\/wp-content\/uploads\/sites\/3\/revslider\/cargadores-elegir\/guru-bornes.jpg\" data-bg=\"p:center bottom;\" data-no-retina>\n<!--\n\t\t\t\t\t\t\t--><rs-layer\n\t\t\t\t\t\t\t\tid=\"slider-65-slide-74-layer-3\" \n\t\t\t\t\t\t\t\tdata-type=\"text\"\n\t\t\t\t\t\t\t\tdata-rsp_ch=\"on\"\n\t\t\t\t\t\t\t\tdata-xy=\"x:l,l,l,c;xo:196px,37px,50px,0;yo:172px,174px,167px,159px;\"\n\t\t\t\t\t\t\t\tdata-text=\"w:normal,normal,normal,normal;s:39,39,39,36;l:23,23,23,38;fw:600;a:left,left,left,center;\"\n\t\t\t\t\t\t\t\tdata-dim=\"w:725,725,725,479px;h:90px,90px,90px,auto;\"\n\t\t\t\t\t\t\t\tdata-frame_1=\"st:300;sR:300;\"\n\t\t\t\t\t\t\t\tdata-frame_999=\"o:0;st:w;sR:8400;\"\n\t\t\t\t\t\t\t\tstyle=\"z-index:8;font-family:'Raleway';\"\n\t\t\t\t\t\t\t>PARTICIPE AO DESENVOLVIMENTO <br \/> <br \/>\nDA MOBILIDADE EL\u00c9TRICA \n\t\t\t\t\t\t\t<\/rs-layer><!--\n\n\t\t\t\t\t\t\t--><rs-layer\n\t\t\t\t\t\t\t\tid=\"slider-65-slide-74-layer-5\" \n\t\t\t\t\t\t\t\tdata-type=\"text\"\n\t\t\t\t\t\t\t\tdata-rsp_ch=\"on\"\n\t\t\t\t\t\t\t\tdata-xy=\"x:l,l,l,c;xo:202px,43px,57px,-3px;yo:273px,277px,262px,358px;\"\n\t\t\t\t\t\t\t\tdata-text=\"w:normal;s:18;l:26;fw:500;a:inherit,inherit,inherit,center;\"\n\t\t\t\t\t\t\t\tdata-dim=\"w:521px,521px,521px,431px;h:auto,auto,auto,79px;\"\n\t\t\t\t\t\t\t\tdata-frame_0=\"y:-50px;\"\n\t\t\t\t\t\t\t\tdata-frame_1=\"st:900;sR:900;\"\n\t\t\t\t\t\t\t\tdata-frame_999=\"st:w;sR:7800;\"\n\t\t\t\t\t\t\t\tstyle=\"z-index:11;font-family:'Raleway';\"\n\t\t\t\t\t\t\t>Est\u00e1 interessado? Ent\u00e3o est\u00e1 no lugar certo! \n\t\t\t\t\t\t\t<\/rs-layer><!--\n-->\t\t\t\t\t<\/rs-slide>\n\t\t\t\t\t<\/rs-slides>\n\t\t\t\t<\/rs-module>\n\t\t\t\t<script>\n\t\t\t\t\tsetREVStartSize({c: 'rev_slider_65_1',rl:[1240,1024,778,480],el:[534,600,600,720],gw:[1240,1024,778,480],gh:[534,600,600,720],type:'hero',justify:'',layout:'fullwidth',mh:\"0\"});if (window.RS_MODULES!==undefined && window.RS_MODULES.modules!==undefined && window.RS_MODULES.modules[\"revslider651\"]!==undefined) {window.RS_MODULES.modules[\"revslider651\"].once = false;window.revapi65 = undefined;if (window.RS_MODULES.checkMinimal!==undefined) window.RS_MODULES.checkMinimal()}\n\t\t\t\t<\/script>\n\t\t\t<\/rs-module-wrap>\n\t\t\t<!-- END REVOLUTION SLIDER -->\n<\/div>\r\n\t<\/div>\r\n\r\n\r\n\t\t\r\n\r\n<\/div>\r\n<\/div>\n\n\t<\/div>\r\n<\/section>\r\n\r\n<section class=\"sh-section sh-section-8be97efbb7f336b03aae6737ad9b31d8 fw-main-row sh-section-visibility-everywhere\">\r\n\t\r\n\t\r\n\t<div class=\"sh-section-container container\">\r\n\t\t<div class=\"fw-row\">\n\t\r\n<div class=\"sh-column sh-column-2d6534c4efcfdfd719aeb43dcd51bb09 fw-col-xs-12 fw-col-sm-6\" >\r\n\r\n\t\r\n\t<div class=\"sh-column-wrapper\">\r\n\t\t\r\n<div id=\"single-image-defe0d46ecacb181e987dc100329643e\" class=\"sh-single-image  \">\r\n\t<div class=\"sh-element-margin\">\r\n\r\n\t\t\r\n\t\t\t<div class=\"sh-single-image-container\">\r\n\t\t\t\t\r\n\t\t\t\t\t\t\t\t\t\t\t\t\t\t\t<a href=\"\/\/chargeguru.com\/de\/wp-content\/uploads\/sites\/9\/2018\/06\/guru-hero-icon.png\" rel=\"lightbox\">\r\n\t\t\t\t\t\r\n\t\t\t\t\t\t\t\t\t\t\t\t\t<img class=\"sh-image-url\" src=\"https:\/\/chargeguru.com\/pt\/wp-content\/uploads\/sites\/3\/2018\/06\/guru-hero-icon.png\" alt=\"guru-hero-icon\" \/>\r\n\t\t\t\t\t\t\t\t\t\t\t\t\t\r\n\t\t\t\t\t\t\t\t\t\t\t<\/a>\r\n\t\t\t\t\t\t\t\t\t\r\n\t\t\t\t\t\t\t<\/div>\r\n\r\n\t\t\r\n\t<\/div>\r\n<\/div>\r\n\r\n\r\n\t<div class=\"sh-heading sh-heading-style1\" id=\"heading-dd350060f70fbd68d77e9804475f3bac\">\r\n\t\t<h1 class=\"sh-heading-content size-l\">\r\n\t\t\t<span>JUNTAR-SE AGORA \u00c0 EQUIPA CHARGEGURU<\/span>\t\t<\/h1>\r\n\t<\/div>\r\n\r\n\r\n<div id=\"text-block-65eff64511b23353569c18cad262f91d\" class=\"sh-text-block\">\r\n\t<p>A ChargeGuru \u00e9 a primeira plataforma de infraestrutura de carregamento chave na m\u00e3o em Europa.<\/p><p>Planificamos, instalamos e implementamos esta\u00e7\u00f5es de carregamento para particulares e empresas. Junto aos melhores instaladores, avan\u00e7amos rumo a uma transi\u00e7\u00e3o da mobilidade.<\/p><p>A transi\u00e7\u00e3o energ\u00e9tica para uma mobilidade sustent\u00e1vel e limpa \u00e9 um dos maiores desafios da nossa gera\u00e7\u00e3o. \u00c9 por isso, devemos agir agora.<\/p><p>Est\u00e1 interessado? Pode submeter a sua candidatura desde j\u00e1!<\/p><\/div>\r\n\t<\/div>\r\n\r\n\r\n\t\t\r\n\r\n<\/div>\r\n\r\n<div class=\"sh-column sh-column-b7c56b85174d4b6da77c46884957f2e2 fw-col-xs-12 fw-col-sm-6\" >\r\n\r\n\t\r\n\t<div class=\"sh-column-wrapper\">\r\n\t\t\r\n<div id=\"single-image-2175ed867596a00ea83a085eb45de067\" class=\"sh-single-image   sh-animated slideInRight\"data-wow-duration=\"0.5s\">\r\n\t<div class=\"sh-element-margin\">\r\n\r\n\t\t\r\n\t\t\t<div class=\"sh-single-image-container\">\r\n\t\t\t\t\r\n\t\t\t\t\t\t\t\t\t\t\t\t\t\t\t<a href=\"\/\/chargeguru.com\/de\/wp-content\/uploads\/sites\/9\/2018\/02\/Blog_choisirborne.jpg\" rel=\"lightbox\">\r\n\t\t\t\t\t\r\n\t\t\t\t\t\t\t\t\t\t\t\t\t<img class=\"sh-image-url\" src=\"https:\/\/chargeguru.com\/pt\/wp-content\/uploads\/sites\/3\/2018\/02\/Blog_choisirborne.jpg\" alt=\"carregador-or\u00e7amento\" \/>\r\n\t\t\t\t\t\t\t\t\t\t\t\t\t\r\n\t\t\t\t\t\t\t\t\t\t\t<\/a>\r\n\t\t\t\t\t\t\t\t\t\r\n\t\t\t\t\t\t\t<\/div>\r\n\r\n\t\t\r\n\t<\/div>\r\n<\/div>\r\n\t<\/div>\r\n\r\n\r\n\t\t\r\n\r\n<\/div>\r\n<\/div>\n\n\t<\/div>\r\n<\/section>\r\n\r\n<section class=\"sh-section sh-section-2109c5961b1566f41cb3a2fc10652903 fw-main-row sh-section-visibility-everywhere\">\r\n\t\r\n\t\r\n\t<div class=\"sh-section-container container section-justify-height\">\r\n\t\t<div class=\"fw-row\">\n\t\r\n<div class=\"sh-column sh-column-dd65da675538e285fb800b4129e30208 fw-col-xs-12\" >\r\n\r\n\t\r\n\t<div class=\"sh-column-wrapper\">\r\n\t\t\r\n<div id=\"text-block-fde35f7296e4a862a7248acf26e1a68d\" class=\"sh-text-block\">\r\n\t<p><span style=\"font-size: 30px; color: #00f4cd;\"><strong>VAGAS DISPON\u00cdVEIS . VER E CANDIDATAR-SE FACILMENTE<\/strong><\/span><\/p><\/div>\r\n\t<\/div>\r\n\r\n\r\n\t\t\r\n\r\n<\/div>\r\n<\/div>\n\n<div class=\"fw-row\">\n\t\r\n<div class=\"sh-column sh-column-dd65da675538e285fb800b4129e30208 fw-col-xs-12\" >\r\n\r\n\t\r\n\t<div class=\"sh-column-wrapper\">\r\n\t\t\r\n<div class=\"sh-accordion sh-accordion-style1 panel-group\" id=\"accordion-bcddc65975ff2dacd496a2f19877e519\" role=\"tablist\" aria-multiselectable=\"true\">\r\n\t\r\n\t<\/div>\r\n\t<\/div>\r\n\r\n\r\n\t\t\r\n\r\n<\/div>\r\n<\/div>\n\n<div class=\"fw-row\">\n\t\r\n<div class=\"sh-column sh-column-dd65da675538e285fb800b4129e30208 fw-col-xs-12\" >\r\n\r\n\t\r\n\t<div class=\"sh-column-wrapper\">\r\n\t\t\r\n<div id=\"text-block-5dc96c5da751c2da7f7675210f9ac66f\" class=\"sh-text-block\">\r\n\t<p><strong>PODE CONSULTAR AS NOSSAS OFERTAS DE EMPREGO:<\/strong><\/p><ul><li><a href=\"https:\/\/www.linkedin.com\/company\/chargeguru\/jobs\/\">LinkedIn<\/a><\/li><\/ul><\/div>\r\n\t<\/div>\r\n\r\n\r\n\t\t\r\n\r\n<\/div>\r\n<\/div>\n\n\t<\/div>\r\n<\/section>\r\n\r\n<section class=\"sh-section sh-section-73510a28661e4cdff383269773dd18ee fw-main-row sh-section-visibility-everywhere\">\r\n\t\r\n\t\r\n\t<div class=\"sh-section-container container section-justify-height\">\r\n\t\t<div class=\"fw-row\">\n\t\r\n<div class=\"sh-column sh-column-a12211418f6a6173229cbf850ce93760 fw-col-xs-12\" >\r\n\r\n\t\r\n\t<div class=\"sh-column-wrapper\">\r\n\t\t\r\n\r\n\t<div class=\"sh-heading sh-heading-style1\" id=\"heading-5a5220dc2f2b72d6d7767d24384942b2\">\r\n\t\t<h2 class=\"sh-heading-content size-l\">\r\n\t\t\t<span style=\"text-align: center;\">3 motivos para juntar-se \u00e0 ChargeGuru.<\/span>\t\t<\/h2>\r\n\t<\/div>\r\n\r\n\t<\/div>\r\n\r\n\r\n\t\t\r\n\r\n<\/div>\r\n<\/div>\n\n<div class=\"fw-row\">\n\t\r\n<div class=\"sh-column sh-column-cc9a8162acc3f14b0096f9a7f5c2a26c fw-col-xs-12 fw-col-sm-3\" >\r\n\r\n\t\r\n\t<div class=\"sh-column-wrapper\">\r\n\t\t\r\n\r\n\t<div class=\"sh-heading sh-heading-style1\" id=\"heading-cdfe22d75ad5d5cc2d85dd9c33b13245\">\r\n\t\t<h3 class=\"sh-heading-content size-m\">\r\n\t\t\t<span style=\"text-align: left;\">A NOSSA VIS\u00c3O<\/span>\t\t<\/h3>\r\n\t<\/div>\r\n\r\n\r\n<div id=\"text-block-1ee7ffea0659fe86e4922a954bbf8d61\" class=\"sh-text-block\">\r\n\t<p>Uma mobilidade sustent\u00e1vel alimentada por uma experi\u00eancia utilizador completamente digital e os melhores instaladores de Europa.<\/p><\/div>\r\n\t<\/div>\r\n\r\n\r\n\t\t\r\n\r\n<\/div>\r\n\r\n<div class=\"sh-column sh-column-e3abb8c45c015dcefb6d7bead45b046a fw-col-xs-12 fw-col-sm-3\" >\r\n\r\n\t\r\n\t<div class=\"sh-column-wrapper\">\r\n\t\t\r\n\r\n\t<div class=\"sh-heading sh-heading-style1\" id=\"heading-85e355d287d707a1129d5a30798e364e\">\r\n\t\t<h3 class=\"sh-heading-content size-m\">\r\n\t\t\t<span style=\"text-align: left;\">A NOSSA MISS\u00c3O<\/span>\t\t<\/h3>\r\n\t<\/div>\r\n\r\n\r\n<div id=\"text-block-a218d5154af8408a73a9148a16e6dfa8\" class=\"sh-text-block\">\r\n\t<p>Tornar a infraestrutura de carregamento para ve\u00edculos el\u00e9tricos simples, sustent\u00e1vel e acess\u00edvel.\u00a0 Para todos e a qualquer momento.<\/p><\/div>\r\n\t<\/div>\r\n\r\n\r\n\t\t\r\n\r\n<\/div>\r\n\r\n<div class=\"sh-column sh-column-d300b36cf897e2bae023b4abbe721550 fw-col-xs-12 fw-col-sm-3\" >\r\n\r\n\t\r\n\t<div class=\"sh-column-wrapper\">\r\n\t\t\r\n\r\n\t<div class=\"sh-heading sh-heading-style1\" id=\"heading-241c5ef5d73ef6ef836b477849feb7b7\">\r\n\t\t<h3 class=\"sh-heading-content size-m\">\r\n\t\t\t<span>A NOSSA PAIX\u00c3O<\/span>\t\t<\/h3>\r\n\t<\/div>\r\n\r\n\r\n<div id=\"text-block-12dbdf535f58cbaeacf2a824f26dc048\" class=\"sh-text-block\">\r\n\t<p>Na ChargeGuru gostamos da mobilidade el\u00e9trica e trabalhamos juntos para para\u00a0criamos grandes coisas juntos.<\/p><\/div>\r\n\t<\/div>\r\n\r\n\r\n\t\t\r\n\r\n<\/div>\r\n\r\n<div class=\"sh-column sh-column-146d552bd829dd8ac14da012e6a7d011 fw-col-xs-12 fw-col-sm-3\" >\r\n\r\n\t\r\n\t<div class=\"sh-column-wrapper\">\r\n\t\t\r\n<div id=\"single-image-484cfe581594a416e375331dcbfe7b01\" class=\"sh-single-image  \">\r\n\t<div class=\"sh-element-margin\">\r\n\r\n\t\t\r\n\t\t\t<div class=\"sh-single-image-container\">\r\n\t\t\t\t\r\n\t\t\t\t\t\t\t\t\t\r\n\t\t\t\t\t\t\t\t\t\t\t\t\t<img class=\"sh-image-url\" src=\"\/\/chargeguru.com\/de\/wp-content\/uploads\/sites\/9\/2021\/12\/guru-clin-oeil.png\" alt=\"Instalador certificado Tesla\" \/>\r\n\t\t\t\t\t\t\t\t\t\t\t\t\t\r\n\t\t\t\t\t\t\t\t\t\r\n\t\t\t\t\t\t\t<\/div>\r\n\r\n\t\t\r\n\t<\/div>\r\n<\/div>\r\n\r\n<div id=\"button-7bacc70ee6235713b5ec264bf1da6d28\" class=\"sh-button-container  sh-button-style-1\">\r\n\t<div class=\"sh-element-margin\">\r\n\t\t<a href=\"https:\/\/chargeguru.com\/pt\/contacto\/\" target=\"_self\" class=\"sh-button sh-button-small \">\r\n\r\n\t\t\t\r\n\t\t\t\t\t\t\t<span class=\"sh-button-text\">\r\n\t\t\t\t\tJunte-se \u00e0 equipa\t\t\t\t<\/span>\r\n\t\t\t\r\n\t\t\t\r\n\t\t<\/a>\r\n\t\t\t<\/div>\r\n<\/div>\r\n\t<\/div>\r\n\r\n\r\n\t\t\r\n\r\n<\/div>\r\n<\/div>\n\n\t<\/div>\r\n<\/section>\r\n\r\n<section class=\"sh-section sh-section-3bc5e7185fb7166b576e16d50c931440 fw-main-row sh-section-visibility-everywhere\">\r\n\t\r\n\t\r\n\t<div class=\"sh-section-container container section-justify-height\">\r\n\t\t<div class=\"fw-row\">\n\t\r\n<div class=\"sh-column sh-column-bb0f267c92ecb8690f53de5e1841c4d3 fw-col-xs-12\" >\r\n\r\n\t\r\n\t<div class=\"sh-column-wrapper\">\r\n\t\t\r\n<div id=\"single-image-cc70f4978109d2059101ae0e8322b0a5\" class=\"sh-single-image  \">\r\n\t<div class=\"sh-element-margin\">\r\n\r\n\t\t\r\n\t\t\t<div class=\"sh-single-image-container\">\r\n\t\t\t\t\r\n\t\t\t\t\t\t\t\t\t\t\t\t\t\t\t<a href=\"\/\/chargeguru.com\/de\/wp-content\/uploads\/sites\/9\/2021\/11\/2977530-election-office-online-text_ret.png\" rel=\"lightbox\">\r\n\t\t\t\t\t\r\n\t\t\t\t\t\t\t\t\t\t\t\t\t<img class=\"sh-image-url\" src=\"\/\/chargeguru.com\/de\/wp-content\/uploads\/sites\/9\/2021\/11\/2977530-election-office-online-text_ret.png\" alt=\"\" \/>\r\n\t\t\t\t\t\t\t\t\t\t\t\t\t\r\n\t\t\t\t\t\t\t\t\t\t\t<\/a>\r\n\t\t\t\t\t\t\t\t\t\r\n\t\t\t\t\t\t\t<\/div>\r\n\r\n\t\t\r\n\t<\/div>\r\n<\/div>\r\n\r\n<div class=\"sh-heading  \" id=\"heading-659d6d5d9d099357826096101eb8c6b7\">\r\n\t<div class=\"sh-element-margin\">\r\n\r\n\t\t\r\n\t\t\t<h2 class=\"sh-heading-content size-l text-center\">\r\n\t\t\t\tOS NOSSOS VALORES.\t\t\t<\/h2>\r\n\r\n\t\t\r\n\t<\/div>\r\n<\/div>\r\n\t<\/div>\r\n\r\n\r\n\t\t\r\n\r\n<\/div>\r\n<\/div>\n\n\t<\/div>\r\n<\/section>\r\n\r\n<section class=\"sh-section sh-section-4371c5eb9754c0cb3db3894f46632fcf fw-main-row sh-section-visibility-everywhere\">\r\n\t\r\n\t\r\n\t<div class=\"sh-section-container container\">\r\n\t\t<div class=\"fw-row\">\n\t\r\n<div class=\"sh-column sh-column-4af598db77aef54a4795b8e8f216ef6c fw-col-xs-12 fw-col-sm-3\" >\r\n\r\n\t\r\n\t<div class=\"sh-column-wrapper\">\r\n\t\t\r\n<div class=\"sh-heading  \" id=\"heading-c0b256cad8945b372e168d8c4fe40a6c\">\r\n\t<div class=\"sh-element-margin\">\r\n\r\n\t\t\r\n\t\t\t<h3 class=\"sh-heading-content size-default text-center\">\r\n\t\t\t\tEstamos aqui para para que as coisas aconte\u00e7am.\t\t\t<\/h3>\r\n\r\n\t\t\r\n\t<\/div>\r\n<\/div>\r\n\t<\/div>\r\n\r\n\r\n\t\t\r\n\r\n<\/div>\r\n\r\n<div class=\"sh-column sh-column-61af4d541451ce61da11e1521b577644 fw-col-xs-12 fw-col-sm-3\" >\r\n\r\n\t\r\n\t<div class=\"sh-column-wrapper\">\r\n\t\t\r\n<div class=\"sh-heading  \" id=\"heading-82f9cc446d06dbcd314b0a70b722e8b0\">\r\n\t<div class=\"sh-element-margin\">\r\n\r\n\t\t\r\n\t\t\t<h3 class=\"sh-heading-content size-default text-center\">\r\n\t\t\t\tConvencemos e partilhamos. \t\t\t<\/h3>\r\n\r\n\t\t\r\n\t<\/div>\r\n<\/div>\r\n\t<\/div>\r\n\r\n\r\n\t\t\r\n\r\n<\/div>\r\n\r\n<div class=\"sh-column sh-column-7cf66c8836e69210eb35036ea976b6ed fw-col-xs-12 fw-col-sm-3\" >\r\n\r\n\t\r\n\t<div class=\"sh-column-wrapper\">\r\n\t\t\r\n<div class=\"sh-heading  \" id=\"heading-abb1952a9f99ec3f841260a86c0a5dfa\">\r\n\t<div class=\"sh-element-margin\">\r\n\r\n\t\t\r\n\t\t\t<h2 class=\"sh-heading-content size-default text-center\">\r\n\t\t\t\tCelebramos a sustentabilidade. \t\t\t<\/h2>\r\n\r\n\t\t\r\n\t<\/div>\r\n<\/div>\r\n\t<\/div>\r\n\r\n\r\n\t\t\r\n\r\n<\/div>\r\n\r\n<div class=\"sh-column sh-column-96cce35eeec8828fb2fc186c1a3697aa fw-col-xs-12 fw-col-sm-3\" >\r\n\r\n\t\r\n\t<div class=\"sh-column-wrapper\">\r\n\t\t\r\n<div class=\"sh-heading  \" id=\"heading-581492339cdf2a6e7286b2aeb91bbd5c\">\r\n\t<div class=\"sh-element-margin\">\r\n\r\n\t\t\r\n\t\t\t<h2 class=\"sh-heading-content size-default text-center\">\r\n\t\t\t\tOfrecemos o melhor servi\u00e7o. \t\t\t<\/h2>\r\n\r\n\t\t\r\n\t<\/div>\r\n<\/div>\r\n\t<\/div>\r\n\r\n\r\n\t\t\r\n\r\n<\/div>\r\n<\/div>\n\n\t<\/div>\r\n<\/section>\r\n\r\n<section class=\"sh-section sh-section-1377f568faad9772b77e1baf0c06589f fw-main-row sh-section-visibility-everywhere\">\r\n\t\r\n\t\r\n\t<div class=\"sh-section-container container\">\r\n\t\t<div class=\"fw-row\">\n\t\r\n<div class=\"sh-column sh-column-7bd025bd4aa89c7c1157f710bba26531 fw-col-xs-12 fw-col-sm-3\" >\r\n\r\n\t\r\n\t<div class=\"sh-column-wrapper\">\r\n\t\t\r\n<div class=\"sh-heading  \" id=\"heading-ac408d9be029d19302044824f2d6f685\">\r\n\t<div class=\"sh-element-margin\">\r\n\r\n\t\t\r\n\t\t\t<h3 class=\"sh-heading-content size-default text-center\">\r\n\t\t\t\tAgimos hoje, n\u00e3o amanh\u00e3. \t\t\t<\/h3>\r\n\r\n\t\t\r\n\t<\/div>\r\n<\/div>\r\n\t<\/div>\r\n\r\n\r\n\t\t\r\n\r\n<\/div>\r\n\r\n<div class=\"sh-column sh-column-99bcaf66e15b6af831f6d565acfcd47d fw-col-xs-12 fw-col-sm-3\" >\r\n\r\n\t\r\n\t<div class=\"sh-column-wrapper\">\r\n\t\t\r\n<div class=\"sh-heading  \" id=\"heading-514c64250826da906578a795afb4b759\">\r\n\t<div class=\"sh-element-margin\">\r\n\r\n\t\t\r\n\t\t\t<h3 class=\"sh-heading-content size-default text-center\">\r\n\t\t\t\tN\u00e3o aceitamos o statu quo. \t\t\t<\/h3>\r\n\r\n\t\t\r\n\t<\/div>\r\n<\/div>\r\n\t<\/div>\r\n\r\n\r\n\t\t\r\n\r\n<\/div>\r\n\r\n<div class=\"sh-column sh-column-514d84cd0c46b7f4e49762759def2335 fw-col-xs-12 fw-col-sm-3\" >\r\n\r\n\t\r\n\t<div class=\"sh-column-wrapper\">\r\n\t\t\r\n<div class=\"sh-heading  \" id=\"heading-592a2fe810d3e58b85fd761c522ca82b\">\r\n\t<div class=\"sh-element-margin\">\r\n\r\n\t\t\r\n\t\t\t<h3 class=\"sh-heading-content size-default text-center\">\r\n\t\t\t\tTornamos o imposs\u00edvel poss\u00edvel.\t\t\t<\/h3>\r\n\r\n\t\t\r\n\t<\/div>\r\n<\/div>\r\n\t<\/div>\r\n\r\n\r\n\t\t\r\n\r\n<\/div>\r\n\r\n<div class=\"sh-column sh-column-e0ac606cc912108b759ef5c4b6075e2f fw-col-xs-12 fw-col-sm-3\" >\r\n\r\n\t\r\n\t<div class=\"sh-column-wrapper\">\r\n\t\t\r\n<div class=\"sh-heading  \" id=\"heading-e75b60decf7f628cb1339bb00adb125a\">\r\n\t<div class=\"sh-element-margin\">\r\n\r\n\t\t\r\n\t\t\t<h3 class=\"sh-heading-content size-default text-center\">\r\n\t\t\t\tColocamos-nos \u00e0 prova todos os dias\t\t\t<\/h3>\r\n\r\n\t\t\r\n\t<\/div>\r\n<\/div>\r\n\t<\/div>\r\n\r\n\r\n\t\t\r\n\r\n<\/div>\r\n<\/div>\n\n\t<\/div>\r\n<\/section>\r\n\r\n<section class=\"sh-section sh-section-c4036e6911f151b822bc177656cba25e fw-main-row sh-section-visibility-everywhere\">\r\n\t\r\n\t\r\n\t<div class=\"sh-section-container container\">\r\n\t\t<div class=\"fw-row\">\n\t\r\n<div class=\"sh-column sh-column-dd65da675538e285fb800b4129e30208 fw-col-xs-12\" >\r\n\r\n\t\r\n\t<div class=\"sh-column-wrapper\">\r\n\t\t\r\n<div id=\"text-block-0a15ea672549afa6454c78b63d9136a5\" class=\"sh-text-block\">\r\n\t<p><span style=\"font-size: 30px; color: #000000;\"><strong><span style=\"font-size: 16px;\">ENVIE-NOS A SUA CANDIDATURA<\/span><br \/><\/strong><span style=\"font-size: 16px;\">N\u00e3o hesite em enviar-nos um email informacao@chargeguru.com - Estamos ansiosos para conhec\u00ea-lo!<\/span><\/span><\/p><\/div>\r\n\t<\/div>\r\n\r\n\r\n\t\t\r\n\r\n<\/div>\r\n<\/div>\n\n\t<\/div>\r\n<\/section>\r\n<\/p>\n","protected":false},"excerpt":{"rendered":"<p>PARTICIPE AO DESENVOLVIMENTO DA MOBILIDADE EL\u00c9TRICA Est\u00e1 interessado? Ent\u00e3o est\u00e1 no lugar certo! JUNTAR-SE AGORA \u00c0 EQUIPA CHARGEGURU A ChargeGuru&#8230;<\/p>\n","protected":false},"author":24,"featured_media":0,"parent":0,"menu_order":0,"comment_status":"closed","ping_status":"closed","template":"","meta":{"content-type":""},"yoast_head":"<!-- This site is optimized with the Yoast SEO Premium plugin v20.8 (Yoast SEO v21.3) - https:\/\/yoast.com\/wordpress\/plugins\/seo\/ -->\n<title>ChargeGuru | Carreira<\/title>\n<meta name=\"description\" content=\"Quer participar na passagem para a mobilidade el\u00e9trica? Torne-se num Guru e ajude-nos a tornar a infraestrutura de carregamento para ve\u00edculos el\u00e9tricos simples, sustent\u00e1vel e access\u00edvel.\" \/>\n<meta name=\"robots\" content=\"index, follow, max-snippet:-1, max-image-preview:large, max-video-preview:-1\" \/>\n<link rel=\"canonical\" href=\"https:\/\/chargeguru.com\/pt\/carreira\/\" \/>\n<meta property=\"og:locale\" content=\"en_US\" \/>\n<meta property=\"og:type\" content=\"article\" \/>\n<meta property=\"og:title\" content=\"Career\" \/>\n<meta property=\"og:description\" content=\"Quer participar na passagem para a mobilidade el\u00e9trica? Torne-se num Guru e ajude-nos a tornar a infraestrutura de carregamento para ve\u00edculos el\u00e9tricos simples, sustent\u00e1vel e access\u00edvel.\" \/>\n<meta property=\"og:url\" content=\"https:\/\/chargeguru.com\/pt\/carreira\/\" \/>\n<meta property=\"og:site_name\" content=\"ChargeGuru PT | Instalador de Pontos de Carregamento para Veiculos Eletricos\" \/>\n<meta property=\"article:modified_time\" content=\"2023-01-25T12:11:54+00:00\" \/>\n<meta property=\"og:image\" content=\"https:\/\/chargeguru.com\/pt\/wp-content\/uploads\/sites\/3\/2018\/06\/guru-hero-icon.png\" \/>\n<meta name=\"twitter:card\" content=\"summary_large_image\" \/>\n<meta name=\"twitter:label1\" content=\"Tempo estimado de leitura\" \/>\n\t<meta name=\"twitter:data1\" content=\"3 minutos\" \/>\n<script type=\"application\/ld+json\" class=\"yoast-schema-graph\">{\"@context\":\"https:\/\/schema.org\",\"@graph\":[{\"@type\":\"WebPage\",\"@id\":\"https:\/\/chargeguru.com\/pt\/carreira\/\",\"url\":\"https:\/\/chargeguru.com\/pt\/carreira\/\",\"name\":\"ChargeGuru | Carreira\",\"isPartOf\":{\"@id\":\"https:\/\/chargeguru.com\/pt\/#website\"},\"datePublished\":\"2022-08-10T14:09:59+00:00\",\"dateModified\":\"2023-01-25T12:11:54+00:00\",\"description\":\"Quer participar na passagem para a mobilidade el\u00e9trica? Torne-se num Guru e ajude-nos a tornar a infraestrutura de carregamento para ve\u00edculos el\u00e9tricos simples, sustent\u00e1vel e access\u00edvel.\",\"breadcrumb\":{\"@id\":\"https:\/\/chargeguru.com\/pt\/carreira\/#breadcrumb\"},\"inLanguage\":false,\"potentialAction\":[{\"@type\":\"ReadAction\",\"target\":[\"https:\/\/chargeguru.com\/pt\/carreira\/\"]}]},{\"@type\":\"BreadcrumbList\",\"@id\":\"https:\/\/chargeguru.com\/pt\/carreira\/#breadcrumb\",\"itemListElement\":[{\"@type\":\"ListItem\",\"position\":1,\"name\":\"Home\",\"item\":\"https:\/\/chargeguru.com\/pt\/\"},{\"@type\":\"ListItem\",\"position\":2,\"name\":\"Career\"}]},{\"@type\":\"WebSite\",\"@id\":\"https:\/\/chargeguru.com\/pt\/#website\",\"url\":\"https:\/\/chargeguru.com\/pt\/\",\"name\":\"ChargeGuru PT | Instalador de Pontos de Carregamento para Veiculos Eletricos\",\"description\":\"ChargeGuru PT | Instalador de Pontos de Carregamento par Veiculos El\u00e9tricos\",\"potentialAction\":[{\"@type\":\"SearchAction\",\"target\":{\"@type\":\"EntryPoint\",\"urlTemplate\":\"https:\/\/chargeguru.com\/pt\/?s={search_term_string}\"},\"query-input\":\"required name=search_term_string\"}],\"inLanguage\":false}]}<\/script>\n<!-- \/ Yoast SEO Premium plugin. -->","yoast_head_json":{"title":"ChargeGuru | Carreira","description":"Quer participar na passagem para a mobilidade el\u00e9trica? Torne-se num Guru e ajude-nos a tornar a infraestrutura de carregamento para ve\u00edculos el\u00e9tricos simples, sustent\u00e1vel e access\u00edvel.","robots":{"index":"index","follow":"follow","max-snippet":"max-snippet:-1","max-image-preview":"max-image-preview:large","max-video-preview":"max-video-preview:-1"},"canonical":"https:\/\/chargeguru.com\/pt\/carreira\/","og_locale":"en_US","og_type":"article","og_title":"Career","og_description":"Quer participar na passagem para a mobilidade el\u00e9trica? Torne-se num Guru e ajude-nos a tornar a infraestrutura de carregamento para ve\u00edculos el\u00e9tricos simples, sustent\u00e1vel e access\u00edvel.","og_url":"https:\/\/chargeguru.com\/pt\/carreira\/","og_site_name":"ChargeGuru PT | Instalador de Pontos de Carregamento para Veiculos Eletricos","article_modified_time":"2023-01-25T12:11:54+00:00","og_image":[{"url":"https:\/\/chargeguru.com\/pt\/wp-content\/uploads\/sites\/3\/2018\/06\/guru-hero-icon.png"}],"twitter_card":"summary_large_image","twitter_misc":{"Tempo estimado de leitura":"3 minutos"},"schema":{"@context":"https:\/\/schema.org","@graph":[{"@type":"WebPage","@id":"https:\/\/chargeguru.com\/pt\/carreira\/","url":"https:\/\/chargeguru.com\/pt\/carreira\/","name":"ChargeGuru | Carreira","isPartOf":{"@id":"https:\/\/chargeguru.com\/pt\/#website"},"datePublished":"2022-08-10T14:09:59+00:00","dateModified":"2023-01-25T12:11:54+00:00","description":"Quer participar na passagem para a mobilidade el\u00e9trica? Torne-se num Guru e ajude-nos a tornar a infraestrutura de carregamento para ve\u00edculos el\u00e9tricos simples, sustent\u00e1vel e access\u00edvel.","breadcrumb":{"@id":"https:\/\/chargeguru.com\/pt\/carreira\/#breadcrumb"},"inLanguage":false,"potentialAction":[{"@type":"ReadAction","target":["https:\/\/chargeguru.com\/pt\/carreira\/"]}]},{"@type":"BreadcrumbList","@id":"https:\/\/chargeguru.com\/pt\/carreira\/#breadcrumb","itemListElement":[{"@type":"ListItem","position":1,"name":"Home","item":"https:\/\/chargeguru.com\/pt\/"},{"@type":"ListItem","position":2,"name":"Career"}]},{"@type":"WebSite","@id":"https:\/\/chargeguru.com\/pt\/#website","url":"https:\/\/chargeguru.com\/pt\/","name":"ChargeGuru PT | Instalador de Pontos de Carregamento para Veiculos Eletricos","description":"ChargeGuru PT | Instalador de Pontos de Carregamento par Veiculos El\u00e9tricos","potentialAction":[{"@type":"SearchAction","target":{"@type":"EntryPoint","urlTemplate":"https:\/\/chargeguru.com\/pt\/?s={search_term_string}"},"query-input":"required name=search_term_string"}],"inLanguage":false}]}},"_links":{"self":[{"href":"https:\/\/chargeguru.com\/pt\/wp-json\/wp\/v2\/pages\/11142"}],"collection":[{"href":"https:\/\/chargeguru.com\/pt\/wp-json\/wp\/v2\/pages"}],"about":[{"href":"https:\/\/chargeguru.com\/pt\/wp-json\/wp\/v2\/types\/page"}],"author":[{"embeddable":true,"href":"https:\/\/chargeguru.com\/pt\/wp-json\/wp\/v2\/users\/24"}],"replies":[{"embeddable":true,"href":"https:\/\/chargeguru.com\/pt\/wp-json\/wp\/v2\/comments?post=11142"}],"version-history":[{"count":11,"href":"https:\/\/chargeguru.com\/pt\/wp-json\/wp\/v2\/pages\/11142\/revisions"}],"predecessor-version":[{"id":13600,"href":"https:\/\/chargeguru.com\/pt\/wp-json\/wp\/v2\/pages\/11142\/revisions\/13600"}],"wp:attachment":[{"href":"https:\/\/chargeguru.com\/pt\/wp-json\/wp\/v2\/media?parent=11142"}],"curies":[{"name":"wp","href":"https:\/\/api.w.org\/{rel}","templated":true}]}}