{"id":8914,"date":"2021-07-30T16:02:26","date_gmt":"2021-07-30T14:02:26","guid":{"rendered":"https:\/\/chargeguru.com\/fr\/?page_id=8914"},"modified":"2025-01-09T15:17:16","modified_gmt":"2025-01-09T14:17:16","slug":"porsche-cayenne","status":"publish","type":"page","link":"https:\/\/chargeguru.com\/fr\/vehicule-hybrides\/porsche-cayenne\/","title":{"rendered":"Porsche Cayenne"},"content":{"rendered":"<p>\r\n<section class=\"sh-section sh-section-989cd74da05f108bf30e0fe67bc7aa30 fw-main-row sh-section-visibility-everywhere\">\r\n\t\r\n\t\r\n\t<div class=\"sh-section-container container-fluid\">\r\n\t\t<div class=\"fw-row\">\n\t\r\n<div class=\"sh-column sh-column-e5e29a5a647320a8cb9b818a38ddfcf9 fw-col-xs-12\" >\r\n\r\n\t\r\n\t<div class=\"sh-column-wrapper\">\r\n\t\t\r\n<div class=\"sh-revslider\" id=\"revslider-b224ed4c9dd075b31837e4760ebc0d0f\">\r\n\t<\/div>\r\n\t<\/div>\r\n\r\n\r\n\t\t\r\n\r\n<\/div>\r\n<\/div>\n\n\t<\/div>\r\n<\/section>\r\n\r\n<section class=\"sh-section sh-section-2109c5961b1566f41cb3a2fc10652903 fw-main-row sh-section-visibility-everywhere\">\r\n\t\r\n\t\r\n\t<div class=\"sh-section-container container section-justify-height\">\r\n\t\t<div class=\"fw-row\">\n\t\r\n<div class=\"sh-column sh-column-2d6534c4efcfdfd719aeb43dcd51bb09 fw-col-xs-12 fw-col-sm-6\" >\r\n\r\n\t\r\n\t<div class=\"sh-column-wrapper\">\r\n\t\t\r\n<div id=\"single-image-defe0d46ecacb181e987dc100329643e\" class=\"sh-single-image  \">\r\n\t<div class=\"sh-element-margin\">\r\n\r\n\t\t\r\n\t\t\t<div class=\"sh-single-image-container\">\r\n\t\t\t\t\r\n\t\t\t\t\t\t\t\t\t\t\t\t\t\t\t<a href=\"\/\/chargeguru.com\/wp-content\/uploads\/2018\/06\/recharge-vehicule-1-small.png\" rel=\"lightbox\">\r\n\t\t\t\t\t\r\n\t\t\t\t\t\t\t\t\t\t\t\t\t<img class=\"sh-image-url\" src=\"https:\/\/chargeguru.com\/fr\/wp-content\/uploads\/sites\/4\/2018\/06\/recharge-vehicule-1-small.png\" alt=\"recharge-vehicule-1-small\" \/>\r\n\t\t\t\t\t\t\t\t\t\t\t\t\t\r\n\t\t\t\t\t\t\t\t\t\t\t<\/a>\r\n\t\t\t\t\t\t\t\t\t\r\n\t\t\t\t\t\t\t<\/div>\r\n\r\n\t\t\r\n\t<\/div>\r\n<\/div>\r\n\r\n\r\n\t<div class=\"sh-heading sh-heading-style1\" id=\"heading-dd350060f70fbd68d77e9804475f3bac\">\r\n\t\t<h1 class=\"sh-heading-content size-m\">\r\n\t\t\t<span>VOUS SOUHAITEZ RECHARGER VOTRE PORSCHE CAYENNE ?<\/span>\t\t<\/h1>\r\n\t<\/div>\r\n\r\n\r\n<div id=\"text-block-65eff64511b23353569c18cad262f91d\" class=\"sh-text-block\">\r\n\t<p>Le Porsche Cayenne historiquement thermique, est d\u00e9sormais disponible en plusieurs mod\u00e8les hybrides, baptis\u00e9s E-Hybrid et E-Hybrid Coup\u00e9. En version sportive, le Porsche Cayenne Turbo S E-Hybrid et le Porsche Cayenne Turbo S E-Hybrid Coup\u00e9, affichent une puissance de 680 ch.<\/p><p><strong>Quelle est l'autonomie du Porsche Cayenne hybride ?\u00a0<\/strong><\/p><p>Le Porsche Cayenne E-Hybrid peut parcourir jusqu'\u00e0 48km en tout \u00e9lectrique, gr\u00e2ce \u00e0 une batterie de 17,9 kWh.<\/p><p><strong>Quelle solution pour recharger le Porsche Cayenne ?<\/strong><\/p><p>Le Porsche Cayenne E-Hybrid peut \u00eatre recharg\u00e9e sur une prise renforc\u00e9e avec un chargeur mobile ou sur une borne de recharge avec un c\u00e2ble Type 2. Il est possible de recharger \u00e0 une puissance maximale de 7,2 kW.<\/p><\/div>\r\n\r\n<div id=\"text-block-f8bcd2ccaec6e0bde2106447fffa7459\" class=\"sh-text-block\">\r\n\t<p><a class=\"typeform-share guru-button-small\" href=\"https:\/\/chargeguru.typeform.com\/to\/siCOICjm\" target=\"_blank\" rel=\"noopener\" data-tf-transitive-search-params=\"gclid\" data-transferable-url-parameters=\"gclid\" data-mode=\"popup\" data-hide-headers=\"true\" data-hide-footer=\"true\"><i class=\"fa fa-calculator\"><\/i><span class=\"sh-button-text\">\u00a0Obtenez un devis<\/span><br \/><\/a><\/p><\/div>\r\n\t<\/div>\r\n\r\n\r\n\t\t\r\n\r\n<\/div>\r\n\r\n<div class=\"sh-column sh-column-bdf3f551631177e39b5c7499dfcd8b25 fw-col-xs-12 fw-col-sm-6 sh-column-shadow\" >\r\n\r\n\t\r\n\t<div class=\"sh-column-wrapper\">\r\n\t\t\r\n<div id=\"button-aa6ae33ee74d21bb44e27cb4df4da340\" class=\"sh-button-container  sh-button-style-1\">\r\n\t<div class=\"sh-element-margin\">\r\n\t\t<a href=\"\" target=\"_self\" class=\"sh-button sh-button-xsmall \">\r\n\r\n\t\t\t\r\n\t\t\t\t\t\t\t<span class=\"sh-button-text\">\r\n\t\t\t\t\tVOTRE PORSCHE CAYENNE\t\t\t\t<\/span>\r\n\t\t\t\r\n\t\t\t\r\n\t\t<\/a>\r\n\t\t\t<\/div>\r\n<\/div>\r\n\r\n<div class=\"sh-heading  \" id=\"heading-7f52019aa8e98a37e61671a099b9387d\">\r\n\t<div class=\"sh-element-margin\">\r\n\r\n\t\t\r\n\t\t\t<h2 class=\"sh-heading-content size-s text-left\">\r\n\t\t\t\tAUTONOMIE\t\t\t<\/h2>\r\n\r\n\t\t\r\n\t<\/div>\r\n<\/div>\r\n\r\n<ul class=\"sh-list sh-list-style1\" id=\"list-df4762c44bfcb6f7f79410eae82c0cab\">\r\n\t\t\t<li class=\"sh-list-item\">\r\n\t\t\t<span class=\"sh-list-icon\">\r\n\t\t\t\t<i class=\"fa fa-battery-three-quarters\"><\/i>\r\n\t\t\t<\/span>\r\n\t\t\tAutonomie Porsche Cayenne E-Hybrid : 48 km\t\t<\/li>\r\n\t\t\t<li class=\"sh-list-item\">\r\n\t\t\t<span class=\"sh-list-icon\">\r\n\t\t\t\t<i class=\"fa fa-battery-three-quarters\"><\/i>\r\n\t\t\t<\/span>\r\n\t\t\tAutonomie Porsche Cayenne Turbo S E-Hybrid : 42 km \t\t<\/li>\r\n\t<\/ul>\r\n\r\n<div class=\"sh-heading  \" id=\"heading-76c6de68013843fe003137e2e0b1cc14\">\r\n\t<div class=\"sh-element-margin\">\r\n\r\n\t\t\r\n\t\t\t<h2 class=\"sh-heading-content size-s text-left\">\r\n\t\t\t\tTEMPS DE CHARGE\t\t\t<\/h2>\r\n\r\n\t\t\r\n\t<\/div>\r\n<\/div>\r\n\r\n<ul class=\"sh-list sh-list-style1\" id=\"list-8c3131a3f66ab90274be0820eb0834f5\">\r\n\t\t\t<li class=\"sh-list-item\">\r\n\t\t\t<span class=\"sh-list-icon\">\r\n\t\t\t\t<i class=\"fa fa-plug\"><\/i>\r\n\t\t\t<\/span>\r\n\t\t\tPrise renforc\u00e9e (2,2 kW) : 5 km \/ heure de recharge\t\t<\/li>\r\n\t\t\t<li class=\"sh-list-item\">\r\n\t\t\t<span class=\"sh-list-icon\">\r\n\t\t\t\t<i class=\"fa fa-plug\"><\/i>\r\n\t\t\t<\/span>\r\n\t\t\tBorne de recharge 3,7 kW : 9 km \/ heure de recharge\t\t<\/li>\r\n\t\t\t<li class=\"sh-list-item\">\r\n\t\t\t<span class=\"sh-list-icon\">\r\n\t\t\t\t<i class=\"fa fa-plug\"><\/i>\r\n\t\t\t<\/span>\r\n\t\t\tBorne de recharge 7,4 kW : 19 km \/ heure de recharge\t\t<\/li>\r\n\t<\/ul>\r\n\r\n<div class=\"sh-heading  \" id=\"heading-b64da3872d0481c5cdb952d876c97c3e\">\r\n\t<div class=\"sh-element-margin\">\r\n\r\n\t\t\r\n\t\t\t<h2 class=\"sh-heading-content size-s text-left\">\r\n\t\t\t\tPRIX\t\t\t<\/h2>\r\n\r\n\t\t\r\n\t<\/div>\r\n<\/div>\r\n\r\n<ul class=\"sh-list sh-list-style1\" id=\"list-2490a03d016327a63525ced7c3dfa55d\">\r\n\t\t\t<li class=\"sh-list-item\">\r\n\t\t\t<span class=\"sh-list-icon\">\r\n\t\t\t\t<i class=\"fa fa-eur\"><\/i>\r\n\t\t\t<\/span>\r\n\t\t\tPrix du Porsche Cayenne E-Hybrid : \u00e0 partir de 96 300 \u20ac\t\t<\/li>\r\n\t<\/ul>\r\n\r\n<div id=\"button-43769ed669e4eba65f3db9b6c2834761\" class=\"sh-button-container  sh-button-style-3\">\r\n\t<div class=\"sh-element-margin\">\r\n\t\t<a href=\"https:\/\/chargeguru.com\/fr\/fiches-pratiques\/comment-choisir-borne-de-recharge\/\" target=\"_self\" class=\"sh-button sh-button-medium sh-button-icon-right\">\r\n\r\n\t\t\t\t\t\t\t<span class=\"sh-button-icon\">\r\n\t\t\t\t\t<i class=\"fa fa-angle-double-right\"><\/i>\r\n\t\t\t\t<\/span>\r\n\t\t\t\r\n\t\t\t\t\t\t\t<span class=\"sh-button-text\">\r\n\t\t\t\t\tFiche pratique \u2022\u00a0Trouvez la borne qui vous convient\t\t\t\t<\/span>\r\n\t\t\t\r\n\t\t\t\r\n\t\t<\/a>\r\n\t\t\t<\/div>\r\n<\/div>\r\n\r\n<div id=\"button-e6d892599a3005c4f3999426f5c444d0\" class=\"sh-button-container  sh-button-style-3\">\r\n\t<div class=\"sh-element-margin\">\r\n\t\t<a href=\"#temps-recharge-et-economies\" target=\"_self\" class=\"sh-button sh-button-medium sh-button-icon-right\">\r\n\r\n\t\t\t\t\t\t\t<span class=\"sh-button-icon\">\r\n\t\t\t\t\t<i class=\"fa fa-angle-double-right\"><\/i>\r\n\t\t\t\t<\/span>\r\n\t\t\t\r\n\t\t\t\t\t\t\t<span class=\"sh-button-text\">\r\n\t\t\t\t\tNos simulateurs\t\t\t\t<\/span>\r\n\t\t\t\r\n\t\t\t\r\n\t\t<\/a>\r\n\t\t\t<\/div>\r\n<\/div>\r\n\t<\/div>\r\n\r\n\r\n\t\t\r\n\r\n<\/div>\r\n<\/div>\n\n\t<\/div>\r\n<\/section>\r\n\r\n<section class=\"sh-section sh-section-73510a28661e4cdff383269773dd18ee fw-main-row sh-section-visibility-everywhere\">\r\n\t\r\n\t\r\n\t<div class=\"sh-section-container container section-justify-height\">\r\n\t\t<div class=\"fw-row\">\n\t\r\n<div class=\"sh-column sh-column-a12211418f6a6173229cbf850ce93760 fw-col-xs-12\" >\r\n\r\n\t\r\n\t<div class=\"sh-column-wrapper\">\r\n\t\t\r\n\r\n\t<div class=\"sh-heading sh-heading-style1\" id=\"heading-5a5220dc2f2b72d6d7767d24384942b2\">\r\n\t\t<h3 class=\"sh-heading-content size-l\">\r\n\t\t\t<span style=\"text-align: center;\">LES ETAPES DE VOTRE PROJET<\/span>\t\t<\/h3>\r\n\t<\/div>\r\n\r\n\t<\/div>\r\n\r\n\r\n\t\t\r\n\r\n<\/div>\r\n<\/div>\n\n<div class=\"fw-row\">\n\t\r\n<div class=\"sh-column sh-column-cc9a8162acc3f14b0096f9a7f5c2a26c fw-col-xs-12 fw-col-sm-3\" >\r\n\r\n\t\r\n\t<div class=\"sh-column-wrapper\">\r\n\t\t\r\n<div id=\"single-image-2088d36e0e9f64d97a0a780a3f18339b\" class=\"sh-single-image  \">\r\n\t<div class=\"sh-element-margin\">\r\n\r\n\t\t\r\n\t\t\t<div class=\"sh-single-image-container\">\r\n\t\t\t\t\r\n\t\t\t\t\t\t\t\t\t\r\n\t\t\t\t\t\t\t\t\t\t\t\t\t<img class=\"sh-image-url\" src=\"https:\/\/chargeguru.com\/fr\/wp-content\/uploads\/sites\/4\/2018\/06\/guru-step-1.png\" alt=\"guru-step-1\" \/>\r\n\t\t\t\t\t\t\t\t\t\t\t\t\t\r\n\t\t\t\t\t\t\t\t\t\r\n\t\t\t\t\t\t\t<\/div>\r\n\r\n\t\t\r\n\t<\/div>\r\n<\/div>\r\n\r\n\r\n\t<div class=\"sh-heading sh-heading-style1\" id=\"heading-cdfe22d75ad5d5cc2d85dd9c33b13245\">\r\n\t\t<h4 class=\"sh-heading-content size-m\">\r\n\t\t\t<span style=\"text-align: left;\">1 \u2022 VOTRE PROJET<\/span>\t\t<\/h4>\r\n\t<\/div>\r\n\r\n\r\n<div id=\"text-block-1ee7ffea0659fe86e4922a954bbf8d61\" class=\"sh-text-block\">\r\n\t<p style=\"text-align: left;\">Vous nous expliquez votre besoin et nous vous\u00a0proposons la solution la plus adapt\u00e9e<\/p><\/div>\r\n\t<\/div>\r\n\r\n\r\n\t\t\r\n\r\n<\/div>\r\n\r\n<div class=\"sh-column sh-column-e3abb8c45c015dcefb6d7bead45b046a fw-col-xs-12 fw-col-sm-3\" >\r\n\r\n\t\r\n\t<div class=\"sh-column-wrapper\">\r\n\t\t\r\n<div id=\"single-image-2ac49484e3ee48ab883eeac98de45084\" class=\"sh-single-image  \">\r\n\t<div class=\"sh-element-margin\">\r\n\r\n\t\t\r\n\t\t\t<div class=\"sh-single-image-container\">\r\n\t\t\t\t\r\n\t\t\t\t\t\t\t\t\t\r\n\t\t\t\t\t\t\t\t\t\t\t\t\t<img class=\"sh-image-url\" src=\"https:\/\/chargeguru.com\/fr\/wp-content\/uploads\/sites\/4\/2018\/06\/guru-step-2.png\" alt=\"guru-step-2\" \/>\r\n\t\t\t\t\t\t\t\t\t\t\t\t\t\r\n\t\t\t\t\t\t\t\t\t\r\n\t\t\t\t\t\t\t<\/div>\r\n\r\n\t\t\r\n\t<\/div>\r\n<\/div>\r\n\r\n\r\n\t<div class=\"sh-heading sh-heading-style1\" id=\"heading-85e355d287d707a1129d5a30798e364e\">\r\n\t\t<h4 class=\"sh-heading-content size-m\">\r\n\t\t\t<span style=\"text-align: left;\">2 \u2022 VOTRE DEVIS<\/span>\t\t<\/h4>\r\n\t<\/div>\r\n\r\n\r\n<div id=\"text-block-a218d5154af8408a73a9148a16e6dfa8\" class=\"sh-text-block\">\r\n\t<p style=\"text-align: left;\">Nous\u00a0vous soumettons un ou plusieurs devis pour la solution propos\u00e9e<\/p><\/div>\r\n\t<\/div>\r\n\r\n\r\n\t\t\r\n\r\n<\/div>\r\n\r\n<div class=\"sh-column sh-column-d300b36cf897e2bae023b4abbe721550 fw-col-xs-12 fw-col-sm-3\" >\r\n\r\n\t\r\n\t<div class=\"sh-column-wrapper\">\r\n\t\t\r\n<div id=\"single-image-dc61afc82c400883f3fcb392ba943616\" class=\"sh-single-image  \">\r\n\t<div class=\"sh-element-margin\">\r\n\r\n\t\t\r\n\t\t\t<div class=\"sh-single-image-container\">\r\n\t\t\t\t\r\n\t\t\t\t\t\t\t\t\t\r\n\t\t\t\t\t\t\t\t\t\t\t\t\t<img class=\"sh-image-url\" src=\"https:\/\/chargeguru.com\/fr\/wp-content\/uploads\/sites\/4\/2018\/06\/guru-step-3.png\" alt=\"guru-step-3\" \/>\r\n\t\t\t\t\t\t\t\t\t\t\t\t\t\r\n\t\t\t\t\t\t\t\t\t\r\n\t\t\t\t\t\t\t<\/div>\r\n\r\n\t\t\r\n\t<\/div>\r\n<\/div>\r\n\r\n\r\n\t<div class=\"sh-heading sh-heading-style1\" id=\"heading-241c5ef5d73ef6ef836b477849feb7b7\">\r\n\t\t<h4 class=\"sh-heading-content size-m\">\r\n\t\t\t<span style=\"text-align: left;\">3 \u2022 VOTRE INSTALLATION<\/span>\t\t<\/h4>\r\n\t<\/div>\r\n\r\n\r\n<div id=\"text-block-12dbdf535f58cbaeacf2a824f26dc048\" class=\"sh-text-block\">\r\n\t<p style=\"text-align: left;\">Vous choisissez le devis qui vous convient et nous nous chargeons de l'installation<\/p><\/div>\r\n\t<\/div>\r\n\r\n\r\n\t\t\r\n\r\n<\/div>\r\n\r\n<div class=\"sh-column sh-column-146d552bd829dd8ac14da012e6a7d011 fw-col-xs-12 fw-col-sm-3\" >\r\n\r\n\t\r\n\t<div class=\"sh-column-wrapper\">\r\n\t\t\r\n<div id=\"single-image-484cfe581594a416e375331dcbfe7b01\" class=\"sh-single-image  \">\r\n\t<div class=\"sh-element-margin\">\r\n\r\n\t\t\r\n\t\t\t<div class=\"sh-single-image-container\">\r\n\t\t\t\t\r\n\t\t\t\t\t\t\t\t\t\r\n\t\t\t\t\t\t\t\t\t\t\t\t\t<img class=\"sh-image-url\" src=\"https:\/\/chargeguru.com\/fr\/wp-content\/uploads\/sites\/4\/2018\/06\/guru-contour.png\" alt=\"guru-contour\" \/>\r\n\t\t\t\t\t\t\t\t\t\t\t\t\t\r\n\t\t\t\t\t\t\t\t\t\r\n\t\t\t\t\t\t\t<\/div>\r\n\r\n\t\t\r\n\t<\/div>\r\n<\/div>\r\n\r\n<div id=\"text-block-0e46a3114f9cccc61a71dcbccf0b9699\" class=\"sh-text-block\">\r\n\t<p style=\"text-align: center;\"><a class=\"typeform-share guru-button-small\" href=\"https:\/\/chargeguru.typeform.com\/to\/siCOICjm\" target=\"_blank\" rel=\"noopener\" data-tf-transitive-search-params=\"gclid\" data-transferable-url-parameters=\"gclid\" data-mode=\"popup\" data-hide-headers=\"true\" data-hide-footer=\"true\">Obtenez un devis <i class=\"fa fa-angle-double-right\"><\/i><\/a><\/p><\/div>\r\n\t<\/div>\r\n\r\n\r\n\t\t\r\n\r\n<\/div>\r\n<\/div>\n\n\t<\/div>\r\n<\/section>\r\n\r\n<section class=\"sh-section sh-section-76398918af564206f41e21d745be6993 fw-main-row sh-section-visibility-everywhere\" id=\"temps-recharge-et-economies\">\r\n\t\r\n\t\r\n\t<div class=\"sh-section-container container\">\r\n\t\t<div class=\"fw-row\">\n\t\r\n<div class=\"sh-column sh-column-6f72bf2f127b70ef12d7a5a7d4773411 fw-col-xs-12\" >\r\n\r\n\t\r\n\t<div class=\"sh-column-wrapper\">\r\n\t\t\r\n\r\n\t<div class=\"sh-heading sh-heading-style1\" id=\"heading-98f871ee2adf152482e058765fe4aac0\">\r\n\t\t<h3 class=\"sh-heading-content size-m\">\r\n\t\t\t<span style=\"text-align: center;\">NOS SIMULATEURS<\/span>\t\t<\/h3>\r\n\t<\/div>\r\n\r\n\t<\/div>\r\n\r\n\r\n\t\t\r\n\r\n<\/div>\r\n<\/div>\n\n<div class=\"fw-row\">\n\t\r\n<div class=\"sh-column sh-column-2cf712bdd031607bb6b9539d30ab0d83 fw-col-xs-12 fw-col-sm-6 sh-column-mobile-padding sh-column-shadow sh-animated slideInLeft\" data-wow-duration=\"0.8s\">\r\n\r\n\t\r\n\t<div class=\"sh-column-wrapper\">\r\n\t\t\r\n\r\n\t<div class=\"sh-heading sh-heading-style1\" id=\"heading-303118a3995371bcdce562296f827621\">\r\n\t\t<h4 class=\"sh-heading-content size-m\">\r\n\t\t\t<div class=\"guru-tools\"><div class=\"guru-tools-image\"><img style=\"padding-right: 15px;\" src=\"https:\/\/chargeguru.com\/wp-content\/uploads\/2018\/06\/economies-recharge-vehicule-electrique.png\" alt=\"Combine d'\u00e9conomies allez-vous r\u00e9aliser avec votre v\u00e9hicule \u00e9lectrique ?\" width=\"80\" height=\"90\" \/> <\/div><span>QUELLES ECONOMIES ?<\/span><\/div>\t\t<\/h4>\r\n\t<\/div>\r\n\r\n\r\n<div id=\"text-block-0572446a7a4a3b240c146fe206665a90\" class=\"sh-text-block guru-tools-text\">\r\n\t<p>Avec un v\u00e9hicule \u00e9lectrique, <strong>vous faites des \u00e9conomies<\/strong> au quotidien. <strong>Notre simulateur<\/strong> vous permet d'estimer le montant de ces \u00e9conomies.<\/p><p><a class=\"guru-button-small\" href=\"https:\/\/chargeguru.com\/fr\/simulateurs\/economies-en-voiture-electrique\/\">Evaluez vos \u00e9conomies <i class=\"fa fa-angle-double-right\"><\/i><\/a><\/p><\/div>\r\n\t<\/div>\r\n\r\n\r\n\t\t\r\n\r\n<\/div>\r\n\r\n<div class=\"sh-column sh-column-e4f04c6883076e6dbabf7d183af4eafc fw-col-xs-12 fw-col-sm-6 sh-column-mobile-padding sh-column-shadow sh-animated slideInRight\" data-wow-duration=\"0.8s\">\r\n\r\n\t\r\n\t<div class=\"sh-column-wrapper\">\r\n\t\t\r\n\r\n\t<div class=\"sh-heading sh-heading-style1\" id=\"heading-de8ed97497957131b18b83c80b30bb78\">\r\n\t\t<h4 class=\"sh-heading-content size-m\">\r\n\t\t\t<div class=\"guru-tools\"><div class=\"guru-tools-image\"><img style=\"padding-right: 15px;\" src=\"https:\/\/chargeguru.com\/wp-content\/uploads\/2018\/06\/choisir-puissance-borne-recharge.png\" alt=\"Combien d'\u00e9conomies allez-vous r\u00e9aliser avec votre v\u00e9hicule \u00e9lectrique ?\" \/><\/div><span>MON TEMPS DE RECHARGE ?<\/span><\/div>\t\t<\/h4>\r\n\t<\/div>\r\n\r\n\r\n<div id=\"text-block-dd9f9454b9a11bef0deeadccf5162e99\" class=\"sh-text-block\">\r\n\t<p>Le temps de charge d\u00e9pend de <strong>l'autonomie \u00e0 recharger<\/strong> quotidiennement et de <strong>la puissance de la borne<\/strong>. Notre simulateur vous permet de faire le bon choix !<\/p><p><a class=\"guru-button-small\" href=\"https:\/\/chargeguru.com\/fr\/simulateurs\/temps-de-recharge-voiture-electrique\/\">Evaluez votre temps de charge <i class=\"fa fa-angle-double-right\"><\/i><\/a><\/p><\/div>\r\n\t<\/div>\r\n\r\n\r\n\t\t\r\n\r\n<\/div>\r\n<\/div>\n\n\t<\/div>\r\n<\/section>\r\n\r\n<section class=\"sh-section sh-section-3a6f33a2e3dd3b989fd9f7997959e109 fw-main-row sh-section-visibility-everywhere\">\r\n\t\r\n\t\r\n\t<div class=\"sh-section-container container section-justify-height\">\r\n\t\t<div class=\"fw-row\">\n\t\r\n<div class=\"sh-column sh-column-a1d504aece89835ab1418360632a15e6 fw-col-xs-12 fw-col-sm-8\" >\r\n\r\n\t\r\n\t<div class=\"sh-column-wrapper\">\r\n\t\t\r\n\r\n\t<div class=\"sh-heading sh-heading-style1\" id=\"heading-09718ee15ad5a4b5dbd6171f0d45deb3\">\r\n\t\t<h5 class=\"sh-heading-content size-l\">\r\n\t\t\t<span>Expliquez-nous votre projet<\/span>\t\t<\/h5>\r\n\t<\/div>\r\n\r\n\r\n<div id=\"text-block-edea1f38ef22c8c678ac159d38cf9be5\" class=\"sh-text-block\">\r\n\t<p>Nous nous occupons du reste !<\/p><\/div>\r\n\t<\/div>\r\n\r\n\r\n\t\t\r\n\r\n<\/div>\r\n\r\n<div class=\"sh-column sh-column-e0407d65dcc532b8054baf16b2e7220f fw-col-xs-12 fw-col-sm-4 guru-translate\" >\r\n\r\n\t\r\n\t<div class=\"sh-column-wrapper\">\r\n\t\t\r\n<div id=\"text-block-00a2efda8d10a7621999c47385c0427c\" class=\"sh-text-block\">\r\n\t<p><a class=\"typeform-share guru-button-large\" href=\"https:\/\/chargeguru.typeform.com\/to\/siCOICjm\" target=\"_blank\" rel=\"noopener\" data-tf-transitive-search-params=\"gclid\" data-transferable-url-parameters=\"gclid\" data-mode=\"popup\" data-hide-headers=\"true\" data-hide-footer=\"true\">OBTENEZ UN DEVIS<\/a><\/p><\/div>\r\n\t<\/div>\r\n\r\n\r\n\t\t\r\n\r\n<\/div>\r\n<\/div>\n\n\t<\/div>\r\n<\/section>\r\n<\/p>\n","protected":false},"excerpt":{"rendered":"<p>VOUS SOUHAITEZ RECHARGER VOTRE PORSCHE CAYENNE ? Le Porsche Cayenne historiquement thermique, est d\u00e9sormais disponible en plusieurs mod\u00e8les hybrides, baptis\u00e9s&#8230;<\/p>\n","protected":false},"author":13,"featured_media":0,"parent":1457,"menu_order":0,"comment_status":"closed","ping_status":"closed","template":"","meta":{"content-type":""},"yoast_head":"<!-- This site is optimized with the Yoast SEO Premium plugin v20.8 (Yoast SEO v21.3) - https:\/\/yoast.com\/wordpress\/plugins\/seo\/ -->\n<title>Porsche Cayenne PHEV : Recharge et Autonomie<\/title>\n<meta name=\"description\" content=\"D\u00e9couvrez les solutions de recharge pour la Porsche Cayenne PHEV et profitez des avantages de l&#039;hybride rechargeable pour une conduite plus \u00e9cologique.\" \/>\n<meta name=\"robots\" content=\"index, follow, max-snippet:-1, max-image-preview:large, max-video-preview:-1\" \/>\n<link rel=\"canonical\" href=\"https:\/\/chargeguru.com\/fr\/vehicule-hybrides\/porsche-cayenne\/\" \/>\n<meta property=\"og:locale\" content=\"fr_FR\" \/>\n<meta property=\"og:type\" content=\"article\" \/>\n<meta property=\"og:title\" content=\"Porsche Cayenne\" \/>\n<meta property=\"og:description\" content=\"D\u00e9couvrez les solutions de recharge pour la Porsche Cayenne PHEV et profitez des avantages de l&#039;hybride rechargeable pour une conduite plus \u00e9cologique.\" \/>\n<meta property=\"og:url\" content=\"https:\/\/chargeguru.com\/fr\/vehicule-hybrides\/porsche-cayenne\/\" \/>\n<meta property=\"og:site_name\" content=\"ChargeGuru FR | Installateur de Bornes de Recharge pour V\u00e9hicule Electrique\" \/>\n<meta property=\"article:modified_time\" content=\"2025-01-09T14:17:16+00:00\" \/>\n<meta property=\"og:image\" content=\"https:\/\/chargeguru.com\/fr\/wp-content\/uploads\/sites\/4\/2018\/06\/recharge-vehicule-1-small.png\" \/>\n<meta name=\"twitter:card\" content=\"summary_large_image\" \/>\n<meta name=\"twitter:label1\" content=\"Dur\u00e9e de lecture estim\u00e9e\" \/>\n\t<meta name=\"twitter:data1\" content=\"2 minutes\" \/>\n<script type=\"application\/ld+json\" class=\"yoast-schema-graph\">{\"@context\":\"https:\/\/schema.org\",\"@graph\":[{\"@type\":\"WebPage\",\"@id\":\"https:\/\/chargeguru.com\/fr\/vehicule-hybrides\/porsche-cayenne\/\",\"url\":\"https:\/\/chargeguru.com\/fr\/vehicule-hybrides\/porsche-cayenne\/\",\"name\":\"Porsche Cayenne PHEV : Recharge et Autonomie\",\"isPartOf\":{\"@id\":\"https:\/\/chargeguru.com\/fr\/#website\"},\"datePublished\":\"2021-07-30T14:02:26+00:00\",\"dateModified\":\"2025-01-09T14:17:16+00:00\",\"description\":\"D\u00e9couvrez les solutions de recharge pour la Porsche Cayenne PHEV et profitez des avantages de l'hybride rechargeable pour une conduite plus \u00e9cologique.\",\"breadcrumb\":{\"@id\":\"https:\/\/chargeguru.com\/fr\/vehicule-hybrides\/porsche-cayenne\/#breadcrumb\"},\"inLanguage\":false,\"potentialAction\":[{\"@type\":\"ReadAction\",\"target\":[\"https:\/\/chargeguru.com\/fr\/vehicule-hybrides\/porsche-cayenne\/\"]}]},{\"@type\":\"BreadcrumbList\",\"@id\":\"https:\/\/chargeguru.com\/fr\/vehicule-hybrides\/porsche-cayenne\/#breadcrumb\",\"itemListElement\":[{\"@type\":\"ListItem\",\"position\":1,\"name\":\"Home\",\"item\":\"https:\/\/chargeguru.com\/fr\/\"},{\"@type\":\"ListItem\",\"position\":2,\"name\":\"V\u00e9hicule hybride rechargeable\",\"item\":\"https:\/\/chargeguru.com\/fr\/vehicule-hybrides\/\"},{\"@type\":\"ListItem\",\"position\":3,\"name\":\"Porsche Cayenne\"}]},{\"@type\":\"WebSite\",\"@id\":\"https:\/\/chargeguru.com\/fr\/#website\",\"url\":\"https:\/\/chargeguru.com\/fr\/\",\"name\":\"ChargeGuru FR | Installateur de Bornes de Recharge pour V\u00e9hicule Electrique\",\"description\":\"Leader de l&#039;installation de bornes de recharge pour v\u00e9hicules \u00e9lectriques et hybrides\",\"potentialAction\":[{\"@type\":\"SearchAction\",\"target\":{\"@type\":\"EntryPoint\",\"urlTemplate\":\"https:\/\/chargeguru.com\/fr\/?s={search_term_string}\"},\"query-input\":\"required name=search_term_string\"}],\"inLanguage\":false}]}<\/script>\n<!-- \/ Yoast SEO Premium plugin. -->","yoast_head_json":{"title":"Porsche Cayenne PHEV : Recharge et Autonomie","description":"D\u00e9couvrez les solutions de recharge pour la Porsche Cayenne PHEV et profitez des avantages de l'hybride rechargeable pour une conduite plus \u00e9cologique.","robots":{"index":"index","follow":"follow","max-snippet":"max-snippet:-1","max-image-preview":"max-image-preview:large","max-video-preview":"max-video-preview:-1"},"canonical":"https:\/\/chargeguru.com\/fr\/vehicule-hybrides\/porsche-cayenne\/","og_locale":"fr_FR","og_type":"article","og_title":"Porsche Cayenne","og_description":"D\u00e9couvrez les solutions de recharge pour la Porsche Cayenne PHEV et profitez des avantages de l'hybride rechargeable pour une conduite plus \u00e9cologique.","og_url":"https:\/\/chargeguru.com\/fr\/vehicule-hybrides\/porsche-cayenne\/","og_site_name":"ChargeGuru FR | Installateur de Bornes de Recharge pour V\u00e9hicule Electrique","article_modified_time":"2025-01-09T14:17:16+00:00","og_image":[{"url":"https:\/\/chargeguru.com\/fr\/wp-content\/uploads\/sites\/4\/2018\/06\/recharge-vehicule-1-small.png"}],"twitter_card":"summary_large_image","twitter_misc":{"Dur\u00e9e de lecture estim\u00e9e":"2 minutes"},"schema":{"@context":"https:\/\/schema.org","@graph":[{"@type":"WebPage","@id":"https:\/\/chargeguru.com\/fr\/vehicule-hybrides\/porsche-cayenne\/","url":"https:\/\/chargeguru.com\/fr\/vehicule-hybrides\/porsche-cayenne\/","name":"Porsche Cayenne PHEV : Recharge et Autonomie","isPartOf":{"@id":"https:\/\/chargeguru.com\/fr\/#website"},"datePublished":"2021-07-30T14:02:26+00:00","dateModified":"2025-01-09T14:17:16+00:00","description":"D\u00e9couvrez les solutions de recharge pour la Porsche Cayenne PHEV et profitez des avantages de l'hybride rechargeable pour une conduite plus \u00e9cologique.","breadcrumb":{"@id":"https:\/\/chargeguru.com\/fr\/vehicule-hybrides\/porsche-cayenne\/#breadcrumb"},"inLanguage":false,"potentialAction":[{"@type":"ReadAction","target":["https:\/\/chargeguru.com\/fr\/vehicule-hybrides\/porsche-cayenne\/"]}]},{"@type":"BreadcrumbList","@id":"https:\/\/chargeguru.com\/fr\/vehicule-hybrides\/porsche-cayenne\/#breadcrumb","itemListElement":[{"@type":"ListItem","position":1,"name":"Home","item":"https:\/\/chargeguru.com\/fr\/"},{"@type":"ListItem","position":2,"name":"V\u00e9hicule hybride rechargeable","item":"https:\/\/chargeguru.com\/fr\/vehicule-hybrides\/"},{"@type":"ListItem","position":3,"name":"Porsche Cayenne"}]},{"@type":"WebSite","@id":"https:\/\/chargeguru.com\/fr\/#website","url":"https:\/\/chargeguru.com\/fr\/","name":"ChargeGuru FR | Installateur de Bornes de Recharge pour V\u00e9hicule Electrique","description":"Leader de l&#039;installation de bornes de recharge pour v\u00e9hicules \u00e9lectriques et hybrides","potentialAction":[{"@type":"SearchAction","target":{"@type":"EntryPoint","urlTemplate":"https:\/\/chargeguru.com\/fr\/?s={search_term_string}"},"query-input":"required name=search_term_string"}],"inLanguage":false}]}},"_links":{"self":[{"href":"https:\/\/chargeguru.com\/fr\/wp-json\/wp\/v2\/pages\/8914"}],"collection":[{"href":"https:\/\/chargeguru.com\/fr\/wp-json\/wp\/v2\/pages"}],"about":[{"href":"https:\/\/chargeguru.com\/fr\/wp-json\/wp\/v2\/types\/page"}],"author":[{"embeddable":true,"href":"https:\/\/chargeguru.com\/fr\/wp-json\/wp\/v2\/users\/13"}],"replies":[{"embeddable":true,"href":"https:\/\/chargeguru.com\/fr\/wp-json\/wp\/v2\/comments?post=8914"}],"version-history":[{"count":10,"href":"https:\/\/chargeguru.com\/fr\/wp-json\/wp\/v2\/pages\/8914\/revisions"}],"predecessor-version":[{"id":22820,"href":"https:\/\/chargeguru.com\/fr\/wp-json\/wp\/v2\/pages\/8914\/revisions\/22820"}],"up":[{"embeddable":true,"href":"https:\/\/chargeguru.com\/fr\/wp-json\/wp\/v2\/pages\/1457"}],"wp:attachment":[{"href":"https:\/\/chargeguru.com\/fr\/wp-json\/wp\/v2\/media?parent=8914"}],"curies":[{"name":"wp","href":"https:\/\/api.w.org\/{rel}","templated":true}]}}