{"id":22187,"date":"2024-07-10T10:27:30","date_gmt":"2024-07-10T08:27:30","guid":{"rendered":"https:\/\/chargeguru.com\/fr\/?page_id=22187"},"modified":"2025-01-09T14:58:57","modified_gmt":"2025-01-09T13:58:57","slug":"utilitaire-citroen-e-jumper","status":"publish","type":"page","link":"https:\/\/chargeguru.com\/fr\/utilitaires-electriques\/utilitaire-citroen-e-jumper\/","title":{"rendered":"Utilitaire &#8211; Citro\u00ebn \u00eb-Jumper"},"content":{"rendered":"<p>\r\n<section class=\"sh-section sh-section-c8e8a02fecbbeae64d45cbde69f93a86 fw-main-row sh-section-visibility-everywhere\">\r\n\t\r\n\t\r\n\t<div class=\"sh-section-container container\">\r\n\t\t<div class=\"fw-row\">\n\t\r\n<div class=\"sh-column sh-column-9e99c8942534bd93a50210244fbedca3 fw-col-xs-12\" >\r\n\r\n\t\r\n\t<div class=\"sh-column-wrapper\">\r\n\t\t\r\n<div class=\"sh-revslider\" id=\"revslider-b224ed4c9dd075b31837e4760ebc0d0f\">\r\n\t\n\t\t\t<!-- START Utilitaire  Citro\u00ebn \u00ebJumper REVOLUTION SLIDER 6.7.37 --><p class=\"rs-p-wp-fix\"><\/p>\n\t\t\t<rs-module-wrap id=\"rev_slider_313_1_wrapper\" data-source=\"gallery\" style=\"visibility:hidden;background:transparent;padding:0;margin:0px auto;margin-top:0;margin-bottom:0;\">\n\t\t\t\t<rs-module id=\"rev_slider_313_1\" style=\"\" data-version=\"6.7.37\">\n\t\t\t\t\t<rs-slides style=\"overflow: hidden; position: absolute;\">\n\t\t\t\t\t\t<rs-slide style=\"position: absolute;\" data-key=\"rs-316\" data-title=\"Slide\" data-duration=\"9000\" data-anim=\"adpr:false;ms:0ms;\" data-in=\"o:1;\" data-out=\"a:false;\">\n\t\t\t\t\t\t\t<img src=\"\/\/chargeguru.com\/fr\/wp-content\/plugins\/revslider\/sr6\/assets\/assets\/dummy.png\" alt=\"Slide\" title=\"hhhh\" width=\"5334\" height=\"2293\" class=\"rev-slidebg tp-rs-img rs-lazyload\" data-lazyload=\"\/\/chargeguru.com\/fr\/wp-content\/plugins\/revslider\/sr6\/assets\/assets\/transparent.png\" data-bg=\"c:rgba(255,255,255,0);\" data-no-retina>\n<!--\n\t\t\t\t\t\t\t--><rs-layer\n\t\t\t\t\t\t\t\tid=\"slider-313-slide-316-layer-1\" \n\t\t\t\t\t\t\t\tdata-type=\"image\"\n\t\t\t\t\t\t\t\tdata-rsp_ch=\"on\"\n\t\t\t\t\t\t\t\tdata-xy=\"x:l,l,l,c;xo:663px,663px,663px,0;y:m,m,m,t;yo:-36px,-36px,-36px,116px;\"\n\t\t\t\t\t\t\t\tdata-text=\"l:22;a:inherit;\"\n\t\t\t\t\t\t\t\tdata-dim=\"w:569px,569px,569px,384px;h:436px,436px,436px,294px;\"\n\t\t\t\t\t\t\t\tdata-frame_0=\"sX:0.9;sY:0.9;\"\n\t\t\t\t\t\t\t\tdata-frame_1=\"st:150;sp:1000;sR:150;\"\n\t\t\t\t\t\t\t\tdata-frame_999=\"e:nothing;st:w;sR:7850;\"\n\t\t\t\t\t\t\t\tstyle=\"z-index:6;background-color:rgba(255,255,255,0);\"\n\t\t\t\t\t\t\t><img src=\"\/\/chargeguru.com\/fr\/wp-content\/plugins\/revslider\/sr6\/assets\/assets\/dummy.png\" alt=\"\" class=\"tp-rs-img rs-lazyload\" width=\"700\" height=\"536\" data-lazyload=\"\/\/chargeguru.com\/fr\/wp-content\/uploads\/sites\/4\/2024\/07\/Jumper.png\" data-no-retina> \n\t\t\t\t\t\t\t<\/rs-layer><!--\n\n\t\t\t\t\t\t\t--><rs-layer\n\t\t\t\t\t\t\t\tid=\"slider-313-slide-316-layer-3\" \n\t\t\t\t\t\t\t\tdata-type=\"text\"\n\t\t\t\t\t\t\t\tdata-color=\"#1b2a50\"\n\t\t\t\t\t\t\t\tdata-rsp_ch=\"on\"\n\t\t\t\t\t\t\t\tdata-xy=\"x:l,l,l,c;xo:56px,56px,56px,0;yo:154px,154px,154px,36px;\"\n\t\t\t\t\t\t\t\tdata-text=\"w:normal,normal,normal,normal;s:38,38,38,35;l:22,22,22,36;fw:700;a:left,left,left,center;\"\n\t\t\t\t\t\t\t\tdata-dim=\"w:704px,704px,704px,373px;h:26px,26px,26px,auto;\"\n\t\t\t\t\t\t\t\tdata-frame_1=\"st:300;sR:300;\"\n\t\t\t\t\t\t\t\tdata-frame_999=\"o:0;st:w;sR:8400;\"\n\t\t\t\t\t\t\t\tstyle=\"z-index:7;font-family:'Raleway';\"\n\t\t\t\t\t\t\t>D\u00e9couvrez le Citro\u00ebn  \n\t\t\t\t\t\t\t<\/rs-layer><!--\n\n\t\t\t\t\t\t\t--><rs-layer\n\t\t\t\t\t\t\t\tid=\"slider-313-slide-316-layer-4\" \n\t\t\t\t\t\t\t\tdata-type=\"text\"\n\t\t\t\t\t\t\t\tdata-color=\"#00f4cd\"\n\t\t\t\t\t\t\t\tdata-rsp_ch=\"on\"\n\t\t\t\t\t\t\t\tdata-xy=\"x:l,l,l,c;xo:449px,449px,449px,0;yo:154px,154px,154px,72px;\"\n\t\t\t\t\t\t\t\tdata-text=\"w:normal,normal,normal,normal;s:38,38,38,35;l:22,22,22,36;fw:700;a:left,left,left,center;\"\n\t\t\t\t\t\t\t\tdata-dim=\"w:259px,259px,259px,454px;h:26px,26px,26px,auto;\"\n\t\t\t\t\t\t\t\tdata-frame_1=\"st:300;sR:300;\"\n\t\t\t\t\t\t\t\tdata-frame_999=\"o:0;st:w;sR:8400;\"\n\t\t\t\t\t\t\t\tstyle=\"z-index:7;font-family:'Raleway';\"\n\t\t\t\t\t\t\t>\u00eb-Jumper \n\t\t\t\t\t\t\t<\/rs-layer><!--\n\n\t\t\t\t\t\t\t--><p\n\t\t\t\t\t\t\t\tid=\"slider-313-slide-316-layer-5\" \n\t\t\t\t\t\t\t\tclass=\"rs-layer\"\n\t\t\t\t\t\t\t\tdata-type=\"text\"\n\t\t\t\t\t\t\t\tdata-color=\"rgba(27, 42, 80, 0.8)\"\n\t\t\t\t\t\t\t\tdata-rsp_ch=\"on\"\n\t\t\t\t\t\t\t\tdata-xy=\"x:l,l,l,c;xo:56px,56px,56px,0;yo:231px,231px,231px,442px;\"\n\t\t\t\t\t\t\t\tdata-text=\"w:normal,normal,normal,normal;s:18,18,18,20;l:30;fw:700;a:left,left,left,center;\"\n\t\t\t\t\t\t\t\tdata-dim=\"w:518px,518px,518px,419px;\"\n\t\t\t\t\t\t\t\tdata-frame_0=\"o:1;\"\n\t\t\t\t\t\t\t\tdata-frame_1=\"st:600;sR:600;\"\n\t\t\t\t\t\t\t\tdata-frame_999=\"st:w;sR:8100;\"\n\t\t\t\t\t\t\t\tstyle=\"z-index:8;font-family:'Raleway';\"\n\t\t\t\t\t\t\t>\u00c0 la recherche d'une solution de recharge ? ChargeGuru vous accompagne pour identifier et installer la solution la plus adapt\u00e9e \u00e0 votre besoin ! \n\t\t\t\t\t\t\t<\/p><!--\n\n\t\t\t\t\t\t\t--><a\n\t\t\t\t\t\t\t\tid=\"slider-313-slide-316-layer-7\" \n\t\t\t\t\t\t\t\tclass=\"rs-layer rev-btn rev-hiddenicon\"\n\t\t\t\t\t\t\t\thref=\"https:\/\/chargeguru.typeform.com\/to\/SYGjwz\" target=\"_self\"\n\t\t\t\t\t\t\t\tdata-type=\"button\"\n\t\t\t\t\t\t\t\tdata-color=\"#1b2a50\"\n\t\t\t\t\t\t\t\tdata-rsp_ch=\"on\"\n\t\t\t\t\t\t\t\tdata-xy=\"x:l,l,l,c;xo:57px,57px,57px,0;yo:374px,374px,374px,608px;\"\n\t\t\t\t\t\t\t\tdata-text=\"w:normal;l:24,24,24,32;ls:1px,1px,1px,0px;fw:700;\"\n\t\t\t\t\t\t\t\tdata-dim=\"minh:0,0,0,none;\"\n\t\t\t\t\t\t\t\tdata-padding=\"t:15,15,15,24;r:43,43,43,62;b:15,15,15,24;l:43,43,43,62;\"\n\t\t\t\t\t\t\t\tdata-border=\"bor:200px,200px,200px,200px;\"\n\t\t\t\t\t\t\t\tdata-frame_0=\"x:-60px,-60px,-60px,-86px;\"\n\t\t\t\t\t\t\t\tdata-frame_1=\"st:150;sp:1000;sR:150;\"\n\t\t\t\t\t\t\t\tdata-frame_999=\"o:0;st:w;sR:7850;\"\n\t\t\t\t\t\t\t\tdata-frame_hover=\"c:#00f4cd;bgc:#1b2a50;bor:200px,200px,200px,200px;sp:200;\"\n\t\t\t\t\t\t\t\tstyle=\"z-index:9;background-color:rgba(0,244,205,0.75);font-family:'Raleway';\"\n\t\t\t\t\t\t\t>Installer une borne de recharge \n\t\t\t\t\t\t\t<\/a><!--\n\n\t\t\t\t\t\t\t--><h1\n\t\t\t\t\t\t\t\tid=\"slider-313-slide-316-layer-8\" \n\t\t\t\t\t\t\t\tclass=\"rs-layer\"\n\t\t\t\t\t\t\t\tdata-type=\"text\"\n\t\t\t\t\t\t\t\tdata-color=\"rgba(27, 42, 80, 0)\"\n\t\t\t\t\t\t\t\tdata-rsp_ch=\"on\"\n\t\t\t\t\t\t\t\tdata-xy=\"x:l,l,l,c;xo:60px,60px,60px,0;yo:176px,176px,176px,37px;\"\n\t\t\t\t\t\t\t\tdata-text=\"w:normal,normal,normal,normal;s:38,38,38,35;l:22,22,22,36;fw:700;a:left,left,left,center;\"\n\t\t\t\t\t\t\t\tdata-dim=\"w:704px,704px,704px,454px;h:26px,26px,26px,auto;\"\n\t\t\t\t\t\t\t\tdata-frame_1=\"st:300;sR:300;\"\n\t\t\t\t\t\t\t\tdata-frame_999=\"o:0;st:w;sR:8400;\"\n\t\t\t\t\t\t\t\tstyle=\"z-index:7;font-family:'Raleway';\"\n\t\t\t\t\t\t\t>D\u00e9couvrez le Citro\u00ebn \u00eb-Jumper \n\t\t\t\t\t\t\t<\/h1><!--\n-->\t\t\t\t\t<\/rs-slide>\n\t\t\t\t\t<\/rs-slides>\n\t\t\t\t<\/rs-module>\n\t\t\t\t<script>\n\t\t\t\t\tsetREVStartSize({c: 'rev_slider_313_1',rl:[1240,1240,1240,480],el:[630,630,630,720],gw:[1280,1280,1280,480],gh:[630,630,630,720],type:'hero',justify:'',layout:'fullwidth',mh:\"0\"});if (window.RS_MODULES!==undefined && window.RS_MODULES.modules!==undefined && window.RS_MODULES.modules[\"revslider3131\"]!==undefined) {window.RS_MODULES.modules[\"revslider3131\"].once = false;window.revapi313 = undefined;if (window.RS_MODULES.checkMinimal!==undefined) window.RS_MODULES.checkMinimal()}\n\t\t\t\t<\/script>\n\t\t\t<\/rs-module-wrap>\n\t\t\t<!-- END REVOLUTION SLIDER -->\n<\/div>\r\n\t<\/div>\r\n\r\n\r\n\t\t\r\n\r\n<\/div>\r\n<\/div>\n\n\t<\/div>\r\n<\/section>\r\n\r\n<section class=\"sh-section sh-section-3cc386b719270a8def55cfc16eec0e87 fw-main-row sh-section-visibility-everywhere\">\r\n\t\r\n\t\r\n\t<div class=\"sh-section-container container\">\r\n\t\t<div class=\"fw-row\">\n\t\r\n<div class=\"sh-column sh-column-2d6534c4efcfdfd719aeb43dcd51bb09 fw-col-xs-12 fw-col-sm-6 sh-column-mobile-padding\" >\r\n\r\n\t\r\n\t<div class=\"sh-column-wrapper\">\r\n\t\t\r\n<div class=\"sh-heading  \" id=\"heading-1d77d05204b6edb36737cc7e66ed5b83\">\r\n\t<div class=\"sh-element-margin\">\r\n\r\n\t\t\r\n\t\t\t<h2 class=\"sh-heading-content size-l text-left\">\r\n\t\t\t\tLes infos du Citro\u00ebn \u00eb-Jumper\t\t\t<\/h2>\r\n\r\n\t\t\r\n\t<\/div>\r\n<\/div>\r\n\r\n<div id=\"text-block-d4189c480973494a8f3785a7ab71c16a\" class=\"sh-text-block\">\r\n\t<p>Citro\u00ebn \u00eb-Jumper \u00c9lectrique combine toutes les qualit\u00e9s de la version thermique en termes de confort, de volume et de charge utile avec les avantages de la motorisation \u00e9lectrique.<\/p><\/div>\r\n\r\n<div class=\"sh-heading  \" id=\"heading-7b44c1581f7bd84868f1d0d91a272c86\">\r\n\t<div class=\"sh-element-margin\">\r\n\r\n\t\t\r\n\t\t\t<h3 class=\"sh-heading-content size-m text-left\">\r\n\t\t\t\tQuelle motorisation ?\t\t\t<\/h3>\r\n\r\n\t\t\r\n\t<\/div>\r\n<\/div>\r\n\r\n<div id=\"text-block-7fc49eaddb3f62a3c465e2859dbf78dc\" class=\"sh-text-block\">\r\n\t<p>Identique quelle que soit la version, la motorisation du Citro\u00ebn \u00eb-Jumper cumule 120 chevaux de puissance (96 kW) et 260 Nm de couple. En mati\u00e8re de vitesse de pointe, le constructeur annonce une pointe \u00e0 110 km\/h pour les mod\u00e8les 3.5 tonnes et \u00e0 90 km\/h pour les 4 tonnes.<\/p><\/div>\r\n\r\n<div class=\"sh-heading  \" id=\"heading-a1c957723bbeade30eecad1f44e27491\">\r\n\t<div class=\"sh-element-margin\">\r\n\r\n\t\t\r\n\t\t\t<h3 class=\"sh-heading-content size-m text-left\">\r\n\t\t\t\tEt sur l'autonomie et la batterie ?\t\t\t<\/h3>\r\n\r\n\t\t\r\n\t<\/div>\r\n<\/div>\r\n\r\n<div id=\"text-block-29e1c002cd0504f2dd54b1910bc5111e\" class=\"sh-text-block\">\r\n\t<p>Comme son \u00e9quivalent chez Peugeot, le Citro\u00ebn \u00eb-Jumper est propos\u00e9 avec deux configurations batteries. En <strong>37 kWh, jusqu\u2019\u00e0 200 kilom\u00e8tres d\u2019autonomie<\/strong> en une seule charge tandis que la seconde, <strong>en 70 kWh, jusqu'\u00e0 \u00e0 340 kilom\u00e8tres.<\/strong><\/p><p>L\u2019utilitaire \u00e9lectrique de Citro\u00ebn affiche une excellente polyvalence. Il dispose d\u2019un chargeur embarqu\u00e9 tol\u00e9rant jusqu\u2019\u00e0 22 kW de puissance (AC). Sous r\u00e9serve de disposer de la borne de recharge adapt\u00e9e, cela permet une recharge compl\u00e8te en 2h30 environ pour le petit pack et en pr\u00e8s de 4 heures pour le gros.<\/p><\/div>\r\n\t<\/div>\r\n\r\n\r\n\t\t\r\n\r\n<\/div>\r\n\r\n<div class=\"sh-column sh-column-bdf3f551631177e39b5c7499dfcd8b25 fw-col-xs-12 fw-col-sm-6 sh-column-mobile-padding sh-column-shadow\" >\r\n\r\n\t\r\n\t<div class=\"sh-column-wrapper\">\r\n\t\t\r\n<div class=\"sh-heading  \" id=\"heading-7f52019aa8e98a37e61671a099b9387d\">\r\n\t<div class=\"sh-element-margin\">\r\n\r\n\t\t\r\n\t\t\t<h3 class=\"sh-heading-content size-l text-center\">\r\n\t\t\t\tQuelle solution de recharge ?\t\t\t<\/h3>\r\n\r\n\t\t\r\n\t<\/div>\r\n<\/div>\r\n\r\n<div id=\"text-block-1dff6ef4c89c35300c764a8c879e66e4\" class=\"sh-text-block\">\r\n\t<p>ChargeGuru vous recommande une borne de recharge AC triphas\u00e9 de 11 kW pour \u00e0 la fois la maison et le travail. Cette solution offre un bon \u00e9quilibre entre vitesse de recharge et compatibilit\u00e9 avec l'installation \u00e9lectrique standard. Si vous v\u00e9hicule est un outil de travail, il se doit d'\u00eatre recharger rapidement avec une bonne puissance.<\/p><\/div>\r\n\r\n<div class=\"sh-heading  \" id=\"heading-d6929184bf5940cd8613e5dadf86b1ac\">\r\n\t<div class=\"sh-element-margin\">\r\n\r\n\t\t\r\n\t\t\t<h3 class=\"sh-heading-content size-m text-left\">\r\n\t\t\t\tRecharge moyenne de la batterie de 20 \u00e0 80% (mod\u00e8le de puissance 37 kWh)\t\t\t<\/h3>\r\n\r\n\t\t\r\n\t<\/div>\r\n<\/div>\r\n\r\n<ul class=\"sh-list sh-list-style1\" id=\"list-cb568ccb00257a62b5e880e603479af3\">\r\n\t\t\t<li class=\"sh-list-item\">\r\n\t\t\t<span class=\"sh-list-icon\">\r\n\t\t\t\t<i class=\"fa fa-plug\"><\/i>\r\n\t\t\t<\/span>\r\n\t\t\tBorne de recharge 3,7 kW : 06h03min\t\t<\/li>\r\n\t\t\t<li class=\"sh-list-item\">\r\n\t\t\t<span class=\"sh-list-icon\">\r\n\t\t\t\t<i class=\"fa fa-plug\"><\/i>\r\n\t\t\t<\/span>\r\n\t\t\tBorne de recharge 7,4 kW : 03h10min\t\t<\/li>\r\n\t\t\t<li class=\"sh-list-item\">\r\n\t\t\t<span class=\"sh-list-icon\">\r\n\t\t\t\t<i class=\"fa fa-plug\"><\/i>\r\n\t\t\t<\/span>\r\n\t\t\tBorne de recharge 11 kW : 02h02min\t\t<\/li>\r\n\t<\/ul>\r\n\r\n<div id=\"button-bd094bb0edc0ad11aa62c553b29eabe6\" class=\"sh-button-container  sh-button-style-1\">\r\n\t<div class=\"sh-element-margin\">\r\n\t\t<a href=\"https:\/\/chargeguru.typeform.com\/to\/siCOICjm\" target=\"_self\" class=\"sh-button sh-button-large \">\r\n\r\n\t\t\t\r\n\t\t\t\t\t\t\t<span class=\"sh-button-text\">\r\n\t\t\t\t\tJ&#039;installe ma solution de recharge\t\t\t\t<\/span>\r\n\t\t\t\r\n\t\t\t\r\n\t\t<\/a>\r\n\t\t\t<\/div>\r\n<\/div>\r\n\t<\/div>\r\n\r\n\r\n\t\t\r\n\r\n<\/div>\r\n<\/div>\n\n\t<\/div>\r\n<\/section>\r\n\r\n<section class=\"sh-section sh-section-b5ba7800b8af823780426a36d46b4791 fw-main-row sh-section-visibility-everywhere\" id=\"temps-recharge-et-economies\">\r\n\t\r\n\t\r\n\t<div class=\"sh-section-container container\">\r\n\t\t<div class=\"fw-row\">\n\t\r\n<div class=\"sh-column sh-column-6f72bf2f127b70ef12d7a5a7d4773411 fw-col-xs-12 sh-column-mobile-padding\" >\r\n\r\n\t\r\n\t<div class=\"sh-column-wrapper\">\r\n\t\t\r\n<div class=\"sh-heading  \" id=\"heading-8fe6a53588c4796083839ec97663edc1\">\r\n\t<div class=\"sh-element-margin\">\r\n\r\n\t\t\r\n\t\t\t<span class=\"sh-heading-content size-l text-center\">\r\n\t\t\t\tEfficacit\u00e9 et \u00e9conomies garanties avec nos simulateurs\t\t\t<\/span>\r\n\r\n\t\t\r\n\t<\/div>\r\n<\/div>\r\n\t<\/div>\r\n\r\n\r\n\t\t\r\n\r\n<\/div>\r\n<\/div>\n\n<div class=\"fw-row\">\n\t\r\n<div class=\"sh-column sh-column-2cf712bdd031607bb6b9539d30ab0d83 fw-col-xs-12 fw-col-sm-6 sh-column-mobile-padding sh-column-shadow sh-animated slideInLeft\" data-wow-duration=\"0.8s\">\r\n\r\n\t\r\n\t<div class=\"sh-column-wrapper\">\r\n\t\t\r\n<div class=\"sh-heading  \" id=\"heading-543236f50aa5a46d8db2c2908cccce78\">\r\n\t<div class=\"sh-element-margin\">\r\n\r\n\t\t\r\n\t\t\t<span class=\"sh-heading-content size-m text-center\">\r\n\t\t\t\tQuelles \u00e9conomies r\u00e9aliser avec mon v\u00e9hicule ?\t\t\t<\/span>\r\n\r\n\t\t\r\n\t<\/div>\r\n<\/div>\r\n\r\n<div id=\"text-block-3aec532804250729b384b9f443b1cf10\" class=\"sh-text-block\">\r\n\t<p style=\"text-align: center;\">Avec un v\u00e9hicule \u00e9lectrique, vous faites des \u00e9conomies au quotidien. Notre simulateur vous permet d'estimer le montant de ces \u00e9conomies.<\/p><\/div>\r\n\r\n<div id=\"button-23c12b31d171a527ae49c0f506d8afe5\" class=\"sh-button-container  sh-button-style-1\">\r\n\t<div class=\"sh-element-margin\">\r\n\t\t<a href=\"https:\/\/chargeguru.com\/fr\/simulateurs\/economies-en-voiture-electrique\/\" target=\"_self\" class=\"sh-button sh-button-medium \">\r\n\r\n\t\t\t\r\n\t\t\t\t\t\t\t<span class=\"sh-button-text\">\r\n\t\t\t\t\tFaire une simulation\t\t\t\t<\/span>\r\n\t\t\t\r\n\t\t\t\r\n\t\t<\/a>\r\n\t\t\t<\/div>\r\n<\/div>\r\n\t<\/div>\r\n\r\n\r\n\t\t\r\n\r\n<\/div>\r\n\r\n<div class=\"sh-column sh-column-96cf90cb4cbd004547fdb26ba19a50e9 fw-col-xs-12 fw-col-sm-6 sh-column-mobile-padding sh-column-shadow sh-animated slideInRight\" data-wow-duration=\"0.8s\">\r\n\r\n\t\r\n\t<div class=\"sh-column-wrapper\">\r\n\t\t\r\n<div class=\"sh-heading  \" id=\"heading-49605c8a158b383585152cbac42fe198\">\r\n\t<div class=\"sh-element-margin\">\r\n\r\n\t\t\r\n\t\t\t<span class=\"sh-heading-content size-m text-center\">\r\n\t\t\t\tCombien de temps pour recharger une voiture ?\t\t\t<\/span>\r\n\r\n\t\t\r\n\t<\/div>\r\n<\/div>\r\n\r\n<div id=\"text-block-f6196f83bcebc8457cb263716fe63266\" class=\"sh-text-block guru-tools-text\">\r\n\t<p style=\"text-align: center;\">Le temps de charge d\u00e9pend de l'autonomie \u00e0 recharger quotidiennement et de la puissance de la borne.<\/p><\/div>\r\n\r\n<div id=\"button-fc3913e6a003a5d7706a02b8b8a03cbc\" class=\"sh-button-container  sh-button-style-1\">\r\n\t<div class=\"sh-element-margin\">\r\n\t\t<a href=\"https:\/\/chargeguru.com\/fr\/simulateurs\/temps-de-recharge-voiture-electrique\/\" target=\"_self\" class=\"sh-button sh-button-medium \">\r\n\r\n\t\t\t\r\n\t\t\t\t\t\t\t<span class=\"sh-button-text\">\r\n\t\t\t\t\tFaire une simulation\t\t\t\t<\/span>\r\n\t\t\t\r\n\t\t\t\r\n\t\t<\/a>\r\n\t\t\t<\/div>\r\n<\/div>\r\n\t<\/div>\r\n\r\n\r\n\t\t\r\n\r\n<\/div>\r\n<\/div>\n\n\t<\/div>\r\n<\/section>\r\n\r\n<section class=\"sh-section sh-section-00e62cb2b6876e707c5db60f5345a141 fw-main-row sh-section-visibility-everywhere\" id=\"temps-recharge-et-economies\">\r\n\t\r\n\t\r\n\t<div class=\"sh-section-container container\">\r\n\t\t<div class=\"fw-row\">\n\t\r\n<div class=\"sh-column sh-column-89c03f211f56eb5b9214b30ccddc5671 fw-col-xs-12 sh-column-mobile-padding\" >\r\n\r\n\t\r\n\t<div class=\"sh-column-wrapper\">\r\n\t\t\r\n<div id=\"text-block-fac81ebe33f10a468b8d77255b129f17\" class=\"sh-text-block\">\r\n\t<p style=\"text-align: center;\"><span style=\"font-size: 21px;\">Convaincu par la mobilit\u00e9 \u00e9lectrique ? Installez une solution de recharge avec ChargeGuru !<\/span><\/p><\/div>\r\n\t<\/div>\r\n\r\n\r\n\t\t\r\n\r\n<\/div>\r\n<\/div>\n\n<div class=\"fw-row\">\n\t\r\n<div class=\"sh-column sh-column-ac5bb51cc2d90233192ebe06ba43d271 fw-col-xs-12 sh-column-mobile-padding\" >\r\n\r\n\t\r\n\t<div class=\"sh-column-wrapper\">\r\n\t\t\r\n<div id=\"button-8133d6507249b2e8781cda923d5b33cf\" class=\"sh-button-container  sh-button-style-1\">\r\n\t<div class=\"sh-element-margin\">\r\n\t\t<a href=\"https:\/\/chargeguru.typeform.com\/to\/J0lhdeyH?_gl=1*1b9vlhn*_gcl_au*MTQ1NzI5MTI4MS4xNzE5OTk3NjE3*_ga*MTU4NzE2NDkxMC4xNzAzNjc0NjIw*_ga_TH981P9372*MTcyMDA4Mzg3OC45OC4xLjE3MjAwODM4ODIuNTYuMC4w&#038;_ga=2.177439717.1309527897.1719997617-1587164910.1703674620\" target=\"_blank\" class=\"sh-button sh-button-large \">\r\n\r\n\t\t\t\r\n\t\t\t\t\t\t\t<span class=\"sh-button-text\">\r\n\t\t\t\t\tContactez-nous\t\t\t\t<\/span>\r\n\t\t\t\r\n\t\t\t\r\n\t\t<\/a>\r\n\t\t\t<\/div>\r\n<\/div>\r\n\t<\/div>\r\n\r\n\r\n\t\t\r\n\r\n<\/div>\r\n<\/div>\n\n\t<\/div>\r\n<\/section>\r\n<\/p>\n","protected":false},"excerpt":{"rendered":"<p>D\u00e9couvrez le Citro\u00ebn \u00eb-Jumper \u00c0 la recherche d&#8217;une solution de recharge ? ChargeGuru vous accompagne pour identifier et installer la&#8230;<\/p>\n","protected":false},"author":39,"featured_media":0,"parent":10879,"menu_order":0,"comment_status":"closed","ping_status":"closed","template":"","meta":{"content-type":""},"yoast_head":"<!-- This site is optimized with the Yoast SEO Premium plugin v20.8 (Yoast SEO v21.3) - https:\/\/yoast.com\/wordpress\/plugins\/seo\/ -->\n<title>Le guide complet de l&#039;utilitaire \u00e9lectriqueCitro\u00ebn \u00eb-Jumper<\/title>\n<meta name=\"description\" content=\"D\u00e9couvrez le v\u00e9hicule utilitaire \u00e9lectrique Citro\u00ebn \u00eb-Jumper. Explorez nos solutions de recharge pour optimiser votre autonomie au quotidien.\" \/>\n<meta name=\"robots\" content=\"index, follow, max-snippet:-1, max-image-preview:large, max-video-preview:-1\" \/>\n<link rel=\"canonical\" href=\"https:\/\/chargeguru.com\/fr\/utilitaires-electriques\/utilitaire-citroen-e-jumper\/\" \/>\n<meta property=\"og:locale\" content=\"fr_FR\" \/>\n<meta property=\"og:type\" content=\"article\" \/>\n<meta property=\"og:title\" content=\"Utilitaire - Citro\u00ebn \u00eb-Jumper\" \/>\n<meta property=\"og:description\" content=\"D\u00e9couvrez le v\u00e9hicule utilitaire \u00e9lectrique Citro\u00ebn \u00eb-Jumper. Explorez nos solutions de recharge pour optimiser votre autonomie au quotidien.\" \/>\n<meta property=\"og:url\" content=\"https:\/\/chargeguru.com\/fr\/utilitaires-electriques\/utilitaire-citroen-e-jumper\/\" \/>\n<meta property=\"og:site_name\" content=\"ChargeGuru FR | Installateur de Bornes de Recharge pour V\u00e9hicule Electrique\" \/>\n<meta property=\"article:modified_time\" content=\"2025-01-09T13:58:57+00:00\" \/>\n<meta name=\"twitter:card\" content=\"summary_large_image\" \/>\n<meta name=\"twitter:label1\" content=\"Dur\u00e9e de lecture estim\u00e9e\" \/>\n\t<meta name=\"twitter:data1\" content=\"2 minutes\" \/>\n<script type=\"application\/ld+json\" class=\"yoast-schema-graph\">{\"@context\":\"https:\/\/schema.org\",\"@graph\":[{\"@type\":\"WebPage\",\"@id\":\"https:\/\/chargeguru.com\/fr\/utilitaires-electriques\/utilitaire-citroen-e-jumper\/\",\"url\":\"https:\/\/chargeguru.com\/fr\/utilitaires-electriques\/utilitaire-citroen-e-jumper\/\",\"name\":\"Le guide complet de l'utilitaire \u00e9lectriqueCitro\u00ebn \u00eb-Jumper\",\"isPartOf\":{\"@id\":\"https:\/\/chargeguru.com\/fr\/#website\"},\"datePublished\":\"2024-07-10T08:27:30+00:00\",\"dateModified\":\"2025-01-09T13:58:57+00:00\",\"description\":\"D\u00e9couvrez le v\u00e9hicule utilitaire \u00e9lectrique Citro\u00ebn \u00eb-Jumper. Explorez nos solutions de recharge pour optimiser votre autonomie au quotidien.\",\"breadcrumb\":{\"@id\":\"https:\/\/chargeguru.com\/fr\/utilitaires-electriques\/utilitaire-citroen-e-jumper\/#breadcrumb\"},\"inLanguage\":false,\"potentialAction\":[{\"@type\":\"ReadAction\",\"target\":[\"https:\/\/chargeguru.com\/fr\/utilitaires-electriques\/utilitaire-citroen-e-jumper\/\"]}]},{\"@type\":\"BreadcrumbList\",\"@id\":\"https:\/\/chargeguru.com\/fr\/utilitaires-electriques\/utilitaire-citroen-e-jumper\/#breadcrumb\",\"itemListElement\":[{\"@type\":\"ListItem\",\"position\":1,\"name\":\"Home\",\"item\":\"https:\/\/chargeguru.com\/fr\/\"},{\"@type\":\"ListItem\",\"position\":2,\"name\":\"V\u00e9hicules utilitaires 100% \u00e9lectriques\",\"item\":\"https:\/\/chargeguru.com\/fr\/utilitaires-electriques\/\"},{\"@type\":\"ListItem\",\"position\":3,\"name\":\"Utilitaire &#8211; Citro\u00ebn \u00eb-Jumper\"}]},{\"@type\":\"WebSite\",\"@id\":\"https:\/\/chargeguru.com\/fr\/#website\",\"url\":\"https:\/\/chargeguru.com\/fr\/\",\"name\":\"ChargeGuru FR | Installateur de Bornes de Recharge pour V\u00e9hicule Electrique\",\"description\":\"Leader de l&#039;installation de bornes de recharge pour v\u00e9hicules \u00e9lectriques et hybrides\",\"potentialAction\":[{\"@type\":\"SearchAction\",\"target\":{\"@type\":\"EntryPoint\",\"urlTemplate\":\"https:\/\/chargeguru.com\/fr\/?s={search_term_string}\"},\"query-input\":\"required name=search_term_string\"}],\"inLanguage\":false}]}<\/script>\n<!-- \/ Yoast SEO Premium plugin. -->","yoast_head_json":{"title":"Le guide complet de l'utilitaire \u00e9lectriqueCitro\u00ebn \u00eb-Jumper","description":"D\u00e9couvrez le v\u00e9hicule utilitaire \u00e9lectrique Citro\u00ebn \u00eb-Jumper. Explorez nos solutions de recharge pour optimiser votre autonomie au quotidien.","robots":{"index":"index","follow":"follow","max-snippet":"max-snippet:-1","max-image-preview":"max-image-preview:large","max-video-preview":"max-video-preview:-1"},"canonical":"https:\/\/chargeguru.com\/fr\/utilitaires-electriques\/utilitaire-citroen-e-jumper\/","og_locale":"fr_FR","og_type":"article","og_title":"Utilitaire - Citro\u00ebn \u00eb-Jumper","og_description":"D\u00e9couvrez le v\u00e9hicule utilitaire \u00e9lectrique Citro\u00ebn \u00eb-Jumper. Explorez nos solutions de recharge pour optimiser votre autonomie au quotidien.","og_url":"https:\/\/chargeguru.com\/fr\/utilitaires-electriques\/utilitaire-citroen-e-jumper\/","og_site_name":"ChargeGuru FR | Installateur de Bornes de Recharge pour V\u00e9hicule Electrique","article_modified_time":"2025-01-09T13:58:57+00:00","twitter_card":"summary_large_image","twitter_misc":{"Dur\u00e9e de lecture estim\u00e9e":"2 minutes"},"schema":{"@context":"https:\/\/schema.org","@graph":[{"@type":"WebPage","@id":"https:\/\/chargeguru.com\/fr\/utilitaires-electriques\/utilitaire-citroen-e-jumper\/","url":"https:\/\/chargeguru.com\/fr\/utilitaires-electriques\/utilitaire-citroen-e-jumper\/","name":"Le guide complet de l'utilitaire \u00e9lectriqueCitro\u00ebn \u00eb-Jumper","isPartOf":{"@id":"https:\/\/chargeguru.com\/fr\/#website"},"datePublished":"2024-07-10T08:27:30+00:00","dateModified":"2025-01-09T13:58:57+00:00","description":"D\u00e9couvrez le v\u00e9hicule utilitaire \u00e9lectrique Citro\u00ebn \u00eb-Jumper. Explorez nos solutions de recharge pour optimiser votre autonomie au quotidien.","breadcrumb":{"@id":"https:\/\/chargeguru.com\/fr\/utilitaires-electriques\/utilitaire-citroen-e-jumper\/#breadcrumb"},"inLanguage":false,"potentialAction":[{"@type":"ReadAction","target":["https:\/\/chargeguru.com\/fr\/utilitaires-electriques\/utilitaire-citroen-e-jumper\/"]}]},{"@type":"BreadcrumbList","@id":"https:\/\/chargeguru.com\/fr\/utilitaires-electriques\/utilitaire-citroen-e-jumper\/#breadcrumb","itemListElement":[{"@type":"ListItem","position":1,"name":"Home","item":"https:\/\/chargeguru.com\/fr\/"},{"@type":"ListItem","position":2,"name":"V\u00e9hicules utilitaires 100% \u00e9lectriques","item":"https:\/\/chargeguru.com\/fr\/utilitaires-electriques\/"},{"@type":"ListItem","position":3,"name":"Utilitaire &#8211; Citro\u00ebn \u00eb-Jumper"}]},{"@type":"WebSite","@id":"https:\/\/chargeguru.com\/fr\/#website","url":"https:\/\/chargeguru.com\/fr\/","name":"ChargeGuru FR | Installateur de Bornes de Recharge pour V\u00e9hicule Electrique","description":"Leader de l&#039;installation de bornes de recharge pour v\u00e9hicules \u00e9lectriques et hybrides","potentialAction":[{"@type":"SearchAction","target":{"@type":"EntryPoint","urlTemplate":"https:\/\/chargeguru.com\/fr\/?s={search_term_string}"},"query-input":"required name=search_term_string"}],"inLanguage":false}]}},"_links":{"self":[{"href":"https:\/\/chargeguru.com\/fr\/wp-json\/wp\/v2\/pages\/22187"}],"collection":[{"href":"https:\/\/chargeguru.com\/fr\/wp-json\/wp\/v2\/pages"}],"about":[{"href":"https:\/\/chargeguru.com\/fr\/wp-json\/wp\/v2\/types\/page"}],"author":[{"embeddable":true,"href":"https:\/\/chargeguru.com\/fr\/wp-json\/wp\/v2\/users\/39"}],"replies":[{"embeddable":true,"href":"https:\/\/chargeguru.com\/fr\/wp-json\/wp\/v2\/comments?post=22187"}],"version-history":[{"count":4,"href":"https:\/\/chargeguru.com\/fr\/wp-json\/wp\/v2\/pages\/22187\/revisions"}],"predecessor-version":[{"id":22813,"href":"https:\/\/chargeguru.com\/fr\/wp-json\/wp\/v2\/pages\/22187\/revisions\/22813"}],"up":[{"embeddable":true,"href":"https:\/\/chargeguru.com\/fr\/wp-json\/wp\/v2\/pages\/10879"}],"wp:attachment":[{"href":"https:\/\/chargeguru.com\/fr\/wp-json\/wp\/v2\/media?parent=22187"}],"curies":[{"name":"wp","href":"https:\/\/api.w.org\/{rel}","templated":true}]}}