{"id":205,"date":"2018-02-15T15:37:31","date_gmt":"2018-02-15T14:37:31","guid":{"rendered":"http:\/\/chargeguru.com\/?page_id=205"},"modified":"2025-07-21T11:18:47","modified_gmt":"2025-07-21T09:18:47","slug":"fiches-pratiques","status":"publish","type":"page","link":"https:\/\/chargeguru.com\/fr\/fiches-pratiques\/","title":{"rendered":"Fiches pratiques"},"content":{"rendered":"","protected":false},"excerpt":{"rendered":"","protected":false},"author":2,"featured_media":0,"parent":0,"menu_order":0,"comment_status":"closed","ping_status":"closed","template":"page-blog.php","meta":{"content-type":""},"yoast_head":"<!-- This site is optimized with the Yoast SEO Premium plugin v20.8 (Yoast SEO v21.3) - https:\/\/yoast.com\/wordpress\/plugins\/seo\/ -->\n<title>L&#039;actualit\u00e9 de la recharge \u00e9lectrique<\/title>\n<meta name=\"description\" content=\"D\u00e9couvrez toutes les derni\u00e8res actualit\u00e9s autour de la recharge \u00e9lectrique. Restez inform\u00e9 sur les avanc\u00e9es de la mobilit\u00e9 durable.\" \/>\n<meta name=\"robots\" content=\"index, follow, max-snippet:-1, max-image-preview:large, max-video-preview:-1\" \/>\n<link rel=\"canonical\" href=\"https:\/\/chargeguru.com\/fr\/fiches-pratiques\/\" \/>\n<meta property=\"og:locale\" content=\"fr_FR\" \/>\n<meta property=\"og:type\" content=\"article\" \/>\n<meta property=\"og:title\" content=\"Fiches pratiques\" \/>\n<meta property=\"og:description\" content=\"D\u00e9couvrez toutes les derni\u00e8res actualit\u00e9s autour de la recharge \u00e9lectrique. Restez inform\u00e9 sur les avanc\u00e9es de la mobilit\u00e9 durable.\" \/>\n<meta property=\"og:url\" content=\"https:\/\/chargeguru.com\/fr\/fiches-pratiques\/\" \/>\n<meta property=\"og:site_name\" content=\"ChargeGuru FR | Installateur de Bornes de Recharge pour V\u00e9hicule Electrique\" \/>\n<meta property=\"article:modified_time\" content=\"2025-07-21T09:18:47+00:00\" \/>\n<meta name=\"twitter:card\" content=\"summary_large_image\" \/>\n<script type=\"application\/ld+json\" class=\"yoast-schema-graph\">{\"@context\":\"https:\/\/schema.org\",\"@graph\":[{\"@type\":\"WebPage\",\"@id\":\"https:\/\/chargeguru.com\/fr\/fiches-pratiques\/\",\"url\":\"https:\/\/chargeguru.com\/fr\/fiches-pratiques\/\",\"name\":\"L'actualit\u00e9 de la recharge \u00e9lectrique\",\"isPartOf\":{\"@id\":\"https:\/\/chargeguru.com\/fr\/#website\"},\"datePublished\":\"2018-02-15T14:37:31+00:00\",\"dateModified\":\"2025-07-21T09:18:47+00:00\",\"description\":\"D\u00e9couvrez toutes les derni\u00e8res actualit\u00e9s autour de la recharge \u00e9lectrique. Restez inform\u00e9 sur les avanc\u00e9es de la mobilit\u00e9 durable.\",\"breadcrumb\":{\"@id\":\"https:\/\/chargeguru.com\/fr\/fiches-pratiques\/#breadcrumb\"},\"inLanguage\":false,\"potentialAction\":[{\"@type\":\"ReadAction\",\"target\":[\"https:\/\/chargeguru.com\/fr\/fiches-pratiques\/\"]}]},{\"@type\":\"BreadcrumbList\",\"@id\":\"https:\/\/chargeguru.com\/fr\/fiches-pratiques\/#breadcrumb\",\"itemListElement\":[{\"@type\":\"ListItem\",\"position\":1,\"name\":\"Home\",\"item\":\"https:\/\/chargeguru.com\/fr\/\"},{\"@type\":\"ListItem\",\"position\":2,\"name\":\"Fiches pratiques\"}]},{\"@type\":\"WebSite\",\"@id\":\"https:\/\/chargeguru.com\/fr\/#website\",\"url\":\"https:\/\/chargeguru.com\/fr\/\",\"name\":\"ChargeGuru FR | Installateur de Bornes de Recharge pour V\u00e9hicule Electrique\",\"description\":\"Leader de l&#039;installation de bornes de recharge pour v\u00e9hicules \u00e9lectriques et hybrides\",\"potentialAction\":[{\"@type\":\"SearchAction\",\"target\":{\"@type\":\"EntryPoint\",\"urlTemplate\":\"https:\/\/chargeguru.com\/fr\/?s={search_term_string}\"},\"query-input\":\"required name=search_term_string\"}],\"inLanguage\":false}]}<\/script>\n<!-- \/ Yoast SEO Premium plugin. -->","yoast_head_json":{"title":"L'actualit\u00e9 de la recharge \u00e9lectrique","description":"D\u00e9couvrez toutes les derni\u00e8res actualit\u00e9s autour de la recharge \u00e9lectrique. Restez inform\u00e9 sur les avanc\u00e9es de la mobilit\u00e9 durable.","robots":{"index":"index","follow":"follow","max-snippet":"max-snippet:-1","max-image-preview":"max-image-preview:large","max-video-preview":"max-video-preview:-1"},"canonical":"https:\/\/chargeguru.com\/fr\/fiches-pratiques\/","og_locale":"fr_FR","og_type":"article","og_title":"Fiches pratiques","og_description":"D\u00e9couvrez toutes les derni\u00e8res actualit\u00e9s autour de la recharge \u00e9lectrique. Restez inform\u00e9 sur les avanc\u00e9es de la mobilit\u00e9 durable.","og_url":"https:\/\/chargeguru.com\/fr\/fiches-pratiques\/","og_site_name":"ChargeGuru FR | Installateur de Bornes de Recharge pour V\u00e9hicule Electrique","article_modified_time":"2025-07-21T09:18:47+00:00","twitter_card":"summary_large_image","schema":{"@context":"https:\/\/schema.org","@graph":[{"@type":"WebPage","@id":"https:\/\/chargeguru.com\/fr\/fiches-pratiques\/","url":"https:\/\/chargeguru.com\/fr\/fiches-pratiques\/","name":"L'actualit\u00e9 de la recharge \u00e9lectrique","isPartOf":{"@id":"https:\/\/chargeguru.com\/fr\/#website"},"datePublished":"2018-02-15T14:37:31+00:00","dateModified":"2025-07-21T09:18:47+00:00","description":"D\u00e9couvrez toutes les derni\u00e8res actualit\u00e9s autour de la recharge \u00e9lectrique. Restez inform\u00e9 sur les avanc\u00e9es de la mobilit\u00e9 durable.","breadcrumb":{"@id":"https:\/\/chargeguru.com\/fr\/fiches-pratiques\/#breadcrumb"},"inLanguage":false,"potentialAction":[{"@type":"ReadAction","target":["https:\/\/chargeguru.com\/fr\/fiches-pratiques\/"]}]},{"@type":"BreadcrumbList","@id":"https:\/\/chargeguru.com\/fr\/fiches-pratiques\/#breadcrumb","itemListElement":[{"@type":"ListItem","position":1,"name":"Home","item":"https:\/\/chargeguru.com\/fr\/"},{"@type":"ListItem","position":2,"name":"Fiches pratiques"}]},{"@type":"WebSite","@id":"https:\/\/chargeguru.com\/fr\/#website","url":"https:\/\/chargeguru.com\/fr\/","name":"ChargeGuru FR | Installateur de Bornes de Recharge pour V\u00e9hicule Electrique","description":"Leader de l&#039;installation de bornes de recharge pour v\u00e9hicules \u00e9lectriques et hybrides","potentialAction":[{"@type":"SearchAction","target":{"@type":"EntryPoint","urlTemplate":"https:\/\/chargeguru.com\/fr\/?s={search_term_string}"},"query-input":"required name=search_term_string"}],"inLanguage":false}]}},"_links":{"self":[{"href":"https:\/\/chargeguru.com\/fr\/wp-json\/wp\/v2\/pages\/205"}],"collection":[{"href":"https:\/\/chargeguru.com\/fr\/wp-json\/wp\/v2\/pages"}],"about":[{"href":"https:\/\/chargeguru.com\/fr\/wp-json\/wp\/v2\/types\/page"}],"author":[{"embeddable":true,"href":"https:\/\/chargeguru.com\/fr\/wp-json\/wp\/v2\/users\/2"}],"replies":[{"embeddable":true,"href":"https:\/\/chargeguru.com\/fr\/wp-json\/wp\/v2\/comments?post=205"}],"version-history":[{"count":3,"href":"https:\/\/chargeguru.com\/fr\/wp-json\/wp\/v2\/pages\/205\/revisions"}],"predecessor-version":[{"id":23118,"href":"https:\/\/chargeguru.com\/fr\/wp-json\/wp\/v2\/pages\/205\/revisions\/23118"}],"wp:attachment":[{"href":"https:\/\/chargeguru.com\/fr\/wp-json\/wp\/v2\/media?parent=205"}],"curies":[{"name":"wp","href":"https:\/\/api.w.org\/{rel}","templated":true}]}}