{"id":19419,"date":"2023-11-29T14:34:27","date_gmt":"2023-11-29T13:34:27","guid":{"rendered":"https:\/\/chargeguru.com\/fr\/?page_id=19419"},"modified":"2025-07-23T10:52:40","modified_gmt":"2025-07-23T08:52:40","slug":"kia-ev9","status":"publish","type":"page","link":"https:\/\/chargeguru.com\/fr\/voitures-electriques\/kia-ev9\/","title":{"rendered":"Kia EV9"},"content":{"rendered":"<p>\r\n<section class=\"sh-section sh-section-c8e8a02fecbbeae64d45cbde69f93a86 fw-main-row sh-section-visibility-everywhere\">\r\n\t\r\n\t\r\n\t<div class=\"sh-section-container container\">\r\n\t\t<div class=\"fw-row\">\n\t\r\n<div class=\"sh-column sh-column-d8be28679099a62d3eb33a074178d26b fw-col-xs-12\" >\r\n\r\n\t\r\n\t<div class=\"sh-column-wrapper\">\r\n\t\t\r\n<div class=\"sh-revslider\" id=\"revslider-b224ed4c9dd075b31837e4760ebc0d0f\">\r\n\t\n\t\t\t<!-- START V\u00e9hicules  Kia EV9 REVOLUTION SLIDER 6.7.37 --><p class=\"rs-p-wp-fix\"><\/p>\n\t\t\t<rs-module-wrap id=\"rev_slider_257_1_wrapper\" data-source=\"gallery\" style=\"visibility:hidden;background:transparent;padding:0;margin:0px auto;margin-top:0;margin-bottom:0;\">\n\t\t\t\t<rs-module id=\"rev_slider_257_1\" style=\"\" data-version=\"6.7.37\">\n\t\t\t\t\t<rs-slides style=\"overflow: hidden; position: absolute;\">\n\t\t\t\t\t\t<rs-slide style=\"position: absolute;\" data-key=\"rs-260\" data-title=\"Slide\" data-duration=\"9000\" data-anim=\"adpr:false;ms:0ms;\" data-in=\"o:1;\" data-out=\"a:false;\">\n\t\t\t\t\t\t\t<img src=\"\/\/chargeguru.com\/fr\/wp-content\/plugins\/revslider\/sr6\/assets\/assets\/dummy.png\" alt=\"Slide\" title=\"hhhh\" width=\"5334\" height=\"2293\" class=\"rev-slidebg tp-rs-img rs-lazyload\" data-lazyload=\"\/\/chargeguru.com\/fr\/wp-content\/plugins\/revslider\/sr6\/assets\/assets\/transparent.png\" data-bg=\"c:rgba(255,255,255,0);\" data-no-retina>\n<!--\n\t\t\t\t\t\t\t--><rs-layer\n\t\t\t\t\t\t\t\tid=\"slider-257-slide-260-layer-2\" \n\t\t\t\t\t\t\t\tdata-type=\"image\"\n\t\t\t\t\t\t\t\tdata-rsp_ch=\"on\"\n\t\t\t\t\t\t\t\tdata-xy=\"x:l,l,l,c;xo:653px,426px,324px,0;y:m,m,t,t;yo:35px,127px,328px,123px;\"\n\t\t\t\t\t\t\t\tdata-text=\"l:22;a:inherit;\"\n\t\t\t\t\t\t\t\tdata-dim=\"w:544px,544px,580px,443px;h:331px,331px,316px,237px;\"\n\t\t\t\t\t\t\t\tdata-frame_0=\"sX:0.9;sY:0.9;\"\n\t\t\t\t\t\t\t\tdata-frame_1=\"st:150;sp:1000;sR:150;\"\n\t\t\t\t\t\t\t\tdata-frame_999=\"e:nothing;st:w;sR:7850;\"\n\t\t\t\t\t\t\t\tstyle=\"z-index:6;background-color:rgba(255,255,255,0);\"\n\t\t\t\t\t\t\t><img src=\"\/\/chargeguru.com\/fr\/wp-content\/plugins\/revslider\/sr6\/assets\/assets\/dummy.png\" alt=\"\" class=\"tp-rs-img rs-lazyload\" width=\"750\" height=\"456\" data-lazyload=\"\/\/chargeguru.com\/fr\/wp-content\/uploads\/sites\/4\/2023\/11\/kia-ev9-mvgtlinemy24-obmoceanblue-21_0012.png\" data-no-retina> \n\t\t\t\t\t\t\t<\/rs-layer><!--\n\n\t\t\t\t\t\t\t--><h1\n\t\t\t\t\t\t\t\tid=\"slider-257-slide-260-layer-3\" \n\t\t\t\t\t\t\t\tclass=\"rs-layer\"\n\t\t\t\t\t\t\t\tdata-type=\"text\"\n\t\t\t\t\t\t\t\tdata-color=\"#1b2a50\"\n\t\t\t\t\t\t\t\tdata-rsp_ch=\"on\"\n\t\t\t\t\t\t\t\tdata-xy=\"x:l,l,l,c;xo:60px,51px,35px,0;yo:154px,177px,114px,35px;\"\n\t\t\t\t\t\t\t\tdata-text=\"w:nowrap,nowrap,nowrap,normal;s:38,38,38,35;l:22,22,22,36;fw:700,600,600,700;a:inherit,inherit,inherit,center;\"\n\t\t\t\t\t\t\t\tdata-dim=\"w:704px,704px,704px,454px;h:39px,39px,39px,auto;\"\n\t\t\t\t\t\t\t\tdata-frame_1=\"st:300;sR:300;\"\n\t\t\t\t\t\t\t\tdata-frame_999=\"o:0;st:w;sR:8400;\"\n\t\t\t\t\t\t\t\tstyle=\"z-index:7;font-family:'Raleway';\"\n\t\t\t\t\t\t\t>Rechargez votre Kia EV9 \n\t\t\t\t\t\t\t<\/h1><!--\n\n\t\t\t\t\t\t\t--><p\n\t\t\t\t\t\t\t\tid=\"slider-257-slide-260-layer-5\" \n\t\t\t\t\t\t\t\tclass=\"rs-layer\"\n\t\t\t\t\t\t\t\tdata-type=\"text\"\n\t\t\t\t\t\t\t\tdata-color=\"#1b2a50\"\n\t\t\t\t\t\t\t\tdata-rsp_ch=\"on\"\n\t\t\t\t\t\t\t\tdata-xy=\"x:l,l,l,c;xo:60px,51px,35px,0;yo:224px,243px,170px,392px;\"\n\t\t\t\t\t\t\t\tdata-text=\"w:normal;s:18,18,18,20;l:26,26,26,30;fw:500;a:left,inherit,inherit,center;\"\n\t\t\t\t\t\t\t\tdata-dim=\"w:604px,640px,635px,419px;\"\n\t\t\t\t\t\t\t\tdata-frame_0=\"o:1;\"\n\t\t\t\t\t\t\t\tdata-frame_1=\"st:600;sR:600;\"\n\t\t\t\t\t\t\t\tdata-frame_999=\"st:w;sR:8100;\"\n\t\t\t\t\t\t\t\tstyle=\"z-index:8;font-family:'Raleway';\"\n\t\t\t\t\t\t\t>Vous recherchez une solution de recharge pour votre Kia EV9 ? \n\nChargeGuru vous accompagne pour identifier et installer la solution la plus adapt\u00e9e \u00e0 votre besoin ! \n\t\t\t\t\t\t\t<\/p><!--\n\n\t\t\t\t\t\t\t--><p\n\t\t\t\t\t\t\t\tid=\"slider-257-slide-260-layer-6\" \n\t\t\t\t\t\t\t\tclass=\"rs-layer\"\n\t\t\t\t\t\t\t\tdata-type=\"text\"\n\t\t\t\t\t\t\t\tdata-color=\"#1b2a50\"\n\t\t\t\t\t\t\t\tdata-rsp_ch=\"on\"\n\t\t\t\t\t\t\t\tdata-xy=\"x:l,l,l,c;xo:60px,51px,35px,0;yo:336px,340px,287px,528px;\"\n\t\t\t\t\t\t\t\tdata-text=\"w:normal,nowrap,normal,normal;s:18,18,18,20;l:26;fw:500;a:left,inherit,inherit,center;\"\n\t\t\t\t\t\t\t\tdata-dim=\"w:580px,520px,521px,392px;\"\n\t\t\t\t\t\t\t\tdata-frame_0=\"o:1;\"\n\t\t\t\t\t\t\t\tdata-frame_1=\"st:600;sR:600;\"\n\t\t\t\t\t\t\t\tdata-frame_999=\"st:w;sR:8100;\"\n\t\t\t\t\t\t\t\tstyle=\"z-index:8;font-family:'Raleway';\"\n\t\t\t\t\t\t\t>Obtenez gratuitement et rapidement votre devis \n\t\t\t\t\t\t\t<\/p><!--\n\n\t\t\t\t\t\t\t--><a\n\t\t\t\t\t\t\t\tid=\"slider-257-slide-260-layer-7\" \n\t\t\t\t\t\t\t\tclass=\"rs-layer rev-btn rev-hiddenicon\"\n\t\t\t\t\t\t\t\thref=\"https:\/\/chargeguru.typeform.com\/to\/siCOICjm\" target=\"_self\"\n\t\t\t\t\t\t\t\tdata-type=\"button\"\n\t\t\t\t\t\t\t\tdata-color=\"#1b2a50\"\n\t\t\t\t\t\t\t\tdata-rsp_ch=\"on\"\n\t\t\t\t\t\t\t\tdata-xy=\"x:l,l,l,c;xo:61px,51px,35px,0;yo:416px,395px,351px,608px;\"\n\t\t\t\t\t\t\t\tdata-text=\"w:normal;s:21,29,25,27;l:24,34,28,32;ls:1,0,0,0;fw:700;\"\n\t\t\t\t\t\t\t\tdata-dim=\"minh:0,none,none,none;\"\n\t\t\t\t\t\t\t\tdata-padding=\"t:15,21,18,24;r:43,61,52,62;b:15,21,18,24;l:43,61,52,62;\"\n\t\t\t\t\t\t\t\tdata-border=\"bor:200px,200px,200px,200px;\"\n\t\t\t\t\t\t\t\tdata-frame_0=\"x:-60px,-86px,-73px,-86px;\"\n\t\t\t\t\t\t\t\tdata-frame_1=\"st:150;sp:1000;sR:150;\"\n\t\t\t\t\t\t\t\tdata-frame_999=\"o:0;st:w;sR:7850;\"\n\t\t\t\t\t\t\t\tdata-frame_hover=\"c:#00f4cd;bgc:#1b2a50;bor:200px,200px,200px,200px;sp:200;\"\n\t\t\t\t\t\t\t\tstyle=\"z-index:9;background-color:rgba(0,244,205,0.75);font-family:'Raleway';\"\n\t\t\t\t\t\t\t>J'obtiens mon devis <i class=\"fa-chevron-right\"><\/i> \n\t\t\t\t\t\t\t<\/a><!--\n-->\t\t\t\t\t<\/rs-slide>\n\t\t\t\t\t<\/rs-slides>\n\t\t\t\t<\/rs-module>\n\t\t\t\t<script>\n\t\t\t\t\tsetREVStartSize({c: 'rev_slider_257_1',rl:[1240,1024,778,480],el:[630,768,960,720],gw:[1280,1024,778,480],gh:[630,768,960,720],type:'hero',justify:'',layout:'fullwidth',mh:\"0\"});if (window.RS_MODULES!==undefined && window.RS_MODULES.modules!==undefined && window.RS_MODULES.modules[\"revslider2571\"]!==undefined) {window.RS_MODULES.modules[\"revslider2571\"].once = false;window.revapi257 = undefined;if (window.RS_MODULES.checkMinimal!==undefined) window.RS_MODULES.checkMinimal()}\n\t\t\t\t<\/script>\n\t\t\t<\/rs-module-wrap>\n\t\t\t<!-- END REVOLUTION SLIDER -->\n<\/div>\r\n\t<\/div>\r\n\r\n\r\n\t\t\r\n\r\n<\/div>\r\n<\/div>\n\n<div class=\"fw-row\">\n\t\r\n<div class=\"sh-column sh-column-2d6534c4efcfdfd719aeb43dcd51bb09 fw-col-xs-12 fw-col-sm-6 sh-column-mobile-padding\" >\r\n\r\n\t\r\n\t<div class=\"sh-column-wrapper\">\r\n\t\t\r\n\r\n\t<div class=\"sh-heading sh-heading-style1\" id=\"heading-dd350060f70fbd68d77e9804475f3bac\">\r\n\t\t<h2 class=\"sh-heading-content size-l\">\r\n\t\t\t<span>Comment recharger mon Kia EV9 ?<\/span>\t\t<\/h2>\r\n\t<\/div>\r\n\r\n\r\n<div id=\"text-block-d4189c480973494a8f3785a7ab71c16a\" class=\"sh-text-block\">\r\n\t<p>Nouveau\u00a0Kia EV9 vous offre le meilleur des deux mondes. Un v\u00e9hicule tout-terrain robuste \u00e0 la pr\u00e9sence imposante. Un v\u00e9hicule \u00e9lectrique d'une grande agilit\u00e9, parfaitement adapt\u00e9 \u00e0 la conduite urbaine. Inspir\u00e9 de la nature et de la modernit\u00e9, EV9 attirera votre regard par ses lignes g\u00e9om\u00e9triques \u00e0 la fois audacieuses et futuristes. De la proue \u00e0 la poupe, ses attributs stylistiques distinctifs rehaussent son caract\u00e8re exclusif et lui conf\u00e8rent une pr\u00e9sence affirm\u00e9e. Sur route comme hors des sentiers battus.<\/p><p><strong><a href=\"https:\/\/chargeguru.com\/fr\/subventions-aides\/\">Je m'informe sur les aides et subventions<\/a><\/strong><\/p><\/div>\r\n\r\n\r\n\t<div class=\"sh-heading sh-heading-style1\" id=\"heading-a20e99b2bc6a4efe5f9b458db0bd84ff\">\r\n\t\t<h2 class=\"sh-heading-content size-l\">\r\n\t\t\t<span>Quelle solution de recharge ?<\/span>\t\t<\/h2>\r\n\t<\/div>\r\n\r\n\r\n<div id=\"text-block-1aa8fccd2687b6074665b263613e4d14\" class=\"sh-text-block\">\r\n\t<p>Ne laissez plus la recharge vous ralentir\u00a0: avec la recharge ultra-rapide, r\u00e9cup\u00e9rez 249\u00a0km d'autonomie en seulement 15\u00a0minutes ou chargez votre batterie de 10 \u00e0 80% en 25 minutes. Le nouveau pack de batterie haute tension de 99,8\u00a0kWh est capable de stocker davantage d\u2019\u00e9nergie et vous offre une autonomie accrue pouvant atteindre 563 km.<\/p><p>&nbsp;<\/p><p>Pour en savoir plus sur Kia EV9, vous pouvez vous rendre directement sur le site internet de Kia juste ici :<br \/><a href=\"https:\/\/www.kia.com\/fr\/modeles\/ev9\/decouvrir\/\"><b>Kia EV9<\/b><\/a><\/p><p>&nbsp;<\/p><p>&nbsp;<\/p><\/div>\r\n\t<\/div>\r\n\r\n\r\n\t\t\r\n\r\n<\/div>\r\n\r\n<div class=\"sh-column sh-column-bdf3f551631177e39b5c7499dfcd8b25 fw-col-xs-12 fw-col-sm-6 sh-column-mobile-padding sh-column-shadow\" >\r\n\r\n\t\r\n\t<div class=\"sh-column-wrapper\">\r\n\t\t\r\n<div class=\"sh-heading  \" id=\"heading-7f52019aa8e98a37e61671a099b9387d\">\r\n\t<div class=\"sh-element-margin\">\r\n\r\n\t\t\r\n\t\t\t<h2 class=\"sh-heading-content size-l text-center\">\r\n\t\t\t\tFiche technique\t\t\t<\/h2>\r\n\r\n\t\t\r\n\t<\/div>\r\n<\/div>\r\n\r\n<ul class=\"sh-list sh-list-style1\" id=\"list-df4762c44bfcb6f7f79410eae82c0cab\">\r\n\t\t\t<li class=\"sh-list-item\">\r\n\t\t\t<span class=\"sh-list-icon\">\r\n\t\t\t\t<i class=\"fa fa-battery-three-quarters\"><\/i>\r\n\t\t\t<\/span>\r\n\t\t\thaute tension de 99,8 kWh offre jusqu&#039;\u00e0 563 km d&#039;autonomie\t\t<\/li>\r\n\t\t\t<li class=\"sh-list-item\">\r\n\t\t\t<span class=\"sh-list-icon\">\r\n\t\t\t\t<i class=\"fa fa-battery-three-quarters\"><\/i>\r\n\t\t\t<\/span>\r\n\t\t\tGagnez jusqu\u2019\u00e0 249 km d\u2019autonomie en seulement 15 minutes, depuis votre domicile ou une borne de recharge publique.\t\t<\/li>\r\n\t\t\t<li class=\"sh-list-item\">\r\n\t\t\t<span class=\"sh-list-icon\">\r\n\t\t\t\t<i class=\"fa fa-battery-three-quarters\"><\/i>\r\n\t\t\t<\/span>\r\n\t\t\tMoteur \u00e9lectrique 283 kW (385ch) 4x4 99.8 kWh \t\t<\/li>\r\n\t\t\t<li class=\"sh-list-item\">\r\n\t\t\t<span class=\"sh-list-icon\">\r\n\t\t\t\t<i class=\"fa fa-battery-three-quarters\"><\/i>\r\n\t\t\t<\/span>\r\n\t\t\t\u00e0 partir de 73 000 euros\t\t<\/li>\r\n\t<\/ul>\r\n\r\n<div id=\"button-bd094bb0edc0ad11aa62c553b29eabe6\" class=\"sh-button-container  sh-button-style-1\">\r\n\t<div class=\"sh-element-margin\">\r\n\t\t<a href=\"https:\/\/chargeguru.typeform.com\/to\/SYGjwz\" target=\"_self\" class=\"sh-button sh-button-large \">\r\n\r\n\t\t\t\r\n\t\t\t\t\t\t\t<span class=\"sh-button-text\">\r\n\t\t\t\t\tJ&#039;installe ma solution de recharge\t\t\t\t<\/span>\r\n\t\t\t\r\n\t\t\t\r\n\t\t<\/a>\r\n\t\t\t<\/div>\r\n<\/div>\r\n\t<\/div>\r\n\r\n\r\n\t\t\r\n\r\n<\/div>\r\n<\/div>\n\n\t<\/div>\r\n<\/section>\r\n\r\n<section class=\"sh-section sh-section-f4d596ee5c29f5b48a40624110b186eb fw-main-row sh-section-visibility-everywhere\" id=\"temps-recharge-et-economies\">\r\n\t\r\n\t\r\n\t<div class=\"sh-section-container container\">\r\n\t\t<div class=\"fw-row\">\n\t\r\n<div class=\"sh-column sh-column-a12211418f6a6173229cbf850ce93760 fw-col-xs-12 sh-column-mobile-padding\" >\r\n\r\n\t\r\n\t<div class=\"sh-column-wrapper\">\r\n\t\t\r\n<div class=\"sh-heading  \" id=\"heading-8d7053f84a492bbadb71ba51f1ce5823\">\r\n\t<div class=\"sh-element-margin\">\r\n\r\n\t\t\r\n\t\t\t<span class=\"sh-heading-content size-l text-center\">\r\n\t\t\t\tVotre projet en 3 \u00e9tapes\t\t\t<\/span>\r\n\r\n\t\t\r\n\t<\/div>\r\n<\/div>\r\n\t<\/div>\r\n\r\n\r\n\t\t\r\n\r\n<\/div>\r\n<\/div>\n\n<div class=\"fw-row\">\n\t\r\n<div class=\"sh-column sh-column-cc9a8162acc3f14b0096f9a7f5c2a26c fw-col-xs-12 fw-col-sm-4 sh-column-mobile-padding\" >\r\n\r\n\t\r\n\t<div class=\"sh-column-wrapper\">\r\n\t\t\r\n<div id=\"single-image-2088d36e0e9f64d97a0a780a3f18339b\" class=\"sh-single-image  \">\r\n\t<div class=\"sh-element-margin\">\r\n\r\n\t\t\r\n\t\t\t<div class=\"sh-single-image-container\">\r\n\t\t\t\t\r\n\t\t\t\t\t\t\t\t\t\r\n\t\t\t\t\t\t\t\t\t\t\t\t\t<img class=\"sh-image-url\" src=\"https:\/\/chargeguru.com\/fr\/wp-content\/uploads\/sites\/4\/2023\/07\/AEZ.png\" alt=\"AEZ\" \/>\r\n\t\t\t\t\t\t\t\t\t\t\t\t\t\r\n\t\t\t\t\t\t\t\t\t\r\n\t\t\t\t\t\t\t<\/div>\r\n\r\n\t\t\r\n\t<\/div>\r\n<\/div>\r\n\r\n<div class=\"sh-heading  \" id=\"heading-152f7e3789e5148f69feeede2e826065\">\r\n\t<div class=\"sh-element-margin\">\r\n\r\n\t\t\r\n\t\t\t<span class=\"sh-heading-content size-m text-center\">\r\n\t\t\t\tVotre besoin\t\t\t<\/span>\r\n\r\n\t\t\r\n\t<\/div>\r\n<\/div>\r\n\r\n<div id=\"text-block-1ee7ffea0659fe86e4922a954bbf8d61\" class=\"sh-text-block\">\r\n\t<p style=\"text-align: center;\">Vous nous expliquez vos besoins et nous vous proposons la solution la plus adapt\u00e9e pour votre projet de recharge \u00e9lectrique<\/p><\/div>\r\n\t<\/div>\r\n\r\n\r\n\t\t\r\n\r\n<\/div>\r\n\r\n<div class=\"sh-column sh-column-36b7ea16fad62604709c598fbdd38578 fw-col-xs-12 fw-col-sm-4 sh-column-mobile-padding\" >\r\n\r\n\t\r\n\t<div class=\"sh-column-wrapper\">\r\n\t\t\r\n<div id=\"single-image-e5404243b56d7baf74992c70c212177d\" class=\"sh-single-image  \">\r\n\t<div class=\"sh-element-margin\">\r\n\r\n\t\t\r\n\t\t\t<div class=\"sh-single-image-container\">\r\n\t\t\t\t\r\n\t\t\t\t\t\t\t\t\t\r\n\t\t\t\t\t\t\t\t\t\t\t\t\t<img class=\"sh-image-url\" src=\"https:\/\/chargeguru.com\/fr\/wp-content\/uploads\/sites\/4\/2023\/07\/zerg.png\" alt=\"zerg\" \/>\r\n\t\t\t\t\t\t\t\t\t\t\t\t\t\r\n\t\t\t\t\t\t\t\t\t\r\n\t\t\t\t\t\t\t<\/div>\r\n\r\n\t\t\r\n\t<\/div>\r\n<\/div>\r\n\r\n<div class=\"sh-heading  \" id=\"heading-1e606673a2ddbf1fcf8a5a60c6ba2b82\">\r\n\t<div class=\"sh-element-margin\">\r\n\r\n\t\t\r\n\t\t\t<span class=\"sh-heading-content size-m text-center\">\r\n\t\t\t\tVotre devis\t\t\t<\/span>\r\n\r\n\t\t\r\n\t<\/div>\r\n<\/div>\r\n\r\n<div id=\"text-block-a218d5154af8408a73a9148a16e6dfa8\" class=\"sh-text-block\">\r\n\t<p style=\"text-align: center;\">Nous&nbsp; \u00e9tudions votre projet et nous vous soumettons un ou plusieurs devis pour la solution propos\u00e9e<\/p><\/div>\r\n\t<\/div>\r\n\r\n\r\n\t\t\r\n\r\n<\/div>\r\n\r\n<div class=\"sh-column sh-column-b5cd1ed26d2cba730de0911b34b06ff5 fw-col-xs-12 fw-col-sm-4 sh-column-mobile-padding\" >\r\n\r\n\t\r\n\t<div class=\"sh-column-wrapper\">\r\n\t\t\r\n<div id=\"single-image-608ff7fb7ef363fbd90ff0b79a5af3a7\" class=\"sh-single-image  \">\r\n\t<div class=\"sh-element-margin\">\r\n\r\n\t\t\r\n\t\t\t<div class=\"sh-single-image-container\">\r\n\t\t\t\t\r\n\t\t\t\t\t\t\t\t\t\r\n\t\t\t\t\t\t\t\t\t\t\t\t\t<img class=\"sh-image-url\" src=\"https:\/\/chargeguru.com\/fr\/wp-content\/uploads\/sites\/4\/2023\/07\/fe.png\" alt=\"fe\" \/>\r\n\t\t\t\t\t\t\t\t\t\t\t\t\t\r\n\t\t\t\t\t\t\t\t\t\r\n\t\t\t\t\t\t\t<\/div>\r\n\r\n\t\t\r\n\t<\/div>\r\n<\/div>\r\n\r\n<div class=\"sh-heading  \" id=\"heading-092c39168e13727c8dbeba73242e52d8\">\r\n\t<div class=\"sh-element-margin\">\r\n\r\n\t\t\r\n\t\t\t<span class=\"sh-heading-content size-m text-center\">\r\n\t\t\t\tVotre installation\t\t\t<\/span>\r\n\r\n\t\t\r\n\t<\/div>\r\n<\/div>\r\n\r\n<div id=\"text-block-12dbdf535f58cbaeacf2a824f26dc048\" class=\"sh-text-block\">\r\n\t<p style=\"text-align: center;\">Vous choisissez le devis qui vous convient et nous nous chargeons d'installer votre solution de recharge sur-mesure<\/p><\/div>\r\n\t<\/div>\r\n\r\n\r\n\t\t\r\n\r\n<\/div>\r\n<\/div>\n\n\t<\/div>\r\n<\/section>\r\n\r\n<section class=\"sh-section sh-section-b5ba7800b8af823780426a36d46b4791 fw-main-row sh-section-visibility-everywhere\" id=\"temps-recharge-et-economies\">\r\n\t\r\n\t\r\n\t<div class=\"sh-section-container container\">\r\n\t\t<div class=\"fw-row\">\n\t\r\n<div class=\"sh-column sh-column-6f72bf2f127b70ef12d7a5a7d4773411 fw-col-xs-12 sh-column-mobile-padding\" >\r\n\r\n\t\r\n\t<div class=\"sh-column-wrapper\">\r\n\t\t\r\n<div class=\"sh-heading  \" id=\"heading-8fe6a53588c4796083839ec97663edc1\">\r\n\t<div class=\"sh-element-margin\">\r\n\r\n\t\t\r\n\t\t\t<span class=\"sh-heading-content size-l text-center\">\r\n\t\t\t\tNos simulateurs\t\t\t<\/span>\r\n\r\n\t\t\r\n\t<\/div>\r\n<\/div>\r\n\t<\/div>\r\n\r\n\r\n\t\t\r\n\r\n<\/div>\r\n<\/div>\n\n<div class=\"fw-row\">\n\t\r\n<div class=\"sh-column sh-column-2cf712bdd031607bb6b9539d30ab0d83 fw-col-xs-12 fw-col-sm-6 sh-column-mobile-padding sh-column-shadow sh-animated slideInLeft\" data-wow-duration=\"0.8s\">\r\n\r\n\t\r\n\t<div class=\"sh-column-wrapper\">\r\n\t\t\r\n<div class=\"sh-heading  \" id=\"heading-543236f50aa5a46d8db2c2908cccce78\">\r\n\t<div class=\"sh-element-margin\">\r\n\r\n\t\t\r\n\t\t\t<span class=\"sh-heading-content size-m text-center\">\r\n\t\t\t\tQuelles \u00e9conomies r\u00e9aliser avec mon v\u00e9hicule ?\t\t\t<\/span>\r\n\r\n\t\t\r\n\t<\/div>\r\n<\/div>\r\n\r\n<div id=\"text-block-3aec532804250729b384b9f443b1cf10\" class=\"sh-text-block guru-tools-text\">\r\n\t<p style=\"text-align: center;\">Avec un v\u00e9hicule \u00e9lectrique, vous faites des \u00e9conomies au quotidien. Notre simulateur vous permet d'estimer le montant de ces \u00e9conomies.<\/p><\/div>\r\n\r\n<div id=\"button-23c12b31d171a527ae49c0f506d8afe5\" class=\"sh-button-container  sh-button-style-1\">\r\n\t<div class=\"sh-element-margin\">\r\n\t\t<a href=\"https:\/\/chargeguru.com\/fr\/simulateurs\/economies-en-voiture-electrique\/\" target=\"_self\" class=\"sh-button sh-button-large \">\r\n\r\n\t\t\t\r\n\t\t\t\t\t\t\t<span class=\"sh-button-text\">\r\n\t\t\t\t\tEn savoir plus ...\t\t\t\t<\/span>\r\n\t\t\t\r\n\t\t\t\r\n\t\t<\/a>\r\n\t\t\t<\/div>\r\n<\/div>\r\n\t<\/div>\r\n\r\n\r\n\t\t\r\n\r\n<\/div>\r\n\r\n<div class=\"sh-column sh-column-96cf90cb4cbd004547fdb26ba19a50e9 fw-col-xs-12 fw-col-sm-6 sh-column-mobile-padding sh-column-shadow sh-animated slideInRight\" data-wow-duration=\"0.8s\">\r\n\r\n\t\r\n\t<div class=\"sh-column-wrapper\">\r\n\t\t\r\n<div class=\"sh-heading  \" id=\"heading-49605c8a158b383585152cbac42fe198\">\r\n\t<div class=\"sh-element-margin\">\r\n\r\n\t\t\r\n\t\t\t<span class=\"sh-heading-content size-m text-center\">\r\n\t\t\t\tCombien de temps pour recharger une voiture ?\t\t\t<\/span>\r\n\r\n\t\t\r\n\t<\/div>\r\n<\/div>\r\n\r\n<div id=\"text-block-f6196f83bcebc8457cb263716fe63266\" class=\"sh-text-block guru-tools-text\">\r\n\t<p style=\"text-align: center;\">Le temps de charge d\u00e9pend de l'autonomie \u00e0 recharger quotidiennement et de la puissance de la borne. Notre simulateur vous permet de faire le bon choix !<\/p><\/div>\r\n\r\n<div id=\"button-fc3913e6a003a5d7706a02b8b8a03cbc\" class=\"sh-button-container  sh-button-style-1\">\r\n\t<div class=\"sh-element-margin\">\r\n\t\t<a href=\"https:\/\/chargeguru.com\/fr\/simulateurs\/temps-de-recharge-voiture-electrique\/\" target=\"_self\" class=\"sh-button sh-button-large \">\r\n\r\n\t\t\t\r\n\t\t\t\t\t\t\t<span class=\"sh-button-text\">\r\n\t\t\t\t\tEn savoir plus ...\t\t\t\t<\/span>\r\n\t\t\t\r\n\t\t\t\r\n\t\t<\/a>\r\n\t\t\t<\/div>\r\n<\/div>\r\n\t<\/div>\r\n\r\n\r\n\t\t\r\n\r\n<\/div>\r\n<\/div>\n\n\t<\/div>\r\n<\/section>\r\n<\/p>\n","protected":false},"excerpt":{"rendered":"<p>Rechargez votre Kia EV9 Vous recherchez une solution de recharge pour votre Kia EV9 ? ChargeGuru vous accompagne pour identifier&#8230;<\/p>\n","protected":false},"author":12,"featured_media":0,"parent":1157,"menu_order":0,"comment_status":"closed","ping_status":"closed","template":"","meta":{"content-type":""},"yoast_head":"<!-- This site is optimized with the Yoast SEO Premium plugin v20.8 (Yoast SEO v21.3) - https:\/\/yoast.com\/wordpress\/plugins\/seo\/ -->\n<title>Le Guide Complet de la recharge Kia EV9<\/title>\n<meta name=\"description\" content=\"Autonomie, types de recharge de la Kia EV9. ChargeGuru vous accompagne pour identifier et installer la solution la plus adapt\u00e9e \u00e0 votre besoin\" \/>\n<meta name=\"robots\" content=\"index, follow, max-snippet:-1, max-image-preview:large, max-video-preview:-1\" \/>\n<link rel=\"canonical\" href=\"https:\/\/chargeguru.com\/fr\/voitures-electriques\/kia-ev9\/\" \/>\n<meta property=\"og:locale\" content=\"fr_FR\" \/>\n<meta property=\"og:type\" content=\"article\" \/>\n<meta property=\"og:title\" content=\"Kia EV9\" \/>\n<meta property=\"og:description\" content=\"Autonomie, types de recharge de la Kia EV9. ChargeGuru vous accompagne pour identifier et installer la solution la plus adapt\u00e9e \u00e0 votre besoin\" \/>\n<meta property=\"og:url\" content=\"https:\/\/chargeguru.com\/fr\/voitures-electriques\/kia-ev9\/\" \/>\n<meta property=\"og:site_name\" content=\"ChargeGuru FR | Installateur de Bornes de Recharge pour V\u00e9hicule Electrique\" \/>\n<meta property=\"article:modified_time\" content=\"2025-07-23T08:52:40+00:00\" \/>\n<meta property=\"og:image\" content=\"https:\/\/chargeguru.com\/fr\/wp-content\/uploads\/sites\/4\/2023\/07\/AEZ.png\" \/>\n<meta name=\"twitter:card\" content=\"summary_large_image\" \/>\n<meta name=\"twitter:label1\" content=\"Dur\u00e9e de lecture estim\u00e9e\" \/>\n\t<meta name=\"twitter:data1\" content=\"2 minutes\" \/>\n<script type=\"application\/ld+json\" class=\"yoast-schema-graph\">{\"@context\":\"https:\/\/schema.org\",\"@graph\":[{\"@type\":\"WebPage\",\"@id\":\"https:\/\/chargeguru.com\/fr\/voitures-electriques\/kia-ev9\/\",\"url\":\"https:\/\/chargeguru.com\/fr\/voitures-electriques\/kia-ev9\/\",\"name\":\"Le Guide Complet de la recharge Kia EV9\",\"isPartOf\":{\"@id\":\"https:\/\/chargeguru.com\/fr\/#website\"},\"datePublished\":\"2023-11-29T13:34:27+00:00\",\"dateModified\":\"2025-07-23T08:52:40+00:00\",\"description\":\"Autonomie, types de recharge de la Kia EV9. ChargeGuru vous accompagne pour identifier et installer la solution la plus adapt\u00e9e \u00e0 votre besoin\",\"breadcrumb\":{\"@id\":\"https:\/\/chargeguru.com\/fr\/voitures-electriques\/kia-ev9\/#breadcrumb\"},\"inLanguage\":false,\"potentialAction\":[{\"@type\":\"ReadAction\",\"target\":[\"https:\/\/chargeguru.com\/fr\/voitures-electriques\/kia-ev9\/\"]}]},{\"@type\":\"BreadcrumbList\",\"@id\":\"https:\/\/chargeguru.com\/fr\/voitures-electriques\/kia-ev9\/#breadcrumb\",\"itemListElement\":[{\"@type\":\"ListItem\",\"position\":1,\"name\":\"Home\",\"item\":\"https:\/\/chargeguru.com\/fr\/\"},{\"@type\":\"ListItem\",\"position\":2,\"name\":\"Voitures 100% \u00e9lectriques\",\"item\":\"https:\/\/chargeguru.com\/fr\/voitures-electriques\/\"},{\"@type\":\"ListItem\",\"position\":3,\"name\":\"Kia EV9\"}]},{\"@type\":\"WebSite\",\"@id\":\"https:\/\/chargeguru.com\/fr\/#website\",\"url\":\"https:\/\/chargeguru.com\/fr\/\",\"name\":\"ChargeGuru FR | Installateur de Bornes de Recharge pour V\u00e9hicule Electrique\",\"description\":\"Leader de l&#039;installation de bornes de recharge pour v\u00e9hicules \u00e9lectriques et hybrides\",\"potentialAction\":[{\"@type\":\"SearchAction\",\"target\":{\"@type\":\"EntryPoint\",\"urlTemplate\":\"https:\/\/chargeguru.com\/fr\/?s={search_term_string}\"},\"query-input\":\"required name=search_term_string\"}],\"inLanguage\":false}]}<\/script>\n<!-- \/ Yoast SEO Premium plugin. -->","yoast_head_json":{"title":"Le Guide Complet de la recharge Kia EV9","description":"Autonomie, types de recharge de la Kia EV9. ChargeGuru vous accompagne pour identifier et installer la solution la plus adapt\u00e9e \u00e0 votre besoin","robots":{"index":"index","follow":"follow","max-snippet":"max-snippet:-1","max-image-preview":"max-image-preview:large","max-video-preview":"max-video-preview:-1"},"canonical":"https:\/\/chargeguru.com\/fr\/voitures-electriques\/kia-ev9\/","og_locale":"fr_FR","og_type":"article","og_title":"Kia EV9","og_description":"Autonomie, types de recharge de la Kia EV9. ChargeGuru vous accompagne pour identifier et installer la solution la plus adapt\u00e9e \u00e0 votre besoin","og_url":"https:\/\/chargeguru.com\/fr\/voitures-electriques\/kia-ev9\/","og_site_name":"ChargeGuru FR | Installateur de Bornes de Recharge pour V\u00e9hicule Electrique","article_modified_time":"2025-07-23T08:52:40+00:00","og_image":[{"url":"https:\/\/chargeguru.com\/fr\/wp-content\/uploads\/sites\/4\/2023\/07\/AEZ.png"}],"twitter_card":"summary_large_image","twitter_misc":{"Dur\u00e9e de lecture estim\u00e9e":"2 minutes"},"schema":{"@context":"https:\/\/schema.org","@graph":[{"@type":"WebPage","@id":"https:\/\/chargeguru.com\/fr\/voitures-electriques\/kia-ev9\/","url":"https:\/\/chargeguru.com\/fr\/voitures-electriques\/kia-ev9\/","name":"Le Guide Complet de la recharge Kia EV9","isPartOf":{"@id":"https:\/\/chargeguru.com\/fr\/#website"},"datePublished":"2023-11-29T13:34:27+00:00","dateModified":"2025-07-23T08:52:40+00:00","description":"Autonomie, types de recharge de la Kia EV9. ChargeGuru vous accompagne pour identifier et installer la solution la plus adapt\u00e9e \u00e0 votre besoin","breadcrumb":{"@id":"https:\/\/chargeguru.com\/fr\/voitures-electriques\/kia-ev9\/#breadcrumb"},"inLanguage":false,"potentialAction":[{"@type":"ReadAction","target":["https:\/\/chargeguru.com\/fr\/voitures-electriques\/kia-ev9\/"]}]},{"@type":"BreadcrumbList","@id":"https:\/\/chargeguru.com\/fr\/voitures-electriques\/kia-ev9\/#breadcrumb","itemListElement":[{"@type":"ListItem","position":1,"name":"Home","item":"https:\/\/chargeguru.com\/fr\/"},{"@type":"ListItem","position":2,"name":"Voitures 100% \u00e9lectriques","item":"https:\/\/chargeguru.com\/fr\/voitures-electriques\/"},{"@type":"ListItem","position":3,"name":"Kia EV9"}]},{"@type":"WebSite","@id":"https:\/\/chargeguru.com\/fr\/#website","url":"https:\/\/chargeguru.com\/fr\/","name":"ChargeGuru FR | Installateur de Bornes de Recharge pour V\u00e9hicule Electrique","description":"Leader de l&#039;installation de bornes de recharge pour v\u00e9hicules \u00e9lectriques et hybrides","potentialAction":[{"@type":"SearchAction","target":{"@type":"EntryPoint","urlTemplate":"https:\/\/chargeguru.com\/fr\/?s={search_term_string}"},"query-input":"required name=search_term_string"}],"inLanguage":false}]}},"_links":{"self":[{"href":"https:\/\/chargeguru.com\/fr\/wp-json\/wp\/v2\/pages\/19419"}],"collection":[{"href":"https:\/\/chargeguru.com\/fr\/wp-json\/wp\/v2\/pages"}],"about":[{"href":"https:\/\/chargeguru.com\/fr\/wp-json\/wp\/v2\/types\/page"}],"author":[{"embeddable":true,"href":"https:\/\/chargeguru.com\/fr\/wp-json\/wp\/v2\/users\/12"}],"replies":[{"embeddable":true,"href":"https:\/\/chargeguru.com\/fr\/wp-json\/wp\/v2\/comments?post=19419"}],"version-history":[{"count":2,"href":"https:\/\/chargeguru.com\/fr\/wp-json\/wp\/v2\/pages\/19419\/revisions"}],"predecessor-version":[{"id":19421,"href":"https:\/\/chargeguru.com\/fr\/wp-json\/wp\/v2\/pages\/19419\/revisions\/19421"}],"up":[{"embeddable":true,"href":"https:\/\/chargeguru.com\/fr\/wp-json\/wp\/v2\/pages\/1157"}],"wp:attachment":[{"href":"https:\/\/chargeguru.com\/fr\/wp-json\/wp\/v2\/media?parent=19419"}],"curies":[{"name":"wp","href":"https:\/\/api.w.org\/{rel}","templated":true}]}}