{"id":13473,"date":"2022-11-30T11:11:16","date_gmt":"2022-11-30T10:11:16","guid":{"rendered":"https:\/\/chargeguru.com\/fr\/?page_id=13473"},"modified":"2025-01-16T17:11:14","modified_gmt":"2025-01-16T16:11:14","slug":"alfen-eve-single-pro-line","status":"publish","type":"page","link":"https:\/\/chargeguru.com\/fr\/bornes-de-recharge\/alfen-eve-single-pro-line\/","title":{"rendered":"Alfen Eve Single Pro Line"},"content":{"rendered":"<p>\r\n<section class=\"sh-section sh-section-c8e8a02fecbbeae64d45cbde69f93a86 fw-main-row sh-section-visibility-everywhere\">\r\n\t\r\n\t\r\n\t<div class=\"sh-section-container container\">\r\n\t\t<div class=\"fw-row\">\n\t\r\n<div class=\"sh-column sh-column-af0de5b1ca19e2b3263cbe21adf2b975 fw-col-xs-12\" >\r\n\r\n\t\r\n\t<div class=\"sh-column-wrapper\">\r\n\t\t\r\n<div class=\"sh-revslider\" id=\"revslider-b224ed4c9dd075b31837e4760ebc0d0f\">\r\n\t\n\t\t\t<!-- START Alfen Eve Single Pro Line  Borne de recharge REVOLUTION SLIDER 6.7.37 --><p class=\"rs-p-wp-fix\"><\/p>\n\t\t\t<rs-module-wrap id=\"rev_slider_228_1_wrapper\" data-source=\"gallery\" style=\"visibility:hidden;background:transparent;padding:0;margin:0px auto;margin-top:0;margin-bottom:0;\">\n\t\t\t\t<rs-module id=\"rev_slider_228_1\" style=\"\" data-version=\"6.7.37\">\n\t\t\t\t\t<rs-slides style=\"overflow: hidden; position: absolute;\">\n\t\t\t\t\t\t<rs-slide style=\"position: absolute;\" data-key=\"rs-231\" data-title=\"Slide\" data-duration=\"9000\" data-anim=\"adpr:false;ms:0ms;\" data-in=\"o:1;\" data-out=\"a:false;\">\n\t\t\t\t\t\t\t<img src=\"\/\/chargeguru.com\/fr\/wp-content\/plugins\/revslider\/sr6\/assets\/assets\/dummy.png\" alt=\"Slide\" title=\"hhhh\" width=\"5334\" height=\"2293\" class=\"rev-slidebg tp-rs-img rs-lazyload\" data-lazyload=\"\/\/chargeguru.com\/fr\/wp-content\/plugins\/revslider\/sr6\/assets\/assets\/transparent.png\" data-bg=\"c:rgba(255,255,255,0);\" data-no-retina>\n<!--\n\t\t\t\t\t\t\t--><rs-layer\n\t\t\t\t\t\t\t\tid=\"slider-228-slide-231-layer-2\" \n\t\t\t\t\t\t\t\tdata-type=\"image\"\n\t\t\t\t\t\t\t\tdata-rsp_ch=\"on\"\n\t\t\t\t\t\t\t\tdata-xy=\"x:l,l,l,c;xo:815px,658px,467px,0;y:m,m,t,t;yo:2px,108px,239px,135px;\"\n\t\t\t\t\t\t\t\tdata-text=\"l:22;a:inherit;\"\n\t\t\t\t\t\t\t\tdata-dim=\"w:307px,277px,235px,189px;h:418px,378px,320px,258px;\"\n\t\t\t\t\t\t\t\tdata-frame_0=\"sX:0.9;sY:0.9;\"\n\t\t\t\t\t\t\t\tdata-frame_1=\"st:150;sp:1000;sR:150;\"\n\t\t\t\t\t\t\t\tdata-frame_999=\"e:nothing;st:w;sR:7850;\"\n\t\t\t\t\t\t\t\tstyle=\"z-index:6;background-color:rgba(255,255,255,0);\"\n\t\t\t\t\t\t\t><img src=\"\/\/chargeguru.com\/fr\/wp-content\/plugins\/revslider\/sr6\/assets\/assets\/dummy.png\" alt=\"\" class=\"tp-rs-img rs-lazyload\" width=\"1404\" height=\"1913\" data-lazyload=\"\/\/chargeguru.com\/fr\/wp-content\/uploads\/sites\/4\/2023\/08\/Alfen_Eve-Single-Pro-line_socket_main1_kelengy-min.png\" data-no-retina> \n\t\t\t\t\t\t\t<\/rs-layer><!--\n\n\t\t\t\t\t\t\t--><h1\n\t\t\t\t\t\t\t\tid=\"slider-228-slide-231-layer-3\" \n\t\t\t\t\t\t\t\tclass=\"rs-layer\"\n\t\t\t\t\t\t\t\tdata-type=\"text\"\n\t\t\t\t\t\t\t\tdata-color=\"#1b2a50\"\n\t\t\t\t\t\t\t\tdata-rsp_ch=\"on\"\n\t\t\t\t\t\t\t\tdata-xy=\"x:l,l,l,c;xo:60px,51px,25px,0;yo:154px,177px,114px,41px;\"\n\t\t\t\t\t\t\t\tdata-text=\"w:nowrap,nowrap,nowrap,normal;s:38,38,38,35;l:22,22,22,36;fw:700,600,600,700;a:inherit,inherit,inherit,center;\"\n\t\t\t\t\t\t\t\tdata-dim=\"w:704px,704px,704px,392px;h:39px,39px,39px,auto;\"\n\t\t\t\t\t\t\t\tdata-frame_1=\"st:300;sR:300;\"\n\t\t\t\t\t\t\t\tdata-frame_999=\"o:0;st:w;sR:8400;\"\n\t\t\t\t\t\t\t\tstyle=\"z-index:7;font-family:'Raleway';\"\n\t\t\t\t\t\t\t>Alfen Eve Single Pro Line \n\t\t\t\t\t\t\t<\/h1><!--\n\n\t\t\t\t\t\t\t--><p\n\t\t\t\t\t\t\t\tid=\"slider-228-slide-231-layer-5\" \n\t\t\t\t\t\t\t\tclass=\"rs-layer\"\n\t\t\t\t\t\t\t\tdata-type=\"text\"\n\t\t\t\t\t\t\t\tdata-color=\"#1b2a50\"\n\t\t\t\t\t\t\t\tdata-rsp_ch=\"on\"\n\t\t\t\t\t\t\t\tdata-xy=\"x:l,l,c,c;xo:60px,51px,0,0;yo:224px,238px,170px,419px;\"\n\t\t\t\t\t\t\t\tdata-text=\"w:normal;s:18,18,18,20;l:26,26,26,30;fw:500;a:left,inherit,inherit,center;\"\n\t\t\t\t\t\t\t\tdata-dim=\"w:657px,894px,729px,428px;\"\n\t\t\t\t\t\t\t\tdata-frame_0=\"o:1;\"\n\t\t\t\t\t\t\t\tdata-frame_1=\"st:600;sR:600;\"\n\t\t\t\t\t\t\t\tdata-frame_999=\"st:w;sR:8100;\"\n\t\t\t\t\t\t\t\tstyle=\"z-index:8;font-family:'Raleway';\"\n\t\t\t\t\t\t\t>D\u00e9couvrez la Alfen Eve Sigle Pro Line, la borne de recharge au design \u00e9l\u00e9gant et robuste pour une recharge rapide, s\u00e9curis\u00e9e et connect\u00e9e de votre v\u00e9hicule \u00e9lectrique \u00e0 domicile. Simple, faible et pr\u00eate pour l'avenir ! \n\t\t\t\t\t\t\t<\/p><!--\n\n\t\t\t\t\t\t\t--><p\n\t\t\t\t\t\t\t\tid=\"slider-228-slide-231-layer-6\" \n\t\t\t\t\t\t\t\tclass=\"rs-layer\"\n\t\t\t\t\t\t\t\tdata-type=\"text\"\n\t\t\t\t\t\t\t\tdata-color=\"#1b2a50\"\n\t\t\t\t\t\t\t\tdata-rsp_ch=\"on\"\n\t\t\t\t\t\t\t\tdata-xy=\"x:l,l,l,c;xo:60px,51px,25px,0;yo:336px,340px,252px,586px;\"\n\t\t\t\t\t\t\t\tdata-text=\"w:normal,nowrap,normal,normal;s:18,18,18,15;l:26;fw:500;a:left,inherit,inherit,center;\"\n\t\t\t\t\t\t\t\tdata-dim=\"w:580px,520px,521px,376px;\"\n\t\t\t\t\t\t\t\tdata-frame_0=\"o:1;\"\n\t\t\t\t\t\t\t\tdata-frame_1=\"st:600;sR:600;\"\n\t\t\t\t\t\t\t\tdata-frame_999=\"st:w;sR:8100;\"\n\t\t\t\t\t\t\t\tstyle=\"z-index:8;font-family:'Raleway';\"\n\t\t\t\t\t\t\t>Obtenez gratuitement et rapidement votre devis \n\t\t\t\t\t\t\t<\/p><!--\n\n\t\t\t\t\t\t\t--><a\n\t\t\t\t\t\t\t\tid=\"slider-228-slide-231-layer-7\" \n\t\t\t\t\t\t\t\tclass=\"rs-layer rev-btn rev-hiddenicon\"\n\t\t\t\t\t\t\t\thref=\"https:\/\/chargeguru.typeform.com\/to\/SYGjwz\" target=\"_self\"\n\t\t\t\t\t\t\t\tdata-type=\"button\"\n\t\t\t\t\t\t\t\tdata-color=\"#1b2a50\"\n\t\t\t\t\t\t\t\tdata-rsp_ch=\"on\"\n\t\t\t\t\t\t\t\tdata-xy=\"x:l,l,l,c;xo:61px,51px,35px,0;yo:416px,421px,351px,625px;\"\n\t\t\t\t\t\t\t\tdata-text=\"w:normal;s:21,29,25,27;l:24,34,28,32;ls:1,0,0,0;fw:700;\"\n\t\t\t\t\t\t\t\tdata-dim=\"minh:0,none,none,none;\"\n\t\t\t\t\t\t\t\tdata-padding=\"t:15,21,18,24;r:43,61,52,62;b:15,21,18,24;l:43,61,52,62;\"\n\t\t\t\t\t\t\t\tdata-border=\"bor:200px,200px,200px,200px;\"\n\t\t\t\t\t\t\t\tdata-frame_0=\"x:-60px,-86px,-73px,-86px;\"\n\t\t\t\t\t\t\t\tdata-frame_1=\"st:150;sp:1000;sR:150;\"\n\t\t\t\t\t\t\t\tdata-frame_999=\"o:0;st:w;sR:7850;\"\n\t\t\t\t\t\t\t\tdata-frame_hover=\"c:#00f4cd;bgc:#1b2a50;bor:200px,200px,200px,200px;sp:200;\"\n\t\t\t\t\t\t\t\tstyle=\"z-index:9;background-color:rgba(0,244,205,0.75);font-family:'Raleway';\"\n\t\t\t\t\t\t\t>J'obtiens mon devis <i class=\"fa-chevron-right\"><\/i> \n\t\t\t\t\t\t\t<\/a><!--\n-->\t\t\t\t\t<\/rs-slide>\n\t\t\t\t\t<\/rs-slides>\n\t\t\t\t<\/rs-module>\n\t\t\t\t<script>\n\t\t\t\t\tsetREVStartSize({c: 'rev_slider_228_1',rl:[1240,1024,778,480],el:[630,768,960,720],gw:[1280,1024,778,480],gh:[630,768,960,720],type:'hero',justify:'',layout:'fullwidth',mh:\"0\"});if (window.RS_MODULES!==undefined && window.RS_MODULES.modules!==undefined && window.RS_MODULES.modules[\"revslider2281\"]!==undefined) {window.RS_MODULES.modules[\"revslider2281\"].once = false;window.revapi228 = undefined;if (window.RS_MODULES.checkMinimal!==undefined) window.RS_MODULES.checkMinimal()}\n\t\t\t\t<\/script>\n\t\t\t<\/rs-module-wrap>\n\t\t\t<!-- END REVOLUTION SLIDER -->\n<\/div>\r\n\t<\/div>\r\n\r\n\r\n\t\t\r\n\r\n<\/div>\r\n<\/div>\n\n<div class=\"fw-row\">\n\t\r\n<div class=\"sh-column sh-column-2d6534c4efcfdfd719aeb43dcd51bb09 fw-col-xs-12 fw-col-sm-6 sh-column-mobile-padding\" >\r\n\r\n\t\r\n\t<div class=\"sh-column-wrapper\">\r\n\t\t\r\n<div class=\"sh-heading  \" id=\"heading-7f52019aa8e98a37e61671a099b9387d\">\r\n\t<div class=\"sh-element-margin\">\r\n\r\n\t\t\r\n\t\t\t<h2 class=\"sh-heading-content size-l text-left\">\r\n\t\t\t\tDescription de la borne \u26a1\ufe0f\t\t\t<\/h2>\r\n\r\n\t\t\r\n\t<\/div>\r\n<\/div>\r\n\r\n<div id=\"text-block-d4189c480973494a8f3785a7ab71c16a\" class=\"sh-text-block\">\r\n\t<p>La Alfen Eve Single Pro Line est une borne de recharge murale haut de gamme, con\u00e7ue pour offrir une solution rapide et fiable pour la recharge \u00e9lectrique \u00e0 domicile.<\/p><\/div>\r\n\r\n<div id=\"text-block-37efdab2ff7d764a46c2d46b4f053e5a\" class=\"sh-text-block\">\r\n\t<p><strong>Compatibilit\u00e9<\/strong>\u00a0: Prise Type 2, adapt\u00e9e \u00e0 tous les v\u00e9hicules \u00e9lectriques et hybrides rechargeables.<\/p><\/div>\r\n\r\n<div id=\"text-block-84b2af2b4f9e812c041e1f74cba05390\" class=\"sh-text-block\">\r\n\t<p><strong>Gestion intelligente de l\u2019\u00e9nergie :<\/strong>\u00a0Permet une gestion optimis\u00e9e de la consommation et de l'\u00e9nergie gr\u00e2ce \u00e0 la connexion \u00e0 un compteur Linky.<\/p><\/div>\r\n\r\n<div id=\"text-block-c2e78becad771d4951f268a0b1f24b6e\" class=\"sh-text-block\">\r\n\t<p><strong>Design<\/strong>\u00a0: \u00c9l\u00e9gant et minimaliste, avec un bo\u00eetier robuste en aluminium r\u00e9sistant aux intemp\u00e9ries (IP54).<\/p><\/div>\r\n\r\n<div id=\"text-block-cd09fd514ad256295864fb7419bc0267\" class=\"sh-text-block\">\r\n\t<p><em>Pour rappel, une borne de recharge d'une puissance sup\u00e9rieur \u00e0 3,7 kW doit \u00eatre install\u00e9e par un professionnel poss\u00e9dant une qualification avec la mention IRVE.<\/em><\/p><\/div>\r\n\t<\/div>\r\n\r\n\r\n\t\t\r\n\r\n<\/div>\r\n\r\n<div class=\"sh-column sh-column-bdf3f551631177e39b5c7499dfcd8b25 fw-col-xs-12 fw-col-sm-6 sh-column-mobile-padding sh-column-shadow\" >\r\n\r\n\t\r\n\t<div class=\"sh-column-wrapper\">\r\n\t\t\r\n<div class=\"sh-heading  \" id=\"heading-ca87120d247086b676025ac2866b1fd9\">\r\n\t<div class=\"sh-element-margin\">\r\n\r\n\t\t\r\n\t\t\t<h2 class=\"sh-heading-content size-l text-center\">\r\n\t\t\t\tFiche technique \u2139\ufe0f\t\t\t<\/h2>\r\n\r\n\t\t\r\n\t<\/div>\r\n<\/div>\r\n\r\n<div class=\"sh-heading  \" id=\"heading-83ab08b43184d801b29c050224ba6db1\">\r\n\t<div class=\"sh-element-margin\">\r\n\r\n\t\t\r\n\t\t\t<h3 class=\"sh-heading-content size-m text-left\">\r\n\t\t\t\tCaract\u00e9ristiques\t\t\t<\/h3>\r\n\r\n\t\t\r\n\t<\/div>\r\n<\/div>\r\n\r\n<ul class=\"sh-list sh-list-style1\" id=\"list-df4762c44bfcb6f7f79410eae82c0cab\">\r\n\t\t\t<li class=\"sh-list-item\">\r\n\t\t\t<span class=\"sh-list-icon\">\r\n\t\t\t\t<i class=\"icon-info\"><\/i>\r\n\t\t\t<\/span>\r\n\t\t\tInstallation au domicile de collaborateurs\t\t<\/li>\r\n\t\t\t<li class=\"sh-list-item\">\r\n\t\t\t<span class=\"sh-list-icon\">\r\n\t\t\t\t<i class=\"icon-info\"><\/i>\r\n\t\t\t<\/span>\r\n\t\t\t1 prise de recharge\t\t<\/li>\r\n\t\t\t<li class=\"sh-list-item\">\r\n\t\t\t<span class=\"sh-list-icon\">\r\n\t\t\t\t<i class=\"icon-info\"><\/i>\r\n\t\t\t<\/span>\r\n\t\t\t7,4 kW de puissance de recharge\t\t<\/li>\r\n\t\t\t<li class=\"sh-list-item\">\r\n\t\t\t<span class=\"sh-list-icon\">\r\n\t\t\t\t<i class=\"icon-info\"><\/i>\r\n\t\t\t<\/span>\r\n\t\t\tIdentification RFID\t\t<\/li>\r\n\t\t\t<li class=\"sh-list-item\">\r\n\t\t\t<span class=\"sh-list-icon\">\r\n\t\t\t\t<i class=\"icon-info\"><\/i>\r\n\t\t\t<\/span>\r\n\t\t\t\u00c9cran couleur\t\t<\/li>\r\n\t\t\t<li class=\"sh-list-item\">\r\n\t\t\t<span class=\"sh-list-icon\">\r\n\t\t\t\t<i class=\"icon-info\"><\/i>\r\n\t\t\t<\/span>\r\n\t\t\tPilotage \u00e9nerg\u00e9tique et compatible au compteur Linky\t\t<\/li>\r\n\t\t\t<li class=\"sh-list-item\">\r\n\t\t\t<span class=\"sh-list-icon\">\r\n\t\t\t\t<i class=\"icon-info\"><\/i>\r\n\t\t\t<\/span>\r\n\t\t\tAlfen est une marque engag\u00e9 dans une d\u00e9marche environnementale \ud83c\udf31\t\t<\/li>\r\n\t<\/ul>\r\n\r\n<div id=\"button-bd094bb0edc0ad11aa62c553b29eabe6\" class=\"sh-button-container  sh-button-style-1\">\r\n\t<div class=\"sh-element-margin\">\r\n\t\t<a href=\"https:\/\/chargeguru.typeform.com\/to\/SYGjwz\" target=\"_self\" class=\"sh-button sh-button-large \">\r\n\r\n\t\t\t\r\n\t\t\t\t\t\t\t<span class=\"sh-button-text\">\r\n\t\t\t\t\tJ&#039;installe ma borne\t\t\t\t<\/span>\r\n\t\t\t\r\n\t\t\t\r\n\t\t<\/a>\r\n\t\t\t<\/div>\r\n<\/div>\r\n\t<\/div>\r\n\r\n\r\n\t\t\r\n\r\n<\/div>\r\n<\/div>\n\n<div class=\"fw-row\">\n\t\r\n<div class=\"sh-column sh-column-9fd3059186ef32b17483d5729516ea3b fw-col-xs-12 sh-column-mobile-padding\" >\r\n\r\n\t\r\n\t<div class=\"sh-column-wrapper\">\r\n\t\t\r\n<div class=\"sh-heading  \" id=\"heading-5f567730a906e36f1a10f124aef56f05\">\r\n\t<div class=\"sh-element-margin\">\r\n\r\n\t\t\r\n\t\t\t<h2 class=\"sh-heading-content size-l text-left\">\r\n\t\t\t\t\u00c0 propos du constructeur\t\t\t<\/h2>\r\n\r\n\t\t\r\n\t<\/div>\r\n<\/div>\r\n\t<\/div>\r\n\r\n\r\n\t\t\r\n\r\n<\/div>\r\n<\/div>\n\n<div class=\"fw-row\">\n\t\r\n<div class=\"sh-column sh-column-e32bfb9ef9a0aee09b6a57de56c612ac fw-col-xs-12 fw-col-sm-6 sh-column-mobile-padding\" >\r\n\r\n\t\r\n\t<div class=\"sh-column-wrapper\">\r\n\t\t\r\n<div id=\"single-image-07f44f0106bd10f35c496079fbad33bc\" class=\"sh-single-image  \">\r\n\t<div class=\"sh-element-margin\">\r\n\r\n\t\t\r\n\t\t\t<div class=\"sh-single-image-container\">\r\n\t\t\t\t\r\n\t\t\t\t\t\t\t\t\t\t\t\t\t\t\t<a href=\"\/\/chargeguru.com\/fr\/wp-content\/uploads\/sites\/4\/2023\/07\/ALFEN.AS_BIG-a795214e.png\" rel=\"lightbox\">\r\n\t\t\t\t\t\r\n\t\t\t\t\t\t\t\t\t\t\t\t\t<img class=\"sh-image-url\" src=\"https:\/\/chargeguru.com\/fr\/wp-content\/uploads\/sites\/4\/2023\/07\/ALFEN.AS_BIG-a795214e.png\" alt=\"ALFEN.AS_BIG-a795214e\" \/>\r\n\t\t\t\t\t\t\t\t\t\t\t\t\t\r\n\t\t\t\t\t\t\t\t\t\t\t<\/a>\r\n\t\t\t\t\t\t\t\t\t\r\n\t\t\t\t\t\t\t<\/div>\r\n\r\n\t\t\r\n\t<\/div>\r\n<\/div>\r\n\r\n<div id=\"text-block-b7b9c11e4434e2e88c926f70da48f98a\" class=\"sh-text-block\">\r\n\t<p>La soci\u00e9t\u00e9 n\u00e9erlandaise Alfen est un acteur cl\u00e9 des syst\u00e8mes \u00e9lectriques. La marque propose aujourd'hui une gamme compl\u00e8te de bornes de recharge destin\u00e9es \u00e0 tous : particuliers, entreprises et espace public. Les bornes de recharge intelligentes d'Alfen offrent un large choix de puissances de charge et de fonctionnalit\u00e9s embarqu\u00e9es.<\/p><\/div>\r\n\t<\/div>\r\n\r\n\r\n\t\t\r\n\r\n<\/div>\r\n\r\n<div class=\"sh-column sh-column-a389af8a86429b1759fe94451d34bab3 fw-col-xs-12 fw-col-sm-6 sh-column-mobile-padding\" >\r\n\r\n\t\r\n\t<div class=\"sh-column-wrapper\">\r\n\t\t\r\n<div id=\"single-image-698b4eaeec79b6eb1fb9cb33740fdef9\" class=\"sh-single-image  \">\r\n\t<div class=\"sh-element-margin\">\r\n\r\n\t\t\r\n\t\t\t<div class=\"sh-single-image-container\">\r\n\t\t\t\t\r\n\t\t\t\t\t\t\t\t\t\r\n\t\t\t\t\t\t\t\t\t\t\t\t\t<img class=\"sh-image-url\" src=\"https:\/\/chargeguru.com\/fr\/wp-content\/uploads\/sites\/4\/2023\/06\/Alfen-EV-Charging-Eve-Single-Pro-line-white-oude-stekker_0-1024x682.jpeg\" alt=\"Alfen EV Charging Eve Single Pro-line white oude stekker_0\" \/>\r\n\t\t\t\t\t\t\t\t\t\t\t\t\t\r\n\t\t\t\t\t\t\t\t\t\r\n\t\t\t\t\t\t\t<\/div>\r\n\r\n\t\t\r\n\t<\/div>\r\n<\/div>\r\n\t<\/div>\r\n\r\n\r\n\t\t\r\n\r\n<\/div>\r\n<\/div>\n\n\t<\/div>\r\n<\/section>\r\n\r\n<section class=\"sh-section sh-section-76398918af564206f41e21d745be6993 fw-main-row sh-section-visibility-everywhere\" id=\"temps-recharge-et-economies\">\r\n\t\r\n\t\r\n\t<div class=\"sh-section-container container\">\r\n\t\t<div class=\"fw-row\">\n\t\r\n<div class=\"sh-column sh-column-a180188c67b96e40500bf1da260b0dd5 fw-col-xs-12 sh-column-mobile-padding\" >\r\n\r\n\t\r\n\t<div class=\"sh-column-wrapper\">\r\n\t\t\r\n<div class=\"sh-heading  \" id=\"heading-14ee2b4f9c2b73ffd135a5b16e646f0d\">\r\n\t<div class=\"sh-element-margin\">\r\n\r\n\t\t\r\n\t\t\t<h2 class=\"sh-heading-content size-l text-left\">\r\n\t\t\t\tDocumentations\t\t\t<\/h2>\r\n\r\n\t\t\r\n\t<\/div>\r\n<\/div>\r\n\t<\/div>\r\n\r\n\r\n\t\t\r\n\r\n<\/div>\r\n<\/div>\n\n<div class=\"fw-row\">\n\t\r\n<div class=\"sh-column sh-column-46c3a6d6c570402fd4398f8eb1bea0dc fw-col-xs-12 fw-col-sm-6 sh-column-mobile-padding\" >\r\n\r\n\t\r\n\t<div class=\"sh-column-wrapper\">\r\n\t\t\r\n<div id=\"button-73f629f0c7ecf82ce493535bfb8e7aa3\" class=\"sh-button-container  sh-button-style-1\">\r\n\t<div class=\"sh-element-margin\">\r\n\t\t<a href=\"https:\/\/alfen.com\/fr\/media\/1384\/download?attachment\" target=\"_blank\" class=\"sh-button sh-button-large \">\r\n\r\n\t\t\t\r\n\t\t\t\t\t\t\t<span class=\"sh-button-text\">\r\n\t\t\t\t\tFiche technique\t\t\t\t<\/span>\r\n\t\t\t\r\n\t\t\t\r\n\t\t<\/a>\r\n\t\t\t<\/div>\r\n<\/div>\r\n\t<\/div>\r\n\r\n\r\n\t\t\r\n\r\n<\/div>\r\n<\/div>\n\n\t<\/div>\r\n<\/section>\r\n<\/p>\n","protected":false},"excerpt":{"rendered":"<p>Alfen Eve Single Pro Line D\u00e9couvrez la Alfen Eve Sigle Pro Line, la borne de recharge au design \u00e9l\u00e9gant et&#8230;<\/p>\n","protected":false},"author":5,"featured_media":0,"parent":1073,"menu_order":0,"comment_status":"closed","ping_status":"closed","template":"","meta":{"content-type":""},"yoast_head":"<!-- This site is optimized with the Yoast SEO Premium plugin v20.8 (Yoast SEO v21.3) - https:\/\/yoast.com\/wordpress\/plugins\/seo\/ -->\n<title>Alfen Eve Single Pro Line - ChargeGuru<\/title>\n<meta name=\"description\" content=\"D\u00e9couvrez la Alfen Eve Sigle Pro Line, la borne de recharge intelligente et robuste, id\u00e9ale pour la recharge \u00e0 domicile.\" \/>\n<meta name=\"robots\" content=\"index, follow, max-snippet:-1, max-image-preview:large, max-video-preview:-1\" \/>\n<link rel=\"canonical\" href=\"https:\/\/chargeguru.com\/fr\/bornes-de-recharge\/alfen-eve-single-pro-line\/\" \/>\n<meta property=\"og:locale\" content=\"fr_FR\" \/>\n<meta property=\"og:type\" content=\"article\" \/>\n<meta property=\"og:title\" content=\"Alfen Eve Single Pro Line\" \/>\n<meta property=\"og:description\" content=\"D\u00e9couvrez la Alfen Eve Sigle Pro Line, la borne de recharge intelligente et robuste, id\u00e9ale pour la recharge \u00e0 domicile.\" \/>\n<meta property=\"og:url\" content=\"https:\/\/chargeguru.com\/fr\/bornes-de-recharge\/alfen-eve-single-pro-line\/\" \/>\n<meta property=\"og:site_name\" content=\"ChargeGuru FR | Installateur de Bornes de Recharge pour V\u00e9hicule Electrique\" \/>\n<meta property=\"article:modified_time\" content=\"2025-01-16T16:11:14+00:00\" \/>\n<meta property=\"og:image\" content=\"https:\/\/chargeguru.com\/fr\/wp-content\/uploads\/sites\/4\/2023\/08\/Alfen_Eve-Single-Pro-line_socket_main1_kelengy-min.png\" \/>\n\t<meta property=\"og:image:width\" content=\"1404\" \/>\n\t<meta property=\"og:image:height\" content=\"1913\" \/>\n\t<meta property=\"og:image:type\" content=\"image\/png\" \/>\n<meta name=\"twitter:card\" content=\"summary_large_image\" \/>\n<meta name=\"twitter:label1\" content=\"Dur\u00e9e de lecture estim\u00e9e\" \/>\n\t<meta name=\"twitter:data1\" content=\"5 minutes\" \/>\n<script type=\"application\/ld+json\" class=\"yoast-schema-graph\">{\"@context\":\"https:\/\/schema.org\",\"@graph\":[{\"@type\":\"WebPage\",\"@id\":\"https:\/\/chargeguru.com\/fr\/bornes-de-recharge\/alfen-eve-single-pro-line\/\",\"url\":\"https:\/\/chargeguru.com\/fr\/bornes-de-recharge\/alfen-eve-single-pro-line\/\",\"name\":\"Alfen Eve Single Pro Line - ChargeGuru\",\"isPartOf\":{\"@id\":\"https:\/\/chargeguru.com\/fr\/#website\"},\"datePublished\":\"2022-11-30T10:11:16+00:00\",\"dateModified\":\"2025-01-16T16:11:14+00:00\",\"description\":\"D\u00e9couvrez la Alfen Eve Sigle Pro Line, la borne de recharge intelligente et robuste, id\u00e9ale pour la recharge \u00e0 domicile.\",\"breadcrumb\":{\"@id\":\"https:\/\/chargeguru.com\/fr\/bornes-de-recharge\/alfen-eve-single-pro-line\/#breadcrumb\"},\"inLanguage\":false,\"potentialAction\":[{\"@type\":\"ReadAction\",\"target\":[\"https:\/\/chargeguru.com\/fr\/bornes-de-recharge\/alfen-eve-single-pro-line\/\"]}]},{\"@type\":\"BreadcrumbList\",\"@id\":\"https:\/\/chargeguru.com\/fr\/bornes-de-recharge\/alfen-eve-single-pro-line\/#breadcrumb\",\"itemListElement\":[{\"@type\":\"ListItem\",\"position\":1,\"name\":\"Home\",\"item\":\"https:\/\/chargeguru.com\/fr\/\"},{\"@type\":\"ListItem\",\"position\":2,\"name\":\"Bornes\",\"item\":\"https:\/\/chargeguru.com\/fr\/bornes-de-recharge\/\"},{\"@type\":\"ListItem\",\"position\":3,\"name\":\"Alfen Eve Single Pro Line\"}]},{\"@type\":\"WebSite\",\"@id\":\"https:\/\/chargeguru.com\/fr\/#website\",\"url\":\"https:\/\/chargeguru.com\/fr\/\",\"name\":\"ChargeGuru FR | Installateur de Bornes de Recharge pour V\u00e9hicule Electrique\",\"description\":\"Leader de l&#039;installation de bornes de recharge pour v\u00e9hicules \u00e9lectriques et hybrides\",\"potentialAction\":[{\"@type\":\"SearchAction\",\"target\":{\"@type\":\"EntryPoint\",\"urlTemplate\":\"https:\/\/chargeguru.com\/fr\/?s={search_term_string}\"},\"query-input\":\"required name=search_term_string\"}],\"inLanguage\":false}]}<\/script>\n<!-- \/ Yoast SEO Premium plugin. -->","yoast_head_json":{"title":"Alfen Eve Single Pro Line - ChargeGuru","description":"D\u00e9couvrez la Alfen Eve Sigle Pro Line, la borne de recharge intelligente et robuste, id\u00e9ale pour la recharge \u00e0 domicile.","robots":{"index":"index","follow":"follow","max-snippet":"max-snippet:-1","max-image-preview":"max-image-preview:large","max-video-preview":"max-video-preview:-1"},"canonical":"https:\/\/chargeguru.com\/fr\/bornes-de-recharge\/alfen-eve-single-pro-line\/","og_locale":"fr_FR","og_type":"article","og_title":"Alfen Eve Single Pro Line","og_description":"D\u00e9couvrez la Alfen Eve Sigle Pro Line, la borne de recharge intelligente et robuste, id\u00e9ale pour la recharge \u00e0 domicile.","og_url":"https:\/\/chargeguru.com\/fr\/bornes-de-recharge\/alfen-eve-single-pro-line\/","og_site_name":"ChargeGuru FR | Installateur de Bornes de Recharge pour V\u00e9hicule Electrique","article_modified_time":"2025-01-16T16:11:14+00:00","og_image":[{"width":1404,"height":1913,"url":"https:\/\/chargeguru.com\/fr\/wp-content\/uploads\/sites\/4\/2023\/08\/Alfen_Eve-Single-Pro-line_socket_main1_kelengy-min.png","type":"image\/png"}],"twitter_card":"summary_large_image","twitter_misc":{"Dur\u00e9e de lecture estim\u00e9e":"5 minutes"},"schema":{"@context":"https:\/\/schema.org","@graph":[{"@type":"WebPage","@id":"https:\/\/chargeguru.com\/fr\/bornes-de-recharge\/alfen-eve-single-pro-line\/","url":"https:\/\/chargeguru.com\/fr\/bornes-de-recharge\/alfen-eve-single-pro-line\/","name":"Alfen Eve Single Pro Line - ChargeGuru","isPartOf":{"@id":"https:\/\/chargeguru.com\/fr\/#website"},"datePublished":"2022-11-30T10:11:16+00:00","dateModified":"2025-01-16T16:11:14+00:00","description":"D\u00e9couvrez la Alfen Eve Sigle Pro Line, la borne de recharge intelligente et robuste, id\u00e9ale pour la recharge \u00e0 domicile.","breadcrumb":{"@id":"https:\/\/chargeguru.com\/fr\/bornes-de-recharge\/alfen-eve-single-pro-line\/#breadcrumb"},"inLanguage":false,"potentialAction":[{"@type":"ReadAction","target":["https:\/\/chargeguru.com\/fr\/bornes-de-recharge\/alfen-eve-single-pro-line\/"]}]},{"@type":"BreadcrumbList","@id":"https:\/\/chargeguru.com\/fr\/bornes-de-recharge\/alfen-eve-single-pro-line\/#breadcrumb","itemListElement":[{"@type":"ListItem","position":1,"name":"Home","item":"https:\/\/chargeguru.com\/fr\/"},{"@type":"ListItem","position":2,"name":"Bornes","item":"https:\/\/chargeguru.com\/fr\/bornes-de-recharge\/"},{"@type":"ListItem","position":3,"name":"Alfen Eve Single Pro Line"}]},{"@type":"WebSite","@id":"https:\/\/chargeguru.com\/fr\/#website","url":"https:\/\/chargeguru.com\/fr\/","name":"ChargeGuru FR | Installateur de Bornes de Recharge pour V\u00e9hicule Electrique","description":"Leader de l&#039;installation de bornes de recharge pour v\u00e9hicules \u00e9lectriques et hybrides","potentialAction":[{"@type":"SearchAction","target":{"@type":"EntryPoint","urlTemplate":"https:\/\/chargeguru.com\/fr\/?s={search_term_string}"},"query-input":"required name=search_term_string"}],"inLanguage":false}]}},"_links":{"self":[{"href":"https:\/\/chargeguru.com\/fr\/wp-json\/wp\/v2\/pages\/13473"}],"collection":[{"href":"https:\/\/chargeguru.com\/fr\/wp-json\/wp\/v2\/pages"}],"about":[{"href":"https:\/\/chargeguru.com\/fr\/wp-json\/wp\/v2\/types\/page"}],"author":[{"embeddable":true,"href":"https:\/\/chargeguru.com\/fr\/wp-json\/wp\/v2\/users\/5"}],"replies":[{"embeddable":true,"href":"https:\/\/chargeguru.com\/fr\/wp-json\/wp\/v2\/comments?post=13473"}],"version-history":[{"count":29,"href":"https:\/\/chargeguru.com\/fr\/wp-json\/wp\/v2\/pages\/13473\/revisions"}],"predecessor-version":[{"id":22980,"href":"https:\/\/chargeguru.com\/fr\/wp-json\/wp\/v2\/pages\/13473\/revisions\/22980"}],"up":[{"embeddable":true,"href":"https:\/\/chargeguru.com\/fr\/wp-json\/wp\/v2\/pages\/1073"}],"wp:attachment":[{"href":"https:\/\/chargeguru.com\/fr\/wp-json\/wp\/v2\/media?parent=13473"}],"curies":[{"name":"wp","href":"https:\/\/api.w.org\/{rel}","templated":true}]}}