{"id":13030,"date":"2025-01-16T10:00:57","date_gmt":"2025-01-16T09:00:57","guid":{"rendered":"https:\/\/chargeguru.com\/fr\/?page_id=13030"},"modified":"2025-04-03T18:07:15","modified_gmt":"2025-04-03T16:07:15","slug":"scheinder-charge","status":"publish","type":"page","link":"https:\/\/chargeguru.com\/fr\/bornes-de-recharge\/scheinder-charge\/","title":{"rendered":"Schneider Charge"},"content":{"rendered":"<p>\r\n<section class=\"sh-section sh-section-c8e8a02fecbbeae64d45cbde69f93a86 fw-main-row sh-section-visibility-everywhere\">\r\n\t\r\n\t\r\n\t<div class=\"sh-section-container container\">\r\n\t\t<div class=\"fw-row\">\n\t\r\n<div class=\"sh-column sh-column-43058af2d1bbed313a0f134e0ffe89c3 fw-col-xs-12\" >\r\n\r\n\t\r\n\t<div class=\"sh-column-wrapper\">\r\n\t\t\r\n<div class=\"sh-revslider\" id=\"revslider-b224ed4c9dd075b31837e4760ebc0d0f\">\r\n\t\n\t\t\t<!-- START Schneider Charge  Borne de recharge REVOLUTION SLIDER 6.7.37 --><p class=\"rs-p-wp-fix\"><\/p>\n\t\t\t<rs-module-wrap id=\"rev_slider_337_1_wrapper\" data-source=\"gallery\" style=\"visibility:hidden;background:transparent;padding:0;margin:0px auto;margin-top:0;margin-bottom:0;\">\n\t\t\t\t<rs-module id=\"rev_slider_337_1\" style=\"\" data-version=\"6.7.37\">\n\t\t\t\t\t<rs-slides style=\"overflow: hidden; position: absolute;\">\n\t\t\t\t\t\t<rs-slide style=\"position: absolute;\" data-key=\"rs-340\" data-title=\"Slide\" data-duration=\"9000\" data-anim=\"adpr:false;ms:0ms;\" data-in=\"o:1;\" data-out=\"a:false;\">\n\t\t\t\t\t\t\t<img src=\"\/\/chargeguru.com\/fr\/wp-content\/plugins\/revslider\/sr6\/assets\/assets\/dummy.png\" alt=\"Slide\" title=\"hhhh\" width=\"5334\" height=\"2293\" class=\"rev-slidebg tp-rs-img rs-lazyload\" data-lazyload=\"\/\/chargeguru.com\/fr\/wp-content\/plugins\/revslider\/sr6\/assets\/assets\/transparent.png\" data-bg=\"c:rgba(255,255,255,0);\" data-no-retina>\n<!--\n\t\t\t\t\t\t\t--><rs-layer\n\t\t\t\t\t\t\t\tid=\"slider-337-slide-340-layer-2\" \n\t\t\t\t\t\t\t\tdata-type=\"image\"\n\t\t\t\t\t\t\t\tdata-rsp_ch=\"on\"\n\t\t\t\t\t\t\t\tdata-xy=\"x:l,l,l,c;xo:740px,606px,451px,0;y:m,m,t,t;yo:-7px,102px,259px,119px;\"\n\t\t\t\t\t\t\t\tdata-text=\"l:22;a:inherit;\"\n\t\t\t\t\t\t\t\tdata-dim=\"w:379px,336px,311px,256px;h:379px,336px,311px,256px;\"\n\t\t\t\t\t\t\t\tdata-frame_0=\"sX:0.9;sY:0.9;\"\n\t\t\t\t\t\t\t\tdata-frame_1=\"st:150;sp:1000;sR:150;\"\n\t\t\t\t\t\t\t\tdata-frame_999=\"e:nothing;st:w;sR:7850;\"\n\t\t\t\t\t\t\t\tstyle=\"z-index:6;background-color:rgba(255,255,255,0);\"\n\t\t\t\t\t\t\t><img src=\"\/\/chargeguru.com\/fr\/wp-content\/plugins\/revslider\/sr6\/assets\/assets\/dummy.png\" alt=\"\" class=\"tp-rs-img rs-lazyload\" width=\"900\" height=\"900\" data-lazyload=\"\/\/chargeguru.com\/fr\/wp-content\/uploads\/sites\/4\/2024\/12\/66ec1f769b0d1ddf1b019292.png\" data-no-retina> \n\t\t\t\t\t\t\t<\/rs-layer><!--\n\n\t\t\t\t\t\t\t--><h1\n\t\t\t\t\t\t\t\tid=\"slider-337-slide-340-layer-3\" \n\t\t\t\t\t\t\t\tclass=\"rs-layer\"\n\t\t\t\t\t\t\t\tdata-type=\"text\"\n\t\t\t\t\t\t\t\tdata-color=\"#1b2a50\"\n\t\t\t\t\t\t\t\tdata-rsp_ch=\"on\"\n\t\t\t\t\t\t\t\tdata-xy=\"x:l,l,l,c;xo:60px,51px,25px,0;yo:154px,177px,114px,41px;\"\n\t\t\t\t\t\t\t\tdata-text=\"w:nowrap,nowrap,nowrap,normal;s:38,38,38,35;l:22,22,22,36;fw:700,600,600,700;a:inherit,inherit,inherit,center;\"\n\t\t\t\t\t\t\t\tdata-dim=\"w:704px,704px,704px,392px;h:39px,39px,39px,auto;\"\n\t\t\t\t\t\t\t\tdata-frame_1=\"st:300;sR:300;\"\n\t\t\t\t\t\t\t\tdata-frame_999=\"o:0;st:w;sR:8400;\"\n\t\t\t\t\t\t\t\tstyle=\"z-index:7;font-family:'Raleway';\"\n\t\t\t\t\t\t\t>Schneider Charge \n\t\t\t\t\t\t\t<\/h1><!--\n\n\t\t\t\t\t\t\t--><p\n\t\t\t\t\t\t\t\tid=\"slider-337-slide-340-layer-5\" \n\t\t\t\t\t\t\t\tclass=\"rs-layer\"\n\t\t\t\t\t\t\t\tdata-type=\"text\"\n\t\t\t\t\t\t\t\tdata-color=\"#1b2a50\"\n\t\t\t\t\t\t\t\tdata-rsp_ch=\"on\"\n\t\t\t\t\t\t\t\tdata-xy=\"x:l,l,c,c;xo:60px,51px,0,0;yo:224px,238px,170px,403px;\"\n\t\t\t\t\t\t\t\tdata-text=\"w:normal;s:18,18,18,20;l:26,26,26,28;fw:500;a:left,inherit,inherit,center;\"\n\t\t\t\t\t\t\t\tdata-dim=\"w:657px,894px,729px,419px;\"\n\t\t\t\t\t\t\t\tdata-frame_0=\"o:1;\"\n\t\t\t\t\t\t\t\tdata-frame_1=\"st:600;sR:600;\"\n\t\t\t\t\t\t\t\tdata-frame_999=\"st:w;sR:8100;\"\n\t\t\t\t\t\t\t\tstyle=\"z-index:8;font-family:'Raleway';\"\n\t\t\t\t\t\t\t>D\u00e9couvrez la Schneider Charge, la borne de recharge intelligente et robuste, pour une recharge rapide, s\u00e9curis\u00e9e et connect\u00e9e de votre v\u00e9hicule \u00e9lectrique \u00e0 domicile. \nSimple, fiable et pr\u00eate pour l\u2019avenir ! \n\t\t\t\t\t\t\t<\/p><!--\n\n\t\t\t\t\t\t\t--><p\n\t\t\t\t\t\t\t\tid=\"slider-337-slide-340-layer-6\" \n\t\t\t\t\t\t\t\tclass=\"rs-layer\"\n\t\t\t\t\t\t\t\tdata-type=\"text\"\n\t\t\t\t\t\t\t\tdata-color=\"#1b2a50\"\n\t\t\t\t\t\t\t\tdata-rsp_ch=\"on\"\n\t\t\t\t\t\t\t\tdata-xy=\"x:l,l,l,c;xo:60px,51px,25px,0;yo:336px,340px,252px,570px;\"\n\t\t\t\t\t\t\t\tdata-text=\"w:normal,nowrap,normal,normal;s:18,18,18,16;l:26,26,26,23;fw:500;a:left,inherit,inherit,center;\"\n\t\t\t\t\t\t\t\tdata-dim=\"w:580px,520px,521px,376px;\"\n\t\t\t\t\t\t\t\tdata-frame_0=\"o:1;\"\n\t\t\t\t\t\t\t\tdata-frame_1=\"st:600;sR:600;\"\n\t\t\t\t\t\t\t\tdata-frame_999=\"st:w;sR:8100;\"\n\t\t\t\t\t\t\t\tstyle=\"z-index:8;font-family:'Raleway';\"\n\t\t\t\t\t\t\t>Obtenez gratuitement et rapidement votre devis \n\t\t\t\t\t\t\t<\/p><!--\n\n\t\t\t\t\t\t\t--><a\n\t\t\t\t\t\t\t\tid=\"slider-337-slide-340-layer-7\" \n\t\t\t\t\t\t\t\tclass=\"rs-layer rev-btn rev-hiddenicon\"\n\t\t\t\t\t\t\t\thref=\"https:\/\/chargeguru.typeform.com\/to\/SYGjwz\" target=\"_self\"\n\t\t\t\t\t\t\t\tdata-type=\"button\"\n\t\t\t\t\t\t\t\tdata-color=\"#1b2a50\"\n\t\t\t\t\t\t\t\tdata-rsp_ch=\"on\"\n\t\t\t\t\t\t\t\tdata-xy=\"x:l,l,l,c;xo:61px,51px,35px,0;yo:416px,421px,351px,618px;\"\n\t\t\t\t\t\t\t\tdata-text=\"w:normal;s:21,29,25,27;l:24,34,28,32;fw:700;\"\n\t\t\t\t\t\t\t\tdata-dim=\"minh:0,none,none,none;\"\n\t\t\t\t\t\t\t\tdata-padding=\"t:15,21,18,24;r:43,61,52,62;b:15,21,18,24;l:43,61,52,62;\"\n\t\t\t\t\t\t\t\tdata-border=\"bor:200px,200px,200px,200px;\"\n\t\t\t\t\t\t\t\tdata-frame_0=\"x:-60px,-86px,-73px,-86px;\"\n\t\t\t\t\t\t\t\tdata-frame_1=\"st:150;sp:1000;sR:150;\"\n\t\t\t\t\t\t\t\tdata-frame_999=\"o:0;st:w;sR:7850;\"\n\t\t\t\t\t\t\t\tdata-frame_hover=\"c:#00f4cd;bgc:#1b2a50;bor:200px,200px,200px,200px;sp:200;\"\n\t\t\t\t\t\t\t\tstyle=\"z-index:9;background-color:rgba(0,244,205,0.75);font-family:'Raleway';\"\n\t\t\t\t\t\t\t>J'obtiens mon devis <i class=\"fa-chevron-right\"><\/i> \n\t\t\t\t\t\t\t<\/a><!--\n-->\t\t\t\t\t<\/rs-slide>\n\t\t\t\t\t<\/rs-slides>\n\t\t\t\t<\/rs-module>\n\t\t\t\t<script>\n\t\t\t\t\tsetREVStartSize({c: 'rev_slider_337_1',rl:[1240,1024,778,480],el:[630,768,960,720],gw:[1280,1024,778,480],gh:[630,768,960,720],type:'hero',justify:'',layout:'fullwidth',mh:\"0\"});if (window.RS_MODULES!==undefined && window.RS_MODULES.modules!==undefined && window.RS_MODULES.modules[\"revslider3371\"]!==undefined) {window.RS_MODULES.modules[\"revslider3371\"].once = false;window.revapi337 = undefined;if (window.RS_MODULES.checkMinimal!==undefined) window.RS_MODULES.checkMinimal()}\n\t\t\t\t<\/script>\n\t\t\t<\/rs-module-wrap>\n\t\t\t<!-- END REVOLUTION SLIDER -->\n<\/div>\r\n\t<\/div>\r\n\r\n\r\n\t\t\r\n\r\n<\/div>\r\n<\/div>\n\n<div class=\"fw-row\">\n\t\r\n<div class=\"sh-column sh-column-2d6534c4efcfdfd719aeb43dcd51bb09 fw-col-xs-12 fw-col-sm-6 sh-column-mobile-padding\" >\r\n\r\n\t\r\n\t<div class=\"sh-column-wrapper\">\r\n\t\t\r\n<div class=\"sh-heading  \" id=\"heading-7f52019aa8e98a37e61671a099b9387d\">\r\n\t<div class=\"sh-element-margin\">\r\n\r\n\t\t\r\n\t\t\t<h2 class=\"sh-heading-content size-l text-left\">\r\n\t\t\t\tDescription de la borne \u26a1\ufe0f\t\t\t<\/h2>\r\n\r\n\t\t\r\n\t<\/div>\r\n<\/div>\r\n\r\n<div id=\"text-block-d4189c480973494a8f3785a7ab71c16a\" class=\"sh-text-block\">\r\n\t<p>La Schneider Charge est une borne de recharge robuste, intelligente et pratique, con\u00e7ue pour r\u00e9pondre \u00e0 la recharge \u00e9lectrique \u00e0 domicile.<\/p><\/div>\r\n\r\n<div id=\"text-block-1a2289648ae88bc28024242461eb9783\" class=\"sh-text-block\">\r\n\t<p><strong>Compatibilit\u00e9 universelle :<\/strong>\u00a0Compatible avec tous les v\u00e9hicules \u00e9lectriques et hybrides rechargeables.<\/p><\/div>\r\n\r\n<div id=\"text-block-3f8fe50c9c9c73d5c1794af038452458\" class=\"sh-text-block\">\r\n\t<p><strong>Puissance de charge :<\/strong>\u00a0Offre une recharge de 7,4 kW pour une charge rapide et efficace.<\/p><\/div>\r\n\r\n<div id=\"text-block-930e74e3249087b52420a8d85d2fab50\" class=\"sh-text-block\">\r\n\t<p><strong>Connectivit\u00e9<\/strong> : Option connect\u00e9e permettant de suivre et de programmer vos sessions de recharge via l\u2019application Wiser Home par Schneider Electric.<\/p><\/div>\r\n\r\n<div id=\"text-block-47d87ec1c7d841599ce1282cdb737459\" class=\"sh-text-block\">\r\n\t<p><strong>S\u00e9curit\u00e9 renforc\u00e9e :<\/strong>\u00a0Int\u00e8gre des protections contre les surtensions, les courts-circuits et autres risques \u00e9lectriques.<\/p><\/div>\r\n\r\n<div id=\"text-block-f0113d8fd64afe9dea4fff990fc5c3f5\" class=\"sh-text-block\">\r\n\t<p><em>Pour rappel, une borne de recharge d'une puissance sup\u00e9rieure \u00e0 3,7 kW doit \u00eatre install\u00e9e par un professionnel qualifi\u00e9 avec la mention IRVE.<\/em><\/p><\/div>\r\n\t<\/div>\r\n\r\n\r\n\t\t\r\n\r\n<\/div>\r\n\r\n<div class=\"sh-column sh-column-bdf3f551631177e39b5c7499dfcd8b25 fw-col-xs-12 fw-col-sm-6 sh-column-mobile-padding sh-column-shadow\" >\r\n\r\n\t\r\n\t<div class=\"sh-column-wrapper\">\r\n\t\t\r\n<div class=\"sh-heading  \" id=\"heading-ca87120d247086b676025ac2866b1fd9\">\r\n\t<div class=\"sh-element-margin\">\r\n\r\n\t\t\r\n\t\t\t<h2 class=\"sh-heading-content size-l text-center\">\r\n\t\t\t\tFiche technique \u2139\ufe0f\t\t\t<\/h2>\r\n\r\n\t\t\r\n\t<\/div>\r\n<\/div>\r\n\r\n<div class=\"sh-heading  \" id=\"heading-83ab08b43184d801b29c050224ba6db1\">\r\n\t<div class=\"sh-element-margin\">\r\n\r\n\t\t\r\n\t\t\t<h3 class=\"sh-heading-content size-m text-left\">\r\n\t\t\t\tCaract\u00e9ristiques\t\t\t<\/h3>\r\n\r\n\t\t\r\n\t<\/div>\r\n<\/div>\r\n\r\n<ul class=\"sh-list sh-list-style1\" id=\"list-df4762c44bfcb6f7f79410eae82c0cab\">\r\n\t\t\t<li class=\"sh-list-item\">\r\n\t\t\t<span class=\"sh-list-icon\">\r\n\t\t\t\t<i class=\"icon-info\"><\/i>\r\n\t\t\t<\/span>\r\n\t\t\t999\u20ac TTC (cr\u00e9dit d&#039;imp\u00f4t d\u00e9duit)\t\t<\/li>\r\n\t\t\t<li class=\"sh-list-item\">\r\n\t\t\t<span class=\"sh-list-icon\">\r\n\t\t\t\t<i class=\"icon-info\"><\/i>\r\n\t\t\t<\/span>\r\n\t\t\t1 prise de recharge\t\t<\/li>\r\n\t\t\t<li class=\"sh-list-item\">\r\n\t\t\t<span class=\"sh-list-icon\">\r\n\t\t\t\t<i class=\"icon-info\"><\/i>\r\n\t\t\t<\/span>\r\n\t\t\t7,4 kW de puissance de recharge\t\t<\/li>\r\n\t\t\t<li class=\"sh-list-item\">\r\n\t\t\t<span class=\"sh-list-icon\">\r\n\t\t\t\t<i class=\"icon-info\"><\/i>\r\n\t\t\t<\/span>\r\n\t\t\tRecharge contr\u00f4l\u00e9e, des consommations ma\u00eetris\u00e9es\t\t<\/li>\r\n\t\t\t<li class=\"sh-list-item\">\r\n\t\t\t<span class=\"sh-list-icon\">\r\n\t\t\t\t<i class=\"icon-info\"><\/i>\r\n\t\t\t<\/span>\r\n\t\t\tGestion efficace de l&#039;\u00e9nergie\t\t<\/li>\r\n\t\t\t<li class=\"sh-list-item\">\r\n\t\t\t<span class=\"sh-list-icon\">\r\n\t\t\t\t<i class=\"icon-info\"><\/i>\r\n\t\t\t<\/span>\r\n\t\t\tInstallation simplifi\u00e9es en quelques minutes\t\t<\/li>\r\n\t\t\t<li class=\"sh-list-item\">\r\n\t\t\t<span class=\"sh-list-icon\">\r\n\t\t\t\t<i class=\"icon-info\"><\/i>\r\n\t\t\t<\/span>\r\n\t\t\tSchneider est une marque engag\u00e9 dans une d\u00e9marche environnementale \ud83c\udf31\t\t<\/li>\r\n\t<\/ul>\r\n\r\n<div id=\"button-bd094bb0edc0ad11aa62c553b29eabe6\" class=\"sh-button-container  sh-button-style-1\">\r\n\t<div class=\"sh-element-margin\">\r\n\t\t<a href=\"https:\/\/chargeguru.typeform.com\/to\/SYGjwz\" target=\"_self\" class=\"sh-button sh-button-large \">\r\n\r\n\t\t\t\r\n\t\t\t\t\t\t\t<span class=\"sh-button-text\">\r\n\t\t\t\t\tJ&#039;installe ma borne\t\t\t\t<\/span>\r\n\t\t\t\r\n\t\t\t\r\n\t\t<\/a>\r\n\t\t\t<\/div>\r\n<\/div>\r\n\t<\/div>\r\n\r\n\r\n\t\t\r\n\r\n<\/div>\r\n<\/div>\n\n<div class=\"fw-row\">\n\t\r\n<div class=\"sh-column sh-column-9fd3059186ef32b17483d5729516ea3b fw-col-xs-12 sh-column-mobile-padding\" >\r\n\r\n\t\r\n\t<div class=\"sh-column-wrapper\">\r\n\t\t\r\n<div class=\"sh-heading  \" id=\"heading-5f567730a906e36f1a10f124aef56f05\">\r\n\t<div class=\"sh-element-margin\">\r\n\r\n\t\t\r\n\t\t\t<h2 class=\"sh-heading-content size-l text-left\">\r\n\t\t\t\t\u00c0 propos du constructeur\t\t\t<\/h2>\r\n\r\n\t\t\r\n\t<\/div>\r\n<\/div>\r\n\t<\/div>\r\n\r\n\r\n\t\t\r\n\r\n<\/div>\r\n<\/div>\n\n<div class=\"fw-row\">\n\t\r\n<div class=\"sh-column sh-column-e32bfb9ef9a0aee09b6a57de56c612ac fw-col-xs-12 fw-col-sm-6 sh-column-mobile-padding\" >\r\n\r\n\t\r\n\t<div class=\"sh-column-wrapper\">\r\n\t\t\r\n<div id=\"single-image-07f44f0106bd10f35c496079fbad33bc\" class=\"sh-single-image  \">\r\n\t<div class=\"sh-element-margin\">\r\n\r\n\t\t\r\n\t\t\t<div class=\"sh-single-image-container\">\r\n\t\t\t\t\r\n\t\t\t\t\t\t\t\t\t\t\t\t\t\t\t<a href=\"\/\/chargeguru.com\/fr\/wp-content\/uploads\/sites\/4\/2022\/08\/SCHNEIDER-ELECTRIC-logo.png\" rel=\"lightbox\">\r\n\t\t\t\t\t\r\n\t\t\t\t\t\t\t\t\t\t\t\t\t<img class=\"sh-image-url\" src=\"https:\/\/chargeguru.com\/fr\/wp-content\/uploads\/sites\/4\/2022\/08\/SCHNEIDER-ELECTRIC-logo.png\" alt=\"SCHNEIDER-ELECTRIC-logo\" \/>\r\n\t\t\t\t\t\t\t\t\t\t\t\t\t\r\n\t\t\t\t\t\t\t\t\t\t\t<\/a>\r\n\t\t\t\t\t\t\t\t\t\r\n\t\t\t\t\t\t\t<\/div>\r\n\r\n\t\t\r\n\t<\/div>\r\n<\/div>\r\n\r\n<div id=\"text-block-b7b9c11e4434e2e88c926f70da48f98a\" class=\"sh-text-block\">\r\n\t<div id=\"text-block-b7b9c11e4434e2e88c926f70da48f98a\" class=\"sh-text-block\"><p><strong>Schneider Electric<\/strong> est un leader mondial en gestion de l\u2019\u00e9nergie, engag\u00e9 pour un avenir durable. Gr\u00e2ce \u00e0 des solutions innovantes et connect\u00e9es, comme la <strong>Schneider Charge<\/strong>, la marque facilite la transition \u00e9nerg\u00e9tique avec des produits fiables, s\u00e9curis\u00e9s et efficaces, tout en r\u00e9duisant l'empreinte carbone.<\/p><\/div><\/div>\r\n\t<\/div>\r\n\r\n\r\n\t\t\r\n\r\n<\/div>\r\n\r\n<div class=\"sh-column sh-column-a389af8a86429b1759fe94451d34bab3 fw-col-xs-12 fw-col-sm-6 sh-column-mobile-padding\" >\r\n\r\n\t\r\n\t<div class=\"sh-column-wrapper\">\r\n\t\t\r\n<div id=\"single-image-698b4eaeec79b6eb1fb9cb33740fdef9\" class=\"sh-single-image  \">\r\n\t<div class=\"sh-element-margin\">\r\n\r\n\t\t\r\n\t\t\t<div class=\"sh-single-image-container\">\r\n\t\t\t\t\r\n\t\t\t\t\t\t\t\t\t\r\n\t\t\t\t\t\t\t\t\t\t\t\t\t<img class=\"sh-image-url\" src=\"https:\/\/chargeguru.com\/fr\/wp-content\/uploads\/sites\/4\/2025\/01\/Environmental-Image-Schneider-Charge-red-car-1.png\" alt=\"Environmental Image - Schneider Charge - red car\" \/>\r\n\t\t\t\t\t\t\t\t\t\t\t\t\t\r\n\t\t\t\t\t\t\t\t\t\r\n\t\t\t\t\t\t\t<\/div>\r\n\r\n\t\t\r\n\t<\/div>\r\n<\/div>\r\n\t<\/div>\r\n\r\n\r\n\t\t\r\n\r\n<\/div>\r\n<\/div>\n\n\t<\/div>\r\n<\/section>\r\n\r\n<section class=\"sh-section sh-section-76398918af564206f41e21d745be6993 fw-main-row sh-section-visibility-everywhere\" id=\"temps-recharge-et-economies\">\r\n\t\r\n\t\r\n\t<div class=\"sh-section-container container\">\r\n\t\t<div class=\"fw-row\">\n\t\r\n<div class=\"sh-column sh-column-a180188c67b96e40500bf1da260b0dd5 fw-col-xs-12 sh-column-mobile-padding\" >\r\n\r\n\t\r\n\t<div class=\"sh-column-wrapper\">\r\n\t\t\r\n<div class=\"sh-heading  \" id=\"heading-14ee2b4f9c2b73ffd135a5b16e646f0d\">\r\n\t<div class=\"sh-element-margin\">\r\n\r\n\t\t\r\n\t\t\t<h2 class=\"sh-heading-content size-l text-left\">\r\n\t\t\t\tDocumentations\t\t\t<\/h2>\r\n\r\n\t\t\r\n\t<\/div>\r\n<\/div>\r\n\t<\/div>\r\n\r\n\r\n\t\t\r\n\r\n<\/div>\r\n<\/div>\n\n<div class=\"fw-row\">\n\t\r\n<div class=\"sh-column sh-column-46c3a6d6c570402fd4398f8eb1bea0dc fw-col-xs-12 fw-col-sm-4 sh-column-mobile-padding\" >\r\n\r\n\t\r\n\t<div class=\"sh-column-wrapper\">\r\n\t\t\r\n<div id=\"button-73f629f0c7ecf82ce493535bfb8e7aa3\" class=\"sh-button-container  sh-button-style-1\">\r\n\t<div class=\"sh-element-margin\">\r\n\t\t<a href=\"https:\/\/www.se.com\/fr\/fr\/product\/download-pdf\/EVH5A22N400F?filename=Schneider+Electric_Schneider-Charge-Borne-de-recharge-voiture-%25C3%25A9lectrique_EVH5A22N400F.pdf\" target=\"_blank\" class=\"sh-button sh-button-large \">\r\n\r\n\t\t\t\r\n\t\t\t\t\t\t\t<span class=\"sh-button-text\">\r\n\t\t\t\t\tFiche technique\t\t\t\t<\/span>\r\n\t\t\t\r\n\t\t\t\r\n\t\t<\/a>\r\n\t\t\t<\/div>\r\n<\/div>\r\n\t<\/div>\r\n\r\n\r\n\t\t\r\n\r\n<\/div>\r\n\r\n<div class=\"sh-column sh-column-5be60821d35cb39a6588085803186048 fw-col-xs-12 fw-col-sm-4 sh-column-mobile-padding\" >\r\n\r\n\t\r\n\t<div class=\"sh-column-wrapper\">\r\n\t\t\r\n<div id=\"button-2c3818b9a49568c5ab67df65f8d51c0f\" class=\"sh-button-container  sh-button-style-1\">\r\n\t<div class=\"sh-element-margin\">\r\n\t\t<a href=\"https:\/\/download.schneider-electric.com\/files?p_enDocType=User+guide&#038;p_File_Name=PKR9462701-02_FR-1014.pdf&#038;p_Doc_Ref=PKR9462701_FR\" target=\"_blank\" class=\"sh-button sh-button-large \">\r\n\r\n\t\t\t\r\n\t\t\t\t\t\t\t<span class=\"sh-button-text\">\r\n\t\t\t\t\tManuel utilisateur\t\t\t\t<\/span>\r\n\t\t\t\r\n\t\t\t\r\n\t\t<\/a>\r\n\t\t\t<\/div>\r\n<\/div>\r\n\t<\/div>\r\n\r\n\r\n\t\t\r\n\r\n<\/div>\r\n\r\n<div class=\"sh-column sh-column-7fc60a09f40e8585e1349e11b60cf4bf fw-col-xs-12 fw-col-sm-4 sh-column-mobile-padding\" >\r\n\r\n\t\r\n\t<div class=\"sh-column-wrapper\">\r\n\t\t\t<\/div>\r\n\r\n\r\n\t\t\r\n\r\n<\/div>\r\n<\/div>\n\n\t<\/div>\r\n<\/section>\r\n<\/p>\n","protected":false},"excerpt":{"rendered":"<p>Schneider Charge D\u00e9couvrez la Schneider Charge, la borne de recharge intelligente et robuste, pour une recharge rapide, s\u00e9curis\u00e9e et connect\u00e9e&#8230;<\/p>\n","protected":false},"author":5,"featured_media":0,"parent":1073,"menu_order":0,"comment_status":"closed","ping_status":"closed","template":"","meta":{"content-type":""},"yoast_head":"<!-- This site is optimized with the Yoast SEO Premium plugin v20.8 (Yoast SEO v21.3) - https:\/\/yoast.com\/wordpress\/plugins\/seo\/ -->\n<title>Schneider Charge - ChargeGuru<\/title>\n<meta name=\"description\" content=\"D\u00e9couvrez la Schneider Charge, la borne de recharge intelligente et robuste, id\u00e9ale pour la recharge \u00e0 domicile.\" \/>\n<meta name=\"robots\" content=\"index, follow, max-snippet:-1, max-image-preview:large, max-video-preview:-1\" \/>\n<link rel=\"canonical\" href=\"https:\/\/chargeguru.com\/fr\/bornes-de-recharge\/scheinder-charge\/\" \/>\n<meta property=\"og:locale\" content=\"fr_FR\" \/>\n<meta property=\"og:type\" content=\"article\" \/>\n<meta property=\"og:title\" content=\"Schneider Charge\" \/>\n<meta property=\"og:description\" content=\"D\u00e9couvrez la Schneider Charge, la borne de recharge intelligente et robuste, id\u00e9ale pour la recharge \u00e0 domicile.\" \/>\n<meta property=\"og:url\" content=\"https:\/\/chargeguru.com\/fr\/bornes-de-recharge\/scheinder-charge\/\" \/>\n<meta property=\"og:site_name\" content=\"ChargeGuru FR | Installateur de Bornes de Recharge pour V\u00e9hicule Electrique\" \/>\n<meta property=\"article:modified_time\" content=\"2025-04-03T16:07:15+00:00\" \/>\n<meta property=\"og:image\" content=\"https:\/\/chargeguru.com\/fr\/wp-content\/uploads\/sites\/4\/2019\/09\/hager-witty-xev1k07t2tpfr-74-kw-tic-cle.png\" \/>\n\t<meta property=\"og:image:width\" content=\"1200\" \/>\n\t<meta property=\"og:image:height\" content=\"1200\" \/>\n\t<meta property=\"og:image:type\" content=\"image\/png\" \/>\n<meta name=\"twitter:card\" content=\"summary_large_image\" \/>\n<meta name=\"twitter:label1\" content=\"Dur\u00e9e de lecture estim\u00e9e\" \/>\n\t<meta name=\"twitter:data1\" content=\"5 minutes\" \/>\n<script type=\"application\/ld+json\" class=\"yoast-schema-graph\">{\"@context\":\"https:\/\/schema.org\",\"@graph\":[{\"@type\":\"WebPage\",\"@id\":\"https:\/\/chargeguru.com\/fr\/bornes-de-recharge\/scheinder-charge\/\",\"url\":\"https:\/\/chargeguru.com\/fr\/bornes-de-recharge\/scheinder-charge\/\",\"name\":\"Schneider Charge - ChargeGuru\",\"isPartOf\":{\"@id\":\"https:\/\/chargeguru.com\/fr\/#website\"},\"datePublished\":\"2025-01-16T09:00:57+00:00\",\"dateModified\":\"2025-04-03T16:07:15+00:00\",\"description\":\"D\u00e9couvrez la Schneider Charge, la borne de recharge intelligente et robuste, id\u00e9ale pour la recharge \u00e0 domicile.\",\"breadcrumb\":{\"@id\":\"https:\/\/chargeguru.com\/fr\/bornes-de-recharge\/scheinder-charge\/#breadcrumb\"},\"inLanguage\":false,\"potentialAction\":[{\"@type\":\"ReadAction\",\"target\":[\"https:\/\/chargeguru.com\/fr\/bornes-de-recharge\/scheinder-charge\/\"]}]},{\"@type\":\"BreadcrumbList\",\"@id\":\"https:\/\/chargeguru.com\/fr\/bornes-de-recharge\/scheinder-charge\/#breadcrumb\",\"itemListElement\":[{\"@type\":\"ListItem\",\"position\":1,\"name\":\"Home\",\"item\":\"https:\/\/chargeguru.com\/fr\/\"},{\"@type\":\"ListItem\",\"position\":2,\"name\":\"Bornes\",\"item\":\"https:\/\/chargeguru.com\/fr\/bornes-de-recharge\/\"},{\"@type\":\"ListItem\",\"position\":3,\"name\":\"Schneider Charge\"}]},{\"@type\":\"WebSite\",\"@id\":\"https:\/\/chargeguru.com\/fr\/#website\",\"url\":\"https:\/\/chargeguru.com\/fr\/\",\"name\":\"ChargeGuru FR | Installateur de Bornes de Recharge pour V\u00e9hicule Electrique\",\"description\":\"Leader de l&#039;installation de bornes de recharge pour v\u00e9hicules \u00e9lectriques et hybrides\",\"potentialAction\":[{\"@type\":\"SearchAction\",\"target\":{\"@type\":\"EntryPoint\",\"urlTemplate\":\"https:\/\/chargeguru.com\/fr\/?s={search_term_string}\"},\"query-input\":\"required name=search_term_string\"}],\"inLanguage\":false}]}<\/script>\n<!-- \/ Yoast SEO Premium plugin. -->","yoast_head_json":{"title":"Schneider Charge - ChargeGuru","description":"D\u00e9couvrez la Schneider Charge, la borne de recharge intelligente et robuste, id\u00e9ale pour la recharge \u00e0 domicile.","robots":{"index":"index","follow":"follow","max-snippet":"max-snippet:-1","max-image-preview":"max-image-preview:large","max-video-preview":"max-video-preview:-1"},"canonical":"https:\/\/chargeguru.com\/fr\/bornes-de-recharge\/scheinder-charge\/","og_locale":"fr_FR","og_type":"article","og_title":"Schneider Charge","og_description":"D\u00e9couvrez la Schneider Charge, la borne de recharge intelligente et robuste, id\u00e9ale pour la recharge \u00e0 domicile.","og_url":"https:\/\/chargeguru.com\/fr\/bornes-de-recharge\/scheinder-charge\/","og_site_name":"ChargeGuru FR | Installateur de Bornes de Recharge pour V\u00e9hicule Electrique","article_modified_time":"2025-04-03T16:07:15+00:00","og_image":[{"width":1200,"height":1200,"url":"https:\/\/chargeguru.com\/fr\/wp-content\/uploads\/sites\/4\/2019\/09\/hager-witty-xev1k07t2tpfr-74-kw-tic-cle.png","type":"image\/png"}],"twitter_card":"summary_large_image","twitter_misc":{"Dur\u00e9e de lecture estim\u00e9e":"5 minutes"},"schema":{"@context":"https:\/\/schema.org","@graph":[{"@type":"WebPage","@id":"https:\/\/chargeguru.com\/fr\/bornes-de-recharge\/scheinder-charge\/","url":"https:\/\/chargeguru.com\/fr\/bornes-de-recharge\/scheinder-charge\/","name":"Schneider Charge - ChargeGuru","isPartOf":{"@id":"https:\/\/chargeguru.com\/fr\/#website"},"datePublished":"2025-01-16T09:00:57+00:00","dateModified":"2025-04-03T16:07:15+00:00","description":"D\u00e9couvrez la Schneider Charge, la borne de recharge intelligente et robuste, id\u00e9ale pour la recharge \u00e0 domicile.","breadcrumb":{"@id":"https:\/\/chargeguru.com\/fr\/bornes-de-recharge\/scheinder-charge\/#breadcrumb"},"inLanguage":false,"potentialAction":[{"@type":"ReadAction","target":["https:\/\/chargeguru.com\/fr\/bornes-de-recharge\/scheinder-charge\/"]}]},{"@type":"BreadcrumbList","@id":"https:\/\/chargeguru.com\/fr\/bornes-de-recharge\/scheinder-charge\/#breadcrumb","itemListElement":[{"@type":"ListItem","position":1,"name":"Home","item":"https:\/\/chargeguru.com\/fr\/"},{"@type":"ListItem","position":2,"name":"Bornes","item":"https:\/\/chargeguru.com\/fr\/bornes-de-recharge\/"},{"@type":"ListItem","position":3,"name":"Schneider Charge"}]},{"@type":"WebSite","@id":"https:\/\/chargeguru.com\/fr\/#website","url":"https:\/\/chargeguru.com\/fr\/","name":"ChargeGuru FR | Installateur de Bornes de Recharge pour V\u00e9hicule Electrique","description":"Leader de l&#039;installation de bornes de recharge pour v\u00e9hicules \u00e9lectriques et hybrides","potentialAction":[{"@type":"SearchAction","target":{"@type":"EntryPoint","urlTemplate":"https:\/\/chargeguru.com\/fr\/?s={search_term_string}"},"query-input":"required name=search_term_string"}],"inLanguage":false}]}},"_links":{"self":[{"href":"https:\/\/chargeguru.com\/fr\/wp-json\/wp\/v2\/pages\/13030"}],"collection":[{"href":"https:\/\/chargeguru.com\/fr\/wp-json\/wp\/v2\/pages"}],"about":[{"href":"https:\/\/chargeguru.com\/fr\/wp-json\/wp\/v2\/types\/page"}],"author":[{"embeddable":true,"href":"https:\/\/chargeguru.com\/fr\/wp-json\/wp\/v2\/users\/5"}],"replies":[{"embeddable":true,"href":"https:\/\/chargeguru.com\/fr\/wp-json\/wp\/v2\/comments?post=13030"}],"version-history":[{"count":75,"href":"https:\/\/chargeguru.com\/fr\/wp-json\/wp\/v2\/pages\/13030\/revisions"}],"predecessor-version":[{"id":23029,"href":"https:\/\/chargeguru.com\/fr\/wp-json\/wp\/v2\/pages\/13030\/revisions\/23029"}],"up":[{"embeddable":true,"href":"https:\/\/chargeguru.com\/fr\/wp-json\/wp\/v2\/pages\/1073"}],"wp:attachment":[{"href":"https:\/\/chargeguru.com\/fr\/wp-json\/wp\/v2\/media?parent=13030"}],"curies":[{"name":"wp","href":"https:\/\/api.w.org\/{rel}","templated":true}]}}