{"id":1185,"date":"2018-06-08T11:45:02","date_gmt":"2018-06-08T09:45:02","guid":{"rendered":"https:\/\/chargeguru.com\/?page_id=1185"},"modified":"2023-09-04T18:19:37","modified_gmt":"2023-09-04T16:19:37","slug":"recharge-rapide","status":"publish","type":"page","link":"https:\/\/chargeguru.com\/fr\/bornes-de-recharge\/recharge-rapide\/","title":{"rendered":"La recharge rapide"},"content":{"rendered":"<p>\r\n<section class=\"sh-section sh-section-989cd74da05f108bf30e0fe67bc7aa30 fw-main-row sh-section-visibility-everywhere\">\r\n\t\r\n\t\r\n\t<div class=\"sh-section-container container-fluid\">\r\n\t\t<div class=\"fw-row\">\n\t\r\n<div class=\"sh-column sh-column-139218924d4c10f91eb68aa602934226 fw-col-xs-12\" >\r\n\r\n\t\r\n\t<div class=\"sh-column-wrapper\">\r\n\t\t\r\n<div class=\"sh-revslider\" id=\"revslider-b224ed4c9dd075b31837e4760ebc0d0f\">\r\n\t\n\t\t\t<!-- START La recharge rapide  V2 REVOLUTION SLIDER 6.7.37 --><p class=\"rs-p-wp-fix\"><\/p>\n\t\t\t<rs-module-wrap id=\"rev_slider_235_1_wrapper\" data-source=\"gallery\" style=\"visibility:hidden;background:transparent;padding:0;margin:0px auto;margin-top:0;margin-bottom:0;\">\n\t\t\t\t<rs-module id=\"rev_slider_235_1\" style=\"\" data-version=\"6.7.37\">\n\t\t\t\t\t<rs-slides style=\"overflow: hidden; position: absolute;\">\n\t\t\t\t\t\t<rs-slide style=\"position: absolute;\" data-key=\"rs-238\" data-title=\"Slide\" data-duration=\"9000\" data-anim=\"adpr:false;ms:0ms;\" data-in=\"o:1;\" data-out=\"a:false;\">\n\t\t\t\t\t\t\t<img src=\"\/\/chargeguru.com\/fr\/wp-content\/plugins\/revslider\/sr6\/assets\/assets\/dummy.png\" alt=\"Slide\" title=\"hhhh\" width=\"5334\" height=\"2293\" class=\"rev-slidebg tp-rs-img rs-lazyload\" data-lazyload=\"\/\/chargeguru.com\/fr\/wp-content\/plugins\/revslider\/sr6\/assets\/assets\/transparent.png\" data-bg=\"c:rgba(255,255,255,0);\" data-no-retina>\n<!--\n\t\t\t\t\t\t\t--><p\n\t\t\t\t\t\t\t\tid=\"slider-235-slide-238-layer-1\" \n\t\t\t\t\t\t\t\tclass=\"rs-layer\"\n\t\t\t\t\t\t\t\tdata-type=\"text\"\n\t\t\t\t\t\t\t\tdata-color=\"rgba(27, 42, 80, 0.65)\"\n\t\t\t\t\t\t\t\tdata-rsp_ch=\"on\"\n\t\t\t\t\t\t\t\tdata-xy=\"x:c,l,l,c;xo:0,50px,50px,0;y:m,t,t,t;yo:42px,318px,304px,162px;\"\n\t\t\t\t\t\t\t\tdata-text=\"w:normal;s:18;l:26,26,26,22;fw:700;a:center,inherit,inherit,center;\"\n\t\t\t\t\t\t\t\tdata-dim=\"w:648px,527px,528px,376px;\"\n\t\t\t\t\t\t\t\tdata-frame_0=\"o:1;\"\n\t\t\t\t\t\t\t\tdata-frame_1=\"st:600;sR:600;\"\n\t\t\t\t\t\t\t\tdata-frame_999=\"st:w;sR:8100;\"\n\t\t\t\t\t\t\t\tstyle=\"z-index:8;font-family:'Raleway';\"\n\t\t\t\t\t\t\t>La recharge rapide est-elle pertinente pour vous ? Nous vous guidons pour mieux comprendre les solutions de recharge rapide et faire le bon choix. \n\t\t\t\t\t\t\t<\/p><!--\n\n\t\t\t\t\t\t\t--><h1\n\t\t\t\t\t\t\t\tid=\"slider-235-slide-238-layer-3\" \n\t\t\t\t\t\t\t\tclass=\"rs-layer\"\n\t\t\t\t\t\t\t\tdata-type=\"text\"\n\t\t\t\t\t\t\t\tdata-color=\"#1b2a50\"\n\t\t\t\t\t\t\t\tdata-rsp_ch=\"on\"\n\t\t\t\t\t\t\t\tdata-xy=\"x:c,l,l,c;xo:0,50px,50px,0;y:m,t,t,t;yo:-72px,177px,160px,53px;\"\n\t\t\t\t\t\t\t\tdata-text=\"w:normal;s:48,48,48,35;l:50,50,50,36;fw:700;a:center,inherit,inherit,center;\"\n\t\t\t\t\t\t\t\tdata-dim=\"w:678px,704px,704px,392px;\"\n\t\t\t\t\t\t\t\tdata-frame_1=\"st:300;sR:300;\"\n\t\t\t\t\t\t\t\tdata-frame_999=\"o:0;st:w;sR:8400;\"\n\t\t\t\t\t\t\t\tstyle=\"z-index:7;font-family:'Raleway';\"\n\t\t\t\t\t\t\t>La recharge rapide \n\t\t\t\t\t\t\t<\/h1><!--\n\n\t\t\t\t\t\t\t--><a\n\t\t\t\t\t\t\t\tid=\"slider-235-slide-238-layer-7\" \n\t\t\t\t\t\t\t\tclass=\"rs-layer rev-btn rev-hiddenicon\"\n\t\t\t\t\t\t\t\thref=\"https:\/\/chargeguru.typeform.com\/to\/SYGjwz\" target=\"_self\"\n\t\t\t\t\t\t\t\tdata-type=\"button\"\n\t\t\t\t\t\t\t\tdata-color=\"#1b2a50\"\n\t\t\t\t\t\t\t\tdata-rsp_ch=\"on\"\n\t\t\t\t\t\t\t\tdata-xy=\"x:c;xo:0,-247px,-163px,0;y:m;yo:147px,92px,-37px,268px;\"\n\t\t\t\t\t\t\t\tdata-text=\"w:normal;s:21,29,25,27;l:24,34,28,32;ls:1,0,0,0;fw:700;\"\n\t\t\t\t\t\t\t\tdata-dim=\"minh:0,none,none,none;\"\n\t\t\t\t\t\t\t\tdata-padding=\"t:15,21,18,24;r:43,61,52,62;b:15,21,18,24;l:43,61,52,62;\"\n\t\t\t\t\t\t\t\tdata-border=\"bor:200px,200px,200px,200px;\"\n\t\t\t\t\t\t\t\tdata-frame_0=\"x:-60px,-86px,-73px,-86px;\"\n\t\t\t\t\t\t\t\tdata-frame_1=\"st:150;sp:1000;sR:150;\"\n\t\t\t\t\t\t\t\tdata-frame_999=\"o:0;st:w;sR:7850;\"\n\t\t\t\t\t\t\t\tdata-frame_hover=\"c:#00f4cd;bgc:#1b2a50;bor:200px,200px,200px,200px;sp:200;\"\n\t\t\t\t\t\t\t\tstyle=\"z-index:9;background-color:rgba(0,244,205,0.75);font-family:'Raleway';\"\n\t\t\t\t\t\t\t>Devis ultra rapide <i class=\"fa-chevron-right\"><\/i> \n\t\t\t\t\t\t\t<\/a><!--\n-->\t\t\t\t\t<\/rs-slide>\n\t\t\t\t\t<\/rs-slides>\n\t\t\t\t<\/rs-module>\n\t\t\t\t<script>\n\t\t\t\t\tsetREVStartSize({c: 'rev_slider_235_1',rl:[1240,1024,778,480],el:[500,768,960,720],gw:[1280,1024,778,480],gh:[500,768,960,720],type:'hero',justify:'',layout:'fullwidth',mh:\"0\"});if (window.RS_MODULES!==undefined && window.RS_MODULES.modules!==undefined && window.RS_MODULES.modules[\"revslider2351\"]!==undefined) {window.RS_MODULES.modules[\"revslider2351\"].once = false;window.revapi235 = undefined;if (window.RS_MODULES.checkMinimal!==undefined) window.RS_MODULES.checkMinimal()}\n\t\t\t\t<\/script>\n\t\t\t<\/rs-module-wrap>\n\t\t\t<!-- END REVOLUTION SLIDER -->\n<\/div>\r\n\t<\/div>\r\n\r\n\r\n\t\t\r\n\r\n<\/div>\r\n<\/div>\n\n\t<\/div>\r\n<\/section>\r\n\r\n<section class=\"sh-section sh-section-c8e8a02fecbbeae64d45cbde69f93a86 fw-main-row sh-section-visibility-everywhere\">\r\n\t\r\n\t\r\n\t<div class=\"sh-section-container container\">\r\n\t\t<div class=\"fw-row\">\n\t\r\n<div class=\"sh-column sh-column-3a97c2236f19e884146b8994cb91e53f fw-col-xs-12 fw-col-sm-6 sh-column-mobile-padding\" >\r\n\r\n\t\r\n\t<div class=\"sh-column-wrapper\">\r\n\t\t\r\n<div id=\"single-image-42cc2d60a80ea687c73b03a897fde55b\" class=\"sh-single-image  \">\r\n\t<div class=\"sh-element-margin\">\r\n\r\n\t\t\r\n\t\t\t<div class=\"sh-single-image-container\">\r\n\t\t\t\t\r\n\t\t\t\t\t\t\t\t\t\t\t\t\t\t\t<a href=\"\/\/chargeguru.com\/fr\/wp-content\/uploads\/sites\/4\/2023\/09\/img_5599-scaled-1.jpeg\" rel=\"lightbox\">\r\n\t\t\t\t\t\r\n\t\t\t\t\t\t\t\t\t\t\t\t\t<img class=\"sh-image-url\" src=\"https:\/\/chargeguru.com\/fr\/wp-content\/uploads\/sites\/4\/2023\/09\/img_5599-scaled-1-1024x683.jpeg\" alt=\"img_5599-scaled\" \/>\r\n\t\t\t\t\t\t\t\t\t\t\t\t\t\r\n\t\t\t\t\t\t\t\t\t\t\t<\/a>\r\n\t\t\t\t\t\t\t\t\t\r\n\t\t\t\t\t\t\t<\/div>\r\n\r\n\t\t\r\n\t<\/div>\r\n<\/div>\r\n\t<\/div>\r\n\r\n\r\n\t\t\r\n\r\n<\/div>\r\n\r\n<div class=\"sh-column sh-column-5f2c637c2e2fd80d34f59597a9b5c8ea fw-col-xs-12 fw-col-sm-6 sh-column-mobile-padding\" >\r\n\r\n\t\r\n\t<div class=\"sh-column-wrapper\">\r\n\t\t\r\n<div class=\"sh-heading  \" id=\"heading-7f890227d54e76e4386169df0c50a193\">\r\n\t<div class=\"sh-element-margin\">\r\n\r\n\t\t\r\n\t\t\t<h2 class=\"sh-heading-content size-default text-left\">\r\n\t\t\t\tBorne de recharge rapide ?\t\t\t<\/h2>\r\n\r\n\t\t\r\n\t<\/div>\r\n<\/div>\r\n\r\n<div id=\"text-block-65eff64511b23353569c18cad262f91d\" class=\"sh-text-block\">\r\n\t<p>La recharge rapide, utilisant du courant continu (DC), reconstitue plus rapidement l'autonomie que la recharge normale en courant alternatif (AC). Les chargeurs peuvent d\u00e9passer les 200 kW, bien au-del\u00e0 des 24 kW des bornes standards. Les bornes rapides sont particuli\u00e8rement utiles dans les situations suivantes :<\/p><ul><li>Ils permettent de recharger environ 80 % de l'autonomie d'un v\u00e9hicule \u00e9lectrique en 30 \u00e0 45 minutes.<\/li><li>Ils conviennent aux flottes de v\u00e9hicules \u00e9lectriques \u00e0 usage intensif, tels que les soci\u00e9t\u00e9s de transport, les ambulances, les taxis ou les VTC.<\/li><li>Sur les autoroutes, les chargeurs rapides r\u00e9duisent l'attente.<\/li><\/ul><p>&nbsp;<\/p><\/div>\r\n\t<\/div>\r\n\r\n\r\n\t\t\r\n\r\n<\/div>\r\n<\/div>\n\n<div class=\"fw-row\">\n\t\r\n<div class=\"sh-column sh-column-9f7c8ce013b4ada75704a31a41b9cafd fw-col-xs-12 sh-column-mobile-padding\" >\r\n\r\n\t\r\n\t<div class=\"sh-column-wrapper\">\r\n\t\t\r\n<div id=\"text-block-ce17dd4c9e8c076ca10400071ae88f75\" class=\"sh-text-block\">\r\n\t<p>Cependant, il convient de noter que l'installation d'une borne de charge rapide est co\u00fbteuse et complexe, ce qui la rend moins courante pour un usage domestique. Pour l'installation d'une station de charge rapide, ChargeGuru propose un accompagnement aux entreprises, que ce soit pour un usage interne ou pour ouvrir une station publique de charge rapide. Nos charg\u00e9s d'affaires et le bureau d'\u00e9tudes de ChargeGuru poss\u00e8dent une expertise sp\u00e9cifique en mati\u00e8re de charge rapide, incluant le choix du fabricant, les sp\u00e9cificit\u00e9s techniques de l'installation et les exigences pour les subventions.<\/p><\/div>\r\n\t<\/div>\r\n\r\n\r\n\t\t\r\n\r\n<\/div>\r\n<\/div>\n\n\t<\/div>\r\n<\/section>\r\n\r\n<section class=\"sh-section sh-section-f4d596ee5c29f5b48a40624110b186eb fw-main-row sh-section-visibility-everywhere\" id=\"temps-recharge-et-economies\">\r\n\t\r\n\t\r\n\t<div class=\"sh-section-container container\">\r\n\t\t<div class=\"fw-row\">\n\t\r\n<div class=\"sh-column sh-column-a12211418f6a6173229cbf850ce93760 fw-col-xs-12 sh-column-mobile-padding\" >\r\n\r\n\t\r\n\t<div class=\"sh-column-wrapper\">\r\n\t\t\r\n<div class=\"sh-heading  \" id=\"heading-8d7053f84a492bbadb71ba51f1ce5823\">\r\n\t<div class=\"sh-element-margin\">\r\n\r\n\t\t\r\n\t\t\t<span class=\"sh-heading-content size-l text-center\">\r\n\t\t\t\tVotre projet en 3 \u00e9tapes\t\t\t<\/span>\r\n\r\n\t\t\r\n\t<\/div>\r\n<\/div>\r\n\t<\/div>\r\n\r\n\r\n\t\t\r\n\r\n<\/div>\r\n<\/div>\n\n<div class=\"fw-row\">\n\t\r\n<div class=\"sh-column sh-column-cc9a8162acc3f14b0096f9a7f5c2a26c fw-col-xs-12 fw-col-sm-4 sh-column-mobile-padding\" >\r\n\r\n\t\r\n\t<div class=\"sh-column-wrapper\">\r\n\t\t\r\n<div id=\"single-image-2088d36e0e9f64d97a0a780a3f18339b\" class=\"sh-single-image  \">\r\n\t<div class=\"sh-element-margin\">\r\n\r\n\t\t\r\n\t\t\t<div class=\"sh-single-image-container\">\r\n\t\t\t\t\r\n\t\t\t\t\t\t\t\t\t\r\n\t\t\t\t\t\t\t\t\t\t\t\t\t<img class=\"sh-image-url\" src=\"https:\/\/chargeguru.com\/fr\/wp-content\/uploads\/sites\/4\/2023\/07\/AEZ.png\" alt=\"AEZ\" \/>\r\n\t\t\t\t\t\t\t\t\t\t\t\t\t\r\n\t\t\t\t\t\t\t\t\t\r\n\t\t\t\t\t\t\t<\/div>\r\n\r\n\t\t\r\n\t<\/div>\r\n<\/div>\r\n\r\n<div class=\"sh-heading  \" id=\"heading-152f7e3789e5148f69feeede2e826065\">\r\n\t<div class=\"sh-element-margin\">\r\n\r\n\t\t\r\n\t\t\t<span class=\"sh-heading-content size-m text-center\">\r\n\t\t\t\tVotre besoin\t\t\t<\/span>\r\n\r\n\t\t\r\n\t<\/div>\r\n<\/div>\r\n\r\n<div id=\"text-block-1ee7ffea0659fe86e4922a954bbf8d61\" class=\"sh-text-block\">\r\n\t<p style=\"text-align: center;\">Vous nous expliquez vos besoins et nous vous proposons la solution la plus adapt\u00e9e pour votre projet de recharge \u00e9lectrique<\/p><\/div>\r\n\t<\/div>\r\n\r\n\r\n\t\t\r\n\r\n<\/div>\r\n\r\n<div class=\"sh-column sh-column-36b7ea16fad62604709c598fbdd38578 fw-col-xs-12 fw-col-sm-4 sh-column-mobile-padding\" >\r\n\r\n\t\r\n\t<div class=\"sh-column-wrapper\">\r\n\t\t\r\n<div id=\"single-image-e5404243b56d7baf74992c70c212177d\" class=\"sh-single-image  \">\r\n\t<div class=\"sh-element-margin\">\r\n\r\n\t\t\r\n\t\t\t<div class=\"sh-single-image-container\">\r\n\t\t\t\t\r\n\t\t\t\t\t\t\t\t\t\r\n\t\t\t\t\t\t\t\t\t\t\t\t\t<img class=\"sh-image-url\" src=\"https:\/\/chargeguru.com\/fr\/wp-content\/uploads\/sites\/4\/2023\/07\/zerg.png\" alt=\"zerg\" \/>\r\n\t\t\t\t\t\t\t\t\t\t\t\t\t\r\n\t\t\t\t\t\t\t\t\t\r\n\t\t\t\t\t\t\t<\/div>\r\n\r\n\t\t\r\n\t<\/div>\r\n<\/div>\r\n\r\n<div class=\"sh-heading  \" id=\"heading-1e606673a2ddbf1fcf8a5a60c6ba2b82\">\r\n\t<div class=\"sh-element-margin\">\r\n\r\n\t\t\r\n\t\t\t<span class=\"sh-heading-content size-m text-center\">\r\n\t\t\t\tVotre devis\t\t\t<\/span>\r\n\r\n\t\t\r\n\t<\/div>\r\n<\/div>\r\n\r\n<div id=\"text-block-a218d5154af8408a73a9148a16e6dfa8\" class=\"sh-text-block\">\r\n\t<p style=\"text-align: center;\">Nous&nbsp; \u00e9tudions votre projet et nous vous soumettons un ou plusieurs devis pour la solution propos\u00e9e<\/p><\/div>\r\n\t<\/div>\r\n\r\n\r\n\t\t\r\n\r\n<\/div>\r\n\r\n<div class=\"sh-column sh-column-b5cd1ed26d2cba730de0911b34b06ff5 fw-col-xs-12 fw-col-sm-4 sh-column-mobile-padding\" >\r\n\r\n\t\r\n\t<div class=\"sh-column-wrapper\">\r\n\t\t\r\n<div id=\"single-image-608ff7fb7ef363fbd90ff0b79a5af3a7\" class=\"sh-single-image  \">\r\n\t<div class=\"sh-element-margin\">\r\n\r\n\t\t\r\n\t\t\t<div class=\"sh-single-image-container\">\r\n\t\t\t\t\r\n\t\t\t\t\t\t\t\t\t\r\n\t\t\t\t\t\t\t\t\t\t\t\t\t<img class=\"sh-image-url\" src=\"https:\/\/chargeguru.com\/fr\/wp-content\/uploads\/sites\/4\/2023\/07\/fe.png\" alt=\"fe\" \/>\r\n\t\t\t\t\t\t\t\t\t\t\t\t\t\r\n\t\t\t\t\t\t\t\t\t\r\n\t\t\t\t\t\t\t<\/div>\r\n\r\n\t\t\r\n\t<\/div>\r\n<\/div>\r\n\r\n<div class=\"sh-heading  \" id=\"heading-092c39168e13727c8dbeba73242e52d8\">\r\n\t<div class=\"sh-element-margin\">\r\n\r\n\t\t\r\n\t\t\t<span class=\"sh-heading-content size-m text-center\">\r\n\t\t\t\tVotre installation\t\t\t<\/span>\r\n\r\n\t\t\r\n\t<\/div>\r\n<\/div>\r\n\r\n<div id=\"text-block-12dbdf535f58cbaeacf2a824f26dc048\" class=\"sh-text-block\">\r\n\t<p style=\"text-align: center;\">Vous choisissez le devis qui vous convient et nous nous chargeons d'installer votre solution de recharge sur-mesure<\/p><\/div>\r\n\t<\/div>\r\n\r\n\r\n\t\t\r\n\r\n<\/div>\r\n<\/div>\n\n\t<\/div>\r\n<\/section>\r\n\r\n<section class=\"sh-section sh-section-b5ba7800b8af823780426a36d46b4791 fw-main-row sh-section-visibility-everywhere\" id=\"temps-recharge-et-economies\">\r\n\t\r\n\t\r\n\t<div class=\"sh-section-container container\">\r\n\t\t<div class=\"fw-row\">\n\t\r\n<div class=\"sh-column sh-column-6f72bf2f127b70ef12d7a5a7d4773411 fw-col-xs-12 sh-column-mobile-padding\" >\r\n\r\n\t\r\n\t<div class=\"sh-column-wrapper\">\r\n\t\t\r\n<div class=\"sh-heading  \" id=\"heading-8fe6a53588c4796083839ec97663edc1\">\r\n\t<div class=\"sh-element-margin\">\r\n\r\n\t\t\r\n\t\t\t<span class=\"sh-heading-content size-l text-center\">\r\n\t\t\t\tNos simulateurs\t\t\t<\/span>\r\n\r\n\t\t\r\n\t<\/div>\r\n<\/div>\r\n\t<\/div>\r\n\r\n\r\n\t\t\r\n\r\n<\/div>\r\n<\/div>\n\n<div class=\"fw-row\">\n\t\r\n<div class=\"sh-column sh-column-2cf712bdd031607bb6b9539d30ab0d83 fw-col-xs-12 fw-col-sm-6 sh-column-mobile-padding sh-column-shadow sh-animated slideInLeft\" data-wow-duration=\"0.8s\">\r\n\r\n\t\r\n\t<div class=\"sh-column-wrapper\">\r\n\t\t\r\n<div class=\"sh-heading  \" id=\"heading-543236f50aa5a46d8db2c2908cccce78\">\r\n\t<div class=\"sh-element-margin\">\r\n\r\n\t\t\r\n\t\t\t<span class=\"sh-heading-content size-m text-center\">\r\n\t\t\t\tQuelles \u00e9conomies r\u00e9aliser avec ma voiture \u00e9lectrique ?\t\t\t<\/span>\r\n\r\n\t\t\r\n\t<\/div>\r\n<\/div>\r\n\r\n<div id=\"text-block-0572446a7a4a3b240c146fe206665a90\" class=\"sh-text-block guru-tools-text\">\r\n\t<p style=\"text-align: center;\">Avec un v\u00e9hicule \u00e9lectrique, vous faites des \u00e9conomies au quotidien. Notre simulateur vous permet d'estimer le montant de ces \u00e9conomies.<\/p><\/div>\r\n\r\n<div id=\"button-23c12b31d171a527ae49c0f506d8afe5\" class=\"sh-button-container  sh-button-style-1\">\r\n\t<div class=\"sh-element-margin\">\r\n\t\t<a href=\"https:\/\/chargeguru.com\/fr\/simulateurs\/economies-en-voiture-electrique\/\" target=\"_self\" class=\"sh-button sh-button-large \">\r\n\r\n\t\t\t\r\n\t\t\t\t\t\t\t<span class=\"sh-button-text\">\r\n\t\t\t\t\tEn savoir plus ...\t\t\t\t<\/span>\r\n\t\t\t\r\n\t\t\t\r\n\t\t<\/a>\r\n\t\t\t<\/div>\r\n<\/div>\r\n\t<\/div>\r\n\r\n\r\n\t\t\r\n\r\n<\/div>\r\n\r\n<div class=\"sh-column sh-column-96cf90cb4cbd004547fdb26ba19a50e9 fw-col-xs-12 fw-col-sm-6 sh-column-mobile-padding sh-column-shadow sh-animated slideInRight\" data-wow-duration=\"0.8s\">\r\n\r\n\t\r\n\t<div class=\"sh-column-wrapper\">\r\n\t\t\r\n<div class=\"sh-heading  \" id=\"heading-49605c8a158b383585152cbac42fe198\">\r\n\t<div class=\"sh-element-margin\">\r\n\r\n\t\t\r\n\t\t\t<span class=\"sh-heading-content size-m text-center\">\r\n\t\t\t\tCombien de temps pour recharger une voiture ?\t\t\t<\/span>\r\n\r\n\t\t\r\n\t<\/div>\r\n<\/div>\r\n\r\n<div id=\"text-block-f6196f83bcebc8457cb263716fe63266\" class=\"sh-text-block guru-tools-text\">\r\n\t<p style=\"text-align: center;\">Le temps de charge d\u00e9pend de l'autonomie \u00e0 recharger quotidiennement et de la puissance de la borne. Notre simulateur vous permet de faire le bon choix !<\/p><\/div>\r\n\r\n<div id=\"button-fc3913e6a003a5d7706a02b8b8a03cbc\" class=\"sh-button-container  sh-button-style-1\">\r\n\t<div class=\"sh-element-margin\">\r\n\t\t<a href=\"https:\/\/chargeguru.com\/fr\/simulateurs\/temps-de-recharge-voiture-electrique\/\" target=\"_self\" class=\"sh-button sh-button-large \">\r\n\r\n\t\t\t\r\n\t\t\t\t\t\t\t<span class=\"sh-button-text\">\r\n\t\t\t\t\tEn savoir plus ...\t\t\t\t<\/span>\r\n\t\t\t\r\n\t\t\t\r\n\t\t<\/a>\r\n\t\t\t<\/div>\r\n<\/div>\r\n\t<\/div>\r\n\r\n\r\n\t\t\r\n\r\n<\/div>\r\n<\/div>\n\n\t<\/div>\r\n<\/section>\r\n<\/p>\n","protected":false},"excerpt":{"rendered":"<p>La recharge rapide est-elle pertinente pour vous ? Nous vous guidons pour mieux comprendre les solutions de recharge rapide et&#8230;<\/p>\n","protected":false},"author":2,"featured_media":0,"parent":1073,"menu_order":0,"comment_status":"closed","ping_status":"closed","template":"","meta":{"content-type":""},"yoast_head":"<!-- This site is optimized with the Yoast SEO Premium plugin v20.8 (Yoast SEO v21.3) - https:\/\/yoast.com\/wordpress\/plugins\/seo\/ -->\n<title>La recharge rapide pour v\u00e9hicules \u00e9lectriques<\/title>\n<meta name=\"description\" content=\"La recharge rapide ? Comment installer un chargeur rapide ? La recharge rapide chez soi, est-ce possible ? ChargeGuru r\u00e9pond \u00e0 vos questions\" \/>\n<meta name=\"robots\" content=\"index, follow, max-snippet:-1, max-image-preview:large, max-video-preview:-1\" \/>\n<link rel=\"canonical\" href=\"https:\/\/chargeguru.com\/fr\/bornes-de-recharge\/recharge-rapide\/\" \/>\n<meta property=\"og:locale\" content=\"fr_FR\" \/>\n<meta property=\"og:type\" content=\"article\" \/>\n<meta property=\"og:title\" content=\"La recharge rapide\" \/>\n<meta property=\"og:description\" content=\"La recharge rapide ? Comment installer un chargeur rapide ? La recharge rapide chez soi, est-ce possible ? ChargeGuru r\u00e9pond \u00e0 vos questions\" \/>\n<meta property=\"og:url\" content=\"https:\/\/chargeguru.com\/fr\/bornes-de-recharge\/recharge-rapide\/\" \/>\n<meta property=\"og:site_name\" content=\"ChargeGuru FR | Installateur de Bornes de Recharge pour V\u00e9hicule Electrique\" \/>\n<meta property=\"article:modified_time\" content=\"2023-09-04T16:19:37+00:00\" \/>\n<meta property=\"og:image\" content=\"https:\/\/chargeguru.com\/fr\/wp-content\/uploads\/sites\/4\/2023\/09\/img_5599-scaled-1-1024x683.jpeg\" \/>\n<meta name=\"twitter:card\" content=\"summary_large_image\" \/>\n<meta name=\"twitter:label1\" content=\"Dur\u00e9e de lecture estim\u00e9e\" \/>\n\t<meta name=\"twitter:data1\" content=\"2 minutes\" \/>\n<script type=\"application\/ld+json\" class=\"yoast-schema-graph\">{\"@context\":\"https:\/\/schema.org\",\"@graph\":[{\"@type\":\"WebPage\",\"@id\":\"https:\/\/chargeguru.com\/fr\/bornes-de-recharge\/recharge-rapide\/\",\"url\":\"https:\/\/chargeguru.com\/fr\/bornes-de-recharge\/recharge-rapide\/\",\"name\":\"La recharge rapide pour v\u00e9hicules \u00e9lectriques\",\"isPartOf\":{\"@id\":\"https:\/\/chargeguru.com\/fr\/#website\"},\"datePublished\":\"2018-06-08T09:45:02+00:00\",\"dateModified\":\"2023-09-04T16:19:37+00:00\",\"description\":\"La recharge rapide ? Comment installer un chargeur rapide ? La recharge rapide chez soi, est-ce possible ? ChargeGuru r\u00e9pond \u00e0 vos questions\",\"breadcrumb\":{\"@id\":\"https:\/\/chargeguru.com\/fr\/bornes-de-recharge\/recharge-rapide\/#breadcrumb\"},\"inLanguage\":false,\"potentialAction\":[{\"@type\":\"ReadAction\",\"target\":[\"https:\/\/chargeguru.com\/fr\/bornes-de-recharge\/recharge-rapide\/\"]}]},{\"@type\":\"BreadcrumbList\",\"@id\":\"https:\/\/chargeguru.com\/fr\/bornes-de-recharge\/recharge-rapide\/#breadcrumb\",\"itemListElement\":[{\"@type\":\"ListItem\",\"position\":1,\"name\":\"Home\",\"item\":\"https:\/\/chargeguru.com\/fr\/\"},{\"@type\":\"ListItem\",\"position\":2,\"name\":\"Bornes\",\"item\":\"https:\/\/chargeguru.com\/fr\/bornes-de-recharge\/\"},{\"@type\":\"ListItem\",\"position\":3,\"name\":\"La recharge rapide\"}]},{\"@type\":\"WebSite\",\"@id\":\"https:\/\/chargeguru.com\/fr\/#website\",\"url\":\"https:\/\/chargeguru.com\/fr\/\",\"name\":\"ChargeGuru FR | Installateur de Bornes de Recharge pour V\u00e9hicule Electrique\",\"description\":\"Leader de l&#039;installation de bornes de recharge pour v\u00e9hicules \u00e9lectriques et hybrides\",\"potentialAction\":[{\"@type\":\"SearchAction\",\"target\":{\"@type\":\"EntryPoint\",\"urlTemplate\":\"https:\/\/chargeguru.com\/fr\/?s={search_term_string}\"},\"query-input\":\"required name=search_term_string\"}],\"inLanguage\":false}]}<\/script>\n<!-- \/ Yoast SEO Premium plugin. -->","yoast_head_json":{"title":"La recharge rapide pour v\u00e9hicules \u00e9lectriques","description":"La recharge rapide ? Comment installer un chargeur rapide ? La recharge rapide chez soi, est-ce possible ? ChargeGuru r\u00e9pond \u00e0 vos questions","robots":{"index":"index","follow":"follow","max-snippet":"max-snippet:-1","max-image-preview":"max-image-preview:large","max-video-preview":"max-video-preview:-1"},"canonical":"https:\/\/chargeguru.com\/fr\/bornes-de-recharge\/recharge-rapide\/","og_locale":"fr_FR","og_type":"article","og_title":"La recharge rapide","og_description":"La recharge rapide ? Comment installer un chargeur rapide ? La recharge rapide chez soi, est-ce possible ? ChargeGuru r\u00e9pond \u00e0 vos questions","og_url":"https:\/\/chargeguru.com\/fr\/bornes-de-recharge\/recharge-rapide\/","og_site_name":"ChargeGuru FR | Installateur de Bornes de Recharge pour V\u00e9hicule Electrique","article_modified_time":"2023-09-04T16:19:37+00:00","og_image":[{"url":"https:\/\/chargeguru.com\/fr\/wp-content\/uploads\/sites\/4\/2023\/09\/img_5599-scaled-1-1024x683.jpeg"}],"twitter_card":"summary_large_image","twitter_misc":{"Dur\u00e9e de lecture estim\u00e9e":"2 minutes"},"schema":{"@context":"https:\/\/schema.org","@graph":[{"@type":"WebPage","@id":"https:\/\/chargeguru.com\/fr\/bornes-de-recharge\/recharge-rapide\/","url":"https:\/\/chargeguru.com\/fr\/bornes-de-recharge\/recharge-rapide\/","name":"La recharge rapide pour v\u00e9hicules \u00e9lectriques","isPartOf":{"@id":"https:\/\/chargeguru.com\/fr\/#website"},"datePublished":"2018-06-08T09:45:02+00:00","dateModified":"2023-09-04T16:19:37+00:00","description":"La recharge rapide ? Comment installer un chargeur rapide ? La recharge rapide chez soi, est-ce possible ? ChargeGuru r\u00e9pond \u00e0 vos questions","breadcrumb":{"@id":"https:\/\/chargeguru.com\/fr\/bornes-de-recharge\/recharge-rapide\/#breadcrumb"},"inLanguage":false,"potentialAction":[{"@type":"ReadAction","target":["https:\/\/chargeguru.com\/fr\/bornes-de-recharge\/recharge-rapide\/"]}]},{"@type":"BreadcrumbList","@id":"https:\/\/chargeguru.com\/fr\/bornes-de-recharge\/recharge-rapide\/#breadcrumb","itemListElement":[{"@type":"ListItem","position":1,"name":"Home","item":"https:\/\/chargeguru.com\/fr\/"},{"@type":"ListItem","position":2,"name":"Bornes","item":"https:\/\/chargeguru.com\/fr\/bornes-de-recharge\/"},{"@type":"ListItem","position":3,"name":"La recharge rapide"}]},{"@type":"WebSite","@id":"https:\/\/chargeguru.com\/fr\/#website","url":"https:\/\/chargeguru.com\/fr\/","name":"ChargeGuru FR | Installateur de Bornes de Recharge pour V\u00e9hicule Electrique","description":"Leader de l&#039;installation de bornes de recharge pour v\u00e9hicules \u00e9lectriques et hybrides","potentialAction":[{"@type":"SearchAction","target":{"@type":"EntryPoint","urlTemplate":"https:\/\/chargeguru.com\/fr\/?s={search_term_string}"},"query-input":"required name=search_term_string"}],"inLanguage":false}]}},"_links":{"self":[{"href":"https:\/\/chargeguru.com\/fr\/wp-json\/wp\/v2\/pages\/1185"}],"collection":[{"href":"https:\/\/chargeguru.com\/fr\/wp-json\/wp\/v2\/pages"}],"about":[{"href":"https:\/\/chargeguru.com\/fr\/wp-json\/wp\/v2\/types\/page"}],"author":[{"embeddable":true,"href":"https:\/\/chargeguru.com\/fr\/wp-json\/wp\/v2\/users\/2"}],"replies":[{"embeddable":true,"href":"https:\/\/chargeguru.com\/fr\/wp-json\/wp\/v2\/comments?post=1185"}],"version-history":[{"count":17,"href":"https:\/\/chargeguru.com\/fr\/wp-json\/wp\/v2\/pages\/1185\/revisions"}],"predecessor-version":[{"id":18353,"href":"https:\/\/chargeguru.com\/fr\/wp-json\/wp\/v2\/pages\/1185\/revisions\/18353"}],"up":[{"embeddable":true,"href":"https:\/\/chargeguru.com\/fr\/wp-json\/wp\/v2\/pages\/1073"}],"wp:attachment":[{"href":"https:\/\/chargeguru.com\/fr\/wp-json\/wp\/v2\/media?parent=1185"}],"curies":[{"name":"wp","href":"https:\/\/api.w.org\/{rel}","templated":true}]}}