{"id":8949,"date":"2021-07-28T16:05:14","date_gmt":"2021-07-28T14:05:14","guid":{"rendered":"https:\/\/chargeguru.com\/fr\/?page_id=8949"},"modified":"2023-08-25T10:29:39","modified_gmt":"2023-08-25T09:29:39","slug":"cookies","status":"publish","type":"page","link":"https:\/\/chargeguru.com\/fr-be\/cookies\/","title":{"rendered":"Cookies"},"content":{"rendered":"<div class=\"cli_pg_page_contaner\">\n<p><span style=\"font-size: inherit\">Bonjour,<\/span><\/p>\n<div>\n<p>Sur cette page, nous vous pr\u00e9sentons la politique des cookies de ChargeGuru. Nous vous expliquons ce que sont les cookies, leurs usages pour le fonctionnement de ChargeGuru, et la mani\u00e8re dont vous pouvez g\u00e9rer vos pr\u00e9f\u00e9rences en la mati\u00e8re. Ainsi, vous aurez une vue compl\u00e8te des cookies qui peuvent \u00eatre enregistr\u00e9s\u00a0dans le syst\u00e8me de navigation de votre ordinateur, t\u00e9l\u00e9phone mobile ou de votre tablette lors de la consultation du site ChargeGuru.<\/p>\n<\/div>\n<hr \/>\n<h3>Qu&#8217;est-ce qu&#8217;un cookie ?<\/h3>\n<div>\n<p>Un cookie est un fichier texte enregistr\u00e9 sur votre ordinateur, t\u00e9l\u00e9phone mobile ou tablette par notre site ou un prestataire qui nous aide \u00e0 fournir nos services.<\/p>\n<p>Le terme cookie est ici entendu au sens large et couvre l&#8217;ensemble des traceurs d\u00e9pos\u00e9s et\/ou lus, par exemple, lors de la consultation d&#8217;un site Internet, de la lecture d&#8217;un courrier \u00e9lectronique, de l&#8217;installation ou de l&#8217;utilisation d&#8217;un logiciel ou d&#8217;une application mobile, quel que soit le type de terminal utilis\u00e9 (ordinateur, t\u00e9l\u00e9phone mobile, tablette). Le cookie peut pr\u00e9senter diverses fonctions. Certains de nos partenaires ou des soci\u00e9t\u00e9s tierces (des r\u00e9seaux publicitaires par exemple) peuvent \u00e9galement, sous r\u00e9serve de vos choix, d\u00e9poser des cookies sur votre terminal. Seul l\u2019\u00e9metteur d\u2019un cookie est susceptible de lire les informations qui y sont contenues.<\/p>\n<\/div>\n<hr \/>\n<h3>Quels sont les cookies \u00e9mis sur le site de ChargeGuru ?<\/h3>\n<div>\n<p>Nous pouvons \u00eatre amen\u00e9s \u00e0 utiliser diff\u00e9rents types de cookies sur notre site, sous r\u00e9serve de vos choix, notamment pour g\u00e9rer vos demandes de contact et de devis, m\u00e9moriser vos consultations et personnaliser les offres que nous vous proposons.<\/p>\n<p>Par ailleurs, des entreprises tierces peuvent \u00e9mettre et utiliser leurs propres cookies ou balises Web lorsque vous naviguez sur notre site. L&#8217;\u00e9mission et l&#8217;utilisation de cookies par des tiers, sont soumises aux Politiques de Donn\u00e9es personnelles de ces tiers. Nous vous informons de l&#8217;objet des cookies dont nous avons connaissance et des moyens dont vous disposez pour effectuer des choix \u00e0 l&#8217;\u00e9gard de ces cookies.<\/p>\n<p>Aucune de ces entreprises n&#8217;est autoris\u00e9e \u00e0 collecter des informations directement identifiantes vous concernant par le biais de cookies ou de balises Web sur le site de ChargeGuru.<\/p>\n<\/div>\n<div>\n<p>Les cookies utilis\u00e9s sur notre site collectent des informations de diff\u00e9rents types, regroup\u00e9es au sein de diff\u00e9rentes cat\u00e9gories de cookies qui r\u00e9pondent \u00e0 des finalit\u00e9s diff\u00e9rentes :<\/p>\n<ul>\n<li><u>Cookies fonctionnels<\/u> : Ces cookies sont n\u00e9cessaires \u00e0 la bonne utilisation du site et \u00e0 une bonne exp\u00e9rience de navigation. Sans eux, vous ne pouvez pas profiter de toutes les fonctionnalit\u00e9s du site, r\u00e9aliser une demande de contact ou de devis pour l\u2019installation d\u2019une borne de recharge. Ils incluent la m\u00e9morisation des informations que vous aurez saisies lorsque vous vous d\u00e9placez sur le site.<\/li>\n<li><u>Cookies indispensables\u00a0<\/u>: Ces cookies vous permettent de naviguer d\u2019une page \u00e0 l\u2019autre sans perdre les actions effectu\u00e9es pr\u00e9c\u00e9demment lors de la m\u00eame session. Cela nous permet d\u2019assurer une meilleure performance de notre site et de nous souvenir de vos actions pr\u00e9c\u00e9dentes, par exemple de votre choix ant\u00e9rieur concernant le consentement aux cookies<\/li>\n<li><u>Cookies performance et statistiques<\/u>: Ces cookies nous permettent de recueillir des donn\u00e9es statistiques relatives \u00e0 votre utilisation du site, y compris le contenu sur lequel vous cliquez en naviguant dessus, afin d&#8217;am\u00e9liorer la performance et la conception du site. L\u2019objectif est d\u2019adapter le site aux besoins des visiteurs. Ces cookies peuvent \u00eatre fournis par notre fournisseur d&#8217;outil analytique qui est une soci\u00e9t\u00e9 tierce. Ces cookies stockent le syst\u00e8me d&#8217;exploitation que vous utilisez et la version de votre navigateur internet mais ne stockent pas votre adresse IP.<\/li>\n<\/ul>\n<table class=\"wt-cli-element cookielawinfo-classic cookielawinfo-row-cat-table\"><thead><tr><th scope=\"col\" class=\"cookielawinfo-column-1\">Cookie<\/th><th scope=\"col\" class=\"cookielawinfo-column-4\">Description<\/th><\/thead><tbody><tr class=\"cookielawinfo-row-cat-title\"><th colspan=\"2\" class=\"cookielawinfo-row-cat-title-head\">Indispensable<\/th><\/tr><tr class=\"cookielawinfo-row\"><td class=\"cookielawinfo-column-1\">cookielawinfo-checkbox-functional<\/td><td class=\"cookielawinfo-column-4\">Consentement RGPD. Il permet d'enregistrer la r\u00e9ponse de l'utilisateur aux questions relatives \u00e0 l'usage de cookies de la cat\u00e9gorie \"Fonctionnel\".<\/td><\/tr><tr class=\"cookielawinfo-row\"><td class=\"cookielawinfo-column-1\">cookielawinfo-checkbox-necessary<\/td><td class=\"cookielawinfo-column-4\">Consentement RGPD. Il permet d'enregistrer la r\u00e9ponse de l'utilisateur aux questions relatives \u00e0 l'usage de cookies de la cat\u00e9gorie \"Indispensable\".<\/td><\/tr><tr class=\"cookielawinfo-row\"><td class=\"cookielawinfo-column-1\">cookielawinfo-checkbox-advertisement<\/td><td class=\"cookielawinfo-column-4\">Consentement RGPD. Il permet d'enregistrer la r\u00e9ponse de l'utilisateur aux questions relatives \u00e0 l'usage de cookies de la cat\u00e9gorie \"Marketing\".<\/td><\/tr><tr class=\"cookielawinfo-row\"><td class=\"cookielawinfo-column-1\">cookielawinfo-checkbox-analytics<\/td><td class=\"cookielawinfo-column-4\">Consentement RGPD. Il permet d'enregistrer la r\u00e9ponse de l'utilisateur aux questions relatives \u00e0 l'usage de cookies de la cat\u00e9gorie \"Performance et Statistiques\".<\/td><\/tr><tr class=\"cookielawinfo-row\"><td class=\"cookielawinfo-column-1\">viewed_cookie_policy<\/td><td class=\"cookielawinfo-column-4\">Consentement RGPD. Ce cookie permet de conserver l'autorisation ou le refus de l'utilisateur \u00e0 utiliser des cookies sur le site internet. Il ne stocke aucune donn\u00e9e personnelle.<\/td><\/tr><tr class=\"cookielawinfo-row\"><td class=\"cookielawinfo-column-1\">PHPSESSID<\/td><td class=\"cookielawinfo-column-4\">PhP. Ce cookie est utilis\u00e9 afin de conserver l'identifiant de session d'un utilisateur afin de g\u00e9rer les sessions et les connections \/ d\u00e9connections au site. Ce cookie est d\u00e9truit chaque fois que toutes les fen\u00eatres du navigateur sont ferm\u00e9es.<\/td><\/tr><tr class=\"cookielawinfo-row\"><td class=\"cookielawinfo-column-1\">JSESSIONID<\/td><td class=\"cookielawinfo-column-4\">Used by sites written in JSP. General purpose platform session cookies that are used to maintain users' state across page requests.<\/td><\/tr><tr class=\"cookielawinfo-row-cat-title\"><th colspan=\"2\" class=\"cookielawinfo-row-cat-title-head\">Fonctionnel<\/th><\/tr><tr class=\"cookielawinfo-row\"><td class=\"cookielawinfo-column-1\">attribution_user_id<\/td><td class=\"cookielawinfo-column-4\">Typeform. Ce cookie est utilis\u00e9 afin de suivre l'utilis\u00e9 des formulaires du site et pour \u00e9viter d'enregistrer plusieurs fois les m\u00eames r\u00e9ponses.<\/td><\/tr><tr class=\"cookielawinfo-row-cat-title\"><th colspan=\"2\" class=\"cookielawinfo-row-cat-title-head\">Performance et Statistiques<\/th><\/tr><tr class=\"cookielawinfo-row\"><td class=\"cookielawinfo-column-1\">_ga<\/td><td class=\"cookielawinfo-column-4\">Google Analytics. Ce traitement de donn\u00e9es est utilis\u00e9 \u00e0 des fins d'analyse du site internet. Il permet par exemple de calculer le nombre de visiteurs et de suivre l'utilisation du site afin de le rendre plus performant. Les donn\u00e9es enregistr\u00e9es sont anonymes.<\/td><\/tr><tr class=\"cookielawinfo-row\"><td class=\"cookielawinfo-column-1\">_gid<\/td><td class=\"cookielawinfo-column-4\">Google Analytics. Ce cookie permet d'aider \u00e0 cr\u00e9er des rapports d'analyse de l'utilisation du site et de la mani\u00e8re dont il est utilis\u00e9. Les donn\u00e9es collect\u00e9es inclus le nombre de visiteurs, les pages visit\u00e9es... de mani\u00e8re anonyme.<\/td><\/tr><tr class=\"cookielawinfo-row\"><td class=\"cookielawinfo-column-1\">_gat_UA-119742171-2<\/td><td class=\"cookielawinfo-column-4\">Google Analytics. Ce cookie est utilis\u00e9 par Google pour \u00e9tablir un lien avec le compte de suivi Analytics. Les donn\u00e9es enregistr\u00e9es sont anonymes.<\/td><\/tr><tr class=\"cookielawinfo-row\"><td class=\"cookielawinfo-column-1\">_gcl_au<\/td><td class=\"cookielawinfo-column-4\">Google Analytics. Ce cookie permet d'analyser les interactions des visiteurs du site avec les \u00e9l\u00e9ments des pages. Les donn\u00e9es sont toutes anonymes.<\/td><\/tr><\/tbody><\/table>\n<\/div>\n<\/div>\n<div><\/div>\n<hr \/>\n<h3>Quelles sont les dur\u00e9es de vie et de conservation du consentement applicables \u00e0 nos cookies ?<\/h3>\n<div><span style=\"font-size: inherit\">Lorsque vous visitez le site ChargeGuru, deux types de cookies sont g\u00e9n\u00e9r\u00e9s : les cookies de session et les cookies persistants.<\/span><\/div>\n<div>\n<ul>\n<li>Les cookies de session sont cr\u00e9\u00e9s de mani\u00e8re temporaire dans le sous-dossier de votre navigateur au moment o\u00f9 vous visitez un site web. Une fois que vous quittez le site, le cookie de session est supprim\u00e9.<\/li>\n<li>Les fichiers du cookie persistant restent dans le sous-dossier de votre navigateur et ils sont r\u00e9activ\u00e9s une fois que vous consultez le site web qui a cr\u00e9\u00e9 ce cookie sp\u00e9cifique. Un cookie persistant demeure dans le sous-dossier du navigateur pour la dur\u00e9e d\u00e9finie dans le fichier du cookie.<\/li>\n<\/ul>\n<p>Pour ces derniers, leur dur\u00e9e de vie est proportionn\u00e9e \u00e0 la finalit\u00e9 du cookie et est limit\u00e9e par une dur\u00e9e maximale de conservation du consentement, soit 365 jours.<\/p>\n<p>Plus sp\u00e9cifiquement, des r\u00e8gles particuli\u00e8res sont appliqu\u00e9es \u00e0 nos cookies de mesure d\u2019audience :<\/p>\n<ul>\n<li>13 mois pour la dur\u00e9e de vie ;<\/li>\n<li>25 mois pour la dur\u00e9e de conservation du consentement.<\/li>\n<\/ul>\n<\/div>\n<div class=\"cli_pg_page_contaner\">\n<hr \/>\n<h3>Comment g\u00e9rer votre consentement et modifier vos pr\u00e9f\u00e9rences cookies ?<\/h3>\n<div>\n<p>Lorsque vous visitez le site pour la premi\u00e8re fois, un bandeau d\u2019information pr\u00e9alable s\u2019affiche sur la page d\u2019accueil de notre site afin de vous informer de l\u2019existence des cookies et de leurs finalit\u00e9s.<\/p>\n<p>En cliquant sur le bouton \u00ab Tout accepter \u00bb, vous consentez au d\u00e9p\u00f4t de tous les cookies.<\/p>\n<p>Vous pouvez vous informer sur la nature des cookies d\u00e9pos\u00e9s, les accepter ou les refuser soit globalement pour l\u2019ensemble du site et l\u2019ensemble des services, soit par cat\u00e9gorie en cliquant sur le bouton \u00ab Personnaliser les cookies \u00bb.<\/p>\n<p>Vous l\u2019aurez compris, nous utilisons des cookies pour am\u00e9liorer votre exp\u00e9rience de navigation et vous permettre d\u2019obtenir des informations cibl\u00e9es selon votre profil. L\u2019enregistrement d\u2019un cookie dans votre terminal est subordonn\u00e9 \u00e0 votre consentement. C\u2019est pourquoi, vous avez la possibilit\u00e9 de modifier votre choix \u00e0 tout moment en cliquant ici :\u00a0<div class=\"wt-cli-element cli_user_consent_state\">Your current state: No consent given. <a class=\"cli_manage_current_consent\" style=\"cursor:pointer;\">Manage your consent.<\/a> <\/div><\/p>\n<hr \/>\n<h3>Comment g\u00e9rer le param\u00e9trage g\u00e9n\u00e9ral via votre logiciel de navigation ?<\/h3>\n<\/div>\n<p>Vous pouvez \u00e9galement configurer des param\u00e8tres g\u00e9n\u00e9raux au sein de votre logiciel de navigation Internet, afin que les cookies, en fonction de leur origine ou provenance, soient automatiquement accept\u00e9s et enregistr\u00e9s dans votre terminal ou, au contraire, afin qu&#8217;ils soient refus\u00e9s.<\/p>\n<ul>\n<li><a href=\"https:\/\/support.google.com\/chrome\/answer\/95647?hl=fr&amp;hlrm=en\">Chrome<\/a><\/li>\n<li><a href=\"https:\/\/support.microsoft.com\/fr-fr\/windows\/supprimer-et-g%C3%A9rer-les-cookies-168dab11-0753-043d-7c16-ede5947fc64d\">Internet explorer<\/a><\/li>\n<li><a href=\"https:\/\/support.apple.com\/fr-fr\/HT201265\">Safari <\/a><\/li>\n<li><a href=\"https:\/\/support.mozilla.org\/fr\/kb\/protection-renforcee-contre-pistage-firefox-ordinateur\">Firefox<\/a><\/li>\n<li><a href=\"https:\/\/help.opera.com\/en\/latest\/web-preferences\/#cookies\">Opera <\/a><\/li>\n<\/ul>\n<\/div>\n","protected":false},"excerpt":{"rendered":"<p>Bonjour, Sur cette page, nous vous pr\u00e9sentons la politique des cookies de ChargeGuru. Nous vous expliquons ce que sont les&#8230;<\/p>\n","protected":false},"author":16,"featured_media":0,"parent":0,"menu_order":0,"comment_status":"closed","ping_status":"closed","template":"","meta":{"content-type":""},"yoast_head":"<!-- This site is optimized with the Yoast SEO Premium plugin v20.8 (Yoast SEO v21.3) - https:\/\/yoast.com\/wordpress\/plugins\/seo\/ -->\n<title>Cookies -<\/title>\n<meta name=\"robots\" content=\"index, follow, max-snippet:-1, max-image-preview:large, max-video-preview:-1\" \/>\n<link rel=\"canonical\" href=\"https:\/\/chargeguru.com\/fr-be\/cookies\/\" \/>\n<meta property=\"og:locale\" content=\"fr_FR\" \/>\n<meta property=\"og:type\" content=\"article\" \/>\n<meta property=\"og:title\" content=\"Cookies\" \/>\n<meta property=\"og:description\" content=\"Bonjour, Sur cette page, nous vous pr\u00e9sentons la politique des cookies de ChargeGuru. Nous vous expliquons ce que sont les...\" \/>\n<meta property=\"og:url\" content=\"https:\/\/chargeguru.com\/fr-be\/cookies\/\" \/>\n<meta property=\"og:site_name\" content=\"ChargeGuru FR BE | Partenaire de Bornes de Recharge pour V\u00e9hicule Electrique\" \/>\n<meta property=\"article:modified_time\" content=\"2023-08-25T09:29:39+00:00\" \/>\n<meta name=\"twitter:card\" content=\"summary_large_image\" \/>\n<meta name=\"twitter:label1\" content=\"Dur\u00e9e de lecture est.\" \/>\n\t<meta name=\"twitter:data1\" content=\"5 minutes\" \/>\n<script type=\"application\/ld+json\" class=\"yoast-schema-graph\">{\"@context\":\"https:\/\/schema.org\",\"@graph\":[{\"@type\":\"WebPage\",\"@id\":\"https:\/\/chargeguru.com\/fr-be\/cookies\/\",\"url\":\"https:\/\/chargeguru.com\/fr-be\/cookies\/\",\"name\":\"Cookies -\",\"isPartOf\":{\"@id\":\"https:\/\/chargeguru.com\/fr-be\/#website\"},\"datePublished\":\"2021-07-28T14:05:14+00:00\",\"dateModified\":\"2023-08-25T09:29:39+00:00\",\"breadcrumb\":{\"@id\":\"https:\/\/chargeguru.com\/fr-be\/cookies\/#breadcrumb\"},\"inLanguage\":false,\"potentialAction\":[{\"@type\":\"ReadAction\",\"target\":[\"https:\/\/chargeguru.com\/fr-be\/cookies\/\"]}]},{\"@type\":\"BreadcrumbList\",\"@id\":\"https:\/\/chargeguru.com\/fr-be\/cookies\/#breadcrumb\",\"itemListElement\":[{\"@type\":\"ListItem\",\"position\":1,\"name\":\"Accueille\",\"item\":\"https:\/\/chargeguru.com\/fr-be\/\"},{\"@type\":\"ListItem\",\"position\":2,\"name\":\"Cookies\"}]},{\"@type\":\"WebSite\",\"@id\":\"https:\/\/chargeguru.com\/fr-be\/#website\",\"url\":\"https:\/\/chargeguru.com\/fr-be\/\",\"name\":\"ChargeGuru FR BE | Partenaire de Bornes de Recharge pour V\u00e9hicule Electrique\",\"description\":\"ChargeGuru | Partenaire de Bornes de Recharge pour V\u00e9hicule Electrique\",\"publisher\":{\"@id\":\"https:\/\/chargeguru.com\/fr-be\/#organization\"},\"potentialAction\":[{\"@type\":\"SearchAction\",\"target\":{\"@type\":\"EntryPoint\",\"urlTemplate\":\"https:\/\/chargeguru.com\/fr-be\/?s={search_term_string}\"},\"query-input\":\"required name=search_term_string\"}],\"inLanguage\":false},{\"@type\":\"Organization\",\"@id\":\"https:\/\/chargeguru.com\/fr-be\/#organization\",\"name\":\"ChargeGuru FR BE | Partenaire de Bornes de Recharge pour V\u00e9hicule Electrique\",\"url\":\"https:\/\/chargeguru.com\/fr-be\/\",\"logo\":{\"@type\":\"ImageObject\",\"inLanguage\":false,\"@id\":\"https:\/\/chargeguru.com\/fr-be\/#\/schema\/logo\/image\/\",\"url\":\"https:\/\/chargeguru.com\/fr-be\/wp-content\/uploads\/sites\/7\/2024\/02\/LOGO-MAIN_RVB.png\",\"contentUrl\":\"https:\/\/chargeguru.com\/fr-be\/wp-content\/uploads\/sites\/7\/2024\/02\/LOGO-MAIN_RVB.png\",\"width\":1578,\"height\":853,\"caption\":\"ChargeGuru FR BE | Partenaire de Bornes de Recharge pour V\u00e9hicule Electrique\"},\"image\":{\"@id\":\"https:\/\/chargeguru.com\/fr-be\/#\/schema\/logo\/image\/\"}}]}<\/script>\n<!-- \/ Yoast SEO Premium plugin. -->","yoast_head_json":{"title":"Cookies -","robots":{"index":"index","follow":"follow","max-snippet":"max-snippet:-1","max-image-preview":"max-image-preview:large","max-video-preview":"max-video-preview:-1"},"canonical":"https:\/\/chargeguru.com\/fr-be\/cookies\/","og_locale":"fr_FR","og_type":"article","og_title":"Cookies","og_description":"Bonjour, Sur cette page, nous vous pr\u00e9sentons la politique des cookies de ChargeGuru. Nous vous expliquons ce que sont les...","og_url":"https:\/\/chargeguru.com\/fr-be\/cookies\/","og_site_name":"ChargeGuru FR BE | Partenaire de Bornes de Recharge pour V\u00e9hicule Electrique","article_modified_time":"2023-08-25T09:29:39+00:00","twitter_card":"summary_large_image","twitter_misc":{"Dur\u00e9e de lecture est.":"5 minutes"},"schema":{"@context":"https:\/\/schema.org","@graph":[{"@type":"WebPage","@id":"https:\/\/chargeguru.com\/fr-be\/cookies\/","url":"https:\/\/chargeguru.com\/fr-be\/cookies\/","name":"Cookies -","isPartOf":{"@id":"https:\/\/chargeguru.com\/fr-be\/#website"},"datePublished":"2021-07-28T14:05:14+00:00","dateModified":"2023-08-25T09:29:39+00:00","breadcrumb":{"@id":"https:\/\/chargeguru.com\/fr-be\/cookies\/#breadcrumb"},"inLanguage":false,"potentialAction":[{"@type":"ReadAction","target":["https:\/\/chargeguru.com\/fr-be\/cookies\/"]}]},{"@type":"BreadcrumbList","@id":"https:\/\/chargeguru.com\/fr-be\/cookies\/#breadcrumb","itemListElement":[{"@type":"ListItem","position":1,"name":"Accueille","item":"https:\/\/chargeguru.com\/fr-be\/"},{"@type":"ListItem","position":2,"name":"Cookies"}]},{"@type":"WebSite","@id":"https:\/\/chargeguru.com\/fr-be\/#website","url":"https:\/\/chargeguru.com\/fr-be\/","name":"ChargeGuru FR BE | Partenaire de Bornes de Recharge pour V\u00e9hicule Electrique","description":"ChargeGuru | Partenaire de Bornes de Recharge pour V\u00e9hicule Electrique","publisher":{"@id":"https:\/\/chargeguru.com\/fr-be\/#organization"},"potentialAction":[{"@type":"SearchAction","target":{"@type":"EntryPoint","urlTemplate":"https:\/\/chargeguru.com\/fr-be\/?s={search_term_string}"},"query-input":"required name=search_term_string"}],"inLanguage":false},{"@type":"Organization","@id":"https:\/\/chargeguru.com\/fr-be\/#organization","name":"ChargeGuru FR BE | Partenaire de Bornes de Recharge pour V\u00e9hicule Electrique","url":"https:\/\/chargeguru.com\/fr-be\/","logo":{"@type":"ImageObject","inLanguage":false,"@id":"https:\/\/chargeguru.com\/fr-be\/#\/schema\/logo\/image\/","url":"https:\/\/chargeguru.com\/fr-be\/wp-content\/uploads\/sites\/7\/2024\/02\/LOGO-MAIN_RVB.png","contentUrl":"https:\/\/chargeguru.com\/fr-be\/wp-content\/uploads\/sites\/7\/2024\/02\/LOGO-MAIN_RVB.png","width":1578,"height":853,"caption":"ChargeGuru FR BE | Partenaire de Bornes de Recharge pour V\u00e9hicule Electrique"},"image":{"@id":"https:\/\/chargeguru.com\/fr-be\/#\/schema\/logo\/image\/"}}]}},"_links":{"self":[{"href":"https:\/\/chargeguru.com\/fr-be\/wp-json\/wp\/v2\/pages\/8949"}],"collection":[{"href":"https:\/\/chargeguru.com\/fr-be\/wp-json\/wp\/v2\/pages"}],"about":[{"href":"https:\/\/chargeguru.com\/fr-be\/wp-json\/wp\/v2\/types\/page"}],"author":[{"embeddable":true,"href":"https:\/\/chargeguru.com\/fr-be\/wp-json\/wp\/v2\/users\/16"}],"replies":[{"embeddable":true,"href":"https:\/\/chargeguru.com\/fr-be\/wp-json\/wp\/v2\/comments?post=8949"}],"version-history":[{"count":4,"href":"https:\/\/chargeguru.com\/fr-be\/wp-json\/wp\/v2\/pages\/8949\/revisions"}],"predecessor-version":[{"id":10222,"href":"https:\/\/chargeguru.com\/fr-be\/wp-json\/wp\/v2\/pages\/8949\/revisions\/10222"}],"wp:attachment":[{"href":"https:\/\/chargeguru.com\/fr-be\/wp-json\/wp\/v2\/media?parent=8949"}],"curies":[{"name":"wp","href":"https:\/\/api.w.org\/{rel}","templated":true}]}}