{"id":175,"date":"2018-02-15T14:17:32","date_gmt":"2018-02-15T13:17:32","guid":{"rendered":"http:\/\/chargeguru.com\/?page_id=175"},"modified":"2023-01-06T14:36:19","modified_gmt":"2023-01-06T13:36:19","slug":"contact","status":"publish","type":"page","link":"https:\/\/chargeguru.com\/fr-be\/contact\/","title":{"rendered":"Contact"},"content":{"rendered":"\r\n<section class=\"sh-section sh-section-30a4965a768cec3eedd45a4ddf0e1a57 fw-main-row sh-section-visibility-everywhere\">\r\n\t\r\n\t\r\n\t<div class=\"sh-section-container container section-justify-height\">\r\n\t\t<div class=\"fw-row\">\n\t\r\n<div class=\"sh-column sh-column-35896fe449e829c59107abc8ea884950 fw-col-xs-12 fw-col-sm-4 sh-column-mobile-padding sh-animated fadeInLeft\" data-wow-duration=\"1s\">\r\n\r\n\t\r\n\t<div class=\"sh-column-wrapper\">\r\n\t\t\r\n<div class=\"sh-iconbox sh-iconbox-style2 sh-iconbox-left improved-responsiveness\" id=\"iconbox-1b31fb1bc5f0c3ae15d6164d9fc75cf0\">\r\n\t\r\n\t\t\t\t\t<div class=\"sh-iconbox-icon\">\r\n\t\t\t\t<div class=\"sh-iconbox-icon-shape sh-iconbox-square\">\r\n\t\t\t\t\t<i class=\"sh-iconbox-hover fa fa-shopping-cart\"><\/i>\r\n\r\n\t\t\t\t\t\t\t\t\t<\/div>\r\n\t\t\t<\/div>\r\n\t\t\r\n\t\t<div class=\"sh-iconbox-aside\">\r\n\t\t\t<div class=\"sh-iconbox-title\">\r\n\t\t\t\t\t\t\t\t\t<h3>D\u00e9veloppement commercial, partenariats, relations presse<\/h3>\r\n\t\t\t\t\t\t\t<\/div>\r\n\t\t\t<div class=\"sh-iconbox-seperator\"><\/div>\r\n\t\t\t<div class=\"sh-iconbox-content\">\r\n\t\t\t\t<p>Vous pouvez nous joindre en remplissant ce <a href=\"https:\/\/chargeguru.typeform.com\/to\/GTgpaUwD\">formulaire<\/a>.<\/p>\t\t\t<\/div>\r\n\t\t<\/div>\r\n\r\n\t<\/div>\r\n\r\n<div id=\"divider-31fa117cf4dfa11b3b9cac78e9a91625\" class=\"sh-divider sh-divider-center sh-divider-content-none\">\r\n\t\t\t<div class=\"sh-divider-line\"><\/div>\r\n\t<\/div>\r\n\r\n<div class=\"sh-iconbox sh-iconbox-style2 sh-iconbox-left improved-responsiveness\" id=\"iconbox-b0503300e30afcacffe9e86ffd76371c\">\r\n\t\r\n\t\t\t\t\t<div class=\"sh-iconbox-icon\">\r\n\t\t\t\t<div class=\"sh-iconbox-icon-shape sh-iconbox-square\">\r\n\t\t\t\t\t<i class=\"sh-iconbox-hover fa fa-support\"><\/i>\r\n\r\n\t\t\t\t\t\t\t\t\t<\/div>\r\n\t\t\t<\/div>\r\n\t\t\r\n\t\t<div class=\"sh-iconbox-aside\">\r\n\t\t\t<div class=\"sh-iconbox-title\">\r\n\t\t\t\t\t\t\t\t\t<h3>Support client<\/h3>\r\n\t\t\t\t\t\t\t<\/div>\r\n\t\t\t<div class=\"sh-iconbox-seperator\"><\/div>\r\n\t\t\t<div class=\"sh-iconbox-content\">\r\n\t\t\t\t<p>Vous pouvez utiliser ce <a href=\"https:\/\/chargeguru.typeform.com\/to\/GTgpaUwD\">formulaire<\/a> pour toute demande de support technique, nous vous r\u00e9pondrons au plus vite.<\/p>\t\t\t<\/div>\r\n\t\t<\/div>\r\n\r\n\t<\/div>\r\n\r\n<div id=\"divider-81a2c87e69dfd2ad682cd3ec951a7114\" class=\"sh-divider sh-divider-center sh-divider-content-none\">\r\n\t\t\t<div class=\"sh-divider-line\"><\/div>\r\n\t<\/div>\r\n\r\n<div class=\"sh-iconbox sh-iconbox-style2 sh-iconbox-left improved-responsiveness\" id=\"iconbox-23cd93ab07b295a34f9780bc2fb8e8bd\">\r\n\t\r\n\t\t\t\t\t<div class=\"sh-iconbox-icon\">\r\n\t\t\t\t<div class=\"sh-iconbox-icon-shape sh-iconbox-square\">\r\n\t\t\t\t\t<i class=\"sh-iconbox-hover fa fa-commenting-o\"><\/i>\r\n\r\n\t\t\t\t\t\t\t\t\t<\/div>\r\n\t\t\t<\/div>\r\n\t\t\r\n\t\t<div class=\"sh-iconbox-aside\">\r\n\t\t\t<div class=\"sh-iconbox-title\">\r\n\t\t\t\t\t\t\t\t\t<h3>Envoyez-nous un email !<\/h3>\r\n\t\t\t\t\t\t\t<\/div>\r\n\t\t\t<div class=\"sh-iconbox-seperator\"><\/div>\r\n\t\t\t<div class=\"sh-iconbox-content\">\r\n\t\t\t\t<p>Nous sommes \u00e9galement disponibles par mail \u00e0 l'adresse <a href=\"mailto:information@chargeguru.com\">information@chargeguru.com<\/a> pour toute question !<\/p>\t\t\t<\/div>\r\n\t\t<\/div>\r\n\r\n\t<\/div>\r\n\t<\/div>\r\n\r\n\r\n\t\t\r\n\r\n<\/div>\r\n<\/div>\n\n\t<\/div>\r\n<\/section>\r\n\n","protected":false},"excerpt":{"rendered":"<p>D\u00e9veloppement commercial, partenariats, relations presse Vous pouvez nous joindre en remplissant ce formulaire. Support client Vous pouvez utiliser ce formulaire&#8230;<\/p>\n","protected":false},"author":16,"featured_media":0,"parent":0,"menu_order":0,"comment_status":"closed","ping_status":"closed","template":"","meta":{"content-type":""},"yoast_head":"<!-- This site is optimized with the Yoast SEO Premium plugin v20.8 (Yoast SEO v21.3) - https:\/\/yoast.com\/wordpress\/plugins\/seo\/ -->\n<title>Contact | ChargeGuru | Bornes de recharge pour v\u00e9hicules \u00e9lectriques<\/title>\n<meta name=\"description\" content=\"Contactez-nous directement via le formulaire de contact ou appelez nous au 02 320 66 15 . L&#039;\u00e9quipe ChargeGuru est disponible au t\u00e9l\u00e9phone du lundi au vendredi du 9h \u00e0 17h. Envoyez-nous un message, nous vous r\u00e9pondons d\u00e8s que possible.\" \/>\n<meta name=\"robots\" content=\"index, follow, max-snippet:-1, max-image-preview:large, max-video-preview:-1\" \/>\n<link rel=\"canonical\" href=\"https:\/\/chargeguru.com\/fr-be\/contact\/\" \/>\n<meta property=\"og:locale\" content=\"fr_FR\" \/>\n<meta property=\"og:type\" content=\"article\" \/>\n<meta property=\"og:title\" content=\"Contact\" \/>\n<meta property=\"og:description\" content=\"Contactez-nous directement via le formulaire de contact ou appelez nous au 02 320 66 15 . L&#039;\u00e9quipe ChargeGuru est disponible au t\u00e9l\u00e9phone du lundi au vendredi du 9h \u00e0 17h. Envoyez-nous un message, nous vous r\u00e9pondons d\u00e8s que possible.\" \/>\n<meta property=\"og:url\" content=\"https:\/\/chargeguru.com\/fr-be\/contact\/\" \/>\n<meta property=\"og:site_name\" content=\"ChargeGuru FR BE | Partenaire de Bornes de Recharge pour V\u00e9hicule Electrique\" \/>\n<meta property=\"article:modified_time\" content=\"2023-01-06T13:36:19+00:00\" \/>\n<meta name=\"twitter:card\" content=\"summary_large_image\" \/>\n<meta name=\"twitter:label1\" content=\"Dur\u00e9e de lecture est.\" \/>\n\t<meta name=\"twitter:data1\" content=\"1 minute\" \/>\n<script type=\"application\/ld+json\" class=\"yoast-schema-graph\">{\"@context\":\"https:\/\/schema.org\",\"@graph\":[{\"@type\":\"WebPage\",\"@id\":\"https:\/\/chargeguru.com\/fr-be\/contact\/\",\"url\":\"https:\/\/chargeguru.com\/fr-be\/contact\/\",\"name\":\"Contact | ChargeGuru | Bornes de recharge pour v\u00e9hicules \u00e9lectriques\",\"isPartOf\":{\"@id\":\"https:\/\/chargeguru.com\/fr-be\/#website\"},\"datePublished\":\"2018-02-15T13:17:32+00:00\",\"dateModified\":\"2023-01-06T13:36:19+00:00\",\"description\":\"Contactez-nous directement via le formulaire de contact ou appelez nous au 02 320 66 15 . L'\u00e9quipe ChargeGuru est disponible au t\u00e9l\u00e9phone du lundi au vendredi du 9h \u00e0 17h. Envoyez-nous un message, nous vous r\u00e9pondons d\u00e8s que possible.\",\"breadcrumb\":{\"@id\":\"https:\/\/chargeguru.com\/fr-be\/contact\/#breadcrumb\"},\"inLanguage\":false,\"potentialAction\":[{\"@type\":\"ReadAction\",\"target\":[\"https:\/\/chargeguru.com\/fr-be\/contact\/\"]}]},{\"@type\":\"BreadcrumbList\",\"@id\":\"https:\/\/chargeguru.com\/fr-be\/contact\/#breadcrumb\",\"itemListElement\":[{\"@type\":\"ListItem\",\"position\":1,\"name\":\"Accueille\",\"item\":\"https:\/\/chargeguru.com\/fr-be\/\"},{\"@type\":\"ListItem\",\"position\":2,\"name\":\"Contact\"}]},{\"@type\":\"WebSite\",\"@id\":\"https:\/\/chargeguru.com\/fr-be\/#website\",\"url\":\"https:\/\/chargeguru.com\/fr-be\/\",\"name\":\"ChargeGuru FR BE | Partenaire de Bornes de Recharge pour V\u00e9hicule Electrique\",\"description\":\"ChargeGuru | Partenaire de Bornes de Recharge pour V\u00e9hicule Electrique\",\"publisher\":{\"@id\":\"https:\/\/chargeguru.com\/fr-be\/#organization\"},\"potentialAction\":[{\"@type\":\"SearchAction\",\"target\":{\"@type\":\"EntryPoint\",\"urlTemplate\":\"https:\/\/chargeguru.com\/fr-be\/?s={search_term_string}\"},\"query-input\":\"required name=search_term_string\"}],\"inLanguage\":false},{\"@type\":\"Organization\",\"@id\":\"https:\/\/chargeguru.com\/fr-be\/#organization\",\"name\":\"ChargeGuru FR BE | Partenaire de Bornes de Recharge pour V\u00e9hicule Electrique\",\"url\":\"https:\/\/chargeguru.com\/fr-be\/\",\"logo\":{\"@type\":\"ImageObject\",\"inLanguage\":false,\"@id\":\"https:\/\/chargeguru.com\/fr-be\/#\/schema\/logo\/image\/\",\"url\":\"https:\/\/chargeguru.com\/fr-be\/wp-content\/uploads\/sites\/7\/2024\/02\/LOGO-MAIN_RVB.png\",\"contentUrl\":\"https:\/\/chargeguru.com\/fr-be\/wp-content\/uploads\/sites\/7\/2024\/02\/LOGO-MAIN_RVB.png\",\"width\":1578,\"height\":853,\"caption\":\"ChargeGuru FR BE | Partenaire de Bornes de Recharge pour V\u00e9hicule Electrique\"},\"image\":{\"@id\":\"https:\/\/chargeguru.com\/fr-be\/#\/schema\/logo\/image\/\"}}]}<\/script>\n<!-- \/ Yoast SEO Premium plugin. -->","yoast_head_json":{"title":"Contact | ChargeGuru | Bornes de recharge pour v\u00e9hicules \u00e9lectriques","description":"Contactez-nous directement via le formulaire de contact ou appelez nous au 02 320 66 15 . L'\u00e9quipe ChargeGuru est disponible au t\u00e9l\u00e9phone du lundi au vendredi du 9h \u00e0 17h. Envoyez-nous un message, nous vous r\u00e9pondons d\u00e8s que possible.","robots":{"index":"index","follow":"follow","max-snippet":"max-snippet:-1","max-image-preview":"max-image-preview:large","max-video-preview":"max-video-preview:-1"},"canonical":"https:\/\/chargeguru.com\/fr-be\/contact\/","og_locale":"fr_FR","og_type":"article","og_title":"Contact","og_description":"Contactez-nous directement via le formulaire de contact ou appelez nous au 02 320 66 15 . L'\u00e9quipe ChargeGuru est disponible au t\u00e9l\u00e9phone du lundi au vendredi du 9h \u00e0 17h. Envoyez-nous un message, nous vous r\u00e9pondons d\u00e8s que possible.","og_url":"https:\/\/chargeguru.com\/fr-be\/contact\/","og_site_name":"ChargeGuru FR BE | Partenaire de Bornes de Recharge pour V\u00e9hicule Electrique","article_modified_time":"2023-01-06T13:36:19+00:00","twitter_card":"summary_large_image","twitter_misc":{"Dur\u00e9e de lecture est.":"1 minute"},"schema":{"@context":"https:\/\/schema.org","@graph":[{"@type":"WebPage","@id":"https:\/\/chargeguru.com\/fr-be\/contact\/","url":"https:\/\/chargeguru.com\/fr-be\/contact\/","name":"Contact | ChargeGuru | Bornes de recharge pour v\u00e9hicules \u00e9lectriques","isPartOf":{"@id":"https:\/\/chargeguru.com\/fr-be\/#website"},"datePublished":"2018-02-15T13:17:32+00:00","dateModified":"2023-01-06T13:36:19+00:00","description":"Contactez-nous directement via le formulaire de contact ou appelez nous au 02 320 66 15 . L'\u00e9quipe ChargeGuru est disponible au t\u00e9l\u00e9phone du lundi au vendredi du 9h \u00e0 17h. Envoyez-nous un message, nous vous r\u00e9pondons d\u00e8s que possible.","breadcrumb":{"@id":"https:\/\/chargeguru.com\/fr-be\/contact\/#breadcrumb"},"inLanguage":false,"potentialAction":[{"@type":"ReadAction","target":["https:\/\/chargeguru.com\/fr-be\/contact\/"]}]},{"@type":"BreadcrumbList","@id":"https:\/\/chargeguru.com\/fr-be\/contact\/#breadcrumb","itemListElement":[{"@type":"ListItem","position":1,"name":"Accueille","item":"https:\/\/chargeguru.com\/fr-be\/"},{"@type":"ListItem","position":2,"name":"Contact"}]},{"@type":"WebSite","@id":"https:\/\/chargeguru.com\/fr-be\/#website","url":"https:\/\/chargeguru.com\/fr-be\/","name":"ChargeGuru FR BE | Partenaire de Bornes de Recharge pour V\u00e9hicule Electrique","description":"ChargeGuru | Partenaire de Bornes de Recharge pour V\u00e9hicule Electrique","publisher":{"@id":"https:\/\/chargeguru.com\/fr-be\/#organization"},"potentialAction":[{"@type":"SearchAction","target":{"@type":"EntryPoint","urlTemplate":"https:\/\/chargeguru.com\/fr-be\/?s={search_term_string}"},"query-input":"required name=search_term_string"}],"inLanguage":false},{"@type":"Organization","@id":"https:\/\/chargeguru.com\/fr-be\/#organization","name":"ChargeGuru FR BE | Partenaire de Bornes de Recharge pour V\u00e9hicule Electrique","url":"https:\/\/chargeguru.com\/fr-be\/","logo":{"@type":"ImageObject","inLanguage":false,"@id":"https:\/\/chargeguru.com\/fr-be\/#\/schema\/logo\/image\/","url":"https:\/\/chargeguru.com\/fr-be\/wp-content\/uploads\/sites\/7\/2024\/02\/LOGO-MAIN_RVB.png","contentUrl":"https:\/\/chargeguru.com\/fr-be\/wp-content\/uploads\/sites\/7\/2024\/02\/LOGO-MAIN_RVB.png","width":1578,"height":853,"caption":"ChargeGuru FR BE | Partenaire de Bornes de Recharge pour V\u00e9hicule Electrique"},"image":{"@id":"https:\/\/chargeguru.com\/fr-be\/#\/schema\/logo\/image\/"}}]}},"_links":{"self":[{"href":"https:\/\/chargeguru.com\/fr-be\/wp-json\/wp\/v2\/pages\/175"}],"collection":[{"href":"https:\/\/chargeguru.com\/fr-be\/wp-json\/wp\/v2\/pages"}],"about":[{"href":"https:\/\/chargeguru.com\/fr-be\/wp-json\/wp\/v2\/types\/page"}],"author":[{"embeddable":true,"href":"https:\/\/chargeguru.com\/fr-be\/wp-json\/wp\/v2\/users\/16"}],"replies":[{"embeddable":true,"href":"https:\/\/chargeguru.com\/fr-be\/wp-json\/wp\/v2\/comments?post=175"}],"version-history":[{"count":20,"href":"https:\/\/chargeguru.com\/fr-be\/wp-json\/wp\/v2\/pages\/175\/revisions"}],"predecessor-version":[{"id":13764,"href":"https:\/\/chargeguru.com\/fr-be\/wp-json\/wp\/v2\/pages\/175\/revisions\/13764"}],"wp:attachment":[{"href":"https:\/\/chargeguru.com\/fr-be\/wp-json\/wp\/v2\/media?parent=175"}],"curies":[{"name":"wp","href":"https:\/\/api.w.org\/{rel}","templated":true}]}}