{"id":1185,"date":"2018-06-08T11:45:02","date_gmt":"2018-06-08T11:45:02","guid":{"rendered":"https:\/\/chargeguru.com\/?page_id=1185"},"modified":"2023-08-25T10:29:21","modified_gmt":"2023-08-25T09:29:21","slug":"recharge","status":"publish","type":"page","link":"https:\/\/chargeguru.com\/fr-be\/bornes-de-recharge\/recharge\/","title":{"rendered":"La recharge rapide"},"content":{"rendered":"<p>\r\n<section class=\"sh-section sh-section-989cd74da05f108bf30e0fe67bc7aa30 fw-main-row sh-section-visibility-everywhere\">\r\n\t\r\n\t\r\n\t<div class=\"sh-section-container container-fluid\">\r\n\t\t<div class=\"fw-row\">\n\t\r\n<div class=\"sh-column sh-column-43bddfbf3df99dc5842fc99ddab7c759 fw-col-xs-12\" >\r\n\r\n\t\r\n\t<div class=\"sh-column-wrapper\">\r\n\t\t\r\n<div class=\"sh-revslider\" id=\"revslider-b224ed4c9dd075b31837e4760ebc0d0f\">\r\n\t<\/div>\r\n\t<\/div>\r\n\r\n\r\n\t\t\r\n\r\n<\/div>\r\n<\/div>\n\n\t<\/div>\r\n<\/section>\r\n\r\n<section class=\"sh-section sh-section-2109c5961b1566f41cb3a2fc10652903 fw-main-row sh-section-visibility-everywhere\">\r\n\t\r\n\t\r\n\t<div class=\"sh-section-container container section-justify-height\">\r\n\t\t<div class=\"fw-row\">\n\t\r\n<div class=\"sh-column sh-column-2d6534c4efcfdfd719aeb43dcd51bb09 fw-col-xs-12 fw-col-sm-6\" >\r\n\r\n\t\r\n\t<div class=\"sh-column-wrapper\">\r\n\t\t\r\n<div id=\"single-image-defe0d46ecacb181e987dc100329643e\" class=\"sh-single-image  \">\r\n\t<div class=\"sh-element-margin\">\r\n\r\n\t\t\r\n\t\t\t<div class=\"sh-single-image-container\">\r\n\t\t\t\t\r\n\t\t\t\t\t\t\t\t\t\t\t\t\t\t\t<a href=\"\/\/chargeguru.com\/wp-content\/uploads\/2018\/06\/borne-recharge-icon.png\" rel=\"lightbox\">\r\n\t\t\t\t\t\r\n\t\t\t\t\t\t\t\t\t\t\t\t\t<img class=\"sh-image-url\" src=\"https:\/\/chargeguru.com\/fr-be\/wp-content\/uploads\/sites\/7\/2018\/06\/borne-recharge-icon.png\" alt=\"borne-recharge-icon\" \/>\r\n\t\t\t\t\t\t\t\t\t\t\t\t\t\r\n\t\t\t\t\t\t\t\t\t\t\t<\/a>\r\n\t\t\t\t\t\t\t\t\t\r\n\t\t\t\t\t\t\t<\/div>\r\n\r\n\t\t\r\n\t<\/div>\r\n<\/div>\r\n\r\n\r\n\t<div class=\"sh-heading sh-heading-style1\" id=\"heading-dd350060f70fbd68d77e9804475f3bac\">\r\n\t\t<h1 class=\"sh-heading-content size-m\">\r\n\t\t\t<span>BORNE DE RECHARGE DC RAPIDE POUR VOITURES ELECTRIQUES<\/span>\t\t<\/h1>\r\n\t<\/div>\r\n\r\n\r\n<div id=\"text-block-65eff64511b23353569c18cad262f91d\" class=\"sh-text-block\">\r\n\t<p>La recharge rapide permet de regagner<strong>\u00a0plus d'autonomie et ceci beaucoup plus rapidement<\/strong>\u00a0que la recharge normale. Les chargeurs rapides envoient du\u00a0<strong>courant continu (DC)<\/strong>\u00a0aux v\u00e9hicules, \u00e0 la diff\u00e9rence du courant alternatif sortant des bornes de recharge standard. Les puissances atteintes sont plus \u00e9lev\u00e9es :<strong>\u00a0<\/strong>\u00e0 partir de 24 kW\u00a0et jusqu'\u00e0\u00a0<strong>plus de 200 kW.\u00a0<\/strong><\/p><p><strong>Chargeurs DC (courant continu) : quels cas d'usage ?<\/strong><\/p><p>Il est possible de regagner\u00a0<strong>80% de l'autonomie<\/strong>\u00a0d'une voiture \u00e9lectrique en\u00a0<strong>30 \u00e0 45 minutes<\/strong>\u00a0avec un chargeur rapide.<\/p><p>Les chargeurs rapides s'imposent comme la solution adapt\u00e9e pour les\u00a0<strong>flottes de v\u00e9hicules \u00e9lectriques<\/strong>\u00a0avec un fort kilom\u00e9trage quotidien : soci\u00e9t\u00e9s de transports, ambulances, taxi, camionnettes, bus et camions \u00e9lectriques.<\/p><p>Sur les autoroutes, les chargeurs rapides rendent des\u00a0<strong>longs trajets<\/strong>\u00a0en voiture \u00e9lectrique possibles gr\u00e2ce \u00e0 un temps d'attente limit\u00e9 pour \"faire le plein\".<\/p><p>L'installation d'une borne rapide \u00e9tant ch\u00e8re et complexe, elle est rarement r\u00e9alis\u00e9e pour des particuliers.<\/p><p><strong>Installer une station de charge rapide ?<\/strong><\/p><p>ChargeGuru accompagne les entreprises pour installer des chargeurs rapides, pour leur usage interne ou pour ouvrir une station de charge rapide publique.<\/p><p>Les charg\u00e9s d'affaires et le bureau d'\u00e9tude ChargeGuru poss\u00e8dent une expertise sp\u00e9cifique sur la charge rapide : choix du\u00a0<strong>fabricant<\/strong>, sp\u00e9cificit\u00e9s techniques pour l'<strong>installation<\/strong>, cahier des charges des\u00a0<strong>subventions<\/strong>.<\/p><\/div>\r\n\r\n<div id=\"text-block-f8bcd2ccaec6e0bde2106447fffa7459\" class=\"sh-text-block\">\r\n\t<p><a class=\"typeform-share guru-button-small\" href=\"https:\/\/chargeguru.typeform.com\/to\/eAMIhlz8\" target=\"_blank\" rel=\"noopener\" data-mode=\"popup\" data-hide-headers=\"true\" data-hide-footer=\"true\"><i class=\"fa fa-calculator\"><\/i><span class=\"sh-button-text\">\u00a0Contactez-nous pour votre projet de charge rapide<\/span><br \/><\/a><\/p><\/div>\r\n\t<\/div>\r\n\r\n\r\n\t\t\r\n\r\n<\/div>\r\n\r\n<div class=\"sh-column sh-column-a94b329304ee1074e7938e477b00fc47 fw-col-xs-12 fw-col-sm-6\" >\r\n\r\n\t\r\n\t<div class=\"sh-column-wrapper\">\r\n\t\t\r\n<div id=\"single-image-7dc4103324c9817896f153b46d64ffc6\" class=\"sh-single-image  \">\r\n\t<div class=\"sh-element-margin\">\r\n\r\n\t\t\r\n\t\t\t<div class=\"sh-single-image-container\">\r\n\t\t\t\t\r\n\t\t\t\t\t\t\t\t\t\r\n\t\t\t\t\t\t\t\t\t\t\t\t\t<img class=\"sh-image-url\" src=\"https:\/\/chargeguru.com\/fr-be\/wp-content\/uploads\/sites\/7\/2018\/06\/borne-recharge-rapide-nissan.jpg\" alt=\"borne-recharge-rapide-nissan\" \/>\r\n\t\t\t\t\t\t\t\t\t\t\t\t\t\r\n\t\t\t\t\t\t\t\t\t\r\n\t\t\t\t\t\t\t<\/div>\r\n\r\n\t\t\r\n\t<\/div>\r\n<\/div>\r\n\t<\/div>\r\n\r\n\r\n\t\t\r\n\r\n<\/div>\r\n<\/div>\n\n\t<\/div>\r\n<\/section>\r\n\r\n<section class=\"sh-section sh-section-73510a28661e4cdff383269773dd18ee fw-main-row sh-section-visibility-everywhere\">\r\n\t\r\n\t\r\n\t<div class=\"sh-section-container container section-justify-height\">\r\n\t\t<div class=\"fw-row\">\n\t\r\n<div class=\"sh-column sh-column-a12211418f6a6173229cbf850ce93760 fw-col-xs-12\" >\r\n\r\n\t\r\n\t<div class=\"sh-column-wrapper\">\r\n\t\t\r\n\r\n\t<div class=\"sh-heading sh-heading-style1\" id=\"heading-5a5220dc2f2b72d6d7767d24384942b2\">\r\n\t\t<h2 class=\"sh-heading-content size-l\">\r\n\t\t\t<span style=\"text-align: center;\">LES ETAPES DE VOTRE PROJET<\/span>\t\t<\/h2>\r\n\t<\/div>\r\n\r\n\t<\/div>\r\n\r\n\r\n\t\t\r\n\r\n<\/div>\r\n<\/div>\n\n<div class=\"fw-row\">\n\t\r\n<div class=\"sh-column sh-column-cc9a8162acc3f14b0096f9a7f5c2a26c fw-col-xs-12 fw-col-sm-3\" >\r\n\r\n\t\r\n\t<div class=\"sh-column-wrapper\">\r\n\t\t\r\n<div id=\"single-image-2088d36e0e9f64d97a0a780a3f18339b\" class=\"sh-single-image  \">\r\n\t<div class=\"sh-element-margin\">\r\n\r\n\t\t\r\n\t\t\t<div class=\"sh-single-image-container\">\r\n\t\t\t\t\r\n\t\t\t\t\t\t\t\t\t\r\n\t\t\t\t\t\t\t\t\t\t\t\t\t<img class=\"sh-image-url\" src=\"https:\/\/chargeguru.com\/fr-be\/wp-content\/uploads\/sites\/7\/2018\/06\/guru-step-1.png\" alt=\"guru-step-1\" \/>\r\n\t\t\t\t\t\t\t\t\t\t\t\t\t\r\n\t\t\t\t\t\t\t\t\t\r\n\t\t\t\t\t\t\t<\/div>\r\n\r\n\t\t\r\n\t<\/div>\r\n<\/div>\r\n\r\n\r\n\t<div class=\"sh-heading sh-heading-style1\" id=\"heading-cdfe22d75ad5d5cc2d85dd9c33b13245\">\r\n\t\t<h3 class=\"sh-heading-content size-m\">\r\n\t\t\t<span style=\"text-align: left;\">1 \u2022 VOTRE PROJET<\/span>\t\t<\/h3>\r\n\t<\/div>\r\n\r\n\r\n<div id=\"text-block-1ee7ffea0659fe86e4922a954bbf8d61\" class=\"sh-text-block\">\r\n\t<p style=\"text-align: left;\">Vous d\u00e9finissez votre projet de charge rapide pour v\u00e9hicules \u00e9lectriques avec un charg\u00e9 d'affaires sp\u00e9cialis\u00e9 : nombre de chargeurs, puissance, types de prises, etc.<\/p><\/div>\r\n\t<\/div>\r\n\r\n\r\n\t\t\r\n\r\n<\/div>\r\n\r\n<div class=\"sh-column sh-column-e3abb8c45c015dcefb6d7bead45b046a fw-col-xs-12 fw-col-sm-3\" >\r\n\r\n\t\r\n\t<div class=\"sh-column-wrapper\">\r\n\t\t\r\n<div id=\"single-image-2ac49484e3ee48ab883eeac98de45084\" class=\"sh-single-image  \">\r\n\t<div class=\"sh-element-margin\">\r\n\r\n\t\t\r\n\t\t\t<div class=\"sh-single-image-container\">\r\n\t\t\t\t\r\n\t\t\t\t\t\t\t\t\t\r\n\t\t\t\t\t\t\t\t\t\t\t\t\t<img class=\"sh-image-url\" src=\"https:\/\/chargeguru.com\/fr-be\/wp-content\/uploads\/sites\/7\/2018\/06\/guru-step-2.png\" alt=\"guru-step-2\" \/>\r\n\t\t\t\t\t\t\t\t\t\t\t\t\t\r\n\t\t\t\t\t\t\t\t\t\r\n\t\t\t\t\t\t\t<\/div>\r\n\r\n\t\t\r\n\t<\/div>\r\n<\/div>\r\n\r\n\r\n\t<div class=\"sh-heading sh-heading-style1\" id=\"heading-85e355d287d707a1129d5a30798e364e\">\r\n\t\t<h3 class=\"sh-heading-content size-m\">\r\n\t\t\t<span style=\"text-align: left;\">2 \u2022 VOTRE DEVIS<\/span>\t\t<\/h3>\r\n\t<\/div>\r\n\r\n\r\n<div id=\"text-block-a218d5154af8408a73a9148a16e6dfa8\" class=\"sh-text-block\">\r\n\t<p style=\"text-align: left;\">A partir de relev\u00e9s techniques, notre bureau d'\u00e9tude r\u00e9alise une ou plusieurs propositions techniques et commerciales sur-mesure pour votre projet de chargeur rapide<\/p><\/div>\r\n\t<\/div>\r\n\r\n\r\n\t\t\r\n\r\n<\/div>\r\n\r\n<div class=\"sh-column sh-column-d300b36cf897e2bae023b4abbe721550 fw-col-xs-12 fw-col-sm-3\" >\r\n\r\n\t\r\n\t<div class=\"sh-column-wrapper\">\r\n\t\t\r\n<div id=\"single-image-dc61afc82c400883f3fcb392ba943616\" class=\"sh-single-image  \">\r\n\t<div class=\"sh-element-margin\">\r\n\r\n\t\t\r\n\t\t\t<div class=\"sh-single-image-container\">\r\n\t\t\t\t\r\n\t\t\t\t\t\t\t\t\t\r\n\t\t\t\t\t\t\t\t\t\t\t\t\t<img class=\"sh-image-url\" src=\"https:\/\/chargeguru.com\/fr-be\/wp-content\/uploads\/sites\/7\/2018\/06\/guru-step-3.png\" alt=\"guru-step-3\" \/>\r\n\t\t\t\t\t\t\t\t\t\t\t\t\t\r\n\t\t\t\t\t\t\t\t\t\r\n\t\t\t\t\t\t\t<\/div>\r\n\r\n\t\t\r\n\t<\/div>\r\n<\/div>\r\n\r\n\r\n\t<div class=\"sh-heading sh-heading-style1\" id=\"heading-241c5ef5d73ef6ef836b477849feb7b7\">\r\n\t\t<h3 class=\"sh-heading-content size-m\">\r\n\t\t\t<span style=\"text-align: left;\">3 \u2022 VOTRE INSTALLATION<\/span>\t\t<\/h3>\r\n\t<\/div>\r\n\r\n\r\n<div id=\"text-block-12dbdf535f58cbaeacf2a824f26dc048\" class=\"sh-text-block\">\r\n\t<p style=\"text-align: left;\">Vous choisissez la configuration qui vous convient le mieux, nous r\u00e9alisons l'installation, la mise en service et la maintenance de la station de charge rapide<\/p><\/div>\r\n\t<\/div>\r\n\r\n\r\n\t\t\r\n\r\n<\/div>\r\n\r\n<div class=\"sh-column sh-column-146d552bd829dd8ac14da012e6a7d011 fw-col-xs-12 fw-col-sm-3\" >\r\n\r\n\t\r\n\t<div class=\"sh-column-wrapper\">\r\n\t\t\r\n<div id=\"single-image-484cfe581594a416e375331dcbfe7b01\" class=\"sh-single-image  \">\r\n\t<div class=\"sh-element-margin\">\r\n\r\n\t\t\r\n\t\t\t<div class=\"sh-single-image-container\">\r\n\t\t\t\t\r\n\t\t\t\t\t\t\t\t\t\r\n\t\t\t\t\t\t\t\t\t\t\t\t\t<img class=\"sh-image-url\" src=\"https:\/\/chargeguru.com\/fr-be\/wp-content\/uploads\/sites\/7\/2018\/06\/guru-contour.png\" alt=\"guru-contour\" \/>\r\n\t\t\t\t\t\t\t\t\t\t\t\t\t\r\n\t\t\t\t\t\t\t\t\t\r\n\t\t\t\t\t\t\t<\/div>\r\n\r\n\t\t\r\n\t<\/div>\r\n<\/div>\r\n\r\n<div id=\"text-block-5288043c9998594d3583c4456e7ae8b8\" class=\"sh-text-block guru-translate\">\r\n\t<p style=\"text-align: center;\"><a class=\"typeform-share guru-button\" href=\"https:\/\/chargeguru.typeform.com\/to\/eAMIhlz8\" target=\"_blank\" rel=\"noopener\" data-tf-transitive-search-params=\"gclid\" data-transferable-url-parameters=\"gclid\" data-mode=\"popup\" data-hide-headers=\"true\" data-hide-footer=\"true\" data-submit-close-delay=\"5\">OBTENEZ VOTRE DEVIS <i class=\"fa-icon-chevron-right\"><\/i><\/a><\/p><\/div>\r\n\t<\/div>\r\n\r\n\r\n\t\t\r\n\r\n<\/div>\r\n<\/div>\n\n\t<\/div>\r\n<\/section>\r\n\r\n<section class=\"sh-section sh-section-76398918af564206f41e21d745be6993 fw-main-row sh-section-visibility-everywhere\" id=\"temps-recharge-et-economies\">\r\n\t\r\n\t\r\n\t<div class=\"sh-section-container container\">\r\n\t\t<div class=\"fw-row\">\n\t\r\n<div class=\"sh-column sh-column-6f72bf2f127b70ef12d7a5a7d4773411 fw-col-xs-12\" >\r\n\r\n\t\r\n\t<div class=\"sh-column-wrapper\">\r\n\t\t\r\n\r\n\t<div class=\"sh-heading sh-heading-style1\" id=\"heading-98f871ee2adf152482e058765fe4aac0\">\r\n\t\t<h2 class=\"sh-heading-content size-m\">\r\n\t\t\t<span style=\"text-align: center;\">NOS SIMULATEURS<\/span>\t\t<\/h2>\r\n\t<\/div>\r\n\r\n\t<\/div>\r\n\r\n\r\n\t\t\r\n\r\n<\/div>\r\n<\/div>\n\n<div class=\"fw-row\">\n\t\r\n<div class=\"sh-column sh-column-2cf712bdd031607bb6b9539d30ab0d83 fw-col-xs-12 fw-col-sm-6 sh-column-mobile-padding sh-column-shadow sh-animated slideInLeft\" data-wow-duration=\"0.8s\">\r\n\r\n\t\r\n\t<div class=\"sh-column-wrapper\">\r\n\t\t\r\n\r\n\t<div class=\"sh-heading sh-heading-style1\" id=\"heading-303118a3995371bcdce562296f827621\">\r\n\t\t<h3 class=\"sh-heading-content size-m\">\r\n\t\t\t<div class=\"guru-tools\"><div class=\"guru-tools-image\"><img style=\"padding-right: 15px;\" src=\"https:\/\/chargeguru.com\/wp-content\/uploads\/2018\/06\/economies-recharge-vehicule-electrique.png\" alt=\"Combine d'\u00e9conomies allez-vous r\u00e9aliser avec votre v\u00e9hicule \u00e9lectrique ?\" width=\"80\" height=\"90\" \/> <\/div><span>QUELLES ECONOMIES ?<\/span><\/div>\t\t<\/h3>\r\n\t<\/div>\r\n\r\n\r\n<div id=\"text-block-0572446a7a4a3b240c146fe206665a90\" class=\"sh-text-block guru-tools-text\">\r\n\t<p>Avec un v\u00e9hicule \u00e9lectrique, <strong>vous faites des \u00e9conomies<\/strong> au quotidien. <strong>Notre simulateur<\/strong> vous permet d'estimer le montant de ces \u00e9conomies.<\/p><p><a class=\"guru-button-small\" href=\"https:\/\/chargeguru.com\/fr\/simulateurs\/economies-en-voiture-electrique\/\">Evaluez vos \u00e9conomies <i class=\"fa fa-angle-double-right\"><\/i><\/a><\/p><\/div>\r\n\t<\/div>\r\n\r\n\r\n\t\t\r\n\r\n<\/div>\r\n\r\n<div class=\"sh-column sh-column-e4f04c6883076e6dbabf7d183af4eafc fw-col-xs-12 fw-col-sm-6 sh-column-mobile-padding sh-column-shadow sh-animated slideInRight\" data-wow-duration=\"0.8s\">\r\n\r\n\t\r\n\t<div class=\"sh-column-wrapper\">\r\n\t\t\r\n\r\n\t<div class=\"sh-heading sh-heading-style1\" id=\"heading-de8ed97497957131b18b83c80b30bb78\">\r\n\t\t<h3 class=\"sh-heading-content size-m\">\r\n\t\t\t<div class=\"guru-tools\"><div class=\"guru-tools-image\"><img style=\"padding-right: 15px;\" src=\"https:\/\/chargeguru.com\/wp-content\/uploads\/2018\/06\/choisir-puissance-borne-recharge.png\" alt=\"Combien d'\u00e9conomies allez-vous r\u00e9aliser avec votre v\u00e9hicule \u00e9lectrique ?\" \/><\/div><span>MON TEMPS DE RECHARGE ?<\/span><\/div>\t\t<\/h3>\r\n\t<\/div>\r\n\r\n\r\n<div id=\"text-block-dd9f9454b9a11bef0deeadccf5162e99\" class=\"sh-text-block\">\r\n\t<p>Le temps de charge d\u00e9pend de <strong>l'autonomie \u00e0 recharger<\/strong> quotidiennement et de <strong>la puissance de la borne<\/strong>. Notre simulateur vous permet de faire le bon choix !<\/p><p><a class=\"guru-button-small\" href=\"https:\/\/chargeguru.com\/fr\/simulateurs\/temps-de-recharge-voiture-electrique\/\">Evaluez votre temps de charge <i class=\"fa fa-angle-double-right\"><\/i><\/a><\/p><\/div>\r\n\t<\/div>\r\n\r\n\r\n\t\t\r\n\r\n<\/div>\r\n<\/div>\n\n\t<\/div>\r\n<\/section>\r\n\r\n<section class=\"sh-section sh-section-3a6f33a2e3dd3b989fd9f7997959e109 fw-main-row sh-section-visibility-everywhere\">\r\n\t\r\n\t\r\n\t<div class=\"sh-section-container container section-justify-height\">\r\n\t\t<div class=\"fw-row\">\n\t\r\n<div class=\"sh-column sh-column-a1d504aece89835ab1418360632a15e6 fw-col-xs-12 fw-col-sm-6 sh-column-mobile-padding\" >\r\n\r\n\t\r\n\t<div class=\"sh-column-wrapper\">\r\n\t\t\r\n\r\n\t<div class=\"sh-heading sh-heading-style1\" id=\"heading-09718ee15ad5a4b5dbd6171f0d45deb3\">\r\n\t\t<h4 class=\"sh-heading-content size-l\">\r\n\t\t\t<span>Expliquez-nous votre projet<\/span>\t\t<\/h4>\r\n\t<\/div>\r\n\r\n\r\n\r\n\t<div class=\"sh-heading sh-heading-style1\" id=\"heading-3900e849e1267a13272dbc1c9416486b\">\r\n\t\t<h4 class=\"sh-heading-content size-l\">\r\n\t\t\t<span>Nous nous occupons du reste !<\/span>\t\t<\/h4>\r\n\t<\/div>\r\n\r\n\t<\/div>\r\n\r\n\r\n\t\t\r\n\r\n<\/div>\r\n\r\n<div class=\"sh-column sh-column-e0407d65dcc532b8054baf16b2e7220f fw-col-xs-12 fw-col-sm-6 sh-column-mobile-padding\" >\r\n\r\n\t\r\n\t<div class=\"sh-column-wrapper\">\r\n\t\t\r\n<div id=\"text-block-00a2efda8d10a7621999c47385c0427c\" class=\"sh-text-block guru-translate\">\r\n\t<p><a class=\"typeform-share guru-button-large\" href=\"https:\/\/chargeguru.typeform.com\/to\/eAMIhlz8\" target=\"_blank\" rel=\"noopener\" data-tf-transitive-search-params=\"gclid\" data-transferable-url-parameters=\"gclid\" data-mode=\"popup\" data-hide-headers=\"true\" data-hide-footer=\"true\" data-submit-close-delay=\"5\">OBTENEZ VOTRE DEVIS<\/a><\/p><\/div>\r\n\t<\/div>\r\n\r\n\r\n\t\t\r\n\r\n<\/div>\r\n<\/div>\n\n\t<\/div>\r\n<\/section>\r\n<\/p>\n","protected":false},"excerpt":{"rendered":"<p>BORNE DE RECHARGE DC RAPIDE POUR VOITURES ELECTRIQUES La recharge rapide permet de regagner\u00a0plus d&#8217;autonomie et ceci beaucoup plus rapidement\u00a0que&#8230;<\/p>\n","protected":false},"author":16,"featured_media":0,"parent":1073,"menu_order":0,"comment_status":"closed","ping_status":"closed","template":"","meta":{"content-type":""},"yoast_head":"<!-- This site is optimized with the Yoast SEO Premium plugin v20.8 (Yoast SEO v21.3) - https:\/\/yoast.com\/wordpress\/plugins\/seo\/ -->\n<title>La recharge rapide -<\/title>\n<meta name=\"description\" content=\"La recharge rapide pour voitures \u00e9lectriques, qu&#039;est-ce que c&#039;est ? Comment installer un chargeur rapide? La recharge rapide chez soi, est-ce possible ?\" \/>\n<meta name=\"robots\" content=\"index, follow, max-snippet:-1, max-image-preview:large, max-video-preview:-1\" \/>\n<link rel=\"canonical\" href=\"https:\/\/chargeguru.com\/fr-be\/bornes-de-recharge\/recharge\/\" \/>\n<meta property=\"og:locale\" content=\"fr_FR\" \/>\n<meta property=\"og:type\" content=\"article\" \/>\n<meta property=\"og:title\" content=\"La recharge rapide\" \/>\n<meta property=\"og:description\" content=\"La recharge rapide pour voitures \u00e9lectriques, qu&#039;est-ce que c&#039;est ? Comment installer un chargeur rapide? La recharge rapide chez soi, est-ce possible ?\" \/>\n<meta property=\"og:url\" content=\"https:\/\/chargeguru.com\/fr-be\/bornes-de-recharge\/recharge\/\" \/>\n<meta property=\"og:site_name\" content=\"ChargeGuru FR BE | Partenaire de Bornes de Recharge pour V\u00e9hicule Electrique\" \/>\n<meta property=\"article:modified_time\" content=\"2023-08-25T09:29:21+00:00\" \/>\n<meta property=\"og:image\" content=\"https:\/\/chargeguru.com\/fr-be\/wp-content\/uploads\/sites\/7\/2018\/06\/borne-recharge-icon.png\" \/>\n<meta name=\"twitter:card\" content=\"summary_large_image\" \/>\n<meta name=\"twitter:label1\" content=\"Dur\u00e9e de lecture est.\" \/>\n\t<meta name=\"twitter:data1\" content=\"2 minutes\" \/>\n<script type=\"application\/ld+json\" class=\"yoast-schema-graph\">{\"@context\":\"https:\/\/schema.org\",\"@graph\":[{\"@type\":\"WebPage\",\"@id\":\"https:\/\/chargeguru.com\/fr-be\/bornes-de-recharge\/recharge\/\",\"url\":\"https:\/\/chargeguru.com\/fr-be\/bornes-de-recharge\/recharge\/\",\"name\":\"La recharge rapide -\",\"isPartOf\":{\"@id\":\"https:\/\/chargeguru.com\/fr-be\/#website\"},\"datePublished\":\"2018-06-08T11:45:02+00:00\",\"dateModified\":\"2023-08-25T09:29:21+00:00\",\"description\":\"La recharge rapide pour voitures \u00e9lectriques, qu'est-ce que c'est ? Comment installer un chargeur rapide? La recharge rapide chez soi, est-ce possible ?\",\"breadcrumb\":{\"@id\":\"https:\/\/chargeguru.com\/fr-be\/bornes-de-recharge\/recharge\/#breadcrumb\"},\"inLanguage\":false,\"potentialAction\":[{\"@type\":\"ReadAction\",\"target\":[\"https:\/\/chargeguru.com\/fr-be\/bornes-de-recharge\/recharge\/\"]}]},{\"@type\":\"BreadcrumbList\",\"@id\":\"https:\/\/chargeguru.com\/fr-be\/bornes-de-recharge\/recharge\/#breadcrumb\",\"itemListElement\":[{\"@type\":\"ListItem\",\"position\":1,\"name\":\"Accueille\",\"item\":\"https:\/\/chargeguru.com\/fr-be\/\"},{\"@type\":\"ListItem\",\"position\":2,\"name\":\"Bornes\",\"item\":\"https:\/\/chargeguru.com\/fr-be\/bornes-de-recharge\/\"},{\"@type\":\"ListItem\",\"position\":3,\"name\":\"La recharge rapide\"}]},{\"@type\":\"WebSite\",\"@id\":\"https:\/\/chargeguru.com\/fr-be\/#website\",\"url\":\"https:\/\/chargeguru.com\/fr-be\/\",\"name\":\"ChargeGuru FR BE | Partenaire de Bornes de Recharge pour V\u00e9hicule Electrique\",\"description\":\"ChargeGuru | Partenaire de Bornes de Recharge pour V\u00e9hicule Electrique\",\"publisher\":{\"@id\":\"https:\/\/chargeguru.com\/fr-be\/#organization\"},\"potentialAction\":[{\"@type\":\"SearchAction\",\"target\":{\"@type\":\"EntryPoint\",\"urlTemplate\":\"https:\/\/chargeguru.com\/fr-be\/?s={search_term_string}\"},\"query-input\":\"required name=search_term_string\"}],\"inLanguage\":false},{\"@type\":\"Organization\",\"@id\":\"https:\/\/chargeguru.com\/fr-be\/#organization\",\"name\":\"ChargeGuru FR BE | Partenaire de Bornes de Recharge pour V\u00e9hicule Electrique\",\"url\":\"https:\/\/chargeguru.com\/fr-be\/\",\"logo\":{\"@type\":\"ImageObject\",\"inLanguage\":false,\"@id\":\"https:\/\/chargeguru.com\/fr-be\/#\/schema\/logo\/image\/\",\"url\":\"https:\/\/chargeguru.com\/fr-be\/wp-content\/uploads\/sites\/7\/2024\/02\/LOGO-MAIN_RVB.png\",\"contentUrl\":\"https:\/\/chargeguru.com\/fr-be\/wp-content\/uploads\/sites\/7\/2024\/02\/LOGO-MAIN_RVB.png\",\"width\":1578,\"height\":853,\"caption\":\"ChargeGuru FR BE | Partenaire de Bornes de Recharge pour V\u00e9hicule Electrique\"},\"image\":{\"@id\":\"https:\/\/chargeguru.com\/fr-be\/#\/schema\/logo\/image\/\"}}]}<\/script>\n<!-- \/ Yoast SEO Premium plugin. -->","yoast_head_json":{"title":"La recharge rapide -","description":"La recharge rapide pour voitures \u00e9lectriques, qu'est-ce que c'est ? Comment installer un chargeur rapide? La recharge rapide chez soi, est-ce possible ?","robots":{"index":"index","follow":"follow","max-snippet":"max-snippet:-1","max-image-preview":"max-image-preview:large","max-video-preview":"max-video-preview:-1"},"canonical":"https:\/\/chargeguru.com\/fr-be\/bornes-de-recharge\/recharge\/","og_locale":"fr_FR","og_type":"article","og_title":"La recharge rapide","og_description":"La recharge rapide pour voitures \u00e9lectriques, qu'est-ce que c'est ? Comment installer un chargeur rapide? La recharge rapide chez soi, est-ce possible ?","og_url":"https:\/\/chargeguru.com\/fr-be\/bornes-de-recharge\/recharge\/","og_site_name":"ChargeGuru FR BE | Partenaire de Bornes de Recharge pour V\u00e9hicule Electrique","article_modified_time":"2023-08-25T09:29:21+00:00","og_image":[{"url":"https:\/\/chargeguru.com\/fr-be\/wp-content\/uploads\/sites\/7\/2018\/06\/borne-recharge-icon.png"}],"twitter_card":"summary_large_image","twitter_misc":{"Dur\u00e9e de lecture est.":"2 minutes"},"schema":{"@context":"https:\/\/schema.org","@graph":[{"@type":"WebPage","@id":"https:\/\/chargeguru.com\/fr-be\/bornes-de-recharge\/recharge\/","url":"https:\/\/chargeguru.com\/fr-be\/bornes-de-recharge\/recharge\/","name":"La recharge rapide -","isPartOf":{"@id":"https:\/\/chargeguru.com\/fr-be\/#website"},"datePublished":"2018-06-08T11:45:02+00:00","dateModified":"2023-08-25T09:29:21+00:00","description":"La recharge rapide pour voitures \u00e9lectriques, qu'est-ce que c'est ? Comment installer un chargeur rapide? La recharge rapide chez soi, est-ce possible ?","breadcrumb":{"@id":"https:\/\/chargeguru.com\/fr-be\/bornes-de-recharge\/recharge\/#breadcrumb"},"inLanguage":false,"potentialAction":[{"@type":"ReadAction","target":["https:\/\/chargeguru.com\/fr-be\/bornes-de-recharge\/recharge\/"]}]},{"@type":"BreadcrumbList","@id":"https:\/\/chargeguru.com\/fr-be\/bornes-de-recharge\/recharge\/#breadcrumb","itemListElement":[{"@type":"ListItem","position":1,"name":"Accueille","item":"https:\/\/chargeguru.com\/fr-be\/"},{"@type":"ListItem","position":2,"name":"Bornes","item":"https:\/\/chargeguru.com\/fr-be\/bornes-de-recharge\/"},{"@type":"ListItem","position":3,"name":"La recharge rapide"}]},{"@type":"WebSite","@id":"https:\/\/chargeguru.com\/fr-be\/#website","url":"https:\/\/chargeguru.com\/fr-be\/","name":"ChargeGuru FR BE | Partenaire de Bornes de Recharge pour V\u00e9hicule Electrique","description":"ChargeGuru | Partenaire de Bornes de Recharge pour V\u00e9hicule Electrique","publisher":{"@id":"https:\/\/chargeguru.com\/fr-be\/#organization"},"potentialAction":[{"@type":"SearchAction","target":{"@type":"EntryPoint","urlTemplate":"https:\/\/chargeguru.com\/fr-be\/?s={search_term_string}"},"query-input":"required name=search_term_string"}],"inLanguage":false},{"@type":"Organization","@id":"https:\/\/chargeguru.com\/fr-be\/#organization","name":"ChargeGuru FR BE | Partenaire de Bornes de Recharge pour V\u00e9hicule Electrique","url":"https:\/\/chargeguru.com\/fr-be\/","logo":{"@type":"ImageObject","inLanguage":false,"@id":"https:\/\/chargeguru.com\/fr-be\/#\/schema\/logo\/image\/","url":"https:\/\/chargeguru.com\/fr-be\/wp-content\/uploads\/sites\/7\/2024\/02\/LOGO-MAIN_RVB.png","contentUrl":"https:\/\/chargeguru.com\/fr-be\/wp-content\/uploads\/sites\/7\/2024\/02\/LOGO-MAIN_RVB.png","width":1578,"height":853,"caption":"ChargeGuru FR BE | Partenaire de Bornes de Recharge pour V\u00e9hicule Electrique"},"image":{"@id":"https:\/\/chargeguru.com\/fr-be\/#\/schema\/logo\/image\/"}}]}},"_links":{"self":[{"href":"https:\/\/chargeguru.com\/fr-be\/wp-json\/wp\/v2\/pages\/1185"}],"collection":[{"href":"https:\/\/chargeguru.com\/fr-be\/wp-json\/wp\/v2\/pages"}],"about":[{"href":"https:\/\/chargeguru.com\/fr-be\/wp-json\/wp\/v2\/types\/page"}],"author":[{"embeddable":true,"href":"https:\/\/chargeguru.com\/fr-be\/wp-json\/wp\/v2\/users\/16"}],"replies":[{"embeddable":true,"href":"https:\/\/chargeguru.com\/fr-be\/wp-json\/wp\/v2\/comments?post=1185"}],"version-history":[{"count":15,"href":"https:\/\/chargeguru.com\/fr-be\/wp-json\/wp\/v2\/pages\/1185\/revisions"}],"predecessor-version":[{"id":13637,"href":"https:\/\/chargeguru.com\/fr-be\/wp-json\/wp\/v2\/pages\/1185\/revisions\/13637"}],"up":[{"embeddable":true,"href":"https:\/\/chargeguru.com\/fr-be\/wp-json\/wp\/v2\/pages\/1073"}],"wp:attachment":[{"href":"https:\/\/chargeguru.com\/fr-be\/wp-json\/wp\/v2\/media?parent=1185"}],"curies":[{"name":"wp","href":"https:\/\/api.w.org\/{rel}","templated":true}]}}