{"id":8104,"date":"2021-07-30T15:29:10","date_gmt":"2021-07-30T13:29:10","guid":{"rendered":"https:\/\/chargeguru.com\/es\/?page_id=8104"},"modified":"2024-02-27T16:00:16","modified_gmt":"2024-02-27T15:00:16","slug":"cookie-policy","status":"publish","type":"page","link":"https:\/\/chargeguru.com\/es\/cookie-policy\/","title":{"rendered":"Pol\u00edtica de cookies"},"content":{"rendered":"<div class=\"cli_pg_page_contaner\">\n<p>Hola,<\/p>\n<p>En esta p\u00e1gina te presentamos la pol\u00edtica de cookies de ChargeGuru.<\/p>\n<p>Explicamos qu\u00e9 son las cookies, c\u00f3mo se utilizan para el funcionamiento de ChargeGuru y c\u00f3mo puedes gestionar tus preferencias en este \u00e1rea. As\u00ed, tendr\u00e1s la informaci\u00f3n necesaria acerca de las cookies que se pueden guardar en el sistema de navegaci\u00f3n de tu ordenador, tel\u00e9fono m\u00f3vil o tableta al consultar la web de ChargeGuru.<\/p>\n<hr \/>\n<h3><strong>\u00bfQu\u00e9 es una cookie?<\/strong><\/h3>\n<p>Una cookie es un archivo de texto guardado en tu ordenador, tel\u00e9fono m\u00f3vil o tableta por nuestra web o un proveedor que nos ayuda a brindar nuestros servicios.<\/p>\n<p>El t\u00e9rmino cookie se entiende aqu\u00ed en sentido amplio y abarca todos los rastros depositados y \/ o le\u00eddos, por ejemplo, al consultar una web, leer un correo electr\u00f3nico, la instalaci\u00f3n o el uso del software o una aplicaci\u00f3n m\u00f3vil, independientemente del tipo de terminal utilizado (ordenador, tel\u00e9fono m\u00f3vil, tableta). La cookie puede tener varias funciones. Algunos de nuestros socios o empresas de terceros (redes de publicidad, por ejemplo) tambi\u00e9n pueden, seg\u00fan tus elecciones, colocar cookies en tu terminal. \u00danicamente el emisor de una cookie es susceptible de leer la informaci\u00f3n que contiene.<\/p>\n<hr \/>\n<h3><strong>\u00bfQu\u00e9 cookies se emiten en el sitio ChargeGuru?<\/strong><\/h3>\n<p>Podemos utilizar diferentes tipos de cookies en nuestro sitio, en funci\u00f3n de tu elecci\u00f3n, en particular para administrar tus solicitudes de contacto y presupuestos, almacenar tus consultas y personalizar las ofertas que te ofrecemos.<\/p>\n<p>Adem\u00e1s, las empresas de terceros pueden emitir y utilizar sus propias cookies o balizas web cuando navegas por nuestro sitio. La emisi\u00f3n y uso de cookies por parte de terceros est\u00e1n sujetas a las Pol\u00edticas de Datos Personales de estos terceros. Le informamos de la finalidad de las cookies que conocemos y de los medios a su disposici\u00f3n para tomar decisiones con respecto a estas cookies.<\/p>\n<p>Ninguna de estas empresas est\u00e1 autorizada a recopilar informaci\u00f3n de identificaci\u00f3n directa sobre usted a trav\u00e9s de cookies o balizas web en el sitio de ChargeGuru.<\/p>\n<p>Las cookies utilizadas en nuestro sitio recopilan informaci\u00f3n de diferentes tipos, agrupadas en diferentes categor\u00edas de cookies en funci\u00f3n de los prop\u00f3sitos para los que sirvan:<\/p>\n<ul>\n<li><span style=\"text-decoration: underline\">Cookies funcionales<\/span>: estas cookies son necesarias para el correcto uso de la web y una buena experiencia de navegaci\u00f3n. Sin ellas, no puedes aprovechar todas las caracter\u00edsticas del sitio, solicitar un contacto o solicitar un presupuesto para la instalaci\u00f3n de una estaci\u00f3n de carga. Incluyen memorizar la informaci\u00f3n que introduce cuando se desplaza por el sitio.<\/li>\n<li><span style=\"text-decoration: underline\">Cookies esenciales<\/span>: Estas cookies le permiten navegar de una p\u00e1gina a otra sin perder las acciones realizadas anteriormente durante la misma sesi\u00f3n. Esto nos permite garantizar un mejor rendimiento de nuestra web y recordar sus acciones anteriores, por ejemplo, tu elecci\u00f3n previa con respecto al consentimiento de las cookies.<\/li>\n<li><span style=\"text-decoration: underline\">Cookies de rendimiento y estad\u00edsticas<\/span>: estas cookies nos permiten recopilar datos estad\u00edsticos relacionados con tu uso de la web, incluyendo el contenido en el que hace clic mientras navega, para mejorar el rendimiento y el dise\u00f1o de la web. El objetivo es adaptar la web a las necesidades de los visitantes. Estas cookies pueden ser proporcionadas por nuestro proveedor de herramientas anal\u00edticas, que es una empresa externa. Estas cookies almacenan el sistema operativo que est\u00e1 utilizando y la versi\u00f3n de su navegador de Internet, pero no almacenan su direcci\u00f3n IP.<\/li>\n<\/ul>\n<div><table class=\"wt-cli-element cookielawinfo-classic cookielawinfo-row-cat-table\"><thead><tr><th scope=\"col\" class=\"cookielawinfo-column-1\">Cookie<\/th><th scope=\"col\" class=\"cookielawinfo-column-4\">Descripci\u00f3n<\/th><\/thead><tbody><tr class=\"cookielawinfo-row-cat-title\"><th colspan=\"2\" class=\"cookielawinfo-row-cat-title-head\">Indispensables<\/th><\/tr><tr class=\"cookielawinfo-row\"><td class=\"cookielawinfo-column-1\">viewed_cookie_policy<\/td><td class=\"cookielawinfo-column-4\">La cookie est\u00e1 configurada por el complemento de consentimiento de cookies de GDPR y se utiliza para almacenar si el usuario ha dado su consentimiento o no para el uso de cookies. No almacena ning\u00fan dato personal.<\/td><\/tr><tr class=\"cookielawinfo-row\"><td class=\"cookielawinfo-column-1\">PHPSESSID<\/td><td class=\"cookielawinfo-column-4\">PhP. Esta cookie se utiliza para almacenar el ID de sesi\u00f3n de un usuario con el fin de gestionar las sesiones y los inicios de sesi\u00f3n\/desconexiones en el sitio. Esta cookie se destruye cada vez que se cierran todas las ventanas del navegador.<\/td><\/tr><tr class=\"cookielawinfo-row-cat-title\"><th colspan=\"2\" class=\"cookielawinfo-row-cat-title-head\">Marketing<\/th><\/tr><tr class=\"cookielawinfo-row\"><td class=\"cookielawinfo-column-1\">test_cookie<\/td><td class=\"cookielawinfo-column-4\">Esta cookie la establece doubleclick.net. El prop\u00f3sito de la cookie es determinar si el navegador del usuario admite cookies.<\/td><\/tr><tr class=\"cookielawinfo-row-cat-title\"><th colspan=\"2\" class=\"cookielawinfo-row-cat-title-head\">Anal\u00edticas<\/th><\/tr><tr class=\"cookielawinfo-row\"><td class=\"cookielawinfo-column-1\">_ga<\/td><td class=\"cookielawinfo-column-4\">Google Analytics. Este tratamiento de datos se utiliza para analizar el sitio web. Por ejemplo, se utiliza para calcular el n\u00famero de visitantes y para controlar el uso del sitio web con el fin de mejorar su rendimiento. Los datos registrados son an\u00f3nimos.<\/td><\/tr><tr class=\"cookielawinfo-row\"><td class=\"cookielawinfo-column-1\">_gid<\/td><td class=\"cookielawinfo-column-4\">Google Analytics. Esta cookie es instalada por Google Analytics. La cookie se utiliza para almacenar informaci\u00f3n sobre c\u00f3mo los visitantes usan un sitio web y ayuda a crear un informe anal\u00edtico de c\u00f3mo est\u00e1 funcionando el sitio web. Los datos recopilados, incluido el n\u00famero de visitantes, la fuente de donde provienen y las p\u00e1ginas visitadas de forma an\u00f3nima.<\/td><\/tr><tr class=\"cookielawinfo-row\"><td class=\"cookielawinfo-column-1\">_gat_UA-119742171-2<\/td><td class=\"cookielawinfo-column-4\">Google Analytics. Google utiliza esta cookie para vincularse a la cuenta de seguimiento de Analytics. Los datos registrados son an\u00f3nimos.<\/td><\/tr><tr class=\"cookielawinfo-row\"><td class=\"cookielawinfo-column-1\">_gcl_au<\/td><td class=\"cookielawinfo-column-4\">Google Analytics utiliza esta cookie para comprender la interacci\u00f3n del usuario con el sitio web. Los datos registrados son an\u00f3nimos.<\/td><\/tr><tr class=\"cookielawinfo-row-cat-title\"><th colspan=\"2\" class=\"cookielawinfo-row-cat-title-head\">indispensable<\/th><\/tr><tr class=\"cookielawinfo-row\"><td class=\"cookielawinfo-column-1\">cookielawinfo-checkbox-analytics<\/td><td class=\"cookielawinfo-column-4\">Consentimiento RGPD. Se utiliza para registrar la respuesta del usuario a las preguntas relacionadas con el uso de cookies en la categor\u00eda \"Rendimiento y estad\u00edsticas\".<\/td><\/tr><tr class=\"cookielawinfo-row\"><td class=\"cookielawinfo-column-1\">cookielawinfo-checkbox-advertisement<\/td><td class=\"cookielawinfo-column-4\">Consentimiento RGPD. Se utiliza para registrar la respuesta del usuario a las preguntas relacionadas con el uso de cookies en la categor\u00eda \"Marketing\".<\/td><\/tr><tr class=\"cookielawinfo-row\"><td class=\"cookielawinfo-column-1\">cookielawinfo-checkbox-necessary<\/td><td class=\"cookielawinfo-column-4\">Consentimiento RGPD. Se utiliza para registrar la respuesta del usuario a las preguntas relacionadas con el uso de cookies en la categor\u00eda \"Esencial\".<\/td><\/tr><tr class=\"cookielawinfo-row-cat-title\"><th colspan=\"2\" class=\"cookielawinfo-row-cat-title-head\">fonctionnel<\/th><\/tr><tr class=\"cookielawinfo-row\"><td class=\"cookielawinfo-column-1\">attribution_user_id<\/td><td class=\"cookielawinfo-column-4\">Typeform. Esta cookie se utiliza para seguir el uso de los formularios del sitio y evitar registrar varias veces las mismas respuestas<\/td><\/tr><\/tbody><\/table><\/div>\n<hr \/>\n<h3><strong>\u00bfCu\u00e1l es el per\u00edodo de retenci\u00f3n del consentimiento aplicable a nuestras cookies?<\/strong><\/h3>\n<p>Cuando visitas el sitio de ChargeGuru, se generan dos tipos de cookies: cookies de sesi\u00f3n y cookies persistentes.<\/p>\n<p>Las cookies de sesi\u00f3n se crean temporalmente en la subcarpeta de su navegador cuando visitas una web. Una vez que abandonas la web, se elimina la cookie de sesi\u00f3n.<\/p>\n<p>Los archivos de cookies persistentes permanecen en la subcarpeta de su navegador y se reactivan una vez que visitas la web en la que creaste esa cookie espec\u00edfica. Una cookie persistente permanece en la subcarpeta del navegador durante el tiempo definido en el archivo de cookies.<\/p>\n<p>Para estos \u00faltimos, su vida \u00fatil es proporcional al prop\u00f3sito de la cookie y est\u00e1 limitada a un per\u00edodo m\u00e1ximo de retenci\u00f3n para el consentimiento, es decir, 365 d\u00edas.<\/p>\n<p>M\u00e1s espec\u00edficamente, se aplican reglas especiales a nuestras cookies de medici\u00f3n de audiencia:<\/p>\n<ul>\n<li>La vida \u00fatil de estas cookies es de 13 meses\u00a0;<\/li>\n<li>24 meses para el per\u00edodo de conservaci\u00f3n del consentimiento.<\/li>\n<\/ul>\n<hr \/>\n<h3><strong>\u00bfC\u00f3mo gestionar tu consentimiento y modificar tus preferencias de cookies?<\/strong><\/h3>\n<p>Cuando visitas la web por primera vez, se muestra un banner de informaci\u00f3n previa en la p\u00e1gina de inicio de nuestra web para informarte de la existencia de las cookies y sus prop\u00f3sitos.<\/p>\n<p>Al hacer clic en el bot\u00f3n &#8220;Aceptar todo&#8221;, aceptas el almacenamiento de todas las cookies.<\/p>\n<p>Puedes conocer la naturaleza de las cookies colocadas, aceptarlas o rechazarlas, ya sea globalmente para todo la web y todos los servicios, o por categor\u00eda haciendo clic en el bot\u00f3n &#8220;Personalizar cookies&#8221;.<\/p>\n<p>Comprender\u00e1s que utilizamos cookies para mejorar tu experiencia de navegaci\u00f3n y permitirte obtener informaci\u00f3n espec\u00edfica de acuerdo con tu perfil. Guardar una cookie en tu terminal est\u00e1 sujeto a tu consentimiento. Es por eso que puedes cambiar su elecci\u00f3n en cualquier momento haciendo clic aqu\u00ed:<\/p>\n<div class=\"wt-cli-element cli_user_consent_state\">Su estado actual: No hay consentimiento dado. <a class=\"cli_manage_current_consent\" style=\"cursor:pointer;\">Gestiona tu consentimiento.<\/a> <\/div>\n<hr \/>\n<h3><strong>\u00bfC\u00f3mo administrar la configuraci\u00f3n general a trav\u00e9s del software de tu navegador?<\/strong><\/h3>\n<p>Tambi\u00e9n puedes configurar los ajustes generales en el software de tu navegador de Internet, para que las cookies, seg\u00fan su origen o procedencia, sean autom\u00e1ticamente aceptadas y guardadas en tu terminal o, por el contrario, para que sean rechazadas.<\/p>\n<ul>\n<li><a href=\"https:\/\/support.google.com\/chrome\/answer\/95647?hl=es&amp;co=GENIE.Platform%3DDesktop\">Chrome<\/a><\/li>\n<li><a href=\"https:\/\/support.microsoft.com\/es-es\/windows\/eliminar-y-administrar-cookies-168dab11-0753-043d-7c16-ede5947fc64d\">Explorador de Internet<\/a><\/li>\n<li><a href=\"https:\/\/support.apple.com\/es-es\/HT201265\">Safari<\/a><\/li>\n<li><a href=\"https:\/\/help.opera.com\/en\/latest\/web-preferences\/#cookies\">Opera<\/a><\/li>\n<\/ul>\n<hr \/>\n<h3>Para saber m\u00e1s<\/h3>\n<p>Si deseas saber m\u00e1s sobre las cookies, te invitamos a consultar el sitio web de la AEPD en la siguiente direcci\u00f3n: <a href=\"https:\/\/www.aepd.es\/sites\/default\/files\/2020-07\/guia-cookies.pdf\">https:\/\/www.aepd.es\/sites\/default\/files\/2020-07\/guia-cookies.pdf<\/a><\/p>\n<\/div>\n","protected":false},"excerpt":{"rendered":"<p>Hola, En esta p\u00e1gina te presentamos la pol\u00edtica de cookies de ChargeGuru. Explicamos qu\u00e9 son las cookies, c\u00f3mo se utilizan&#8230;<\/p>\n","protected":false},"author":13,"featured_media":0,"parent":0,"menu_order":0,"comment_status":"closed","ping_status":"closed","template":"","meta":{"content-type":""},"yoast_head":"<!-- This site is optimized with the Yoast SEO Premium plugin v20.8 (Yoast SEO v21.3) - https:\/\/yoast.com\/wordpress\/plugins\/seo\/ -->\n<title>Pol\u00edtica de cookies - ChargeGuru ES | Instalador de Puntos de Carga para Veh\u00edculos El\u00e9ctricos<\/title>\n<meta name=\"description\" content=\"Pol\u00edtica de cookie | ChargeGuru, empresa instaladora de puntos de recarga para veh\u00edculo el\u00e9ctrico.\" \/>\n<meta name=\"robots\" content=\"index, follow, max-snippet:-1, max-image-preview:large, max-video-preview:-1\" \/>\n<link rel=\"canonical\" href=\"https:\/\/chargeguru.com\/es\/cookie-policy\/\" \/>\n<meta property=\"og:locale\" content=\"es_ES\" \/>\n<meta property=\"og:type\" content=\"article\" \/>\n<meta property=\"og:title\" content=\"Pol\u00edtica de cookies\" \/>\n<meta property=\"og:description\" content=\"Pol\u00edtica de cookie | ChargeGuru, empresa instaladora de puntos de recarga para veh\u00edculo el\u00e9ctrico.\" \/>\n<meta property=\"og:url\" content=\"https:\/\/chargeguru.com\/es\/cookie-policy\/\" \/>\n<meta property=\"og:site_name\" content=\"ChargeGuru ES | Instalador de Puntos de Carga para Veh\u00edculos El\u00e9ctricos\" \/>\n<meta property=\"article:modified_time\" content=\"2024-02-27T15:00:16+00:00\" \/>\n<meta name=\"twitter:card\" content=\"summary_large_image\" \/>\n<meta name=\"twitter:label1\" content=\"Tiempo de lectura\" \/>\n\t<meta name=\"twitter:data1\" content=\"5 minutos\" \/>\n<script type=\"application\/ld+json\" class=\"yoast-schema-graph\">{\"@context\":\"https:\/\/schema.org\",\"@graph\":[{\"@type\":\"WebPage\",\"@id\":\"https:\/\/chargeguru.com\/es\/cookie-policy\/\",\"url\":\"https:\/\/chargeguru.com\/es\/cookie-policy\/\",\"name\":\"Pol\u00edtica de cookies - ChargeGuru ES | Instalador de Puntos de Carga para Veh\u00edculos El\u00e9ctricos\",\"isPartOf\":{\"@id\":\"https:\/\/chargeguru.com\/es\/#website\"},\"datePublished\":\"2021-07-30T13:29:10+00:00\",\"dateModified\":\"2024-02-27T15:00:16+00:00\",\"description\":\"Pol\u00edtica de cookie | ChargeGuru, empresa instaladora de puntos de recarga para veh\u00edculo el\u00e9ctrico.\",\"breadcrumb\":{\"@id\":\"https:\/\/chargeguru.com\/es\/cookie-policy\/#breadcrumb\"},\"inLanguage\":false,\"potentialAction\":[{\"@type\":\"ReadAction\",\"target\":[\"https:\/\/chargeguru.com\/es\/cookie-policy\/\"]}]},{\"@type\":\"BreadcrumbList\",\"@id\":\"https:\/\/chargeguru.com\/es\/cookie-policy\/#breadcrumb\",\"itemListElement\":[{\"@type\":\"ListItem\",\"position\":1,\"name\":\"Home\",\"item\":\"https:\/\/chargeguru.com\/es\/\"},{\"@type\":\"ListItem\",\"position\":2,\"name\":\"Pol\u00edtica de cookies\"}]},{\"@type\":\"WebSite\",\"@id\":\"https:\/\/chargeguru.com\/es\/#website\",\"url\":\"https:\/\/chargeguru.com\/es\/\",\"name\":\"ChargeGuru ES | Instalador de Puntos de Carga para Veh\u00edculos El\u00e9ctricos\",\"description\":\"ChargeGuru ES | Instalador de Puntos de Carga para Veh\u00edculos El\u00e9ctricos\",\"potentialAction\":[{\"@type\":\"SearchAction\",\"target\":{\"@type\":\"EntryPoint\",\"urlTemplate\":\"https:\/\/chargeguru.com\/es\/?s={search_term_string}\"},\"query-input\":\"required name=search_term_string\"}],\"inLanguage\":false}]}<\/script>\n<!-- \/ Yoast SEO Premium plugin. -->","yoast_head_json":{"title":"Pol\u00edtica de cookies - ChargeGuru ES | Instalador de Puntos de Carga para Veh\u00edculos El\u00e9ctricos","description":"Pol\u00edtica de cookie | ChargeGuru, empresa instaladora de puntos de recarga para veh\u00edculo el\u00e9ctrico.","robots":{"index":"index","follow":"follow","max-snippet":"max-snippet:-1","max-image-preview":"max-image-preview:large","max-video-preview":"max-video-preview:-1"},"canonical":"https:\/\/chargeguru.com\/es\/cookie-policy\/","og_locale":"es_ES","og_type":"article","og_title":"Pol\u00edtica de cookies","og_description":"Pol\u00edtica de cookie | ChargeGuru, empresa instaladora de puntos de recarga para veh\u00edculo el\u00e9ctrico.","og_url":"https:\/\/chargeguru.com\/es\/cookie-policy\/","og_site_name":"ChargeGuru ES | Instalador de Puntos de Carga para Veh\u00edculos El\u00e9ctricos","article_modified_time":"2024-02-27T15:00:16+00:00","twitter_card":"summary_large_image","twitter_misc":{"Tiempo de lectura":"5 minutos"},"schema":{"@context":"https:\/\/schema.org","@graph":[{"@type":"WebPage","@id":"https:\/\/chargeguru.com\/es\/cookie-policy\/","url":"https:\/\/chargeguru.com\/es\/cookie-policy\/","name":"Pol\u00edtica de cookies - ChargeGuru ES | Instalador de Puntos de Carga para Veh\u00edculos El\u00e9ctricos","isPartOf":{"@id":"https:\/\/chargeguru.com\/es\/#website"},"datePublished":"2021-07-30T13:29:10+00:00","dateModified":"2024-02-27T15:00:16+00:00","description":"Pol\u00edtica de cookie | ChargeGuru, empresa instaladora de puntos de recarga para veh\u00edculo el\u00e9ctrico.","breadcrumb":{"@id":"https:\/\/chargeguru.com\/es\/cookie-policy\/#breadcrumb"},"inLanguage":false,"potentialAction":[{"@type":"ReadAction","target":["https:\/\/chargeguru.com\/es\/cookie-policy\/"]}]},{"@type":"BreadcrumbList","@id":"https:\/\/chargeguru.com\/es\/cookie-policy\/#breadcrumb","itemListElement":[{"@type":"ListItem","position":1,"name":"Home","item":"https:\/\/chargeguru.com\/es\/"},{"@type":"ListItem","position":2,"name":"Pol\u00edtica de cookies"}]},{"@type":"WebSite","@id":"https:\/\/chargeguru.com\/es\/#website","url":"https:\/\/chargeguru.com\/es\/","name":"ChargeGuru ES | Instalador de Puntos de Carga para Veh\u00edculos El\u00e9ctricos","description":"ChargeGuru ES | Instalador de Puntos de Carga para Veh\u00edculos El\u00e9ctricos","potentialAction":[{"@type":"SearchAction","target":{"@type":"EntryPoint","urlTemplate":"https:\/\/chargeguru.com\/es\/?s={search_term_string}"},"query-input":"required name=search_term_string"}],"inLanguage":false}]}},"_links":{"self":[{"href":"https:\/\/chargeguru.com\/es\/wp-json\/wp\/v2\/pages\/8104"}],"collection":[{"href":"https:\/\/chargeguru.com\/es\/wp-json\/wp\/v2\/pages"}],"about":[{"href":"https:\/\/chargeguru.com\/es\/wp-json\/wp\/v2\/types\/page"}],"author":[{"embeddable":true,"href":"https:\/\/chargeguru.com\/es\/wp-json\/wp\/v2\/users\/13"}],"replies":[{"embeddable":true,"href":"https:\/\/chargeguru.com\/es\/wp-json\/wp\/v2\/comments?post=8104"}],"version-history":[{"count":7,"href":"https:\/\/chargeguru.com\/es\/wp-json\/wp\/v2\/pages\/8104\/revisions"}],"predecessor-version":[{"id":16103,"href":"https:\/\/chargeguru.com\/es\/wp-json\/wp\/v2\/pages\/8104\/revisions\/16103"}],"wp:attachment":[{"href":"https:\/\/chargeguru.com\/es\/wp-json\/wp\/v2\/media?parent=8104"}],"curies":[{"name":"wp","href":"https:\/\/api.w.org\/{rel}","templated":true}]}}