{"id":6258,"date":"2020-02-27T14:59:22","date_gmt":"2020-02-27T13:59:22","guid":{"rendered":"https:\/\/chargeguru.com\/?page_id=6258"},"modified":"2024-11-27T17:21:34","modified_gmt":"2024-11-27T16:21:34","slug":"contacto","status":"publish","type":"page","link":"https:\/\/chargeguru.com\/es\/contacto\/","title":{"rendered":"Contacto"},"content":{"rendered":"<p>\r\n<section class=\"sh-section sh-section-8e6cb005e1bc6769715ed4a19589f77f fw-main-row sh-section-visibility-everywhere\">\r\n\t\r\n\t\r\n\t<div class=\"sh-section-container container\">\r\n\t\t<div class=\"fw-row\">\n\t\r\n<div class=\"sh-column sh-column-0b81f4543166dd2bb803c8eca2dd18fc fw-col-xs-12\" >\r\n\r\n\t\r\n\t<div class=\"sh-column-wrapper\">\r\n\t\t\r\n<div class=\"sh-revslider\" id=\"revslider-8f721c328aba894bef5e538dce5109cc\">\r\n\t\n\t\t\t<!-- START Contacto REVOLUTION SLIDER 6.7.37 --><p class=\"rs-p-wp-fix\"><\/p>\n\t\t\t<rs-module-wrap id=\"rev_slider_17_1_wrapper\" data-source=\"gallery\" style=\"visibility:hidden;background:transparent;padding:0;margin:0px auto;margin-top:0;margin-bottom:0;\">\n\t\t\t\t<rs-module id=\"rev_slider_17_1\" style=\"\" data-version=\"6.7.37\">\n\t\t\t\t\t<rs-slides style=\"overflow: hidden; position: absolute;\">\n\t\t\t\t\t\t<rs-slide style=\"position: absolute;\" data-key=\"rs-21\" data-title=\"Slide\" data-duration=\"9000\" data-anim=\"adpr:false;\">\n\t\t\t\t\t\t\t<img src=\"\/\/chargeguru.com\/es\/wp-content\/plugins\/revslider\/sr6\/assets\/assets\/dummy.png\" alt=\"\" title=\"Contacto\" class=\"rev-slidebg tp-rs-img rs-lazyload\" data-lazyload=\"\/\/chargeguru.com\/es\/wp-content\/uploads\/sites\/2\/revslider\/contacto\/guru-nous-contacter.jpg\" data-bg=\"p:center bottom;\" data-no-retina>\n<!--\n\t\t\t\t\t\t\t--><rs-layer\n\t\t\t\t\t\t\t\tid=\"slider-17-slide-21-layer-1\" \n\t\t\t\t\t\t\t\tdata-type=\"image\"\n\t\t\t\t\t\t\t\tdata-rsp_ch=\"on\"\n\t\t\t\t\t\t\t\tdata-xy=\"x:l,l,l,c;xo:838px,576px,402px,0;yo:126px,153px,200px,335px;\"\n\t\t\t\t\t\t\t\tdata-text=\"l:22;a:inherit;\"\n\t\t\t\t\t\t\t\tdata-dim=\"w:374px,403px,370px,318px;h:383px,412px,379px,325px;\"\n\t\t\t\t\t\t\t\tdata-frame_0=\"o:1;tp:600;\"\n\t\t\t\t\t\t\t\tdata-frame_1=\"tp:600;sR:10;\"\n\t\t\t\t\t\t\t\tdata-frame_999=\"tp:600;e:nothing;st:w;sR:8690;\"\n\t\t\t\t\t\t\t\tstyle=\"z-index:5;\"\n\t\t\t\t\t\t\t><img src=\"\/\/chargeguru.com\/es\/wp-content\/plugins\/revslider\/sr6\/assets\/assets\/dummy.png\" alt=\"\" class=\"tp-rs-img rs-lazyload\" width=\"516\" height=\"528\" data-lazyload=\"\/\/chargeguru.com\/es\/wp-content\/uploads\/sites\/2\/revslider\/contacto\/guru_casquette.png\" data-no-retina> \n\t\t\t\t\t\t\t<\/rs-layer><!--\n\n\t\t\t\t\t\t\t--><rs-layer\n\t\t\t\t\t\t\t\tid=\"slider-17-slide-21-layer-3\" \n\t\t\t\t\t\t\t\tdata-type=\"text\"\n\t\t\t\t\t\t\t\tdata-rsp_ch=\"on\"\n\t\t\t\t\t\t\t\tdata-xy=\"x:c,l,l,c;xo:-74px,75px,49px,0;yo:223px,255px,198px,160px;\"\n\t\t\t\t\t\t\t\tdata-text=\"w:nowrap,nowrap,nowrap,normal;s:38,42,40,36;l:22,26,22,36;fw:600;a:center,inherit,inherit,center;\"\n\t\t\t\t\t\t\t\tdata-dim=\"w:458px,704px,704px,465px;h:40px,39px,39px,auto;\"\n\t\t\t\t\t\t\t\tdata-frame_0=\"tp:600;\"\n\t\t\t\t\t\t\t\tdata-frame_1=\"tp:600;st:300;sR:300;\"\n\t\t\t\t\t\t\t\tdata-frame_999=\"o:0;tp:600;st:w;sR:8400;\"\n\t\t\t\t\t\t\t\tstyle=\"z-index:6;font-family:'Raleway';\"\n\t\t\t\t\t\t\t>Cont\u00e1ctanos \n\t\t\t\t\t\t\t<\/rs-layer><!--\n\n\t\t\t\t\t\t\t--><rs-layer\n\t\t\t\t\t\t\t\tid=\"slider-17-slide-21-layer-5\" \n\t\t\t\t\t\t\t\tdata-type=\"text\"\n\t\t\t\t\t\t\t\tdata-rsp_ch=\"on\"\n\t\t\t\t\t\t\t\tdata-xy=\"x:c,l,l,c;xo:-74px,75px,49px,0;yo:268px,302px,249px,240px;\"\n\t\t\t\t\t\t\t\tdata-text=\"w:normal,nowrap,nowrap,nowrap;s:24,22,22,24;l:26,26,26,24;fw:500;a:center,inherit,inherit,center;\"\n\t\t\t\t\t\t\t\tdata-dim=\"w:524px,520px,520px,439px;h:81px,auto,auto,27px;\"\n\t\t\t\t\t\t\t\tdata-frame_0=\"y:-50px;tp:600;\"\n\t\t\t\t\t\t\t\tdata-frame_1=\"tp:600;st:600;sR:600;\"\n\t\t\t\t\t\t\t\tdata-frame_999=\"tp:600;st:w;sR:8100;\"\n\t\t\t\t\t\t\t\tstyle=\"z-index:7;font-family:'Raleway';\"\n\t\t\t\t\t\t\t>\u00bfQu\u00e9 podemos hacer por ti? \n\t\t\t\t\t\t\t<\/rs-layer><!--\n-->\t\t\t\t\t<\/rs-slide>\n\t\t\t\t\t<\/rs-slides>\n\t\t\t\t<\/rs-module>\n\t\t\t\t<script>\n\t\t\t\t\tsetREVStartSize({c: 'rev_slider_17_1',rl:[1240,1024,778,480],el:[],gw:[1240,1024,778,480],gh:[534,600,600,720],type:'hero',justify:'',layout:'fullwidth',mh:\"0\"});if (window.RS_MODULES!==undefined && window.RS_MODULES.modules!==undefined && window.RS_MODULES.modules[\"revslider171\"]!==undefined) {window.RS_MODULES.modules[\"revslider171\"].once = false;window.revapi17 = undefined;if (window.RS_MODULES.checkMinimal!==undefined) window.RS_MODULES.checkMinimal()}\n\t\t\t\t<\/script>\n\t\t\t<\/rs-module-wrap>\n\t\t\t<!-- END REVOLUTION SLIDER -->\n<\/div>\r\n\t<\/div>\r\n\r\n\r\n\t\t\r\n\r\n<\/div>\r\n<\/div>\n\n\t<\/div>\r\n<\/section>\r\n\r\n<section class=\"sh-section sh-section-30a4965a768cec3eedd45a4ddf0e1a57 fw-main-row sh-section-visibility-everywhere\">\r\n\t\r\n\t\r\n\t<div class=\"sh-section-container container section-justify-height\">\r\n\t\t<div class=\"fw-row\">\n\t\r\n<div class=\"sh-column sh-column-35896fe449e829c59107abc8ea884950 fw-col-xs-12 sh-column-mobile-padding sh-animated fadeInLeft\" data-wow-duration=\"1s\">\r\n\r\n\t\r\n\t<div class=\"sh-column-wrapper\">\r\n\t\t\r\n<div class=\"sh-iconbox sh-iconbox-style2 sh-iconbox-left improved-responsiveness\" id=\"iconbox-1b31fb1bc5f0c3ae15d6164d9fc75cf0\">\r\n\t\r\n\t\t\t\t\t<div class=\"sh-iconbox-icon\">\r\n\t\t\t\t<div class=\"sh-iconbox-icon-shape sh-iconbox-square\">\r\n\t\t\t\t\t<i class=\"sh-iconbox-hover fa fa-shopping-cart\"><\/i>\r\n\r\n\t\t\t\t\t\t\t\t\t<\/div>\r\n\t\t\t<\/div>\r\n\t\t\r\n\t\t<div class=\"sh-iconbox-aside\">\r\n\t\t\t<div class=\"sh-iconbox-title\">\r\n\t\t\t\t\t\t\t\t\t<h3>Desarrollo de negocios, electricistas, notas de prensa...<\/h3>\r\n\t\t\t\t\t\t\t<\/div>\r\n\t\t\t<div class=\"sh-iconbox-seperator\"><\/div>\r\n\t\t\t<div class=\"sh-iconbox-content\">\r\n\t\t\t\t<p>Nos puedes enviar un email a <strong>contacto@chargeguru.com.<\/strong><\/p>\t\t\t<\/div>\r\n\t\t<\/div>\r\n\r\n\t<\/div>\r\n\r\n<div id=\"divider-31fa117cf4dfa11b3b9cac78e9a91625\" class=\"sh-divider sh-divider-center sh-divider-content-none\">\r\n\t\t\t<div class=\"sh-divider-line\"><\/div>\r\n\t<\/div>\r\n\r\n<div class=\"sh-iconbox sh-iconbox-style2 sh-iconbox-left improved-responsiveness\" id=\"iconbox-b0503300e30afcacffe9e86ffd76371c\">\r\n\t\r\n\t\t\t\t\t<div class=\"sh-iconbox-icon\">\r\n\t\t\t\t<div class=\"sh-iconbox-icon-shape sh-iconbox-square\">\r\n\t\t\t\t\t<i class=\"sh-iconbox-hover fa fa-support\"><\/i>\r\n\r\n\t\t\t\t\t\t\t\t\t<\/div>\r\n\t\t\t<\/div>\r\n\t\t\r\n\t\t<div class=\"sh-iconbox-aside\">\r\n\t\t\t<div class=\"sh-iconbox-title\">\r\n\t\t\t\t\t\t\t\t\t<h3>Ayuda al cliente <\/h3>\r\n\t\t\t\t\t\t\t<\/div>\r\n\t\t\t<div class=\"sh-iconbox-seperator\"><\/div>\r\n\t\t\t<div class=\"sh-iconbox-content\">\r\n\t\t\t\t<p>Puedes utilizar este formulario para cualquier pregunta al soporte t\u00e9cnico, los ingenieros de proyectos Guru te responder\u00e1n lo antes posible<\/p>\t\t\t<\/div>\r\n\t\t<\/div>\r\n\r\n\t<\/div>\r\n\t<\/div>\r\n\r\n\r\n\t\t\r\n\r\n<\/div>\r\n<\/div>\n\n\t<\/div>\r\n<\/section>\r\n<\/p>\n","protected":false},"excerpt":{"rendered":"<p>Cont\u00e1ctanos \u00bfQu\u00e9 podemos hacer por ti? Desarrollo de negocios, electricistas, notas de prensa&#8230; Nos puedes enviar un email a contacto@chargeguru.com&#8230;.<\/p>\n","protected":false},"author":5,"featured_media":0,"parent":0,"menu_order":0,"comment_status":"closed","ping_status":"closed","template":"","meta":{"content-type":""},"yoast_head":"<!-- This site is optimized with the Yoast SEO Premium plugin v20.8 (Yoast SEO v21.3) - https:\/\/yoast.com\/wordpress\/plugins\/seo\/ -->\n<title>Contacto | ChargeGuru | Puntos de recarga veh\u00edculos el\u00e9ctricos<\/title>\n<meta name=\"description\" content=\"Cont\u00e1ctanos para cualquier duda que te surja sobre la instalaci\u00f3n de puntos de recarga.\" \/>\n<meta name=\"robots\" content=\"index, follow, max-snippet:-1, max-image-preview:large, max-video-preview:-1\" \/>\n<link rel=\"canonical\" href=\"https:\/\/chargeguru.com\/es\/contacto\/\" \/>\n<meta property=\"og:locale\" content=\"es_ES\" \/>\n<meta property=\"og:type\" content=\"article\" \/>\n<meta property=\"og:title\" content=\"Contacto\" \/>\n<meta property=\"og:description\" content=\"Cont\u00e1ctanos para cualquier duda que te surja sobre la instalaci\u00f3n de puntos de recarga.\" \/>\n<meta property=\"og:url\" content=\"https:\/\/chargeguru.com\/es\/contacto\/\" \/>\n<meta property=\"og:site_name\" content=\"ChargeGuru ES | Instalador de Puntos de Carga para Veh\u00edculos El\u00e9ctricos\" \/>\n<meta property=\"article:modified_time\" content=\"2024-11-27T16:21:34+00:00\" \/>\n<meta name=\"twitter:card\" content=\"summary_large_image\" \/>\n<meta name=\"twitter:label1\" content=\"Tiempo de lectura\" \/>\n\t<meta name=\"twitter:data1\" content=\"1 minuto\" \/>\n<script type=\"application\/ld+json\" class=\"yoast-schema-graph\">{\"@context\":\"https:\/\/schema.org\",\"@graph\":[{\"@type\":\"WebPage\",\"@id\":\"https:\/\/chargeguru.com\/es\/contacto\/\",\"url\":\"https:\/\/chargeguru.com\/es\/contacto\/\",\"name\":\"Contacto | ChargeGuru | Puntos de recarga veh\u00edculos el\u00e9ctricos\",\"isPartOf\":{\"@id\":\"https:\/\/chargeguru.com\/es\/#website\"},\"datePublished\":\"2020-02-27T13:59:22+00:00\",\"dateModified\":\"2024-11-27T16:21:34+00:00\",\"description\":\"Cont\u00e1ctanos para cualquier duda que te surja sobre la instalaci\u00f3n de puntos de recarga.\",\"breadcrumb\":{\"@id\":\"https:\/\/chargeguru.com\/es\/contacto\/#breadcrumb\"},\"inLanguage\":false,\"potentialAction\":[{\"@type\":\"ReadAction\",\"target\":[\"https:\/\/chargeguru.com\/es\/contacto\/\"]}]},{\"@type\":\"BreadcrumbList\",\"@id\":\"https:\/\/chargeguru.com\/es\/contacto\/#breadcrumb\",\"itemListElement\":[{\"@type\":\"ListItem\",\"position\":1,\"name\":\"Home\",\"item\":\"https:\/\/chargeguru.com\/es\/\"},{\"@type\":\"ListItem\",\"position\":2,\"name\":\"Contacto\"}]},{\"@type\":\"WebSite\",\"@id\":\"https:\/\/chargeguru.com\/es\/#website\",\"url\":\"https:\/\/chargeguru.com\/es\/\",\"name\":\"ChargeGuru ES | Instalador de Puntos de Carga para Veh\u00edculos El\u00e9ctricos\",\"description\":\"ChargeGuru ES | Instalador de Puntos de Carga para Veh\u00edculos El\u00e9ctricos\",\"potentialAction\":[{\"@type\":\"SearchAction\",\"target\":{\"@type\":\"EntryPoint\",\"urlTemplate\":\"https:\/\/chargeguru.com\/es\/?s={search_term_string}\"},\"query-input\":\"required name=search_term_string\"}],\"inLanguage\":false}]}<\/script>\n<!-- \/ Yoast SEO Premium plugin. -->","yoast_head_json":{"title":"Contacto | ChargeGuru | Puntos de recarga veh\u00edculos el\u00e9ctricos","description":"Cont\u00e1ctanos para cualquier duda que te surja sobre la instalaci\u00f3n de puntos de recarga.","robots":{"index":"index","follow":"follow","max-snippet":"max-snippet:-1","max-image-preview":"max-image-preview:large","max-video-preview":"max-video-preview:-1"},"canonical":"https:\/\/chargeguru.com\/es\/contacto\/","og_locale":"es_ES","og_type":"article","og_title":"Contacto","og_description":"Cont\u00e1ctanos para cualquier duda que te surja sobre la instalaci\u00f3n de puntos de recarga.","og_url":"https:\/\/chargeguru.com\/es\/contacto\/","og_site_name":"ChargeGuru ES | Instalador de Puntos de Carga para Veh\u00edculos El\u00e9ctricos","article_modified_time":"2024-11-27T16:21:34+00:00","twitter_card":"summary_large_image","twitter_misc":{"Tiempo de lectura":"1 minuto"},"schema":{"@context":"https:\/\/schema.org","@graph":[{"@type":"WebPage","@id":"https:\/\/chargeguru.com\/es\/contacto\/","url":"https:\/\/chargeguru.com\/es\/contacto\/","name":"Contacto | ChargeGuru | Puntos de recarga veh\u00edculos el\u00e9ctricos","isPartOf":{"@id":"https:\/\/chargeguru.com\/es\/#website"},"datePublished":"2020-02-27T13:59:22+00:00","dateModified":"2024-11-27T16:21:34+00:00","description":"Cont\u00e1ctanos para cualquier duda que te surja sobre la instalaci\u00f3n de puntos de recarga.","breadcrumb":{"@id":"https:\/\/chargeguru.com\/es\/contacto\/#breadcrumb"},"inLanguage":false,"potentialAction":[{"@type":"ReadAction","target":["https:\/\/chargeguru.com\/es\/contacto\/"]}]},{"@type":"BreadcrumbList","@id":"https:\/\/chargeguru.com\/es\/contacto\/#breadcrumb","itemListElement":[{"@type":"ListItem","position":1,"name":"Home","item":"https:\/\/chargeguru.com\/es\/"},{"@type":"ListItem","position":2,"name":"Contacto"}]},{"@type":"WebSite","@id":"https:\/\/chargeguru.com\/es\/#website","url":"https:\/\/chargeguru.com\/es\/","name":"ChargeGuru ES | Instalador de Puntos de Carga para Veh\u00edculos El\u00e9ctricos","description":"ChargeGuru ES | Instalador de Puntos de Carga para Veh\u00edculos El\u00e9ctricos","potentialAction":[{"@type":"SearchAction","target":{"@type":"EntryPoint","urlTemplate":"https:\/\/chargeguru.com\/es\/?s={search_term_string}"},"query-input":"required name=search_term_string"}],"inLanguage":false}]}},"_links":{"self":[{"href":"https:\/\/chargeguru.com\/es\/wp-json\/wp\/v2\/pages\/6258"}],"collection":[{"href":"https:\/\/chargeguru.com\/es\/wp-json\/wp\/v2\/pages"}],"about":[{"href":"https:\/\/chargeguru.com\/es\/wp-json\/wp\/v2\/types\/page"}],"author":[{"embeddable":true,"href":"https:\/\/chargeguru.com\/es\/wp-json\/wp\/v2\/users\/5"}],"replies":[{"embeddable":true,"href":"https:\/\/chargeguru.com\/es\/wp-json\/wp\/v2\/comments?post=6258"}],"version-history":[{"count":20,"href":"https:\/\/chargeguru.com\/es\/wp-json\/wp\/v2\/pages\/6258\/revisions"}],"predecessor-version":[{"id":22317,"href":"https:\/\/chargeguru.com\/es\/wp-json\/wp\/v2\/pages\/6258\/revisions\/22317"}],"wp:attachment":[{"href":"https:\/\/chargeguru.com\/es\/wp-json\/wp\/v2\/media?parent=6258"}],"curies":[{"name":"wp","href":"https:\/\/api.w.org\/{rel}","templated":true}]}}