{"id":3894,"date":"2019-08-07T12:10:52","date_gmt":"2019-08-07T10:10:52","guid":{"rendered":"https:\/\/chargeguru.com\/?page_id=3894"},"modified":"2024-01-18T14:14:06","modified_gmt":"2024-01-18T13:14:06","slug":"ahorro-vehiculo-electrico","status":"publish","type":"page","link":"https:\/\/chargeguru.com\/es\/ahorro-vehiculo-electrico\/","title":{"rendered":"Simulador de ahorro con veh\u00edculo el\u00e9ctrico"},"content":{"rendered":"<p>\r\n<section class=\"sh-section sh-section-989cd74da05f108bf30e0fe67bc7aa30 fw-main-row sh-section-visibility-everywhere\">\r\n\t\r\n\t\r\n\t<div class=\"sh-section-container container-fluid\">\r\n\t\t<div class=\"fw-row\">\n\t\r\n<div class=\"sh-column sh-column-1edd81ce04fb2060bfc98aeb081924ba fw-col-xs-12\" >\r\n\r\n\t\r\n\t<div class=\"sh-column-wrapper\">\r\n\t\t\r\n<div class=\"sh-revslider\" id=\"revslider-b224ed4c9dd075b31837e4760ebc0d0f\">\r\n\t\n\t\t\t<!-- START simulador ahorro REVOLUTION SLIDER 6.7.37 --><p class=\"rs-p-wp-fix\"><\/p>\n\t\t\t<rs-module-wrap id=\"rev_slider_107_1_wrapper\" data-source=\"gallery\" style=\"visibility:hidden;background:transparent;padding:0;margin:0px auto;margin-top:0;margin-bottom:0;\">\n\t\t\t\t<rs-module id=\"rev_slider_107_1\" style=\"\" data-version=\"6.7.37\">\n\t\t\t\t\t<rs-slides style=\"overflow: hidden; position: absolute;\">\n\t\t\t\t\t\t<rs-slide style=\"position: absolute;\" data-key=\"rs-123\" data-title=\"Slide\" data-duration=\"9000\" data-anim=\"adpr:false;ms:0ms;\" data-in=\"o:1;\" data-out=\"a:false;\">\n\t\t\t\t\t\t\t<img src=\"\/\/chargeguru.com\/es\/wp-content\/plugins\/revslider\/sr6\/assets\/assets\/dummy.png\" alt=\"background chargeguru\" title=\"Background\" width=\"5334\" height=\"2084\" class=\"rev-slidebg tp-rs-img rs-lazyload\" data-lazyload=\"\/\/chargeguru.com\/es\/wp-content\/plugins\/revslider\/sr6\/assets\/assets\/transparent.png\" data-no-retina>\n<!--\n\t\t\t\t\t\t\t--><rs-layer\n\t\t\t\t\t\t\t\tid=\"slider-107-slide-123-layer-1\" \n\t\t\t\t\t\t\t\tdata-type=\"image\"\n\t\t\t\t\t\t\t\tdata-rsp_ch=\"on\"\n\t\t\t\t\t\t\t\tdata-xy=\"x:l,l,l,c;xo:715px,367px,237px,0;yo:296px,573px,679px,374px;\"\n\t\t\t\t\t\t\t\tdata-text=\"w:normal;\"\n\t\t\t\t\t\t\t\tdata-dim=\"w:510px,628px,520px,434px;h:142px,175px,145px,121px;\"\n\t\t\t\t\t\t\t\tdata-frame_999=\"o:0;st:w;\"\n\t\t\t\t\t\t\t\tstyle=\"z-index:12;\"\n\t\t\t\t\t\t\t><img src=\"\/\/chargeguru.com\/es\/wp-content\/plugins\/revslider\/sr6\/assets\/assets\/dummy.png\" alt=\"\" class=\"tp-rs-img rs-lazyload\" width=\"1565\" height=\"436\" data-lazyload=\"\/\/chargeguru.com\/es\/wp-content\/uploads\/sites\/2\/revslider\/guide-dutilisation-1\/1-voiture.png\" data-no-retina> \n\t\t\t\t\t\t\t<\/rs-layer><!--\n\n\t\t\t\t\t\t\t--><p\n\t\t\t\t\t\t\t\tid=\"slider-107-slide-123-layer-4\" \n\t\t\t\t\t\t\t\tclass=\"rs-layer\"\n\t\t\t\t\t\t\t\tdata-type=\"text\"\n\t\t\t\t\t\t\t\tdata-color=\"rgba(27, 42, 80, 0.65)\"\n\t\t\t\t\t\t\t\tdata-rsp_ch=\"on\"\n\t\t\t\t\t\t\t\tdata-xy=\"x:c,l,l,c;xo:-220px,50px,52px,0;y:m,t,t,t;yo:47px,333px,392px,193px;\"\n\t\t\t\t\t\t\t\tdata-text=\"w:normal;s:18;l:26,26,26,22;fw:700;a:left,inherit,inherit,center;\"\n\t\t\t\t\t\t\t\tdata-dim=\"w:747px,921px,677px,416px;\"\n\t\t\t\t\t\t\t\tdata-frame_0=\"o:1;\"\n\t\t\t\t\t\t\t\tdata-frame_1=\"st:600;sR:600;\"\n\t\t\t\t\t\t\t\tdata-frame_999=\"st:w;sR:8100;\"\n\t\t\t\t\t\t\t\tstyle=\"z-index:9;font-family:'Raleway';\"\n\t\t\t\t\t\t\t>Calcula el ahorro de cambiar a un veh\u00edculo el\u00e9ctrico y recargar tu coche el\u00e9ctrico en casa, frente a un coche de gasolina o diesel.  \n\t\t\t\t\t\t\t<\/p><!--\n\n\t\t\t\t\t\t\t--><h1\n\t\t\t\t\t\t\t\tid=\"slider-107-slide-123-layer-6\" \n\t\t\t\t\t\t\t\tclass=\"rs-layer\"\n\t\t\t\t\t\t\t\tdata-type=\"text\"\n\t\t\t\t\t\t\t\tdata-color=\"#1b2a50\"\n\t\t\t\t\t\t\t\tdata-rsp_ch=\"on\"\n\t\t\t\t\t\t\t\tdata-xy=\"x:c,l,l,c;xo:-255px,50px,50px,0;y:m,t,t,t;yo:-52px,177px,214px,0;\"\n\t\t\t\t\t\t\t\tdata-text=\"w:normal;s:48,48,48,35;l:50,50,50,36;fw:700;a:left,inherit,inherit,center;\"\n\t\t\t\t\t\t\t\tdata-dim=\"w:678px,704px,704px,467px;\"\n\t\t\t\t\t\t\t\tdata-frame_1=\"st:300;sR:300;\"\n\t\t\t\t\t\t\t\tdata-frame_999=\"o:0;st:w;sR:8400;\"\n\t\t\t\t\t\t\t\tstyle=\"z-index:8;font-family:'Raleway';\"\n\t\t\t\t\t\t\t>Simulador de ahorro con un veh\u00edculo el\u00e9ctrico \n\t\t\t\t\t\t\t<\/h1><!--\n\n\t\t\t\t\t\t\t--><a\n\t\t\t\t\t\t\t\tid=\"slider-107-slide-123-layer-7\" \n\t\t\t\t\t\t\t\tclass=\"rs-layer rev-btn rev-hiddenicon\"\n\t\t\t\t\t\t\t\thref=\"https:\/\/chargeguru.typeform.com\/to\/rhI0mL\" target=\"_self\"\n\t\t\t\t\t\t\t\tdata-type=\"button\"\n\t\t\t\t\t\t\t\tdata-color=\"#1b2a50\"\n\t\t\t\t\t\t\t\tdata-rsp_ch=\"on\"\n\t\t\t\t\t\t\t\tdata-xy=\"x:c;xo:-393px,-181px,-95px,0;y:m;yo:150px,108px,87px,229px;\"\n\t\t\t\t\t\t\t\tdata-text=\"w:normal;s:21,29,25,22;l:24,34,28,26;ls:1,0,0,0;fw:700;\"\n\t\t\t\t\t\t\t\tdata-dim=\"minh:0,none,none,none;\"\n\t\t\t\t\t\t\t\tdata-padding=\"t:15,21,18,20;r:43,61,52,50;b:15,21,18,20;l:43,61,52,50;\"\n\t\t\t\t\t\t\t\tdata-border=\"bor:200px,200px,200px,200px;\"\n\t\t\t\t\t\t\t\tdata-frame_0=\"x:-60px,-86px,-73px,-70px;\"\n\t\t\t\t\t\t\t\tdata-frame_1=\"st:150;sp:1000;sR:150;\"\n\t\t\t\t\t\t\t\tdata-frame_999=\"o:0;st:w;sR:7850;\"\n\t\t\t\t\t\t\t\tdata-frame_hover=\"c:#00f4cd;bgc:#1b2a50;bor:200px,200px,200px,200px;sp:200;\"\n\t\t\t\t\t\t\t\tstyle=\"z-index:11;background-color:rgba(0,244,205,0.75);font-family:'Raleway';\"\n\t\t\t\t\t\t\t>Quiero instalar un cargador<i class=\"fa-chevron-right\"><\/i> \n\t\t\t\t\t\t\t<\/a><!--\n-->\t\t\t\t\t<\/rs-slide>\n\t\t\t\t\t<\/rs-slides>\n\t\t\t\t<\/rs-module>\n\t\t\t\t<script>\n\t\t\t\t\tsetREVStartSize({c: 'rev_slider_107_1',rl:[1240,1024,778,480],el:[500,768,960,720],gw:[1280,1024,778,480],gh:[500,768,960,720],type:'hero',justify:'',layout:'fullwidth',mh:\"0\"});if (window.RS_MODULES!==undefined && window.RS_MODULES.modules!==undefined && window.RS_MODULES.modules[\"revslider1071\"]!==undefined) {window.RS_MODULES.modules[\"revslider1071\"].once = false;window.revapi107 = undefined;if (window.RS_MODULES.checkMinimal!==undefined) window.RS_MODULES.checkMinimal()}\n\t\t\t\t<\/script>\n\t\t\t<\/rs-module-wrap>\n\t\t\t<!-- END REVOLUTION SLIDER -->\n<\/div>\r\n\t<\/div>\r\n\r\n\r\n\t\t\r\n\r\n<\/div>\r\n<\/div>\n\n\t<\/div>\r\n<\/section>\r\n\r\n<section class=\"sh-section sh-section-2109c5961b1566f41cb3a2fc10652903 fw-main-row sh-section-visibility-everywhere\">\r\n\t\r\n\t\r\n\t<div class=\"sh-section-container container section-justify-height\">\r\n\t\t<div class=\"fw-row\">\n\t\r\n<div class=\"sh-column sh-column-20aac8b16e80586abbf3188593085576 fw-col-xs-12\" >\r\n\r\n\t\r\n\t<div class=\"sh-column-wrapper\">\r\n\t\t\r\n\r\n\t<div class=\"sh-heading sh-heading-style1\" id=\"heading-dd350060f70fbd68d77e9804475f3bac\">\r\n\t\t<h1 class=\"sh-heading-content size-m\">\r\n\t\t\t<h1>\u00bfCU\u00c1NTO PUEDO AHORRAR CON UN VEH\u00cdCULO EL\u00c9CTRICO?<\/h1>\t\t<\/h1>\r\n\t<\/div>\r\n\r\n\r\n<div id=\"text-block-65eff64511b23353569c18cad262f91d\" class=\"sh-text-block\">\r\n\t<p>Conducir un veh\u00edculo el\u00e9ctrico te permite ahorrar. Si recargas tu coche el\u00e9ctrico en casa, se estima que cada 100 km en el\u00e9ctrico cuestan 2\u20ac, frente a los 8\u20ac para un coche de gasolina.<\/p><\/div>\r\n<div class=\"sh-output-html\">\r\n\t<iframe id=\"chargeguru-simulator\"src=\"https:\/\/chargeguru.com\/tools\/simulator\/index.php?locale=es-ES\"\nstyle=\"margin:0; width: 1px; min-width:100%; border:none; overflow:hidden;\" scrolling=\"no\" onload=\"setIframeHeight(this)\"><\/iframe>\n<script src=\"https:\/\/chargeguru.com\/iFrameResize\/iframeResizer.min.js\"><\/script>\n<script> iFrameResize({ heightCalculationMethod: 'lowestElement' }, '#chargeguru-simulator') <\/script><\/div>\r\n\t<\/div>\r\n\r\n\r\n\t\t\r\n\r\n<\/div>\r\n<\/div>\n\n\t<\/div>\r\n<\/section>\r\n\r\n<section class=\"sh-section sh-section-e94d2881dd55d0a1935c72a32d54eec1 fw-main-row sh-section-visibility-everywhere\">\r\n\t\r\n\t\r\n\t<div class=\"sh-section-container container section-justify-height\">\r\n\t\t<div class=\"fw-row\">\n\t\r\n<div class=\"sh-column sh-column-7ec400e4ae7e8200e014b5e1e759a8b6 fw-col-xs-12\" >\r\n\r\n\t\r\n\t<div class=\"sh-column-wrapper\">\r\n\t\t\r\n\r\n\t<div class=\"sh-heading sh-heading-style1\" id=\"heading-ec1fd18327e3feb74e5012ff4e812b71\">\r\n\t\t<h2 class=\"sh-heading-content size-m\">\r\n\t\t\t<span>ALGUNAS EXPLICACIONES<\/span>\t\t<\/h2>\r\n\t<\/div>\r\n\r\n\t<\/div>\r\n\r\n\r\n\t\t\r\n\r\n<\/div>\r\n<\/div>\n\n<div class=\"fw-row\">\n\t\r\n<div class=\"sh-column sh-column-6d39735bf352536c39bf7dfffa53b6a3 fw-col-xs-12 fw-col-sm-3\" >\r\n\r\n\t\r\n\t<div class=\"sh-column-wrapper\">\r\n\t\t\r\n\r\n\t<div class=\"sh-heading sh-heading-style1\" id=\"heading-e3cedb5c63d29bd74c1e1e30099cdcae\">\r\n\t\t<h3 class=\"sh-heading-content size-m\">\r\n\t\t\t<span style=\"text-align: left;\">El veh\u00edculo el\u00e9ctrico<\/span>\t\t<\/h3>\r\n\t<\/div>\r\n\r\n\r\n<div id=\"text-block-7fd0492f2f7cc8d39436bb43f56a6364\" class=\"sh-text-block\">\r\n\t<p>Para estimar el gasto en electricidad al recargar, debemos conocer el consumo energ\u00e9tico del veh\u00edculo el\u00e9ctrico. El consumo depende directamente del tipo de veh\u00edculo.<\/p><\/div>\r\n\t<\/div>\r\n\r\n\r\n\t\t\r\n\r\n<\/div>\r\n\r\n<div class=\"sh-column sh-column-8db47f9e1672488b9eccd51386e893e8 fw-col-xs-12 fw-col-sm-3\" >\r\n\r\n\t\r\n\t<div class=\"sh-column-wrapper\">\r\n\t\t\r\n\r\n\t<div class=\"sh-heading sh-heading-style1\" id=\"heading-cdfe22d75ad5d5cc2d85dd9c33b13245\">\r\n\t\t<h3 class=\"sh-heading-content size-m\">\r\n\t\t\t<span style=\"text-align: left;\">El veh\u00edculo de combusti\u00f3n<\/span>\t\t<\/h3>\r\n\t<\/div>\r\n\r\n\r\n<div id=\"text-block-02ca72b820c19ee5da0c45c6ff17def8\" class=\"sh-text-block\">\r\n\t<p>Es necesario estimar los gastos con su coche de gasolina o diesel. Un motor di\u00e9sel consume menos combustible que un motor de gasolina y el precio del di\u00e9sel puede ser inferior al de la gasolina, seg\u00fan el mercado.<\/p><p>&nbsp;<\/p><\/div>\r\n\t<\/div>\r\n\r\n\r\n\t\t\r\n\r\n<\/div>\r\n\r\n<div class=\"sh-column sh-column-eee61fceff800e94776949fddf13ab72 fw-col-xs-12 fw-col-sm-3\" >\r\n\r\n\t\r\n\t<div class=\"sh-column-wrapper\">\r\n\t\t\r\n\r\n\t<div class=\"sh-heading sh-heading-style1\" id=\"heading-7cb4c7b7c86b873e862f4ca2d31e282a\">\r\n\t\t<h3 class=\"sh-heading-content size-m\">\r\n\t\t\t<span style=\"text-align: left;\">El momento de la recarga<\/span>\t\t<\/h3>\r\n\t<\/div>\r\n\r\n\r\n<div id=\"text-block-9f3cb1c6685f556276033f575b59ae26\" class=\"sh-text-block\">\r\n\t<p>Recargar en casa por la noche te permite beneficiarte de la tarifa de luz \"Valle\", que es m\u00e1s baja que durante el d\u00eda. Esta es la mejor manera de ahorrar dinero gracias a la electricidad.<\/p><\/div>\r\n\t<\/div>\r\n\r\n\r\n\t\t\r\n\r\n<\/div>\r\n\r\n<div class=\"sh-column sh-column-6699baef1c1825e3303e48611d1f00df fw-col-xs-12 fw-col-sm-3\" >\r\n\r\n\t\r\n\t<div class=\"sh-column-wrapper\">\r\n\t\t\r\n\r\n\t<div class=\"sh-heading sh-heading-style1\" id=\"heading-d20ece1c677ffc63cb647ac7fef632fd\">\r\n\t\t<h3 class=\"sh-heading-content size-m\">\r\n\t\t\t<span style=\"text-align: left;\">El uso del veh\u00edculo<\/span>\t\t<\/h3>\r\n\t<\/div>\r\n\r\n\r\n<div id=\"text-block-d239edcf211c0700a872cc99f4826f9e\" class=\"sh-text-block\">\r\n\t<p>El consumo de combustible o electricidad depende directamente de los trayectos realizados. Un veh\u00edculo el\u00e9ctrico es el que menos consume en las zonas urbanas, aqu\u00ed es donde m\u00e1s ahorrar\u00e1s.<\/p><\/div>\r\n\t<\/div>\r\n\r\n\r\n\t\t\r\n\r\n<\/div>\r\n<\/div>\n\n<div class=\"fw-row\">\n\t\r\n<div class=\"sh-column sh-column-a5a50aeabd3208f43e457197fa448072 fw-col-xs-12 fw-col-sm-9\" >\r\n\r\n\t\r\n\t<div class=\"sh-column-wrapper\">\r\n\t\t\r\n<div id=\"text-block-5288043c9998594d3583c4456e7ae8b8\" class=\"sh-text-block guru-translate\">\r\n\t<\/div>\r\n\t<\/div>\r\n\r\n\r\n\t\t\r\n\r\n<\/div>\r\n\r\n<div class=\"sh-column sh-column-e516373f49b09384dd0dd706f5fd888f fw-col-xs-12 fw-col-sm-3\" >\r\n\r\n\t\r\n\t<div class=\"sh-column-wrapper\">\r\n\t\t\r\n<div id=\"text-block-a754638735623193d840ee2d23f336de\" class=\"sh-text-block guru-translate\">\r\n\t<p style=\"text-align: center;\"><a href=\"https:\/\/chargeguru.com\/es\/2022\/12\/08\/coste-de-carger-un-coche-electrico-en-casa\/\"><strong>SABER M\u00c1S\u00a0<\/strong><\/a><i class=\"fa-icon-chevron-right\"><\/i><\/p><\/div>\r\n\t<\/div>\r\n\r\n\r\n\t\t\r\n\r\n<\/div>\r\n<\/div>\n\n\t<\/div>\r\n<\/section>\r\n\r\n<section class=\"sh-section sh-section-76398918af564206f41e21d745be6993 fw-main-row sh-section-visibility-everywhere\" id=\"temps-recharge-et-economies\">\r\n\t\r\n\t\r\n\t<div class=\"sh-section-container container\">\r\n\t\t<div class=\"fw-row\">\n\t\r\n<div class=\"sh-column sh-column-6f72bf2f127b70ef12d7a5a7d4773411 fw-col-xs-12\" >\r\n\r\n\t\r\n\t<div class=\"sh-column-wrapper\">\r\n\t\t\r\n\r\n\t<div class=\"sh-heading sh-heading-style1\" id=\"heading-98f871ee2adf152482e058765fe4aac0\">\r\n\t\t<h2 class=\"sh-heading-content size-m\">\r\n\t\t\t<span style=\"text-align: center;\">NUESTROS SIMULADORES<\/span>\t\t<\/h2>\r\n\t<\/div>\r\n\r\n\t<\/div>\r\n\r\n\r\n\t\t\r\n\r\n<\/div>\r\n<\/div>\n\n<div class=\"fw-row\">\n\t\r\n<div class=\"sh-column sh-column-2cf712bdd031607bb6b9539d30ab0d83 fw-col-xs-12 fw-col-sm-6 sh-column-mobile-padding sh-column-shadow sh-animated slideInLeft\" data-wow-duration=\"0.8s\">\r\n\r\n\t\r\n\t<div class=\"sh-column-wrapper\">\r\n\t\t\r\n\r\n\t<div class=\"sh-heading sh-heading-style1\" id=\"heading-303118a3995371bcdce562296f827621\">\r\n\t\t<h3 class=\"sh-heading-content size-m\">\r\n\t\t\t<div class=\"guru-tools\"><div class=\"guru-tools-image\"><img style=\"padding-right: 15px;\" src=\"https:\/\/chargeguru.com\/wp-content\/uploads\/2018\/06\/economies-recharge-vehicule-electrique.png\" alt=\"Combine d'\u00e9conomies allez-vous r\u00e9aliser avec votre v\u00e9hicule \u00e9lectrique ?\" width=\"80\" height=\"90\" \/><\/div><span>\u00bfCU\u00c1NTO PUEDO AHORRAR?<\/span><\/div>\t\t<\/h3>\r\n\t<\/div>\r\n\r\n\r\n<div id=\"text-block-0572446a7a4a3b240c146fe206665a90\" class=\"sh-text-block guru-tools-text\">\r\n\t<p>Con un veh\u00edculo el\u00e9ctrico, <strong>ahorras dinero<\/strong> todos los d\u00edas. <strong>Nuestro simulador<\/strong> le permite estimar el monto de estos ahorros.<\/p><p><a class=\"popmake-economies-vehicule-electrique guru-button-small\" href=\"https:\/\/chargeguru.com\/es\/ahorro-vehiculo-electrico\">Conoce tus ahorros\u00a0<i class=\"fa fa-angle-double-right\"><\/i><\/a><\/p><\/div>\r\n\t<\/div>\r\n\r\n\r\n\t\t\r\n\r\n<\/div>\r\n\r\n<div class=\"sh-column sh-column-e4f04c6883076e6dbabf7d183af4eafc fw-col-xs-12 fw-col-sm-6 sh-column-mobile-padding sh-column-shadow sh-animated slideInRight\" data-wow-duration=\"0.8s\">\r\n\r\n\t\r\n\t<div class=\"sh-column-wrapper\">\r\n\t\t\r\n\r\n\t<div class=\"sh-heading sh-heading-style1\" id=\"heading-de8ed97497957131b18b83c80b30bb78\">\r\n\t\t<h3 class=\"sh-heading-content size-m\">\r\n\t\t\t<div class=\"guru-tools\"><div class=\"guru-tools-image\"><img style=\"padding-right: 15px;\" src=\"https:\/\/chargeguru.com\/wp-content\/uploads\/2018\/06\/choisir-puissance-borne-recharge.png\" alt=\"Combien d'\u00e9conomies allez-vous r\u00e9aliser avec votre v\u00e9hicule \u00e9lectrique ?\" \/><\/div><span>\u00bfCU\u00c1NTO TIEMPO DE RECARGA?<\/span><\/div>\t\t<\/h3>\r\n\t<\/div>\r\n\r\n\r\n<div id=\"text-block-dd9f9454b9a11bef0deeadccf5162e99\" class=\"sh-text-block\">\r\n\t<p>El tiempo de recarga depende de la autonom\u00eda a recargar diariamente y de la potencia del punto de carga. \u00a1Nuestro simulador te permite tomar la decisi\u00f3n correcta!<\/p><p><a class=\"popmake-temps-de-recharge guru-button-small\" href=\"https:\/\/chargeguru.com\/es\/tiempo-de-recarga-vehiculo-electrico\/\">Calcula tu tiempo de recarga\u00a0<i class=\"fa fa-angle-double-right\"><\/i><\/a><\/p><\/div>\r\n\t<\/div>\r\n\r\n\r\n\t\t\r\n\r\n<\/div>\r\n<\/div>\n\n\t<\/div>\r\n<\/section>\r\n\r\n<section class=\"sh-section sh-section-3a6f33a2e3dd3b989fd9f7997959e109 fw-main-row sh-section-visibility-everywhere\">\r\n\t\r\n\t\r\n\t<div class=\"sh-section-container container section-justify-height\">\r\n\t\t<div class=\"fw-row\">\n\t\r\n<div class=\"sh-column sh-column-a1d504aece89835ab1418360632a15e6 fw-col-xs-12 fw-col-sm-6 sh-column-mobile-padding\" >\r\n\r\n\t\r\n\t<div class=\"sh-column-wrapper\">\r\n\t\t\r\n\r\n\t<div class=\"sh-heading sh-heading-style1\" id=\"heading-09718ee15ad5a4b5dbd6171f0d45deb3\">\r\n\t\t<h4 class=\"sh-heading-content size-l\">\r\n\t\t\t<span>Expl\u00edcanos tu proyecto<\/span>\t\t<\/h4>\r\n\t<\/div>\r\n\r\n\r\n\r\n\t<div class=\"sh-heading sh-heading-style1\" id=\"heading-3900e849e1267a13272dbc1c9416486b\">\r\n\t\t<h4 class=\"sh-heading-content size-l\">\r\n\t\t\t<span>\u00a1Nosotros nos ocupamos del resto!<\/span>\t\t<\/h4>\r\n\t<\/div>\r\n\r\n\t<\/div>\r\n\r\n\r\n\t\t\r\n\r\n<\/div>\r\n\r\n<div class=\"sh-column sh-column-e0407d65dcc532b8054baf16b2e7220f fw-col-xs-12 fw-col-sm-6 sh-column-mobile-padding\" >\r\n\r\n\t\r\n\t<div class=\"sh-column-wrapper\">\r\n\t\t\r\n<div id=\"text-block-00a2efda8d10a7621999c47385c0427c\" class=\"sh-text-block guru-translate\">\r\n\t<p><a href=\"https:\/\/chargeguru.typeform.com\/to\/rhI0mL#gclid=xxxxx\">PIDE TU PRESUPUESTO<\/a><\/p><\/div>\r\n\t<\/div>\r\n\r\n\r\n\t\t\r\n\r\n<\/div>\r\n<\/div>\n\n\t<\/div>\r\n<\/section>\r\n<\/p>\n","protected":false},"excerpt":{"rendered":"<p>Calcula el ahorro de cambiar a un veh\u00edculo el\u00e9ctrico y recargar tu coche el\u00e9ctrico en casa, frente a un coche&#8230;<\/p>\n","protected":false},"author":5,"featured_media":0,"parent":0,"menu_order":0,"comment_status":"closed","ping_status":"closed","template":"","meta":{"content-type":""},"yoast_head":"<!-- This site is optimized with the Yoast SEO Premium plugin v20.8 (Yoast SEO v21.3) - https:\/\/yoast.com\/wordpress\/plugins\/seo\/ -->\n<title>Simulador de ahorro con veh\u00edculo el\u00e9ctrico - ChargeGuru ES | Instalador de Puntos de Carga para Veh\u00edculos El\u00e9ctricos<\/title>\n<meta name=\"description\" content=\"Calcula el ahorro de un veh\u00edculo el\u00e9ctrico vs a un veh\u00edculo de combusti\u00f3n. Indica el modelo de coche, tu uso diario y conoce una estimaci\u00f3n.\" \/>\n<meta name=\"robots\" content=\"index, follow, max-snippet:-1, max-image-preview:large, max-video-preview:-1\" \/>\n<link rel=\"canonical\" href=\"https:\/\/chargeguru.com\/es\/ahorro-vehiculo-electrico\/\" \/>\n<meta property=\"og:locale\" content=\"fr_FR\" \/>\n<meta property=\"og:type\" content=\"article\" \/>\n<meta property=\"og:title\" content=\"Simulador de ahorro con veh\u00edculo el\u00e9ctrico\" \/>\n<meta property=\"og:description\" content=\"Calcula el ahorro de un veh\u00edculo el\u00e9ctrico vs a un veh\u00edculo de combusti\u00f3n. Indica el modelo de coche, tu uso diario y conoce una estimaci\u00f3n.\" \/>\n<meta property=\"og:url\" content=\"https:\/\/chargeguru.com\/es\/ahorro-vehiculo-electrico\/\" \/>\n<meta property=\"og:site_name\" content=\"ChargeGuru ES | Instalador de Puntos de Carga para Veh\u00edculos El\u00e9ctricos\" \/>\n<meta property=\"article:modified_time\" content=\"2024-01-18T13:14:06+00:00\" \/>\n<meta property=\"og:image\" content=\"https:\/\/chargeguru.com\/es\/wp-content\/uploads\/sites\/2\/2018\/06\/guru-step-1.png\" \/>\n<meta name=\"twitter:card\" content=\"summary_large_image\" \/>\n<meta name=\"twitter:label1\" content=\"Tiempo de lectura\" \/>\n\t<meta name=\"twitter:data1\" content=\"3 minutos\" \/>\n<script type=\"application\/ld+json\" class=\"yoast-schema-graph\">{\"@context\":\"https:\/\/schema.org\",\"@graph\":[{\"@type\":\"WebPage\",\"@id\":\"https:\/\/chargeguru.com\/es\/ahorro-vehiculo-electrico\/\",\"url\":\"https:\/\/chargeguru.com\/es\/ahorro-vehiculo-electrico\/\",\"name\":\"Simulador de ahorro con veh\u00edculo el\u00e9ctrico - ChargeGuru ES | Instalador de Puntos de Carga para Veh\u00edculos El\u00e9ctricos\",\"isPartOf\":{\"@id\":\"https:\/\/chargeguru.com\/es\/#website\"},\"datePublished\":\"2019-08-07T10:10:52+00:00\",\"dateModified\":\"2024-01-18T13:14:06+00:00\",\"description\":\"Calcula el ahorro de un veh\u00edculo el\u00e9ctrico vs a un veh\u00edculo de combusti\u00f3n. Indica el modelo de coche, tu uso diario y conoce una estimaci\u00f3n.\",\"breadcrumb\":{\"@id\":\"https:\/\/chargeguru.com\/es\/ahorro-vehiculo-electrico\/#breadcrumb\"},\"inLanguage\":false,\"potentialAction\":[{\"@type\":\"ReadAction\",\"target\":[\"https:\/\/chargeguru.com\/es\/ahorro-vehiculo-electrico\/\"]}]},{\"@type\":\"BreadcrumbList\",\"@id\":\"https:\/\/chargeguru.com\/es\/ahorro-vehiculo-electrico\/#breadcrumb\",\"itemListElement\":[{\"@type\":\"ListItem\",\"position\":1,\"name\":\"Home\",\"item\":\"https:\/\/chargeguru.com\/es\/\"},{\"@type\":\"ListItem\",\"position\":2,\"name\":\"Simulador de ahorro con veh\u00edculo el\u00e9ctrico\"}]},{\"@type\":\"WebSite\",\"@id\":\"https:\/\/chargeguru.com\/es\/#website\",\"url\":\"https:\/\/chargeguru.com\/es\/\",\"name\":\"ChargeGuru ES | Instalador de Puntos de Carga para Veh\u00edculos El\u00e9ctricos\",\"description\":\"ChargeGuru ES | Instalador de Puntos de Carga para Veh\u00edculos El\u00e9ctricos\",\"potentialAction\":[{\"@type\":\"SearchAction\",\"target\":{\"@type\":\"EntryPoint\",\"urlTemplate\":\"https:\/\/chargeguru.com\/es\/?s={search_term_string}\"},\"query-input\":\"required name=search_term_string\"}],\"inLanguage\":false}]}<\/script>\n<!-- \/ Yoast SEO Premium plugin. -->","yoast_head_json":{"title":"Simulador de ahorro con veh\u00edculo el\u00e9ctrico - ChargeGuru ES | Instalador de Puntos de Carga para Veh\u00edculos El\u00e9ctricos","description":"Calcula el ahorro de un veh\u00edculo el\u00e9ctrico vs a un veh\u00edculo de combusti\u00f3n. Indica el modelo de coche, tu uso diario y conoce una estimaci\u00f3n.","robots":{"index":"index","follow":"follow","max-snippet":"max-snippet:-1","max-image-preview":"max-image-preview:large","max-video-preview":"max-video-preview:-1"},"canonical":"https:\/\/chargeguru.com\/es\/ahorro-vehiculo-electrico\/","og_locale":"fr_FR","og_type":"article","og_title":"Simulador de ahorro con veh\u00edculo el\u00e9ctrico","og_description":"Calcula el ahorro de un veh\u00edculo el\u00e9ctrico vs a un veh\u00edculo de combusti\u00f3n. Indica el modelo de coche, tu uso diario y conoce una estimaci\u00f3n.","og_url":"https:\/\/chargeguru.com\/es\/ahorro-vehiculo-electrico\/","og_site_name":"ChargeGuru ES | Instalador de Puntos de Carga para Veh\u00edculos El\u00e9ctricos","article_modified_time":"2024-01-18T13:14:06+00:00","og_image":[{"url":"https:\/\/chargeguru.com\/es\/wp-content\/uploads\/sites\/2\/2018\/06\/guru-step-1.png"}],"twitter_card":"summary_large_image","twitter_misc":{"Tiempo de lectura":"3 minutos"},"schema":{"@context":"https:\/\/schema.org","@graph":[{"@type":"WebPage","@id":"https:\/\/chargeguru.com\/es\/ahorro-vehiculo-electrico\/","url":"https:\/\/chargeguru.com\/es\/ahorro-vehiculo-electrico\/","name":"Simulador de ahorro con veh\u00edculo el\u00e9ctrico - ChargeGuru ES | Instalador de Puntos de Carga para Veh\u00edculos El\u00e9ctricos","isPartOf":{"@id":"https:\/\/chargeguru.com\/es\/#website"},"datePublished":"2019-08-07T10:10:52+00:00","dateModified":"2024-01-18T13:14:06+00:00","description":"Calcula el ahorro de un veh\u00edculo el\u00e9ctrico vs a un veh\u00edculo de combusti\u00f3n. Indica el modelo de coche, tu uso diario y conoce una estimaci\u00f3n.","breadcrumb":{"@id":"https:\/\/chargeguru.com\/es\/ahorro-vehiculo-electrico\/#breadcrumb"},"inLanguage":false,"potentialAction":[{"@type":"ReadAction","target":["https:\/\/chargeguru.com\/es\/ahorro-vehiculo-electrico\/"]}]},{"@type":"BreadcrumbList","@id":"https:\/\/chargeguru.com\/es\/ahorro-vehiculo-electrico\/#breadcrumb","itemListElement":[{"@type":"ListItem","position":1,"name":"Home","item":"https:\/\/chargeguru.com\/es\/"},{"@type":"ListItem","position":2,"name":"Simulador de ahorro con veh\u00edculo el\u00e9ctrico"}]},{"@type":"WebSite","@id":"https:\/\/chargeguru.com\/es\/#website","url":"https:\/\/chargeguru.com\/es\/","name":"ChargeGuru ES | Instalador de Puntos de Carga para Veh\u00edculos El\u00e9ctricos","description":"ChargeGuru ES | Instalador de Puntos de Carga para Veh\u00edculos El\u00e9ctricos","potentialAction":[{"@type":"SearchAction","target":{"@type":"EntryPoint","urlTemplate":"https:\/\/chargeguru.com\/es\/?s={search_term_string}"},"query-input":"required name=search_term_string"}],"inLanguage":false}]}},"_links":{"self":[{"href":"https:\/\/chargeguru.com\/es\/wp-json\/wp\/v2\/pages\/3894"}],"collection":[{"href":"https:\/\/chargeguru.com\/es\/wp-json\/wp\/v2\/pages"}],"about":[{"href":"https:\/\/chargeguru.com\/es\/wp-json\/wp\/v2\/types\/page"}],"author":[{"embeddable":true,"href":"https:\/\/chargeguru.com\/es\/wp-json\/wp\/v2\/users\/5"}],"replies":[{"embeddable":true,"href":"https:\/\/chargeguru.com\/es\/wp-json\/wp\/v2\/comments?post=3894"}],"version-history":[{"count":10,"href":"https:\/\/chargeguru.com\/es\/wp-json\/wp\/v2\/pages\/3894\/revisions"}],"predecessor-version":[{"id":15952,"href":"https:\/\/chargeguru.com\/es\/wp-json\/wp\/v2\/pages\/3894\/revisions\/15952"}],"wp:attachment":[{"href":"https:\/\/chargeguru.com\/es\/wp-json\/wp\/v2\/media?parent=3894"}],"curies":[{"name":"wp","href":"https:\/\/api.w.org\/{rel}","templated":true}]}}