{"id":14241,"date":"2023-03-20T09:01:50","date_gmt":"2023-03-20T08:01:50","guid":{"rendered":"https:\/\/chargeguru.com\/es\/?page_id=14241"},"modified":"2024-11-25T11:55:21","modified_gmt":"2024-11-25T10:55:21","slug":"politica-sgi","status":"publish","type":"page","link":"https:\/\/chargeguru.com\/es\/politica-sgi\/","title":{"rendered":"Pol\u00edtica SGI"},"content":{"rendered":"<h3>Pol\u00edtica INTEGRADA de LOS SISTEMAS DE GESTION DE CALIDAD, MEDIO AMBIENTE Y SEGURIDAD Y SALUD EN EL TRABAJO<\/h3>\n<p>La Direcci\u00f3n de\u00a0<strong>RAIDEN IBERICA S.L. (CHARGE GURU) <\/strong>siendo consciente de la influencia que la mejora continua de la calidad, el comportamiento medioambiental y la seguridad y salud en el trabajo tienen en la imagen de la Empresa, en el incremento de su competitividad y la satisfacci\u00f3n de sus clientes, ha decidido elaborar e implantar un Sistema Integrado de Gesti\u00f3n de la Calidad, Medio Ambiente y SST conforme a las Normas UNE-EN ISO 9001:2015, UNE-EN ISO 14001:2015, e ISO 45001:2018, respectivamente, que se sustenta en la siguiente Pol\u00edtica de Calidad, Medio Ambiente y SST.<\/p>\n<p>Esta Pol\u00edtica est\u00e1 basada en los compromisos adquiridos por\u00a0<strong>RAIDEN IBERICA S.L. (CHARGE GURU) <\/strong>a la hora de establecer su estrategia global y los principios de acci\u00f3n de la organizaci\u00f3n en lo que concierne a su comportamiento medioambiental, a la calidad de sus productos, y a la seguridad y salud en el trabajo siendo aplicable a todas las actividades, procesos, productos y servicios de la organizaci\u00f3n, centr\u00e1ndose \u00e9stos en el\u00a0<strong>\u201cDise\u00f1o de Instalaci\u00f3n, Gesti\u00f3n de la Instalaci\u00f3n, Mantenimiento y supervisi\u00f3n de equipamiento de recarga para veh\u00edculos el\u00e9ctricos\u201d.<\/strong><\/p>\n<p>La Direcci\u00f3n declara como Pol\u00edtica de Calidad, Medio Ambiente y SST los siguientes puntos:<\/p>\n<ul>\n<li>Contraer el compromiso de mantener un Sistema de integrado de Gesti\u00f3n de la Calidad y Medio Ambiente y SST a trav\u00e9s de una mejora continua de sus resultados de calidad y medio ambiente y SST.<\/li>\n<li>Conseguir la plena Satisfacci\u00f3n de nuestros Clientes, cumpliendo sus requisitos, expectativas y especificaciones de Calidad, ofreci\u00e9ndoles el mejor servicio a un precio justo.<\/li>\n<li>Asegurar el correcto cumplimiento de los requisitos legales, reglamentarios y del cliente como base de un buen servicio, adem\u00e1s de los requisitos medio ambientales y de los requisitos de seguridad y salud en el trabajo y con otros requisitos que la organizaci\u00f3n suscriba relacionados con sus peligros para la SST.<\/li>\n<li>Mantener los compromisos espec\u00edficos pertinentes al estudio y an\u00e1lisis de contexto ambiental de la organizaci\u00f3n;<\/li>\n<li>Racionalizaci\u00f3n del consumo de recursos naturales.<\/li>\n<li>Mantener un alto nivel de innovaci\u00f3n en el desarrollo y la prestaci\u00f3n de sus servicios, dentro del marco de un sistema permanente de mejora continua, de forma que se incremente la satisfacci\u00f3n de los clientes y se disminuyan, en la medida de lo posible, los impactos medioambientales.<\/li>\n<li>Mantener un compromiso para eliminar los peligros y reducir los riesgos para la SST<\/li>\n<li>Favorecer un ambiente participativo y de consulta entre los empleados, integr\u00e1ndose en el objetivo com\u00fan y, mejorando las comunicaciones que faciliten el trabajo en equipo, el reconocimiento individual y las sugerencias de mejora.<\/li>\n<li>Formar a nuestros trabajadores de manera continuada.<\/li>\n<li>Mantener en todo momento una relaci\u00f3n abierta tanto con el proveedor como con los subcontratistas y el cliente, informando puntualmente y atendiendo sus sugerencias de mejora, quejas y reclamaciones.<\/li>\n<li>Tratar de reducir los consumos energ\u00e9ticos y la producci\u00f3n de residuos, teniendo un compromiso de Prevenci\u00f3n de la contaminaci\u00f3n y la protecci\u00f3n del Medio Ambiente<\/li>\n<li>Actuar en todo momento dentro de la m\u00e1s estricta \u00e9tica profesional.<\/li>\n<li>Perfeccionar nuestra capacidad de organizaci\u00f3n y gesti\u00f3n<\/li>\n<li>Mantener un firme compromiso de prevenci\u00f3n de los da\u00f1os y el deterioro de la salud<\/li>\n<li>Implantar la Cultura Preventiva y el compromiso a \u201cCERO ACCIDENTES\u201d<\/li>\n<\/ul>\n<p>Esta Pol\u00edtica Integrada proporciona un marco de referencia para establecer y revisar la direcci\u00f3n estrat\u00e9gica de la empresa y los objetivos de calidad, medio ambiente y SST.<\/p>\n<p>&nbsp;<\/p>\n<p><strong>LA DIRECCION<\/strong><\/p>\n<p><strong> <img decoding=\"async\" loading=\"lazy\" class=\"alignnone wp-image-14242\" src=\"https:\/\/chargeguru.com\/es\/wp-content\/uploads\/sites\/2\/2023\/03\/Signature-numerique-noir-et-blanc-300x109.jpg\" alt=\"\" width=\"176\" height=\"64\" srcset=\"https:\/\/chargeguru.com\/es\/wp-content\/uploads\/sites\/2\/2023\/03\/Signature-numerique-noir-et-blanc-300x109.jpg 300w, https:\/\/chargeguru.com\/es\/wp-content\/uploads\/sites\/2\/2023\/03\/Signature-numerique-noir-et-blanc-768x280.jpg 768w, https:\/\/chargeguru.com\/es\/wp-content\/uploads\/sites\/2\/2023\/03\/Signature-numerique-noir-et-blanc.jpg 960w\" sizes=\"(max-width: 176px) 100vw, 176px\" \/><\/strong><\/p>\n<p><strong>Adrien Castagni\u00e9<\/strong><\/p>\n<p><span style=\"font-size: 12px\">Fecha: 31 de Enero de 2023.<\/span><\/p>\n","protected":false},"excerpt":{"rendered":"<p>Pol\u00edtica INTEGRADA de LOS SISTEMAS DE GESTION DE CALIDAD, MEDIO AMBIENTE Y SEGURIDAD Y SALUD EN EL TRABAJO La Direcci\u00f3n&#8230;<\/p>\n","protected":false},"author":24,"featured_media":0,"parent":0,"menu_order":0,"comment_status":"closed","ping_status":"closed","template":"","meta":{"content-type":""},"yoast_head":"<!-- This site is optimized with the Yoast SEO Premium plugin v20.8 (Yoast SEO v21.3) - https:\/\/yoast.com\/wordpress\/plugins\/seo\/ -->\n<title>Pol\u00edtica SGI - ChargeGuru ES | Instalador de Puntos de Carga para Veh\u00edculos El\u00e9ctricos<\/title>\n<meta name=\"description\" content=\"Pol\u00edtica SGI | ChargeGuru, empresa instaladora de puntos de recarga para veh\u00edculo el\u00e9ctrico.\" \/>\n<meta name=\"robots\" content=\"index, follow, max-snippet:-1, max-image-preview:large, max-video-preview:-1\" \/>\n<link rel=\"canonical\" href=\"https:\/\/chargeguru.com\/es\/politica-sgi\/\" \/>\n<meta property=\"og:locale\" content=\"es_ES\" \/>\n<meta property=\"og:type\" content=\"article\" \/>\n<meta property=\"og:title\" content=\"Pol\u00edtica SGI\" \/>\n<meta property=\"og:description\" content=\"Pol\u00edtica SGI | ChargeGuru, empresa instaladora de puntos de recarga para veh\u00edculo el\u00e9ctrico.\" \/>\n<meta property=\"og:url\" content=\"https:\/\/chargeguru.com\/es\/politica-sgi\/\" \/>\n<meta property=\"og:site_name\" content=\"ChargeGuru ES | Instalador de Puntos de Carga para Veh\u00edculos El\u00e9ctricos\" \/>\n<meta property=\"article:modified_time\" content=\"2024-11-25T10:55:21+00:00\" \/>\n<meta property=\"og:image\" content=\"https:\/\/chargeguru.com\/es\/wp-content\/uploads\/sites\/2\/2023\/03\/Signature-numerique-noir-et-blanc-300x109.jpg\" \/>\n<meta name=\"twitter:card\" content=\"summary_large_image\" \/>\n<meta name=\"twitter:label1\" content=\"Tiempo de lectura\" \/>\n\t<meta name=\"twitter:data1\" content=\"3 minutos\" \/>\n<script type=\"application\/ld+json\" class=\"yoast-schema-graph\">{\"@context\":\"https:\/\/schema.org\",\"@graph\":[{\"@type\":\"WebPage\",\"@id\":\"https:\/\/chargeguru.com\/es\/politica-sgi\/\",\"url\":\"https:\/\/chargeguru.com\/es\/politica-sgi\/\",\"name\":\"Pol\u00edtica SGI - ChargeGuru ES | Instalador de Puntos de Carga para Veh\u00edculos El\u00e9ctricos\",\"isPartOf\":{\"@id\":\"https:\/\/chargeguru.com\/es\/#website\"},\"datePublished\":\"2023-03-20T08:01:50+00:00\",\"dateModified\":\"2024-11-25T10:55:21+00:00\",\"description\":\"Pol\u00edtica SGI | ChargeGuru, empresa instaladora de puntos de recarga para veh\u00edculo el\u00e9ctrico.\",\"breadcrumb\":{\"@id\":\"https:\/\/chargeguru.com\/es\/politica-sgi\/#breadcrumb\"},\"inLanguage\":false,\"potentialAction\":[{\"@type\":\"ReadAction\",\"target\":[\"https:\/\/chargeguru.com\/es\/politica-sgi\/\"]}]},{\"@type\":\"BreadcrumbList\",\"@id\":\"https:\/\/chargeguru.com\/es\/politica-sgi\/#breadcrumb\",\"itemListElement\":[{\"@type\":\"ListItem\",\"position\":1,\"name\":\"Home\",\"item\":\"https:\/\/chargeguru.com\/es\/\"},{\"@type\":\"ListItem\",\"position\":2,\"name\":\"Pol\u00edtica SGI\"}]},{\"@type\":\"WebSite\",\"@id\":\"https:\/\/chargeguru.com\/es\/#website\",\"url\":\"https:\/\/chargeguru.com\/es\/\",\"name\":\"ChargeGuru ES | Instalador de Puntos de Carga para Veh\u00edculos El\u00e9ctricos\",\"description\":\"ChargeGuru ES | Instalador de Puntos de Carga para Veh\u00edculos El\u00e9ctricos\",\"potentialAction\":[{\"@type\":\"SearchAction\",\"target\":{\"@type\":\"EntryPoint\",\"urlTemplate\":\"https:\/\/chargeguru.com\/es\/?s={search_term_string}\"},\"query-input\":\"required name=search_term_string\"}],\"inLanguage\":false}]}<\/script>\n<!-- \/ Yoast SEO Premium plugin. -->","yoast_head_json":{"title":"Pol\u00edtica SGI - ChargeGuru ES | Instalador de Puntos de Carga para Veh\u00edculos El\u00e9ctricos","description":"Pol\u00edtica SGI | ChargeGuru, empresa instaladora de puntos de recarga para veh\u00edculo el\u00e9ctrico.","robots":{"index":"index","follow":"follow","max-snippet":"max-snippet:-1","max-image-preview":"max-image-preview:large","max-video-preview":"max-video-preview:-1"},"canonical":"https:\/\/chargeguru.com\/es\/politica-sgi\/","og_locale":"es_ES","og_type":"article","og_title":"Pol\u00edtica SGI","og_description":"Pol\u00edtica SGI | ChargeGuru, empresa instaladora de puntos de recarga para veh\u00edculo el\u00e9ctrico.","og_url":"https:\/\/chargeguru.com\/es\/politica-sgi\/","og_site_name":"ChargeGuru ES | Instalador de Puntos de Carga para Veh\u00edculos El\u00e9ctricos","article_modified_time":"2024-11-25T10:55:21+00:00","og_image":[{"url":"https:\/\/chargeguru.com\/es\/wp-content\/uploads\/sites\/2\/2023\/03\/Signature-numerique-noir-et-blanc-300x109.jpg"}],"twitter_card":"summary_large_image","twitter_misc":{"Tiempo de lectura":"3 minutos"},"schema":{"@context":"https:\/\/schema.org","@graph":[{"@type":"WebPage","@id":"https:\/\/chargeguru.com\/es\/politica-sgi\/","url":"https:\/\/chargeguru.com\/es\/politica-sgi\/","name":"Pol\u00edtica SGI - ChargeGuru ES | Instalador de Puntos de Carga para Veh\u00edculos El\u00e9ctricos","isPartOf":{"@id":"https:\/\/chargeguru.com\/es\/#website"},"datePublished":"2023-03-20T08:01:50+00:00","dateModified":"2024-11-25T10:55:21+00:00","description":"Pol\u00edtica SGI | ChargeGuru, empresa instaladora de puntos de recarga para veh\u00edculo el\u00e9ctrico.","breadcrumb":{"@id":"https:\/\/chargeguru.com\/es\/politica-sgi\/#breadcrumb"},"inLanguage":false,"potentialAction":[{"@type":"ReadAction","target":["https:\/\/chargeguru.com\/es\/politica-sgi\/"]}]},{"@type":"BreadcrumbList","@id":"https:\/\/chargeguru.com\/es\/politica-sgi\/#breadcrumb","itemListElement":[{"@type":"ListItem","position":1,"name":"Home","item":"https:\/\/chargeguru.com\/es\/"},{"@type":"ListItem","position":2,"name":"Pol\u00edtica SGI"}]},{"@type":"WebSite","@id":"https:\/\/chargeguru.com\/es\/#website","url":"https:\/\/chargeguru.com\/es\/","name":"ChargeGuru ES | Instalador de Puntos de Carga para Veh\u00edculos El\u00e9ctricos","description":"ChargeGuru ES | Instalador de Puntos de Carga para Veh\u00edculos El\u00e9ctricos","potentialAction":[{"@type":"SearchAction","target":{"@type":"EntryPoint","urlTemplate":"https:\/\/chargeguru.com\/es\/?s={search_term_string}"},"query-input":"required name=search_term_string"}],"inLanguage":false}]}},"_links":{"self":[{"href":"https:\/\/chargeguru.com\/es\/wp-json\/wp\/v2\/pages\/14241"}],"collection":[{"href":"https:\/\/chargeguru.com\/es\/wp-json\/wp\/v2\/pages"}],"about":[{"href":"https:\/\/chargeguru.com\/es\/wp-json\/wp\/v2\/types\/page"}],"author":[{"embeddable":true,"href":"https:\/\/chargeguru.com\/es\/wp-json\/wp\/v2\/users\/24"}],"replies":[{"embeddable":true,"href":"https:\/\/chargeguru.com\/es\/wp-json\/wp\/v2\/comments?post=14241"}],"version-history":[{"count":7,"href":"https:\/\/chargeguru.com\/es\/wp-json\/wp\/v2\/pages\/14241\/revisions"}],"predecessor-version":[{"id":22301,"href":"https:\/\/chargeguru.com\/es\/wp-json\/wp\/v2\/pages\/14241\/revisions\/22301"}],"wp:attachment":[{"href":"https:\/\/chargeguru.com\/es\/wp-json\/wp\/v2\/media?parent=14241"}],"curies":[{"name":"wp","href":"https:\/\/api.w.org\/{rel}","templated":true}]}}