{"id":11142,"date":"2022-08-10T16:09:59","date_gmt":"2022-08-10T14:09:59","guid":{"rendered":"https:\/\/chargeguru.com\/de\/?page_id=10851"},"modified":"2022-12-19T18:01:26","modified_gmt":"2022-12-19T17:01:26","slug":"trabaja-con-nosotros","status":"publish","type":"page","link":"https:\/\/chargeguru.com\/es\/trabaja-con-nosotros\/","title":{"rendered":"Trabaja con nosotros"},"content":{"rendered":"<p>\r\n<section class=\"sh-section sh-section-989cd74da05f108bf30e0fe67bc7aa30 fw-main-row sh-section-visibility-everywhere\">\r\n\t\r\n\t\r\n\t<div class=\"sh-section-container container-fluid\">\r\n\t\t<div class=\"fw-row\">\n\t\r\n<div class=\"sh-column sh-column-211eb761f33f0287b8405bc1cb0b6dc1 fw-col-xs-12\" >\r\n\r\n\t\r\n\t<div class=\"sh-column-wrapper\">\r\n\t\t\r\n<div class=\"sh-revslider\" id=\"revslider-b224ed4c9dd075b31837e4760ebc0d0f\">\r\n\t\n\t\t\t<!-- START Career  to be translated REVOLUTION SLIDER 6.7.37 --><p class=\"rs-p-wp-fix\"><\/p>\n\t\t\t<rs-module-wrap id=\"rev_slider_49_1_wrapper\" data-source=\"gallery\" style=\"visibility:hidden;background:transparent;padding:0;margin:0px auto;margin-top:0;margin-bottom:0;\">\n\t\t\t\t<rs-module id=\"rev_slider_49_1\" style=\"\" data-version=\"6.7.37\">\n\t\t\t\t\t<rs-slides style=\"overflow: hidden; position: absolute;\">\n\t\t\t\t\t\t<rs-slide style=\"position: absolute;\" data-key=\"rs-61\" data-title=\"Slide\" data-duration=\"9000\" data-anim=\"adpr:false;ms:500;\" data-in=\"o:0;\" data-out=\"a:false;\">\n\t\t\t\t\t\t\t<img src=\"\/\/chargeguru.com\/es\/wp-content\/plugins\/revslider\/sr6\/assets\/assets\/dummy.png\" alt=\"\" title=\"guru-bornes\" width=\"2560\" height=\"1065\" class=\"rev-slidebg tp-rs-img rs-lazyload\" data-lazyload=\"\/\/chargeguru.com\/es\/wp-content\/uploads\/sites\/2\/2022\/12\/guru-bornes-scaled.jpg\" data-bg=\"p:center bottom;\" data-no-retina>\n<!--\n\t\t\t\t\t\t\t--><rs-layer\n\t\t\t\t\t\t\t\tid=\"slider-49-slide-61-layer-0\" \n\t\t\t\t\t\t\t\tdata-type=\"text\"\n\t\t\t\t\t\t\t\tdata-rsp_ch=\"on\"\n\t\t\t\t\t\t\t\tdata-xy=\"xo:111px,91px,69px,42px;yo:168px,138px,104px,64px;\"\n\t\t\t\t\t\t\t\tdata-text=\"w:normal;s:35,28,21,12;l:42,34,25,15;fw:600;\"\n\t\t\t\t\t\t\t\tdata-dim=\"w:756px,624px,474px,292px;\"\n\t\t\t\t\t\t\t\tdata-frame_999=\"o:0;st:w;\"\n\t\t\t\t\t\t\t\tstyle=\"z-index:11;font-family:'Raleway';\"\n\t\t\t\t\t\t\t>PARTICIPA EN EL DESARROLLO DE LA MOVILIDAD EL\u00c9CTRICA \n\t\t\t\t\t\t\t<\/rs-layer><!--\n\n\t\t\t\t\t\t\t--><rs-layer\n\t\t\t\t\t\t\t\tid=\"slider-49-slide-61-layer-5\" \n\t\t\t\t\t\t\t\tdata-type=\"text\"\n\t\t\t\t\t\t\t\tdata-rsp_ch=\"on\"\n\t\t\t\t\t\t\t\tdata-xy=\"x:l,l,l,c;xo:113px,52px,36px,0;yo:274px,221px,202px,474px;\"\n\t\t\t\t\t\t\t\tdata-text=\"w:normal;s:23,23,23,18;l:26;fw:500;a:left,left,left,center;\"\n\t\t\t\t\t\t\t\tdata-dim=\"w:697px,697px,697px,450px;h:auto,auto,auto,80px;\"\n\t\t\t\t\t\t\t\tdata-frame_0=\"y:-50px;\"\n\t\t\t\t\t\t\t\tdata-frame_1=\"st:600;sR:600;\"\n\t\t\t\t\t\t\t\tdata-frame_999=\"st:w;sR:8100;\"\n\t\t\t\t\t\t\t\tstyle=\"z-index:10;font-family:'Raleway';\"\n\t\t\t\t\t\t\t>\u00bfTe animas?  \n\t\t\t\t\t\t\t<\/rs-layer><!--\n-->\t\t\t\t\t<\/rs-slide>\n\t\t\t\t\t<\/rs-slides>\n\t\t\t\t<\/rs-module>\n\t\t\t\t<script>\n\t\t\t\t\tsetREVStartSize({c: 'rev_slider_49_1',rl:[1240,1024,778,480],el:[534,600,600,720],gw:[1240,1024,778,480],gh:[534,600,600,720],type:'hero',justify:'',layout:'fullwidth',mh:\"0\"});if (window.RS_MODULES!==undefined && window.RS_MODULES.modules!==undefined && window.RS_MODULES.modules[\"revslider491\"]!==undefined) {window.RS_MODULES.modules[\"revslider491\"].once = false;window.revapi49 = undefined;if (window.RS_MODULES.checkMinimal!==undefined) window.RS_MODULES.checkMinimal()}\n\t\t\t\t<\/script>\n\t\t\t<\/rs-module-wrap>\n\t\t\t<!-- END REVOLUTION SLIDER -->\n<\/div>\r\n\t<\/div>\r\n\r\n\r\n\t\t\r\n\r\n<\/div>\r\n<\/div>\n\n\t<\/div>\r\n<\/section>\r\n\r\n<section class=\"sh-section sh-section-8be97efbb7f336b03aae6737ad9b31d8 fw-main-row sh-section-visibility-everywhere\">\r\n\t\r\n\t\r\n\t<div class=\"sh-section-container container\">\r\n\t\t<div class=\"fw-row\">\n\t\r\n<div class=\"sh-column sh-column-2d6534c4efcfdfd719aeb43dcd51bb09 fw-col-xs-12 fw-col-sm-6\" >\r\n\r\n\t\r\n\t<div class=\"sh-column-wrapper\">\r\n\t\t\r\n<div id=\"single-image-defe0d46ecacb181e987dc100329643e\" class=\"sh-single-image  \">\r\n\t<div class=\"sh-element-margin\">\r\n\r\n\t\t\r\n\t\t\t<div class=\"sh-single-image-container\">\r\n\t\t\t\t\r\n\t\t\t\t\t\t\t\t\t\t\t\t\t\t\t<a href=\"\/\/chargeguru.com\/de\/wp-content\/uploads\/sites\/9\/2018\/06\/guru-hero-icon.png\" rel=\"lightbox\">\r\n\t\t\t\t\t\r\n\t\t\t\t\t\t\t\t\t\t\t\t\t<img class=\"sh-image-url\" src=\"https:\/\/chargeguru.com\/es\/wp-content\/uploads\/sites\/2\/2018\/06\/guru-hero-icon.png\" alt=\"guru-hero-icon\" \/>\r\n\t\t\t\t\t\t\t\t\t\t\t\t\t\r\n\t\t\t\t\t\t\t\t\t\t\t<\/a>\r\n\t\t\t\t\t\t\t\t\t\r\n\t\t\t\t\t\t\t<\/div>\r\n\r\n\t\t\r\n\t<\/div>\r\n<\/div>\r\n\r\n\r\n\t<div class=\"sh-heading sh-heading-style1\" id=\"heading-dd350060f70fbd68d77e9804475f3bac\">\r\n\t\t<h1 class=\"sh-heading-content size-l\">\r\n\t\t\t<span>\u00daNETE AL EQUIPO CHARGEGURU<\/span>\t\t<\/h1>\r\n\t<\/div>\r\n\r\n\r\n<div id=\"text-block-65eff64511b23353569c18cad262f91d\" class=\"sh-text-block\">\r\n\t<p>ChargeGuru es la primera plataforma de infraestructura de carga \"llave en mano\" en Europa. Proyectamos, instalamos y ponemos en marcha estaciones de carga de veh\u00edculos el\u00e9ctricos para particulares y empresas.<\/p><p>Junto con los mejores instaladores, impulsamos la transici\u00f3n hacia la movilidad sostenible y limpia, siendo uno de los mayores retos de nuestra generaci\u00f3n.<\/p><p>Por eso debemos actuar ahora y de inmediato.<\/p><p>\u00bfQuieres formar parte? \u00a1Aplica ahora!<\/p><p>&nbsp;<\/p><\/div>\r\n\t<\/div>\r\n\r\n\r\n\t\t\r\n\r\n<\/div>\r\n\r\n<div class=\"sh-column sh-column-b7c56b85174d4b6da77c46884957f2e2 fw-col-xs-12 fw-col-sm-6\" >\r\n\r\n\t\r\n\t<div class=\"sh-column-wrapper\">\r\n\t\t\r\n<div id=\"single-image-2175ed867596a00ea83a085eb45de067\" class=\"sh-single-image   sh-animated slideInRight\"data-wow-duration=\"0.5s\">\r\n\t<div class=\"sh-element-margin\">\r\n\r\n\t\t\r\n\t\t\t<div class=\"sh-single-image-container\">\r\n\t\t\t\t\r\n\t\t\t\t\t\t\t\t\t\t\t\t\t\t\t<a href=\"\/\/chargeguru.com\/de\/wp-content\/uploads\/sites\/9\/2018\/02\/Blog_choisirborne.jpg\" rel=\"lightbox\">\r\n\t\t\t\t\t\r\n\t\t\t\t\t\t\t\t\t\t\t\t\t<img class=\"sh-image-url\" src=\"https:\/\/chargeguru.com\/es\/wp-content\/uploads\/sites\/2\/2018\/02\/Blog_choisirborne.jpg\" alt=\"Blog_choisirborne\" \/>\r\n\t\t\t\t\t\t\t\t\t\t\t\t\t\r\n\t\t\t\t\t\t\t\t\t\t\t<\/a>\r\n\t\t\t\t\t\t\t\t\t\r\n\t\t\t\t\t\t\t<\/div>\r\n\r\n\t\t\r\n\t<\/div>\r\n<\/div>\r\n\t<\/div>\r\n\r\n\r\n\t\t\r\n\r\n<\/div>\r\n<\/div>\n\n\t<\/div>\r\n<\/section>\r\n\r\n<section class=\"sh-section sh-section-2109c5961b1566f41cb3a2fc10652903 fw-main-row sh-section-visibility-everywhere\">\r\n\t\r\n\t\r\n\t<div class=\"sh-section-container container section-justify-height\">\r\n\t\t<div class=\"fw-row\">\n\t\r\n<div class=\"sh-column sh-column-211eb761f33f0287b8405bc1cb0b6dc1 fw-col-xs-12\" >\r\n\r\n\t\r\n\t<div class=\"sh-column-wrapper\">\r\n\t\t\r\n<div id=\"text-block-fde35f7296e4a862a7248acf26e1a68d\" class=\"sh-text-block\">\r\n\t<p><span style=\"font-size: 30px; color: #00f4cd;\"><strong>\u00a0POSICIONES DISPONIBLES<\/strong><\/span><\/p><\/div>\r\n\t<\/div>\r\n\r\n\r\n\t\t\r\n\r\n<\/div>\r\n<\/div>\n\n<div class=\"fw-row\">\n\t\r\n<div class=\"sh-column sh-column-211eb761f33f0287b8405bc1cb0b6dc1 fw-col-xs-12\" >\r\n\r\n\t\r\n\t<div class=\"sh-column-wrapper\">\r\n\t\t\r\n<div class=\"sh-accordion sh-accordion-style1 panel-group\" id=\"accordion-9fdbc01817e2003ea0c4d4a3b872ab8b\" role=\"tablist\" aria-multiselectable=\"true\">\r\n\t\r\n\t<\/div>\r\n\t<\/div>\r\n\r\n\r\n\t\t\r\n\r\n<\/div>\r\n<\/div>\n\n<div class=\"fw-row\">\n\t\r\n<div class=\"sh-column sh-column-211eb761f33f0287b8405bc1cb0b6dc1 fw-col-xs-12\" >\r\n\r\n\t\r\n\t<div class=\"sh-column-wrapper\">\r\n\t\t\r\n<div id=\"text-block-5dc96c5da751c2da7f7675210f9ac66f\" class=\"sh-text-block\">\r\n\t<p><strong>PUEDES CONSULTAR LAS OFERTAS DE TRABAJO DISPONIBLES EN:\u00a0<\/strong><\/p><ul><li><a href=\"https:\/\/www.linkedin.com\/company\/chargeguru\/jobs\/\">LinkedIn<\/a><\/li><li><a href=\"https:\/\/www.infojobs.net\/raiden-iberica-sl.\/em-i98484956515548826573683021073015003299\">InfoJobs<\/a><\/li><\/ul><\/div>\r\n\t<\/div>\r\n\r\n\r\n\t\t\r\n\r\n<\/div>\r\n<\/div>\n\n\t<\/div>\r\n<\/section>\r\n\r\n<section class=\"sh-section sh-section-73510a28661e4cdff383269773dd18ee fw-main-row sh-section-visibility-everywhere\">\r\n\t\r\n\t\r\n\t<div class=\"sh-section-container container section-justify-height\">\r\n\t\t<div class=\"fw-row\">\n\t\r\n<div class=\"sh-column sh-column-a12211418f6a6173229cbf850ce93760 fw-col-xs-12\" >\r\n\r\n\t\r\n\t<div class=\"sh-column-wrapper\">\r\n\t\t\r\n\r\n\t<div class=\"sh-heading sh-heading-style1\" id=\"heading-5a5220dc2f2b72d6d7767d24384942b2\">\r\n\t\t<h2 class=\"sh-heading-content size-l\">\r\n\t\t\t<span style=\"text-align: center;\">3 buenas razones para unirte a ChargeGuru<\/span>\t\t<\/h2>\r\n\t<\/div>\r\n\r\n\t<\/div>\r\n\r\n\r\n\t\t\r\n\r\n<\/div>\r\n<\/div>\n\n<div class=\"fw-row\">\n\t\r\n<div class=\"sh-column sh-column-cc9a8162acc3f14b0096f9a7f5c2a26c fw-col-xs-12 fw-col-sm-3\" >\r\n\r\n\t\r\n\t<div class=\"sh-column-wrapper\">\r\n\t\t\r\n\r\n\t<div class=\"sh-heading sh-heading-style1\" id=\"heading-cdfe22d75ad5d5cc2d85dd9c33b13245\">\r\n\t\t<h3 class=\"sh-heading-content size-m\">\r\n\t\t\t<span style=\"text-align: left;\">NUESTRA VISI\u00d3N<\/span>\t\t<\/h3>\r\n\t<\/div>\r\n\r\n\r\n<div id=\"text-block-1ee7ffea0659fe86e4922a954bbf8d61\" class=\"sh-text-block\">\r\n\t<p>Movilidad sostenible impulsada por una experiencia de usuario totalmente digital y los mejores instaladores de Europa.<\/p><\/div>\r\n\t<\/div>\r\n\r\n\r\n\t\t\r\n\r\n<\/div>\r\n\r\n<div class=\"sh-column sh-column-e3abb8c45c015dcefb6d7bead45b046a fw-col-xs-12 fw-col-sm-3\" >\r\n\r\n\t\r\n\t<div class=\"sh-column-wrapper\">\r\n\t\t\r\n\r\n\t<div class=\"sh-heading sh-heading-style1\" id=\"heading-85e355d287d707a1129d5a30798e364e\">\r\n\t\t<h3 class=\"sh-heading-content size-m\">\r\n\t\t\t<span style=\"text-align: left;\">NUESTRA MISI\u00d3N<\/span>\t\t<\/h3>\r\n\t<\/div>\r\n\r\n\r\n<div id=\"text-block-a218d5154af8408a73a9148a16e6dfa8\" class=\"sh-text-block\">\r\n\t<p>Hacemos que la infraestructura de recarga de veh\u00edculos el\u00e9ctricos sea simple, sostenible y accesible. Para todos y en cualquier momento.<\/p><\/div>\r\n\t<\/div>\r\n\r\n\r\n\t\t\r\n\r\n<\/div>\r\n\r\n<div class=\"sh-column sh-column-d300b36cf897e2bae023b4abbe721550 fw-col-xs-12 fw-col-sm-3\" >\r\n\r\n\t\r\n\t<div class=\"sh-column-wrapper\">\r\n\t\t\r\n\r\n\t<div class=\"sh-heading sh-heading-style1\" id=\"heading-241c5ef5d73ef6ef836b477849feb7b7\">\r\n\t\t<h3 class=\"sh-heading-content size-m\">\r\n\t\t\t<span>NUESTRA PASI\u00d3N<\/span>\t\t<\/h3>\r\n\t<\/div>\r\n\r\n\r\n<div id=\"text-block-12dbdf535f58cbaeacf2a824f26dc048\" class=\"sh-text-block\">\r\n\t<p style=\"text-align: left;\">En ChargeGuru nos apasiona la movilidad el\u00e9ctrica y trabajamos en equipo para crear grandes cosas juntos.<\/p><\/div>\r\n\t<\/div>\r\n\r\n\r\n\t\t\r\n\r\n<\/div>\r\n\r\n<div class=\"sh-column sh-column-146d552bd829dd8ac14da012e6a7d011 fw-col-xs-12 fw-col-sm-3\" >\r\n\r\n\t\r\n\t<div class=\"sh-column-wrapper\">\r\n\t\t\r\n<div id=\"single-image-484cfe581594a416e375331dcbfe7b01\" class=\"sh-single-image  \">\r\n\t<div class=\"sh-element-margin\">\r\n\r\n\t\t\r\n\t\t\t<div class=\"sh-single-image-container\">\r\n\t\t\t\t\r\n\t\t\t\t\t\t\t\t\t\r\n\t\t\t\t\t\t\t\t\t\t\t\t\t<img class=\"sh-image-url\" src=\"\/\/chargeguru.com\/de\/wp-content\/uploads\/sites\/9\/2021\/12\/guru-clin-oeil.png\" alt=\"Instalador certificado Tesla\" \/>\r\n\t\t\t\t\t\t\t\t\t\t\t\t\t\r\n\t\t\t\t\t\t\t\t\t\r\n\t\t\t\t\t\t\t<\/div>\r\n\r\n\t\t\r\n\t<\/div>\r\n<\/div>\r\n\r\n<div id=\"button-7bacc70ee6235713b5ec264bf1da6d28\" class=\"sh-button-container  sh-button-style-1\">\r\n\t<div class=\"sh-element-margin\">\r\n\t\t<a href=\"https:\/\/chargeguru.com\/es\/contacto\/\" target=\"_self\" class=\"sh-button sh-button-small \">\r\n\r\n\t\t\t\r\n\t\t\t\t\t\t\t<span class=\"sh-button-text\">\r\n\t\t\t\t\t\u00a1\u00danete al equipo!\t\t\t\t<\/span>\r\n\t\t\t\r\n\t\t\t\r\n\t\t<\/a>\r\n\t\t\t<\/div>\r\n<\/div>\r\n\t<\/div>\r\n\r\n\r\n\t\t\r\n\r\n<\/div>\r\n<\/div>\n\n\t<\/div>\r\n<\/section>\r\n\r\n<section class=\"sh-section sh-section-3bc5e7185fb7166b576e16d50c931440 fw-main-row sh-section-visibility-everywhere\">\r\n\t\r\n\t\r\n\t<div class=\"sh-section-container container section-justify-height\">\r\n\t\t<div class=\"fw-row\">\n\t\r\n<div class=\"sh-column sh-column-bb0f267c92ecb8690f53de5e1841c4d3 fw-col-xs-12\" >\r\n\r\n\t\r\n\t<div class=\"sh-column-wrapper\">\r\n\t\t\r\n<div id=\"single-image-cc70f4978109d2059101ae0e8322b0a5\" class=\"sh-single-image  \">\r\n\t<div class=\"sh-element-margin\">\r\n\r\n\t\t\r\n\t\t\t<div class=\"sh-single-image-container\">\r\n\t\t\t\t\r\n\t\t\t\t\t\t\t\t\t\t\t\t\t\t\t<a href=\"\/\/chargeguru.com\/de\/wp-content\/uploads\/sites\/9\/2021\/11\/2977530-election-office-online-text_ret.png\" rel=\"lightbox\">\r\n\t\t\t\t\t\r\n\t\t\t\t\t\t\t\t\t\t\t\t\t<img class=\"sh-image-url\" src=\"\/\/chargeguru.com\/de\/wp-content\/uploads\/sites\/9\/2021\/11\/2977530-election-office-online-text_ret.png\" alt=\"\" \/>\r\n\t\t\t\t\t\t\t\t\t\t\t\t\t\r\n\t\t\t\t\t\t\t\t\t\t\t<\/a>\r\n\t\t\t\t\t\t\t\t\t\r\n\t\t\t\t\t\t\t<\/div>\r\n\r\n\t\t\r\n\t<\/div>\r\n<\/div>\r\n\r\n<div class=\"sh-heading  \" id=\"heading-659d6d5d9d099357826096101eb8c6b7\">\r\n\t<div class=\"sh-element-margin\">\r\n\r\n\t\t\r\n\t\t\t<h2 class=\"sh-heading-content size-l text-center\">\r\n\t\t\t\tNUESTROS VALORES\t\t\t<\/h2>\r\n\r\n\t\t\r\n\t<\/div>\r\n<\/div>\r\n\t<\/div>\r\n\r\n\r\n\t\t\r\n\r\n<\/div>\r\n<\/div>\n\n\t<\/div>\r\n<\/section>\r\n\r\n<section class=\"sh-section sh-section-4371c5eb9754c0cb3db3894f46632fcf fw-main-row sh-section-visibility-everywhere\">\r\n\t\r\n\t\r\n\t<div class=\"sh-section-container container\">\r\n\t\t<div class=\"fw-row\">\n\t\r\n<div class=\"sh-column sh-column-4af598db77aef54a4795b8e8f216ef6c fw-col-xs-12 fw-col-sm-3\" >\r\n\r\n\t\r\n\t<div class=\"sh-column-wrapper\">\r\n\t\t\r\n<div class=\"sh-heading  \" id=\"heading-c0b256cad8945b372e168d8c4fe40a6c\">\r\n\t<div class=\"sh-element-margin\">\r\n\r\n\t\t\r\n\t\t\t<h3 class=\"sh-heading-content size-default text-center\">\r\n\t\t\t\tEstamos aqu\u00ed para hacer que las cosas sucedan.\t\t\t<\/h3>\r\n\r\n\t\t\r\n\t<\/div>\r\n<\/div>\r\n\t<\/div>\r\n\r\n\r\n\t\t\r\n\r\n<\/div>\r\n\r\n<div class=\"sh-column sh-column-61af4d541451ce61da11e1521b577644 fw-col-xs-12 fw-col-sm-3\" >\r\n\r\n\t\r\n\t<div class=\"sh-column-wrapper\">\r\n\t\t\r\n<div class=\"sh-heading  \" id=\"heading-82f9cc446d06dbcd314b0a70b722e8b0\">\r\n\t<div class=\"sh-element-margin\">\r\n\r\n\t\t\r\n\t\t\t<h3 class=\"sh-heading-content size-default text-center\">\r\n\t\t\t\tConvencemos y compartimos.\t\t\t<\/h3>\r\n\r\n\t\t\r\n\t<\/div>\r\n<\/div>\r\n\t<\/div>\r\n\r\n\r\n\t\t\r\n\r\n<\/div>\r\n\r\n<div class=\"sh-column sh-column-7cf66c8836e69210eb35036ea976b6ed fw-col-xs-12 fw-col-sm-3\" >\r\n\r\n\t\r\n\t<div class=\"sh-column-wrapper\">\r\n\t\t\r\n<div class=\"sh-heading  \" id=\"heading-abb1952a9f99ec3f841260a86c0a5dfa\">\r\n\t<div class=\"sh-element-margin\">\r\n\r\n\t\t\r\n\t\t\t<h2 class=\"sh-heading-content size-default text-center\">\r\n\t\t\t\tCelebramos la sostenibilidad.\t\t\t<\/h2>\r\n\r\n\t\t\r\n\t<\/div>\r\n<\/div>\r\n\t<\/div>\r\n\r\n\r\n\t\t\r\n\r\n<\/div>\r\n\r\n<div class=\"sh-column sh-column-96cce35eeec8828fb2fc186c1a3697aa fw-col-xs-12 fw-col-sm-3\" >\r\n\r\n\t\r\n\t<div class=\"sh-column-wrapper\">\r\n\t\t\r\n<div class=\"sh-heading  \" id=\"heading-581492339cdf2a6e7286b2aeb91bbd5c\">\r\n\t<div class=\"sh-element-margin\">\r\n\r\n\t\t\r\n\t\t\t<h2 class=\"sh-heading-content size-default text-center\">\r\n\t\t\t\tOfrecemos el mejor servicio. \t\t\t<\/h2>\r\n\r\n\t\t\r\n\t<\/div>\r\n<\/div>\r\n\t<\/div>\r\n\r\n\r\n\t\t\r\n\r\n<\/div>\r\n<\/div>\n\n\t<\/div>\r\n<\/section>\r\n\r\n<section class=\"sh-section sh-section-1377f568faad9772b77e1baf0c06589f fw-main-row sh-section-visibility-everywhere\">\r\n\t\r\n\t\r\n\t<div class=\"sh-section-container container\">\r\n\t\t<div class=\"fw-row\">\n\t\r\n<div class=\"sh-column sh-column-7bd025bd4aa89c7c1157f710bba26531 fw-col-xs-12 fw-col-sm-3\" >\r\n\r\n\t\r\n\t<div class=\"sh-column-wrapper\">\r\n\t\t\r\n<div class=\"sh-heading  \" id=\"heading-ac408d9be029d19302044824f2d6f685\">\r\n\t<div class=\"sh-element-margin\">\r\n\r\n\t\t\r\n\t\t\t<h3 class=\"sh-heading-content size-default text-center\">\r\n\t\t\t\tActuamos hoy, no ma\u00f1ana.\t\t\t<\/h3>\r\n\r\n\t\t\r\n\t<\/div>\r\n<\/div>\r\n\t<\/div>\r\n\r\n\r\n\t\t\r\n\r\n<\/div>\r\n\r\n<div class=\"sh-column sh-column-99bcaf66e15b6af831f6d565acfcd47d fw-col-xs-12 fw-col-sm-3\" >\r\n\r\n\t\r\n\t<div class=\"sh-column-wrapper\">\r\n\t\t\r\n<div class=\"sh-heading  \" id=\"heading-514c64250826da906578a795afb4b759\">\r\n\t<div class=\"sh-element-margin\">\r\n\r\n\t\t\r\n\t\t\t<h3 class=\"sh-heading-content size-default text-center\">\r\n\t\t\t\tNo aceptamos el statu quo. \t\t\t<\/h3>\r\n\r\n\t\t\r\n\t<\/div>\r\n<\/div>\r\n\t<\/div>\r\n\r\n\r\n\t\t\r\n\r\n<\/div>\r\n\r\n<div class=\"sh-column sh-column-514d84cd0c46b7f4e49762759def2335 fw-col-xs-12 fw-col-sm-3\" >\r\n\r\n\t\r\n\t<div class=\"sh-column-wrapper\">\r\n\t\t\r\n<div class=\"sh-heading  \" id=\"heading-592a2fe810d3e58b85fd761c522ca82b\">\r\n\t<div class=\"sh-element-margin\">\r\n\r\n\t\t\r\n\t\t\t<h3 class=\"sh-heading-content size-default text-center\">\r\n\t\t\t\tHacemos posible lo imposible.\t\t\t<\/h3>\r\n\r\n\t\t\r\n\t<\/div>\r\n<\/div>\r\n\t<\/div>\r\n\r\n\r\n\t\t\r\n\r\n<\/div>\r\n\r\n<div class=\"sh-column sh-column-e0ac606cc912108b759ef5c4b6075e2f fw-col-xs-12 fw-col-sm-3\" >\r\n\r\n\t\r\n\t<div class=\"sh-column-wrapper\">\r\n\t\t\r\n<div class=\"sh-heading  \" id=\"heading-e75b60decf7f628cb1339bb00adb125a\">\r\n\t<div class=\"sh-element-margin\">\r\n\r\n\t\t\r\n\t\t\t<h3 class=\"sh-heading-content size-default text-center\">\r\n\t\t\t\tNos probamos a nosotros mismos cada d\u00eda.\t\t\t<\/h3>\r\n\r\n\t\t\r\n\t<\/div>\r\n<\/div>\r\n\t<\/div>\r\n\r\n\r\n\t\t\r\n\r\n<\/div>\r\n<\/div>\n\n\t<\/div>\r\n<\/section>\r\n\r\n<section class=\"sh-section sh-section-c4036e6911f151b822bc177656cba25e fw-main-row sh-section-visibility-everywhere\">\r\n\t\r\n\t\r\n\t<div class=\"sh-section-container container\">\r\n\t\t<div class=\"fw-row\">\n\t\r\n<div class=\"sh-column sh-column-211eb761f33f0287b8405bc1cb0b6dc1 fw-col-xs-12\" >\r\n\r\n\t\r\n\t<div class=\"sh-column-wrapper\">\r\n\t\t\r\n<div id=\"text-block-0a15ea672549afa6454c78b63d9136a5\" class=\"sh-text-block\">\r\n\t<p><strong>ENV\u00cdANOS TU SOLICITUD<\/strong><\/p><p>Env\u00edanos un correo electr\u00f3nico a <a href=\"mailto:contacto@chargeguru.com\">contacto@chargeguru.com<\/a><\/p><p>\u00a1Estamos deseando conocerte!<\/p><\/div>\r\n\t<\/div>\r\n\r\n\r\n\t\t\r\n\r\n<\/div>\r\n<\/div>\n\n\t<\/div>\r\n<\/section>\r\n<\/p>\n","protected":false},"excerpt":{"rendered":"<p>PARTICIPA EN EL DESARROLLO DE LA MOVILIDAD EL\u00c9CTRICA \u00bfTe animas? \u00daNETE AL EQUIPO CHARGEGURU ChargeGuru es la primera plataforma de&#8230;<\/p>\n","protected":false},"author":24,"featured_media":0,"parent":0,"menu_order":0,"comment_status":"closed","ping_status":"closed","template":"","meta":{"content-type":""},"yoast_head":"<!-- This site is optimized with the Yoast SEO Premium plugin v20.8 (Yoast SEO v21.3) - https:\/\/yoast.com\/wordpress\/plugins\/seo\/ -->\n<title>ChargeGuru | Trabaja con nosotros<\/title>\n<meta name=\"description\" content=\"ChargeGuru est\u00e1 creciendo de forma exponencial y buscamos nuevos talentos para sumarse a este apasionante proyecto de movilidad el\u00e9ctrica.\" \/>\n<meta name=\"robots\" content=\"index, follow, max-snippet:-1, max-image-preview:large, max-video-preview:-1\" \/>\n<link rel=\"canonical\" href=\"https:\/\/chargeguru.com\/es\/trabaja-con-nosotros\/\" \/>\n<meta property=\"og:locale\" content=\"en_US\" \/>\n<meta property=\"og:type\" content=\"article\" \/>\n<meta property=\"og:title\" content=\"Trabaja con nosotros\" \/>\n<meta property=\"og:description\" content=\"ChargeGuru est\u00e1 creciendo de forma exponencial y buscamos nuevos talentos para sumarse a este apasionante proyecto de movilidad el\u00e9ctrica.\" \/>\n<meta property=\"og:url\" content=\"https:\/\/chargeguru.com\/es\/trabaja-con-nosotros\/\" \/>\n<meta property=\"og:site_name\" content=\"ChargeGuru ES | Instalador de Puntos de Carga para Veh\u00edculos El\u00e9ctricos\" \/>\n<meta property=\"article:modified_time\" content=\"2022-12-19T17:01:26+00:00\" \/>\n<meta property=\"og:image\" content=\"https:\/\/chargeguru.com\/es\/wp-content\/uploads\/sites\/2\/2018\/06\/guru-hero-icon.png\" \/>\n<meta name=\"twitter:card\" content=\"summary_large_image\" \/>\n<meta name=\"twitter:label1\" content=\"Tiempo de lectura\" \/>\n\t<meta name=\"twitter:data1\" content=\"3 minutos\" \/>\n<script type=\"application\/ld+json\" class=\"yoast-schema-graph\">{\"@context\":\"https:\/\/schema.org\",\"@graph\":[{\"@type\":\"WebPage\",\"@id\":\"https:\/\/chargeguru.com\/es\/trabaja-con-nosotros\/\",\"url\":\"https:\/\/chargeguru.com\/es\/trabaja-con-nosotros\/\",\"name\":\"ChargeGuru | Trabaja con nosotros\",\"isPartOf\":{\"@id\":\"https:\/\/chargeguru.com\/es\/#website\"},\"datePublished\":\"2022-08-10T14:09:59+00:00\",\"dateModified\":\"2022-12-19T17:01:26+00:00\",\"description\":\"ChargeGuru est\u00e1 creciendo de forma exponencial y buscamos nuevos talentos para sumarse a este apasionante proyecto de movilidad el\u00e9ctrica.\",\"breadcrumb\":{\"@id\":\"https:\/\/chargeguru.com\/es\/trabaja-con-nosotros\/#breadcrumb\"},\"inLanguage\":false,\"potentialAction\":[{\"@type\":\"ReadAction\",\"target\":[\"https:\/\/chargeguru.com\/es\/trabaja-con-nosotros\/\"]}]},{\"@type\":\"BreadcrumbList\",\"@id\":\"https:\/\/chargeguru.com\/es\/trabaja-con-nosotros\/#breadcrumb\",\"itemListElement\":[{\"@type\":\"ListItem\",\"position\":1,\"name\":\"Home\",\"item\":\"https:\/\/chargeguru.com\/es\/\"},{\"@type\":\"ListItem\",\"position\":2,\"name\":\"Trabaja con nosotros\"}]},{\"@type\":\"WebSite\",\"@id\":\"https:\/\/chargeguru.com\/es\/#website\",\"url\":\"https:\/\/chargeguru.com\/es\/\",\"name\":\"ChargeGuru ES | Instalador de Puntos de Carga para Veh\u00edculos El\u00e9ctricos\",\"description\":\"ChargeGuru ES | Instalador de Puntos de Carga para Veh\u00edculos El\u00e9ctricos\",\"potentialAction\":[{\"@type\":\"SearchAction\",\"target\":{\"@type\":\"EntryPoint\",\"urlTemplate\":\"https:\/\/chargeguru.com\/es\/?s={search_term_string}\"},\"query-input\":\"required name=search_term_string\"}],\"inLanguage\":false}]}<\/script>\n<!-- \/ Yoast SEO Premium plugin. -->","yoast_head_json":{"title":"ChargeGuru | Trabaja con nosotros","description":"ChargeGuru est\u00e1 creciendo de forma exponencial y buscamos nuevos talentos para sumarse a este apasionante proyecto de movilidad el\u00e9ctrica.","robots":{"index":"index","follow":"follow","max-snippet":"max-snippet:-1","max-image-preview":"max-image-preview:large","max-video-preview":"max-video-preview:-1"},"canonical":"https:\/\/chargeguru.com\/es\/trabaja-con-nosotros\/","og_locale":"en_US","og_type":"article","og_title":"Trabaja con nosotros","og_description":"ChargeGuru est\u00e1 creciendo de forma exponencial y buscamos nuevos talentos para sumarse a este apasionante proyecto de movilidad el\u00e9ctrica.","og_url":"https:\/\/chargeguru.com\/es\/trabaja-con-nosotros\/","og_site_name":"ChargeGuru ES | Instalador de Puntos de Carga para Veh\u00edculos El\u00e9ctricos","article_modified_time":"2022-12-19T17:01:26+00:00","og_image":[{"url":"https:\/\/chargeguru.com\/es\/wp-content\/uploads\/sites\/2\/2018\/06\/guru-hero-icon.png"}],"twitter_card":"summary_large_image","twitter_misc":{"Tiempo de lectura":"3 minutos"},"schema":{"@context":"https:\/\/schema.org","@graph":[{"@type":"WebPage","@id":"https:\/\/chargeguru.com\/es\/trabaja-con-nosotros\/","url":"https:\/\/chargeguru.com\/es\/trabaja-con-nosotros\/","name":"ChargeGuru | Trabaja con nosotros","isPartOf":{"@id":"https:\/\/chargeguru.com\/es\/#website"},"datePublished":"2022-08-10T14:09:59+00:00","dateModified":"2022-12-19T17:01:26+00:00","description":"ChargeGuru est\u00e1 creciendo de forma exponencial y buscamos nuevos talentos para sumarse a este apasionante proyecto de movilidad el\u00e9ctrica.","breadcrumb":{"@id":"https:\/\/chargeguru.com\/es\/trabaja-con-nosotros\/#breadcrumb"},"inLanguage":false,"potentialAction":[{"@type":"ReadAction","target":["https:\/\/chargeguru.com\/es\/trabaja-con-nosotros\/"]}]},{"@type":"BreadcrumbList","@id":"https:\/\/chargeguru.com\/es\/trabaja-con-nosotros\/#breadcrumb","itemListElement":[{"@type":"ListItem","position":1,"name":"Home","item":"https:\/\/chargeguru.com\/es\/"},{"@type":"ListItem","position":2,"name":"Trabaja con nosotros"}]},{"@type":"WebSite","@id":"https:\/\/chargeguru.com\/es\/#website","url":"https:\/\/chargeguru.com\/es\/","name":"ChargeGuru ES | Instalador de Puntos de Carga para Veh\u00edculos El\u00e9ctricos","description":"ChargeGuru ES | Instalador de Puntos de Carga para Veh\u00edculos El\u00e9ctricos","potentialAction":[{"@type":"SearchAction","target":{"@type":"EntryPoint","urlTemplate":"https:\/\/chargeguru.com\/es\/?s={search_term_string}"},"query-input":"required name=search_term_string"}],"inLanguage":false}]}},"_links":{"self":[{"href":"https:\/\/chargeguru.com\/es\/wp-json\/wp\/v2\/pages\/11142"}],"collection":[{"href":"https:\/\/chargeguru.com\/es\/wp-json\/wp\/v2\/pages"}],"about":[{"href":"https:\/\/chargeguru.com\/es\/wp-json\/wp\/v2\/types\/page"}],"author":[{"embeddable":true,"href":"https:\/\/chargeguru.com\/es\/wp-json\/wp\/v2\/users\/24"}],"replies":[{"embeddable":true,"href":"https:\/\/chargeguru.com\/es\/wp-json\/wp\/v2\/comments?post=11142"}],"version-history":[{"count":10,"href":"https:\/\/chargeguru.com\/es\/wp-json\/wp\/v2\/pages\/11142\/revisions"}],"predecessor-version":[{"id":12274,"href":"https:\/\/chargeguru.com\/es\/wp-json\/wp\/v2\/pages\/11142\/revisions\/12274"}],"wp:attachment":[{"href":"https:\/\/chargeguru.com\/es\/wp-json\/wp\/v2\/media?parent=11142"}],"curies":[{"name":"wp","href":"https:\/\/api.w.org\/{rel}","templated":true}]}}