{"id":175,"date":"2022-02-20T14:17:32","date_gmt":"2022-02-20T14:17:32","guid":{"rendered":"http:\/\/chargeguru.com\/?page_id=175"},"modified":"2026-02-02T15:16:04","modified_gmt":"2026-02-02T15:16:04","slug":"kontakt","status":"publish","type":"page","link":"https:\/\/chargeguru.com\/de\/kontakt\/","title":{"rendered":"Kontakt"},"content":{"rendered":"<p>\r\n<section class=\"sh-section sh-section-da11122e097b7333031fa9053e44764e fw-main-row sh-section-visibility-everywhere\">\r\n\t\r\n\t\r\n\t<div class=\"sh-section-container container\">\r\n\t\t<div class=\"fw-row\">\n\t\r\n<div class=\"sh-column sh-column-fffaa8eaab17a3cbe64aaa96f3ab8a3e fw-col-xs-12\" >\r\n\r\n\t\r\n\t<div class=\"sh-column-wrapper\">\r\n\t\t\r\n<div class=\"sh-revslider\" id=\"revslider-acc9c72e672d6e68191f953451966f24\">\r\n\t\n\t\t\t<!-- START Header_Kontakt REVOLUTION SLIDER 6.7.37 --><p class=\"rs-p-wp-fix\"><\/p>\n\t\t\t<rs-module-wrap id=\"rev_slider_249_1_wrapper\" data-source=\"gallery\" style=\"visibility:hidden;background:transparent;padding:0;margin:0px auto;margin-top:0;margin-bottom:0;\">\n\t\t\t\t<rs-module id=\"rev_slider_249_1\" style=\"\" data-version=\"6.7.37\">\n\t\t\t\t\t<rs-slides style=\"overflow: hidden; position: absolute;\">\n\t\t\t\t\t\t<rs-slide style=\"position: absolute;\" data-key=\"rs-326\" data-title=\"Slide\" data-anim=\"ms:10;\" data-in=\"o:1;\" data-out=\"a:false;\">\n\t\t\t\t\t\t\t<img src=\"\/\/chargeguru.com\/de\/wp-content\/plugins\/revslider\/sr6\/assets\/assets\/dummy.png\" alt=\"ChargeGuru - Wallboxen f\u00fcrs Wohngeb\u00e4ude und B\u00fcro - Kontakt\" title=\"Header_Kontakt\" width=\"1280\" height=\"450\" class=\"rev-slidebg tp-rs-img rs-lazyload\" data-lazyload=\"\/\/chargeguru.com\/de\/wp-content\/uploads\/sites\/9\/2026\/02\/Header_Kontakt.jpg\" data-no-retina>\n<!--\n\t\t\t\t\t\t\t--><rs-layer\n\t\t\t\t\t\t\t\tid=\"slider-249-slide-326-layer-0\" \n\t\t\t\t\t\t\t\tdata-type=\"text\"\n\t\t\t\t\t\t\t\tdata-rsp_ch=\"on\"\n\t\t\t\t\t\t\t\tdata-xy=\"x:l,l,l,c;xo:50px,41px,60px,0;y:m;\"\n\t\t\t\t\t\t\t\tdata-text=\"w:normal;s:55,45,35,30;l:60,50,40,35;ls:1px,0px,0px,0px;fw:900;a:left,left,left,center;\"\n\t\t\t\t\t\t\t\tdata-frame_1=\"e:none;sp:50;\"\n\t\t\t\t\t\t\t\tdata-frame_999=\"o:0;st:w;sR:8950;\"\n\t\t\t\t\t\t\t\tstyle=\"z-index:5;font-family:'Raleway';text-transform:uppercase;\"\n\t\t\t\t\t\t\t>Wir sind gerne<br \/>\nf\u00fcr Sie da. \n\t\t\t\t\t\t\t<\/rs-layer><!--\n-->\t\t\t\t\t<\/rs-slide>\n\t\t\t\t\t<\/rs-slides>\n\t\t\t\t<\/rs-module>\n\t\t\t\t<script>\n\t\t\t\t\tsetREVStartSize({c: 'rev_slider_249_1',rl:[1240,1024,778,480],el:[300,256,194,170],gw:[1240,1024,778,480],gh:[300,256,194,170],type:'hero',justify:'',layout:'fullwidth',mh:\"0\"});if (window.RS_MODULES!==undefined && window.RS_MODULES.modules!==undefined && window.RS_MODULES.modules[\"revslider2491\"]!==undefined) {window.RS_MODULES.modules[\"revslider2491\"].once = false;window.revapi249 = undefined;if (window.RS_MODULES.checkMinimal!==undefined) window.RS_MODULES.checkMinimal()}\n\t\t\t\t<\/script>\n\t\t\t<\/rs-module-wrap>\n\t\t\t<!-- END REVOLUTION SLIDER -->\n<\/div>\r\n\t<\/div>\r\n\r\n\r\n\t\t\r\n\r\n<\/div>\r\n<\/div>\n\n\t<\/div>\r\n<\/section>\r\n\r\n<section class=\"sh-section sh-section-30a4965a768cec3eedd45a4ddf0e1a57 fw-main-row sh-section-visibility-everywhere\">\r\n\t\r\n\t\r\n\t<div class=\"sh-section-container container\">\r\n\t\t<div class=\"fw-row\">\n\t\r\n<div class=\"sh-column sh-column-35896fe449e829c59107abc8ea884950 fw-col-xs-12 fw-col-sm-6 sh-column-mobile-padding sh-animated fadeInLeft\" data-wow-duration=\"1s\">\r\n\r\n\t\r\n\t<div class=\"sh-column-wrapper\">\r\n\t\t\r\n<div class=\"sh-iconbox sh-iconbox-style2 sh-iconbox-left improved-responsiveness\" id=\"iconbox-b0503300e30afcacffe9e86ffd76371c\">\r\n\t\r\n\t\t\t\t\t<div class=\"sh-iconbox-icon\">\r\n\t\t\t\t<div class=\"sh-iconbox-icon-shape sh-iconbox-square\">\r\n\t\t\t\t\t<i class=\"sh-iconbox-hover ti-comments\"><\/i>\r\n\r\n\t\t\t\t\t\t\t\t\t<\/div>\r\n\t\t\t<\/div>\r\n\t\t\r\n\t\t<div class=\"sh-iconbox-aside\">\r\n\t\t\t<div class=\"sh-iconbox-title\">\r\n\t\t\t\t\t\t\t\t\t<h3>KundenService Bestandshalter &amp; Verwalter<\/h3>\r\n\t\t\t\t\t\t\t<\/div>\r\n\t\t\t<div class=\"sh-iconbox-seperator\"><\/div>\r\n\t\t\t<div class=\"sh-iconbox-content\">\r\n\t\t\t\t<p>Sie sind Bestandshalter, Asset oder Property Manager und haben eine Frage zu Wallboxen f\u00fcr Ihre Wohngeb\u00e4ude und B\u00fcros? Im pers\u00f6nlichen und unverbindlichen Beratungsgespr\u00e4ch helfen wir bei Fragen weiter, analysieren gemeinsam Ihr Portfolio und beraten zur passenden Ladel\u00f6sung pro Geb\u00e4ude.<\/p>\t\t\t<\/div>\r\n\t\t<\/div>\r\n\r\n\t<\/div>\r\n\r\n<div id=\"divider-31fa117cf4dfa11b3b9cac78e9a91625\" class=\"sh-divider sh-divider-center sh-divider-content-none\">\r\n\t\t\t<div class=\"sh-divider-line\"><\/div>\r\n\t<\/div>\r\n\r\n<div class=\"sh-iconbox sh-iconbox-style2 sh-iconbox-left improved-responsiveness\" id=\"iconbox-258a37c2105e2e6fd9ef2d94b6c40c4d\">\r\n\t\r\n\t\t\t\t\t<div class=\"sh-iconbox-icon\">\r\n\t\t\t\t<div class=\"sh-iconbox-icon-shape sh-iconbox-square\">\r\n\t\t\t\t\t<i class=\"sh-iconbox-hover fa fa-car\"><\/i>\r\n\r\n\t\t\t\t\t\t\t\t\t<\/div>\r\n\t\t\t<\/div>\r\n\t\t\r\n\t\t<div class=\"sh-iconbox-aside\">\r\n\t\t\t<div class=\"sh-iconbox-title\">\r\n\t\t\t\t\t\t\t\t\t<h3>KundenService Fahrer<\/h3>\r\n\t\t\t\t\t\t\t<\/div>\r\n\t\t\t<div class=\"sh-iconbox-seperator\"><\/div>\r\n\t\t\t<div class=\"sh-iconbox-content\">\r\n\t\t\t\t<p>Sie m\u00f6chten eine Wallbox in Ihrem Geb\u00e4ude f\u00fcr Ihr E-Auto oder haben bereits ein Wallbox LadeAbo von ChargeGuru? Wir sind gerne f\u00fcr Sie da! Schicken Sie uns Ihre Frage \u00fcber das Formular rechts.<\/p>\t\t\t<\/div>\r\n\t\t<\/div>\r\n\r\n\t<\/div>\r\n\r\n<div id=\"divider-e13ea7d32416931f84a7b97012e86bf9\" class=\"sh-divider sh-divider-center sh-divider-content-none\">\r\n\t\t\t<div class=\"sh-divider-line\"><\/div>\r\n\t<\/div>\r\n\r\n<div class=\"sh-iconbox sh-iconbox-style2 sh-iconbox-left improved-responsiveness\" id=\"iconbox-46639bb4b29bd3d202a62134ba928bff\">\r\n\t\r\n\t\t\t\t\t<div class=\"sh-iconbox-icon\">\r\n\t\t\t\t<div class=\"sh-iconbox-icon-shape sh-iconbox-square\">\r\n\t\t\t\t\t<i class=\"sh-iconbox-hover ti-microphone\"><\/i>\r\n\r\n\t\t\t\t\t\t\t\t\t<\/div>\r\n\t\t\t<\/div>\r\n\t\t\r\n\t\t<div class=\"sh-iconbox-aside\">\r\n\t\t\t<div class=\"sh-iconbox-title\">\r\n\t\t\t\t\t\t\t\t\t<h3>Presse &amp; Kommunikation<\/h3>\r\n\t\t\t\t\t\t\t<\/div>\r\n\t\t\t<div class=\"sh-iconbox-seperator\"><\/div>\r\n\t\t\t<div class=\"sh-iconbox-content\">\r\n\t\t\t\t<p>Sie m\u00f6chten mehr zum Unternehmen und was uns antreibt erfahren? Oder suchen einen Experten, der sein Wissen f\u00fcr den n\u00e4chsten Beitrag, Post, Podcast und Co. mit Ihnen teilt? Dann kommen Sie gerne direkt unter <a href=\"mailto:marketingDE@chargeguru.com?subject=Presse%20&amp;%20Kommunikationsanfrage\">marketingDE@chargeguru.com<\/a> auf uns zu.<\/p>\t\t\t<\/div>\r\n\t\t<\/div>\r\n\r\n\t<\/div>\r\n\t<\/div>\r\n\r\n\r\n\t\t\r\n\r\n<\/div>\r\n\r\n<div class=\"sh-column sh-column-9a216d4f1a9f2e78ef5039f86841cd59 fw-col-xs-12 fw-col-sm-6 sh-column-mobile-padding sh-animated fadeInUp\" data-wow-duration=\"1s\">\r\n\r\n\t\r\n\t<div class=\"sh-column-wrapper\">\r\n\t\t<div class=\"sh-output-html\">\r\n\t<script charset=\"utf-8\" type=\"text\/javascript\" src=\"\/\/js-eu1.hsforms.net\/forms\/embed\/v2.js\"><\/script>\n<script>\n  hbspt.forms.create({\n    portalId: \"26295830\",\n    formId: \"aab9c55e-7e14-4c11-921e-00022161a89b\",\n    region: \"eu1\"\n  });\n<\/script><\/div>\r\n\t<\/div>\r\n\r\n\r\n\t\t\r\n\r\n<\/div>\r\n<\/div>\n\n\t<\/div>\r\n<\/section>\r\n<\/p>\n","protected":false},"excerpt":{"rendered":"<p>Wir sind gerne f\u00fcr Sie da. KundenService Bestandshalter &amp; Verwalter Sie sind Bestandshalter, Asset oder Property Manager und haben eine&#8230;<\/p>\n","protected":false},"author":5,"featured_media":0,"parent":0,"menu_order":0,"comment_status":"closed","ping_status":"closed","template":"","meta":{"content-type":""},"yoast_head":"<!-- This site is optimized with the Yoast SEO Premium plugin v20.8 (Yoast SEO v21.3) - https:\/\/yoast.com\/wordpress\/plugins\/seo\/ -->\n<title>Kontakt | ChargeGuru<\/title>\n<meta name=\"description\" content=\"Sie sind Bestandshalter, Verwalter oder E-Autofahrer und haben eine Frage zu Wallboxen f\u00fcr Wohngeb\u00e4ude oder B\u00fcro? Wir sind gerne f\u00fcr Sie da. Schreiben Sie uns \u00fcber das Kontaktformular. Wir freuen uns auf Ihre Nachricht.\" \/>\n<meta name=\"robots\" content=\"index, follow, max-snippet:-1, max-image-preview:large, max-video-preview:-1\" \/>\n<link rel=\"canonical\" href=\"https:\/\/chargeguru.com\/de\/kontakt\/\" \/>\n<meta property=\"og:locale\" content=\"de_DE\" \/>\n<meta property=\"og:type\" content=\"article\" \/>\n<meta property=\"og:title\" content=\"Kontakt\" \/>\n<meta property=\"og:description\" content=\"Sie sind Bestandshalter, Verwalter oder E-Autofahrer und haben eine Frage zu Wallboxen f\u00fcr Wohngeb\u00e4ude oder B\u00fcro? Wir sind gerne f\u00fcr Sie da. Schreiben Sie uns \u00fcber das Kontaktformular. Wir freuen uns auf Ihre Nachricht.\" \/>\n<meta property=\"og:url\" content=\"https:\/\/chargeguru.com\/de\/kontakt\/\" \/>\n<meta property=\"og:site_name\" content=\"ChargeGuru | Ladeinfrastruktur vom Profi\" \/>\n<meta property=\"article:modified_time\" content=\"2026-02-02T15:16:04+00:00\" \/>\n<meta name=\"twitter:card\" content=\"summary_large_image\" \/>\n<meta name=\"twitter:label1\" content=\"Gesch\u00e4tzte Lesezeit\" \/>\n\t<meta name=\"twitter:data1\" content=\"1 Minute\" \/>\n<script type=\"application\/ld+json\" class=\"yoast-schema-graph\">{\"@context\":\"https:\/\/schema.org\",\"@graph\":[{\"@type\":\"WebPage\",\"@id\":\"https:\/\/chargeguru.com\/de\/kontakt\/\",\"url\":\"https:\/\/chargeguru.com\/de\/kontakt\/\",\"name\":\"Kontakt | ChargeGuru\",\"isPartOf\":{\"@id\":\"https:\/\/chargeguru.com\/de\/#website\"},\"datePublished\":\"2022-02-20T14:17:32+00:00\",\"dateModified\":\"2026-02-02T15:16:04+00:00\",\"description\":\"Sie sind Bestandshalter, Verwalter oder E-Autofahrer und haben eine Frage zu Wallboxen f\u00fcr Wohngeb\u00e4ude oder B\u00fcro? Wir sind gerne f\u00fcr Sie da. Schreiben Sie uns \u00fcber das Kontaktformular. Wir freuen uns auf Ihre Nachricht.\",\"breadcrumb\":{\"@id\":\"https:\/\/chargeguru.com\/de\/kontakt\/#breadcrumb\"},\"inLanguage\":\"\",\"potentialAction\":[{\"@type\":\"ReadAction\",\"target\":[\"https:\/\/chargeguru.com\/de\/kontakt\/\"]}]},{\"@type\":\"BreadcrumbList\",\"@id\":\"https:\/\/chargeguru.com\/de\/kontakt\/#breadcrumb\",\"itemListElement\":[{\"@type\":\"ListItem\",\"position\":1,\"name\":\"Home\",\"item\":\"https:\/\/chargeguru.com\/de\/\"},{\"@type\":\"ListItem\",\"position\":2,\"name\":\"Kontakt\"}]},{\"@type\":\"WebSite\",\"@id\":\"https:\/\/chargeguru.com\/de\/#website\",\"url\":\"https:\/\/chargeguru.com\/de\/\",\"name\":\"ChargeGuru | Ladeinfrastruktur vom Profi\",\"description\":\"Installation und Betrieb von Wallboxen f\u00fcr Elektrofahrzeuge\",\"potentialAction\":[{\"@type\":\"SearchAction\",\"target\":{\"@type\":\"EntryPoint\",\"urlTemplate\":\"https:\/\/chargeguru.com\/de\/?s={search_term_string}\"},\"query-input\":\"required name=search_term_string\"}],\"inLanguage\":\"\"}]}<\/script>\n<!-- \/ Yoast SEO Premium plugin. -->","yoast_head_json":{"title":"Kontakt | ChargeGuru","description":"Sie sind Bestandshalter, Verwalter oder E-Autofahrer und haben eine Frage zu Wallboxen f\u00fcr Wohngeb\u00e4ude oder B\u00fcro? Wir sind gerne f\u00fcr Sie da. Schreiben Sie uns \u00fcber das Kontaktformular. Wir freuen uns auf Ihre Nachricht.","robots":{"index":"index","follow":"follow","max-snippet":"max-snippet:-1","max-image-preview":"max-image-preview:large","max-video-preview":"max-video-preview:-1"},"canonical":"https:\/\/chargeguru.com\/de\/kontakt\/","og_locale":"de_DE","og_type":"article","og_title":"Kontakt","og_description":"Sie sind Bestandshalter, Verwalter oder E-Autofahrer und haben eine Frage zu Wallboxen f\u00fcr Wohngeb\u00e4ude oder B\u00fcro? Wir sind gerne f\u00fcr Sie da. Schreiben Sie uns \u00fcber das Kontaktformular. Wir freuen uns auf Ihre Nachricht.","og_url":"https:\/\/chargeguru.com\/de\/kontakt\/","og_site_name":"ChargeGuru | Ladeinfrastruktur vom Profi","article_modified_time":"2026-02-02T15:16:04+00:00","twitter_card":"summary_large_image","twitter_misc":{"Gesch\u00e4tzte Lesezeit":"1 Minute"},"schema":{"@context":"https:\/\/schema.org","@graph":[{"@type":"WebPage","@id":"https:\/\/chargeguru.com\/de\/kontakt\/","url":"https:\/\/chargeguru.com\/de\/kontakt\/","name":"Kontakt | ChargeGuru","isPartOf":{"@id":"https:\/\/chargeguru.com\/de\/#website"},"datePublished":"2022-02-20T14:17:32+00:00","dateModified":"2026-02-02T15:16:04+00:00","description":"Sie sind Bestandshalter, Verwalter oder E-Autofahrer und haben eine Frage zu Wallboxen f\u00fcr Wohngeb\u00e4ude oder B\u00fcro? Wir sind gerne f\u00fcr Sie da. Schreiben Sie uns \u00fcber das Kontaktformular. Wir freuen uns auf Ihre Nachricht.","breadcrumb":{"@id":"https:\/\/chargeguru.com\/de\/kontakt\/#breadcrumb"},"inLanguage":"","potentialAction":[{"@type":"ReadAction","target":["https:\/\/chargeguru.com\/de\/kontakt\/"]}]},{"@type":"BreadcrumbList","@id":"https:\/\/chargeguru.com\/de\/kontakt\/#breadcrumb","itemListElement":[{"@type":"ListItem","position":1,"name":"Home","item":"https:\/\/chargeguru.com\/de\/"},{"@type":"ListItem","position":2,"name":"Kontakt"}]},{"@type":"WebSite","@id":"https:\/\/chargeguru.com\/de\/#website","url":"https:\/\/chargeguru.com\/de\/","name":"ChargeGuru | Ladeinfrastruktur vom Profi","description":"Installation und Betrieb von Wallboxen f\u00fcr Elektrofahrzeuge","potentialAction":[{"@type":"SearchAction","target":{"@type":"EntryPoint","urlTemplate":"https:\/\/chargeguru.com\/de\/?s={search_term_string}"},"query-input":"required name=search_term_string"}],"inLanguage":""}]}},"_links":{"self":[{"href":"https:\/\/chargeguru.com\/de\/wp-json\/wp\/v2\/pages\/175"}],"collection":[{"href":"https:\/\/chargeguru.com\/de\/wp-json\/wp\/v2\/pages"}],"about":[{"href":"https:\/\/chargeguru.com\/de\/wp-json\/wp\/v2\/types\/page"}],"author":[{"embeddable":true,"href":"https:\/\/chargeguru.com\/de\/wp-json\/wp\/v2\/users\/5"}],"replies":[{"embeddable":true,"href":"https:\/\/chargeguru.com\/de\/wp-json\/wp\/v2\/comments?post=175"}],"version-history":[{"count":52,"href":"https:\/\/chargeguru.com\/de\/wp-json\/wp\/v2\/pages\/175\/revisions"}],"predecessor-version":[{"id":17145,"href":"https:\/\/chargeguru.com\/de\/wp-json\/wp\/v2\/pages\/175\/revisions\/17145"}],"wp:attachment":[{"href":"https:\/\/chargeguru.com\/de\/wp-json\/wp\/v2\/media?parent=175"}],"curies":[{"name":"wp","href":"https:\/\/api.w.org\/{rel}","templated":true}]}}