{"id":157,"date":"2022-03-03T13:24:29","date_gmt":"2022-03-03T13:24:29","guid":{"rendered":"http:\/\/chargeguru.com\/?page_id=157"},"modified":"2025-11-18T13:18:44","modified_gmt":"2025-11-18T13:18:44","slug":"impressum","status":"publish","type":"page","link":"https:\/\/chargeguru.com\/de\/impressum\/","title":{"rendered":"Impressum"},"content":{"rendered":"\r\n<section class=\"sh-section sh-section-654aced094ce4d94aebeef963bdcc74b fw-main-row sh-section-visibility-everywhere\">\r\n\t\r\n\t\r\n\t<div class=\"sh-section-container container\">\r\n\t\t<div class=\"fw-row\">\n\t\r\n<div class=\"sh-column sh-column-147c8d8dcc00ed8d5d1b09a78e8b3c28 fw-col-xs-12 fw-col-sm-2\" >\r\n\r\n\t\r\n\t<div class=\"sh-column-wrapper\">\r\n\t\t\t<\/div>\r\n\r\n\r\n\t\t\r\n\r\n<\/div>\r\n\r\n<div class=\"sh-column sh-column-eeecf060252e2dbf6d22eda4e51e08f2 fw-col-xs-12 fw-col-sm-8\" >\r\n\r\n\t\r\n\t<div class=\"sh-column-wrapper\">\r\n\t\t\r\n<div id=\"text-block-61f1990f083370591e37e2a0543cb4e1\" class=\"sh-text-block\">\r\n\t<p>Raiden Deutschland GmbH<br \/>Edelsbergstra\u00dfe 8<br \/>80686 M\u00fcnchen<\/p><p>E-Mail: <a href=\"mailto:kontakt@chargeguru.com\">kontakt@chargeguru.com<\/a><\/p><p>Gesetzliche Vertreter: Nicolas Banchet; Gilles Gomis<\/p><p>Registergericht: Amtsgericht M\u00fcnchen HRB: 273217<\/p><p>Umsatzsteuer-ID: DE351547703<\/p><\/div>\r\n\t<\/div>\r\n\r\n\r\n\t\t\r\n\r\n<\/div>\r\n\r\n<div class=\"sh-column sh-column-0b064e0d41512e5a4acf39e968860f11 fw-col-xs-12 fw-col-sm-2\" >\r\n\r\n\t\r\n\t<div class=\"sh-column-wrapper\">\r\n\t\t\t<\/div>\r\n\r\n\r\n\t\t\r\n\r\n<\/div>\r\n<\/div>\n\n\t<\/div>\r\n<\/section>\r\n\n","protected":false},"excerpt":{"rendered":"<p>Raiden Deutschland GmbHEdelsbergstra\u00dfe 880686 M\u00fcnchenE-Mail: kontakt@chargeguru.comGesetzliche Vertreter: Nicolas Banchet; Gilles GomisRegistergericht: Amtsgericht M\u00fcnchen HRB: 273217Umsatzsteuer-ID: DE351547703<\/p>\n","protected":false},"author":5,"featured_media":0,"parent":0,"menu_order":0,"comment_status":"closed","ping_status":"closed","template":"","meta":{"content-type":""},"yoast_head":"<!-- This site is optimized with the Yoast SEO Premium plugin v20.8 (Yoast SEO v21.3) - https:\/\/yoast.com\/wordpress\/plugins\/seo\/ -->\n<title>Impressum - ChargeGuru | Ladeinfrastruktur vom Profi<\/title>\n<meta name=\"robots\" content=\"index, follow, max-snippet:-1, max-image-preview:large, max-video-preview:-1\" \/>\n<link rel=\"canonical\" href=\"https:\/\/chargeguru.com\/de\/impressum\/\" \/>\n<meta property=\"og:locale\" content=\"de_DE\" \/>\n<meta property=\"og:type\" content=\"article\" \/>\n<meta property=\"og:title\" content=\"Impressum\" \/>\n<meta property=\"og:description\" content=\"Raiden Deutschland GmbHEdelsbergstra\u00dfe 880686 M\u00fcnchenE-Mail: kontakt@chargeguru.comGesetzliche Vertreter: Nicolas Banchet; Gilles GomisRegistergericht: Amtsgericht M\u00fcnchen HRB: 273217Umsatzsteuer-ID: DE351547703\" \/>\n<meta property=\"og:url\" content=\"https:\/\/chargeguru.com\/de\/impressum\/\" \/>\n<meta property=\"og:site_name\" content=\"ChargeGuru | Ladeinfrastruktur vom Profi\" \/>\n<meta property=\"article:modified_time\" content=\"2025-11-18T13:18:44+00:00\" \/>\n<meta name=\"twitter:card\" content=\"summary_large_image\" \/>\n<meta name=\"twitter:label1\" content=\"Gesch\u00e4tzte Lesezeit\" \/>\n\t<meta name=\"twitter:data1\" content=\"1 Minute\" \/>\n<script type=\"application\/ld+json\" class=\"yoast-schema-graph\">{\"@context\":\"https:\/\/schema.org\",\"@graph\":[{\"@type\":\"WebPage\",\"@id\":\"https:\/\/chargeguru.com\/de\/impressum\/\",\"url\":\"https:\/\/chargeguru.com\/de\/impressum\/\",\"name\":\"Impressum - ChargeGuru | Ladeinfrastruktur vom Profi\",\"isPartOf\":{\"@id\":\"https:\/\/chargeguru.com\/de\/#website\"},\"datePublished\":\"2022-03-03T13:24:29+00:00\",\"dateModified\":\"2025-11-18T13:18:44+00:00\",\"breadcrumb\":{\"@id\":\"https:\/\/chargeguru.com\/de\/impressum\/#breadcrumb\"},\"inLanguage\":\"\",\"potentialAction\":[{\"@type\":\"ReadAction\",\"target\":[\"https:\/\/chargeguru.com\/de\/impressum\/\"]}]},{\"@type\":\"BreadcrumbList\",\"@id\":\"https:\/\/chargeguru.com\/de\/impressum\/#breadcrumb\",\"itemListElement\":[{\"@type\":\"ListItem\",\"position\":1,\"name\":\"Home\",\"item\":\"https:\/\/chargeguru.com\/de\/\"},{\"@type\":\"ListItem\",\"position\":2,\"name\":\"Impressum\"}]},{\"@type\":\"WebSite\",\"@id\":\"https:\/\/chargeguru.com\/de\/#website\",\"url\":\"https:\/\/chargeguru.com\/de\/\",\"name\":\"ChargeGuru | Ladeinfrastruktur vom Profi\",\"description\":\"Installation und Betrieb von Wallboxen f\u00fcr Elektrofahrzeuge\",\"potentialAction\":[{\"@type\":\"SearchAction\",\"target\":{\"@type\":\"EntryPoint\",\"urlTemplate\":\"https:\/\/chargeguru.com\/de\/?s={search_term_string}\"},\"query-input\":\"required name=search_term_string\"}],\"inLanguage\":\"\"}]}<\/script>\n<!-- \/ Yoast SEO Premium plugin. -->","yoast_head_json":{"title":"Impressum - ChargeGuru | Ladeinfrastruktur vom Profi","robots":{"index":"index","follow":"follow","max-snippet":"max-snippet:-1","max-image-preview":"max-image-preview:large","max-video-preview":"max-video-preview:-1"},"canonical":"https:\/\/chargeguru.com\/de\/impressum\/","og_locale":"de_DE","og_type":"article","og_title":"Impressum","og_description":"Raiden Deutschland GmbHEdelsbergstra\u00dfe 880686 M\u00fcnchenE-Mail: kontakt@chargeguru.comGesetzliche Vertreter: Nicolas Banchet; Gilles GomisRegistergericht: Amtsgericht M\u00fcnchen HRB: 273217Umsatzsteuer-ID: DE351547703","og_url":"https:\/\/chargeguru.com\/de\/impressum\/","og_site_name":"ChargeGuru | Ladeinfrastruktur vom Profi","article_modified_time":"2025-11-18T13:18:44+00:00","twitter_card":"summary_large_image","twitter_misc":{"Gesch\u00e4tzte Lesezeit":"1 Minute"},"schema":{"@context":"https:\/\/schema.org","@graph":[{"@type":"WebPage","@id":"https:\/\/chargeguru.com\/de\/impressum\/","url":"https:\/\/chargeguru.com\/de\/impressum\/","name":"Impressum - ChargeGuru | Ladeinfrastruktur vom Profi","isPartOf":{"@id":"https:\/\/chargeguru.com\/de\/#website"},"datePublished":"2022-03-03T13:24:29+00:00","dateModified":"2025-11-18T13:18:44+00:00","breadcrumb":{"@id":"https:\/\/chargeguru.com\/de\/impressum\/#breadcrumb"},"inLanguage":"","potentialAction":[{"@type":"ReadAction","target":["https:\/\/chargeguru.com\/de\/impressum\/"]}]},{"@type":"BreadcrumbList","@id":"https:\/\/chargeguru.com\/de\/impressum\/#breadcrumb","itemListElement":[{"@type":"ListItem","position":1,"name":"Home","item":"https:\/\/chargeguru.com\/de\/"},{"@type":"ListItem","position":2,"name":"Impressum"}]},{"@type":"WebSite","@id":"https:\/\/chargeguru.com\/de\/#website","url":"https:\/\/chargeguru.com\/de\/","name":"ChargeGuru | Ladeinfrastruktur vom Profi","description":"Installation und Betrieb von Wallboxen f\u00fcr Elektrofahrzeuge","potentialAction":[{"@type":"SearchAction","target":{"@type":"EntryPoint","urlTemplate":"https:\/\/chargeguru.com\/de\/?s={search_term_string}"},"query-input":"required name=search_term_string"}],"inLanguage":""}]}},"_links":{"self":[{"href":"https:\/\/chargeguru.com\/de\/wp-json\/wp\/v2\/pages\/157"}],"collection":[{"href":"https:\/\/chargeguru.com\/de\/wp-json\/wp\/v2\/pages"}],"about":[{"href":"https:\/\/chargeguru.com\/de\/wp-json\/wp\/v2\/types\/page"}],"author":[{"embeddable":true,"href":"https:\/\/chargeguru.com\/de\/wp-json\/wp\/v2\/users\/5"}],"replies":[{"embeddable":true,"href":"https:\/\/chargeguru.com\/de\/wp-json\/wp\/v2\/comments?post=157"}],"version-history":[{"count":8,"href":"https:\/\/chargeguru.com\/de\/wp-json\/wp\/v2\/pages\/157\/revisions"}],"predecessor-version":[{"id":16957,"href":"https:\/\/chargeguru.com\/de\/wp-json\/wp\/v2\/pages\/157\/revisions\/16957"}],"wp:attachment":[{"href":"https:\/\/chargeguru.com\/de\/wp-json\/wp\/v2\/media?parent=157"}],"curies":[{"name":"wp","href":"https:\/\/api.w.org\/{rel}","templated":true}]}}